{"id":4337,"date":"2023-04-13T11:59:24","date_gmt":"2023-04-13T09:59:24","guid":{"rendered":"https:\/\/green-gate.eu\/povezave\/"},"modified":"2023-10-12T09:35:13","modified_gmt":"2023-10-12T07:35:13","slug":"povezave","status":"publish","type":"page","link":"https:\/\/green-gate.eu\/sl\/povezave\/","title":{"rendered":"Viri"},"content":{"rendered":"<p>[et_pb_section fb_built=&#8221;1&#8243; _builder_version=&#8221;4.21.0&#8243; _module_preset=&#8221;14e305e4-ab41-40ea-aebe-d74a9fedeebd&#8221; global_colors_info=&#8221;{}&#8221;][et_pb_row _builder_version=&#8221;4.21.0&#8243; _module_preset=&#8221;2a4d44be-60db-4bc2-b91a-901c0251e68c&#8221; global_colors_info=&#8221;{}&#8221;][et_pb_column type=&#8221;4_4&#8243; _builder_version=&#8221;4.16&#8243; custom_padding=&#8221;|||&#8221; global_colors_info=&#8221;{}&#8221; custom_padding__hover=&#8221;|||&#8221;][et_pb_text _builder_version=&#8221;4.21.0&#8243; _module_preset=&#8221;c9826d58-1a4e-4f9d-b75b-1a50233074a3&#8243; global_colors_info=&#8221;{}&#8221;]<\/p>\n<h2>Viri<\/h2>\n<p>[\/et_pb_text][\/et_pb_column][\/et_pb_row][et_pb_row _builder_version=&#8221;4.21.0&#8243; _module_preset=&#8221;00b9a908-9d8a-4f83-8552-e1abcb372e40&#8243; global_colors_info=&#8221;{}&#8221;][et_pb_column type=&#8221;4_4&#8243; _builder_version=&#8221;4.21.0&#8243; _module_preset=&#8221;default&#8221; global_colors_info=&#8221;{}&#8221;][et_pb_text _builder_version=&#8221;4.21.0&#8243; _module_preset=&#8221;1f1ac656-3431-472b-b627-10123e56f24a&#8221; global_colors_info=&#8221;{}&#8221;]<\/p>\n<h4>Zakonodaja<\/h4>\n<h5><a href=\"https:\/\/eur-lex.europa.eu\/legal-content\/EN\/TXT\/PDF\/?uri=CELEX:32019D0701&amp;from=en\">Sklep Komisije (EU) 2019\/701<\/a><\/h5>\n<p>Zahvaljujo\u010d temu dokumentu se babilonska zme\u0161njava jezikov ne bo nikoli ve\u010d ponovila&#8230; vsaj na podro\u010dju kozmetike ne. Ta sklep opredeljuje slovar (glosar) skupnih imen sestavin za ozna\u010devanje kozmeti\u010dnih izdelkov<\/p>\n<h5><a href=\"https:\/\/echa.europa.eu\/en\/home\">Evropska agencija za kemikalije (angl. Europen CHemicals Agency, ECHA)<\/a><\/h5>\n<p>Agencija ECHA izvaja zakonodajo EU o&nbsp;kemikalijah za za\u0161\u010dito na\u0161ega zdravja in&nbsp;okolja. Na njenem spleti\u0161\u010du najdete vse pomembne informacije o&nbsp;kemi\u010dni industriji, zakonodaji in&nbsp;veliko zbirko podatkov o&nbsp;kemikalijah, da lahko sami preverite, kako varna je va\u0161a kozmetika.<\/p>\n<h5><a href=\"https:\/\/eur-lex.europa.eu\/legal-content\/EN\/TXT\/PDF\/?uri=CELEX:32009R1223&amp;from=EN\">Uredba (ES) \u0161t. 1223\/2009<\/a><\/h5>\n<p>Najbolj natan\u010dna in&nbsp;verodostojna ureditev kozmeti\u010dnih izdelkov v&nbsp;EU. Uredba ureja sestavo, ozna\u010devanje in&nbsp;pakiranje kon\u010dnih kozmeti\u010dnih izdelkov, da se zagotovi visoka raven varovanja zdravja ljudi.<\/p>\n<h4>Znanstvene \u0161tudije, omenjene v&nbsp;na\u0161em e-u\u010denju<\/h4>\n<ul>\n<li><a href=\"https:\/\/www.sciencedirect.com\/science\/article\/abs\/pii\/S0273230020301227\">\u0160tudija biomonitoringa, ki ocenjuje izpostavljenost mladih odraslih Nemcev butiliranemu hidroksitoluenu (BHT)<\/a><\/li>\n<li><a href=\"https:\/\/www.sciencedirect.com\/science\/article\/abs\/pii\/S0273230020301227\">Confidence interval function analysis to evaluate the risk of mesothelioma among an expanded international cohort of cosmetic talc miners and millers<\/a><\/li>\n<li><a href=\"https:\/\/www.intechopen.com\/chapters\/72654\">Endocrine Disrupting Chemicals in&nbsp;Cosmetics and Personal Care Products and Risk of Endometriosis<\/a><\/li>\n<li><a href=\"https:\/\/www.science.org\/doi\/abs\/10.1126\/science.1108190?cookieSet=1\">Epigenetic Transgenerational Actions of Endocrine Disruptors and Male Fertility<\/a><\/li>\n<li><a href=\"https:\/\/pubmed.ncbi.nlm.nih.gov\/34351731\/\">Is the commonly used UV filter benzophenone-3 a&nbsp;risk factor for the nervous system?<\/a><\/li>\n<li><a href=\"https:\/\/www.ncbi.nlm.nih.gov\/pmc\/articles\/PMC6153767\/\">Sun Exposure and Protection Index (SEPI) and Self-Estimated Sun Sensitivity<\/a><\/li>\n<li><a href=\"https:\/\/www.ncbi.nlm.nih.gov\/pmc\/articles\/PMC3897598\/\">Son\u010dna svetloba in&nbsp;vitamin D<\/a><\/li>\n<\/ul>\n<h4>Druga priporo\u010dila<\/h4>\n<h5><a href=\"https:\/\/owh-wh-d9-prod.s3.amazonaws.com\/s3fs-public\/documents\/your-guide-to-breastfeeding.pdf\">Nasveti o&nbsp;trajnostnem dojenju<\/a><\/h5>\n<p>Izobra\u017eujte se o&nbsp;dojenju, da se ne boste ujeli v&nbsp;pogoste mite in&nbsp;tr\u017ene pasti ob dojenju va\u0161ega otroka.<\/p>\n<h5><a href=\"https:\/\/forms.gle\/WHLpKVKDm6JPiQPB7\">Spoznajte svoj fototip<\/a><\/h5>\n<p>Koliko kreme za son\u010denje je ravno dovolj? Kako dolgo ste lahko na soncu? Pripravili smo vpra\u0161alnik, ki vam bo pomagal spoznati svojo ko\u017eo in&nbsp;najti najbolj\u0161i na\u010din za njeno za\u0161\u010dito!<\/p>\n<h5><a href=\"https:\/\/green-gate.eu\/downloads\/greenwashing_checklist_eng.pdf\">Kontrolni seznam: kako ne nasedati zelenemu zavajanju<\/a><\/h5>\n<p>Prenesite si priro\u010den kontrolni seznam za nakupovanje, s&nbsp;katerim boste podprli resni\u010dno trajnostne blagovne znamke in&nbsp;ne zelenega zavajanja!<\/p>\n<p>[\/et_pb_text][\/et_pb_column][\/et_pb_row][\/et_pb_section][et_pb_section fb_built=&#8221;1&#8243; custom_padding_last_edited=&#8221;on|tablet&#8221; admin_label=&#8221;EU Logolink Section&#8221; _builder_version=&#8221;4.21.0&#8243; _module_preset=&#8221;default&#8221; background_color=&#8221;#F1F1F1&#8243; custom_padding=&#8221;80px|48px|80px|48px|true|true&#8221; custom_padding_tablet=&#8221;60px||60px||true|true&#8221; custom_padding_phone=&#8221;60px|6%|60px|6%|true|true&#8221; global_module=&#8221;6149&#8243; global_colors_info=&#8221;{}&#8221;][et_pb_row column_structure=&#8221;1_2,1_2&#8243; custom_padding_last_edited=&#8221;on|tablet&#8221; module_class=&#8221;two-col-tab two-col-mob&#8221; _builder_version=&#8221;4.21.0&#8243; _module_preset=&#8221;default&#8221; width=&#8221;auto&#8221; max_width=&#8221;660px&#8221; max_width_tablet=&#8221;600px&#8221; max_width_phone=&#8221;460px&#8221; max_width_last_edited=&#8221;on|tablet&#8221; custom_padding=&#8221;0px||40px||false|false&#8221; custom_padding_tablet=&#8221;0px||32px||false|false&#8221; custom_padding_phone=&#8221;||32px||false|false&#8221; global_colors_info=&#8221;{}&#8221;][et_pb_column type=&#8221;1_2&#8243; _builder_version=&#8221;4.21.0&#8243; _module_preset=&#8221;default&#8221; custom_padding=&#8221;||||false|false&#8221; global_colors_info=&#8221;{}&#8221;][et_pb_image src=&#8221;https:\/\/green-gate.eu\/wp-content\/uploads\/2023\/08\/logo-erasmus.png&#8221; title_text=&#8221;logo-erasmus&#8221; _builder_version=&#8221;4.21.0&#8243; _module_preset=&#8221;default&#8221; max_width=&#8221;240px&#8221; max_width_tablet=&#8221;206px&#8221; max_width_phone=&#8221;147px&#8221; max_width_last_edited=&#8221;on|tablet&#8221; module_alignment=&#8221;center&#8221; height_last_edited=&#8221;off|tablet&#8221; max_height=&#8221;49px&#8221; max_height_tablet=&#8221;42px&#8221; max_height_phone=&#8221;&#8221; max_height_last_edited=&#8221;on|tablet&#8221; global_colors_info=&#8221;{}&#8221; height__hover_enabled=&#8221;off|desktop&#8221;][\/et_pb_image][\/et_pb_column][et_pb_column type=&#8221;1_2&#8243; _builder_version=&#8221;4.21.0&#8243; _module_preset=&#8221;default&#8221; global_colors_info=&#8221;{}&#8221;][et_pb_image src=&#8221;https:\/\/green-gate.eu\/wp-content\/uploads\/2023\/08\/logo-eu.png&#8221; title_text=&#8221;logo-eu&#8221; show_bottom_space=&#8221;off&#8221; _builder_version=&#8221;4.21.0&#8243; _module_preset=&#8221;default&#8221; max_width=&#8221;237px&#8221; max_width_tablet=&#8221;202px&#8221; max_width_phone=&#8221;148px&#8221; max_width_last_edited=&#8221;on|tablet&#8221; module_alignment=&#8221;center&#8221; max_height=&#8221;48px&#8221; max_height_tablet=&#8221;41px&#8221; max_height_phone=&#8221;&#8221; max_height_last_edited=&#8221;on|tablet&#8221; global_colors_info=&#8221;{}&#8221;][\/et_pb_image][\/et_pb_column][\/et_pb_row][et_pb_row column_structure=&#8221;1_3,1_3,1_3&#8243; use_custom_gutter=&#8221;on&#8221; gutter_width=&#8221;2&#8243; module_class=&#8221;three-col-tab&#8221; _builder_version=&#8221;4.21.0&#8243; _module_preset=&#8221;default&#8221; width=&#8221;auto&#8221; max_width=&#8221;1200px&#8221; custom_padding=&#8221;0px||0px||false|false&#8221; global_colors_info=&#8221;{}&#8221;][et_pb_column type=&#8221;1_3&#8243; _builder_version=&#8221;4.21.0&#8243; _module_preset=&#8221;default&#8221; global_colors_info=&#8221;{}&#8221;][et_pb_text _builder_version=&#8221;4.21.0&#8243; _module_preset=&#8221;f66cbda2-1e9c-41c9-9248-82aeab118d90&#8243; custom_margin=&#8221;0px||0px||false|false&#8221; custom_padding=&#8221;0px||0px||false|false&#8221; global_colors_info=&#8221;{}&#8221;]<\/p>\n<p>Projekt GreenGate se je izvajal v&nbsp;okviru programa Erasmus+ KA220-ADU &#8211; Partnerstva za sodelovanje v&nbsp;izobra\u017eevanju odraslih s&nbsp;finan\u010dno podporo EU.<\/p>\n<p>[\/et_pb_text][\/et_pb_column][et_pb_column type=&#8221;1_3&#8243; _builder_version=&#8221;4.21.0&#8243; _module_preset=&#8221;default&#8221; global_colors_info=&#8221;{}&#8221;][et_pb_text _builder_version=&#8221;4.21.0&#8243; _module_preset=&#8221;f66cbda2-1e9c-41c9-9248-82aeab118d90&#8243; global_colors_info=&#8221;{}&#8221;]<\/p>\n<p>Financira Evropska unija. Izra\u017eena stali\u0161\u010da in&nbsp;mnenja so izklju\u010dno stali\u0161\u010da in&nbsp;mnenja avtorjev in&nbsp;ne odra\u017eajo nujno stali\u0161\u010d Evropske unije ali Izvajalske agencije za izobra\u017eevanje in&nbsp;kulturo (EACEA). Evropska unija in&nbsp;agencija EACEA ne moreta biti odgovorni zanje.<\/p>\n<p>[\/et_pb_text][\/et_pb_column][et_pb_column type=&#8221;1_3&#8243; _builder_version=&#8221;4.21.0&#8243; _module_preset=&#8221;default&#8221; global_colors_info=&#8221;{}&#8221;][et_pb_text _builder_version=&#8221;4.21.0&#8243; _module_preset=&#8221;f66cbda2-1e9c-41c9-9248-82aeab118d90&#8243; global_colors_info=&#8221;{}&#8221;]<\/p>\n<p>Ta platforma upo\u0161teva sporazum Creative Commons. Attribution-NonCommercial-NoDerivatives (CC BY-NC-ND) &#8211; https:\/\/creativecommons.org\/licenses\/by-nc-nd\/4.0\/<\/p>\n<p>[\/et_pb_text][\/et_pb_column][\/et_pb_row][\/et_pb_section]<\/p>\n","protected":false},"excerpt":{"rendered":"<p>ViriZakonodaja Sklep Komisije (EU) 2019\/701 Zahvaljujo\u010d temu dokumentu se babilonska zme\u0161njava jezikov ne bo nikoli ve\u010d ponovila&#8230; vsaj na podro\u010dju kozmetike ne. Ta sklep opredeljuje slovar (glosar) skupnih imen sestavin za ozna\u010devanje kozmeti\u010dnih izdelkov Evropska agencija za kemikalije (angl. Europen CHemicals Agency, ECHA) Agencija ECHA izvaja zakonodajo EU o&nbsp;kemikalijah za za\u0161\u010dito na\u0161ega zdravja in&nbsp;[&hellip;]<\/p>\n","protected":false},"author":1,"featured_media":0,"parent":0,"menu_order":0,"comment_status":"closed","ping_status":"closed","template":"","meta":{"_et_pb_use_builder":"on","_et_pb_old_content":"","_et_gb_content_width":"","_monsterinsights_skip_tracking":false,"_monsterinsights_sitenote_active":false,"_monsterinsights_sitenote_note":"","_monsterinsights_sitenote_category":0,"footnotes":""},"yoast_head":"<!-- This site is optimized with the Yoast SEO plugin v23.2 - https:\/\/yoast.com\/wordpress\/plugins\/seo\/ -->\n<title>Viri - GreenGate<\/title>\n<meta name=\"robots\" content=\"index, follow, max-snippet:-1, max-image-preview:large, max-video-preview:-1\" \/>\n<link rel=\"canonical\" href=\"https:\/\/green-gate.eu\/sl\/povezave\/\" \/>\n<meta property=\"og:locale\" content=\"sl_SI\" \/>\n<meta property=\"og:type\" content=\"article\" \/>\n<meta property=\"og:title\" content=\"Viri - GreenGate\" \/>\n<meta property=\"og:description\" content=\"ViriZakonodaja Sklep Komisije (EU) 2019\/701 Zahvaljujo\u010d temu dokumentu se babilonska zme\u0161njava jezikov ne bo nikoli ve\u010d ponovila... vsaj na podro\u010dju kozmetike ne. Ta sklep opredeljuje slovar (glosar) skupnih imen sestavin za ozna\u010devanje kozmeti\u010dnih izdelkov Evropska agencija za kemikalije (angl. Europen CHemicals Agency, ECHA) Agencija ECHA izvaja zakonodajo EU o kemikalijah za za\u0161\u010dito na\u0161ega zdravja in [&hellip;]\" \/>\n<meta property=\"og:url\" content=\"https:\/\/green-gate.eu\/sl\/povezave\/\" \/>\n<meta property=\"og:site_name\" content=\"GreenGate\" \/>\n<meta property=\"article:modified_time\" content=\"2023-10-12T07:35:13+00:00\" \/>\n<meta name=\"twitter:card\" content=\"summary_large_image\" \/>\n<meta name=\"twitter:label1\" content=\"Est. reading time\" \/>\n\t<meta name=\"twitter:data1\" content=\"5 minut\" \/>\n<script type=\"application\/ld+json\" class=\"yoast-schema-graph\">{\"@context\":\"https:\/\/schema.org\",\"@graph\":[{\"@type\":\"WebPage\",\"@id\":\"https:\/\/green-gate.eu\/sl\/povezave\/\",\"url\":\"https:\/\/green-gate.eu\/sl\/povezave\/\",\"name\":\"Viri - GreenGate\",\"isPartOf\":{\"@id\":\"https:\/\/green-gate.eu\/sl\/#website\"},\"datePublished\":\"2023-04-13T09:59:24+00:00\",\"dateModified\":\"2023-10-12T07:35:13+00:00\",\"breadcrumb\":{\"@id\":\"https:\/\/green-gate.eu\/sl\/povezave\/#breadcrumb\"},\"inLanguage\":\"sl-SI\",\"potentialAction\":[{\"@type\":\"ReadAction\",\"target\":[\"https:\/\/green-gate.eu\/sl\/povezave\/\"]}]},{\"@type\":\"BreadcrumbList\",\"@id\":\"https:\/\/green-gate.eu\/sl\/povezave\/#breadcrumb\",\"itemListElement\":[{\"@type\":\"ListItem\",\"position\":1,\"name\":\"Home\",\"item\":\"https:\/\/green-gate.eu\/sl\/\"},{\"@type\":\"ListItem\",\"position\":2,\"name\":\"Viri\"}]},{\"@type\":\"WebSite\",\"@id\":\"https:\/\/green-gate.eu\/sl\/#website\",\"url\":\"https:\/\/green-gate.eu\/sl\/\",\"name\":\"GreenGate\",\"description\":\"Learn how to create healthier beauty routines and debunk common myths.\",\"publisher\":{\"@id\":\"https:\/\/green-gate.eu\/sl\/#organization\"},\"potentialAction\":[{\"@type\":\"SearchAction\",\"target\":{\"@type\":\"EntryPoint\",\"urlTemplate\":\"https:\/\/green-gate.eu\/sl\/?s={search_term_string}\"},\"query-input\":\"required name=search_term_string\"}],\"inLanguage\":\"sl-SI\"},{\"@type\":\"Organization\",\"@id\":\"https:\/\/green-gate.eu\/sl\/#organization\",\"name\":\"GreenGate\",\"url\":\"https:\/\/green-gate.eu\/sl\/\",\"logo\":{\"@type\":\"ImageObject\",\"inLanguage\":\"sl-SI\",\"@id\":\"https:\/\/green-gate.eu\/sl\/#\/schema\/logo\/image\/\",\"url\":\"https:\/\/green-gate.eu\/wp-content\/uploads\/2023\/04\/brand.png\",\"contentUrl\":\"https:\/\/green-gate.eu\/wp-content\/uploads\/2023\/04\/brand.png\",\"width\":263,\"height\":108,\"caption\":\"GreenGate\"},\"image\":{\"@id\":\"https:\/\/green-gate.eu\/sl\/#\/schema\/logo\/image\/\"}}]}<\/script>\n<!-- \/ Yoast SEO plugin. -->","yoast_head_json":{"title":"Viri - GreenGate","robots":{"index":"index","follow":"follow","max-snippet":"max-snippet:-1","max-image-preview":"max-image-preview:large","max-video-preview":"max-video-preview:-1"},"canonical":"https:\/\/green-gate.eu\/sl\/povezave\/","og_locale":"sl_SI","og_type":"article","og_title":"Viri - GreenGate","og_description":"ViriZakonodaja Sklep Komisije (EU) 2019\/701 Zahvaljujo\u010d temu dokumentu se babilonska zme\u0161njava jezikov ne bo nikoli ve\u010d ponovila... vsaj na podro\u010dju kozmetike ne. Ta sklep opredeljuje slovar (glosar) skupnih imen sestavin za ozna\u010devanje kozmeti\u010dnih izdelkov Evropska agencija za kemikalije (angl. Europen CHemicals Agency, ECHA) Agencija ECHA izvaja zakonodajo EU o kemikalijah za za\u0161\u010dito na\u0161ega zdravja in [&hellip;]","og_url":"https:\/\/green-gate.eu\/sl\/povezave\/","og_site_name":"GreenGate","article_modified_time":"2023-10-12T07:35:13+00:00","twitter_card":"summary_large_image","twitter_misc":{"Est. reading time":"5 minut"},"schema":{"@context":"https:\/\/schema.org","@graph":[{"@type":"WebPage","@id":"https:\/\/green-gate.eu\/sl\/povezave\/","url":"https:\/\/green-gate.eu\/sl\/povezave\/","name":"Viri - GreenGate","isPartOf":{"@id":"https:\/\/green-gate.eu\/sl\/#website"},"datePublished":"2023-04-13T09:59:24+00:00","dateModified":"2023-10-12T07:35:13+00:00","breadcrumb":{"@id":"https:\/\/green-gate.eu\/sl\/povezave\/#breadcrumb"},"inLanguage":"sl-SI","potentialAction":[{"@type":"ReadAction","target":["https:\/\/green-gate.eu\/sl\/povezave\/"]}]},{"@type":"BreadcrumbList","@id":"https:\/\/green-gate.eu\/sl\/povezave\/#breadcrumb","itemListElement":[{"@type":"ListItem","position":1,"name":"Home","item":"https:\/\/green-gate.eu\/sl\/"},{"@type":"ListItem","position":2,"name":"Viri"}]},{"@type":"WebSite","@id":"https:\/\/green-gate.eu\/sl\/#website","url":"https:\/\/green-gate.eu\/sl\/","name":"GreenGate","description":"Learn how to create healthier beauty routines and debunk common myths.","publisher":{"@id":"https:\/\/green-gate.eu\/sl\/#organization"},"potentialAction":[{"@type":"SearchAction","target":{"@type":"EntryPoint","urlTemplate":"https:\/\/green-gate.eu\/sl\/?s={search_term_string}"},"query-input":"required name=search_term_string"}],"inLanguage":"sl-SI"},{"@type":"Organization","@id":"https:\/\/green-gate.eu\/sl\/#organization","name":"GreenGate","url":"https:\/\/green-gate.eu\/sl\/","logo":{"@type":"ImageObject","inLanguage":"sl-SI","@id":"https:\/\/green-gate.eu\/sl\/#\/schema\/logo\/image\/","url":"https:\/\/green-gate.eu\/wp-content\/uploads\/2023\/04\/brand.png","contentUrl":"https:\/\/green-gate.eu\/wp-content\/uploads\/2023\/04\/brand.png","width":263,"height":108,"caption":"GreenGate"},"image":{"@id":"https:\/\/green-gate.eu\/sl\/#\/schema\/logo\/image\/"}}]}},"jetpack_sharing_enabled":true,"_links":{"self":[{"href":"https:\/\/green-gate.eu\/sl\/wp-json\/wp\/v2\/pages\/4337"}],"collection":[{"href":"https:\/\/green-gate.eu\/sl\/wp-json\/wp\/v2\/pages"}],"about":[{"href":"https:\/\/green-gate.eu\/sl\/wp-json\/wp\/v2\/types\/page"}],"author":[{"embeddable":true,"href":"https:\/\/green-gate.eu\/sl\/wp-json\/wp\/v2\/users\/1"}],"replies":[{"embeddable":true,"href":"https:\/\/green-gate.eu\/sl\/wp-json\/wp\/v2\/comments?post=4337"}],"version-history":[{"count":15,"href":"https:\/\/green-gate.eu\/sl\/wp-json\/wp\/v2\/pages\/4337\/revisions"}],"predecessor-version":[{"id":14626,"href":"https:\/\/green-gate.eu\/sl\/wp-json\/wp\/v2\/pages\/4337\/revisions\/14626"}],"wp:attachment":[{"href":"https:\/\/green-gate.eu\/sl\/wp-json\/wp\/v2\/media?parent=4337"}],"curies":[{"name":"wp","href":"https:\/\/api.w.org\/{rel}","templated":true}]}}