{"id":4331,"date":"2023-04-13T12:08:28","date_gmt":"2023-04-13T10:08:28","guid":{"rendered":"https:\/\/green-gate.eu\/o-nas\/"},"modified":"2025-05-06T03:35:14","modified_gmt":"2025-05-06T01:35:14","slug":"o-nas","status":"publish","type":"page","link":"https:\/\/green-gate.eu\/sl\/o-nas\/","title":{"rendered":"GreenGate"},"content":{"rendered":"<p>[et_pb_section fb_built=&#8221;1&#8243; _builder_version=&#8221;4.21.0&#8243; _module_preset=&#8221;14e305e4-ab41-40ea-aebe-d74a9fedeebd&#8221; global_colors_info=&#8221;{}&#8221;][et_pb_row _builder_version=&#8221;4.21.0&#8243; _module_preset=&#8221;2a4d44be-60db-4bc2-b91a-901c0251e68c&#8221; global_colors_info=&#8221;{}&#8221;][et_pb_column type=&#8221;4_4&#8243; _builder_version=&#8221;4.21.0&#8243; _module_preset=&#8221;default&#8221; global_colors_info=&#8221;{}&#8221;][et_pb_text admin_label=&#8221;Text&#8221; _builder_version=&#8221;4.21.0&#8243; _module_preset=&#8221;c9826d58-1a4e-4f9d-b75b-1a50233074a3&#8243; global_colors_info=&#8221;{}&#8221;]<\/p>\n<p>Omogo\u010damo ozave\u0161\u010deno izbiro bolj zdravih kozmeti\u010dnih izdelkov.<\/p>\n<p>[\/et_pb_text][\/et_pb_column][\/et_pb_row][et_pb_row admin_label=&#8221;Vrstica&#8221; _builder_version=&#8221;4.21.0&#8243; _module_preset=&#8221;00b9a908-9d8a-4f83-8552-e1abcb372e40&#8243; width_last_edited=&#8221;off|desktop&#8221; global_colors_info=&#8221;{}&#8221;][et_pb_column type=&#8221;4_4&#8243; _builder_version=&#8221;4.21.0&#8243; _module_preset=&#8221;default&#8221; global_colors_info=&#8221;{}&#8221;][et_pb_text _builder_version=&#8221;4.21.0&#8243; _module_preset=&#8221;1f1ac656-3431-472b-b627-10123e56f24a&#8221; global_colors_info=&#8221;{}&#8221;]<\/p>\n<p>\u017de dolgo si prizadevamo ustvariti neodvisno skupnost laikov in&nbsp;strokovnjakov pod skupnim imenom GreenGate. To edinstveno okolje omogo\u010da izobra\u017eevanje in&nbsp;razumevanje sestave kozmeti\u010dnih, \u010distilnih in&nbsp;pralnih izdelkov. Zagotavlja informacije o&nbsp;vplivu \u0161kodljivih snovi na zdravje ljudi in&nbsp;na\u0161e okolje. Verjamemo namre\u010d, da je mogo\u010de spremeniti pristop na\u0161e dru\u017ebe.<\/p>\n<p>GreenGate je obse\u017ena platforma o&nbsp;zelo raznoliki skupini kozmeti\u010dnih izdelkih ter o&nbsp;morebitnih tveganjih njihovih sestavin. Ponuja spletni te\u010daj z&nbsp;12 poglavji, ki ponujajo uporabniku prehod na bolj zeleno kozmetiko in&nbsp;informacije o&nbsp;tem, \u010demu se je treba pri izbiri kozmetike izogibati. Platforma vklju\u010duje \u0161tevilne dejavnosti (aplikacijo, e-knjigo, bloge, videoposnetke DIY, gradiva za u\u010ditelje itd.) in&nbsp;uporabnikom priporo\u010da vsebine, ki re\u0161ujejo njihove edinstvene te\u017eave. Vsebina je na voljo v&nbsp;\u0161tirih jezikih (EN, CZ, SK, SI).<\/p>\n<p>Projekt GreenGate financira Evropska unija v&nbsp;okviru projekta Erasmus+, \u010deprav nepovratna sredstva ne pokrivajo vseh stro\u0161kov projekta. \u010ce vam je &#8220;sporo\u010dilo&#8221; projekta blizu in&nbsp;bi radi podprli njegov razvoj z&nbsp;idejo, s&nbsp;pomo\u010djo ali finan\u010dno donacijo, nas kontaktirajte na info@greenscan.cz.<\/p>\n<p>[\/et_pb_text][\/et_pb_column][\/et_pb_row][\/et_pb_section][et_pb_section fb_built=&#8221;1&#8243; _builder_version=&#8221;4.21.0&#8243; _module_preset=&#8221;14e305e4-ab41-40ea-aebe-d74a9fedeebd&#8221; background_color=&#8221;#F1F1F1&#8243; custom_padding_phone=&#8221;40px|6%|40px|6%|true|true&#8221; global_colors_info=&#8221;{}&#8221;][et_pb_row _builder_version=&#8221;4.21.0&#8243; _module_preset=&#8221;default&#8221; width=&#8221;auto&#8221; max_width=&#8221;750px&#8221; global_colors_info=&#8221;{}&#8221;][et_pb_column type=&#8221;4_4&#8243; _builder_version=&#8221;4.21.0&#8243; _module_preset=&#8221;default&#8221; global_colors_info=&#8221;{}&#8221;][et_pb_text admin_label=&#8221;Text&#8221; _builder_version=&#8221;4.21.0&#8243; _module_preset=&#8221;1f1ac656-3431-472b-b627-10123e56f24a&#8221; header_2_text_align=&#8221;center&#8221; global_colors_info=&#8221;{}&#8221;]<\/p>\n<h2>\u010clani ekipe GreenGate<\/h2>\n<p>[\/et_pb_text][\/et_pb_column][\/et_pb_row][et_pb_row _builder_version=&#8221;4.21.0&#8243; _module_preset=&#8221;default&#8221; width=&#8221;auto&#8221; max_width=&#8221;794px&#8221; global_colors_info=&#8221;{}&#8221;][et_pb_column type=&#8221;4_4&#8243; _builder_version=&#8221;4.21.0&#8243; _module_preset=&#8221;default&#8221; global_colors_info=&#8221;{}&#8221;][et_pb_image src=&#8221;https:\/\/green-gate.eu\/wp-content\/uploads\/2023\/08\/team-loga.png&#8221; alt=&#8221;Logotipi ekip&#8221; title_text=&#8221;team-loga-vertical&#8221; src_tablet=&#8221;https:\/\/green-gate.eu\/wp-content\/uploads\/2023\/08\/team-loga.png&#8221; src_phone=&#8221;https:\/\/green-gate.eu\/wp-content\/uploads\/2023\/08\/team-loga-vertical.png&#8221; src_last_edited=&#8221;on|phone&#8221; _builder_version=&#8221;4.21.0&#8243; _module_preset=&#8221;default&#8221; max_width_tablet=&#8221;&#8221; max_width_phone=&#8221;188px&#8221; max_width_last_edited=&#8221;on|phone&#8221; module_alignment=&#8221;center&#8221; global_colors_info=&#8221;{}&#8221;][\/et_pb_image][\/et_pb_column][\/et_pb_row][et_pb_row _builder_version=&#8221;4.21.0&#8243; _module_preset=&#8221;default&#8221; width=&#8221;auto&#8221; max_width=&#8221;826px&#8221; global_colors_info=&#8221;{}&#8221;][et_pb_column type=&#8221;4_4&#8243; _builder_version=&#8221;4.21.0&#8243; _module_preset=&#8221;default&#8221; global_colors_info=&#8221;{}&#8221;][et_pb_text _builder_version=&#8221;4.21.0&#8243; _module_preset=&#8221;adb88ae0-a12f-4742-bbd2-37c63123728f&#8221; global_colors_info=&#8221;{}&#8221;]<\/p>\n<h4><a href=\"https:\/\/greenscan.cz\/\">GreenScan (CZ)<\/a><\/h4>\n<h6>Aplikacija GreenScan, Blog, Spletni te\u010daj, Razvoj platforme<\/h6>\n<p><span>Okoljsko izobra\u017eevanje za podjetja, \u0161ole in&nbsp;javnost. <\/span>Smo navdu\u0161enci, prostovoljci in&nbsp;predvsem ljudje. \u017delimo razumeti dru\u017ebo in&nbsp;naravo. Na\u0161a okolica ni ravnodu\u0161na do nas. Napredujemo, ustvarjamo nove vsebine in&nbsp;\u017eelimo biti koristni. Na\u0161a temeljna vrednota je svoboda izbire in&nbsp;pravica do obve\u0161\u010denosti za vse. Prizadevamo si za izdelke, ki so varni za uporabo, za zdravje in&nbsp;ekolo\u0161ko trajnost \u017eivljenja na na\u0161em planetu. Sprememba smeri na\u0161e dru\u017ebe je mogo\u010da.<\/p>\n<p>[\/et_pb_text][et_pb_text _builder_version=&#8221;4.21.0&#8243; _module_preset=&#8221;adb88ae0-a12f-4742-bbd2-37c63123728f&#8221; global_colors_info=&#8221;{}&#8221;]<\/p>\n<h4><a href=\"https:\/\/www.educasoft.cz\/\">Educasoft Solutions (CZ)<\/a><\/h4>\n<h6>Spletni te\u010daj, Koncept platforme in&nbsp;arhitektura spletne strani<\/h6>\n<p>Na\u0161a glavna podro\u010dja, na katera se osredoto\u010damo, so oblikovanje in&nbsp;razvoj te\u010dajev e-u\u010denja ter zagotavljanje in&nbsp;razvoj sistema LMS Competent. Uspe\u0161no smo izvedli \u017ee ve\u010d kot 50 spletnih izobra\u017eevalnih projektov, med drugim tudi nagrajeni te\u010daj o&nbsp;podnebnih spremembah za organizacijo People in&nbsp;Need (eno najve\u010djih \u010de\u0161kih nevladnih organizacij). Skoraj dva tiso\u010d u\u010diteljem je pomagal razumeti podnebne spremembe in&nbsp;jih pripravil na pou\u010devanje o&nbsp;njih.<\/p>\n<p>[\/et_pb_text][et_pb_text _builder_version=&#8221;4.21.0&#8243; _module_preset=&#8221;adb88ae0-a12f-4742-bbd2-37c63123728f&#8221; global_colors_info=&#8221;{}&#8221;]<\/p>\n<h4><a href=\"https:\/\/zivica.sk\/\">CEEV \u017divica (SK)<\/a><\/h4>\n<h6>Metodolo\u0161ka orodja, Blog<\/h6>\n<p>\u017divica je nevladna organizacija, ki spodbuja spremembe. \u017delimo ustvariti svet, v&nbsp;katerem bo vsakdo spodbujen k&nbsp;iskanju lastne narave. Verjamemo, da nas lahko narava veliko nau\u010di. Okoljski problemi nas pozivajo, da se osredoto\u010dimo na svoja dejanja, saj spreminjanje problemov samo na povr\u0161ju ni globalno trajnostna dolgoro\u010dna re\u0161itev.[\/et_pb_text][et_pb_text _builder_version=&#8221;4.21.0&#8243; _module_preset=&#8221;adb88ae0-a12f-4742-bbd2-37c63123728f&#8221; global_colors_info=&#8221;{}&#8221;]<\/p>\n<h4><a href=\"https:\/\/fvo.si\/\">Fakulteta za varstvo okolja (SI)<\/a><\/h4>\n<h6>G-knjiga, Blog<\/h6>\n<p>Fakulteta za varstvo okolja (FVO) je samostojna visoko\u0161olska in\u0161titucija, ki interdisciplinarno deluje na podro\u010dju okoljevarstvenih ved v&nbsp;naj\u0161ir\u0161em pomenu besede, njeno delovanje pa se prepleta s&nbsp;podro\u010dji naravoslovnih, tehni\u010dnih, biotehni\u010dnih, dru\u017eboslovnih in&nbsp;humanisti\u010dnih ved. Fakulteta je bila ustanovljena kot Visoka \u0161ola za varstvo okolja leta 2006, leta 2022 pa je postala fakulteta.[\/et_pb_text][\/et_pb_column][\/et_pb_row][\/et_pb_section][et_pb_section fb_built=&#8221;1&#8243; custom_padding_last_edited=&#8221;on|tablet&#8221; admin_label=&#8221;EU Logolink Section&#8221; _builder_version=&#8221;4.21.0&#8243; _module_preset=&#8221;default&#8221; background_color=&#8221;#F1F1F1&#8243; custom_padding=&#8221;80px|48px|80px|48px|true|true&#8221; custom_padding_tablet=&#8221;60px||60px||true|true&#8221; custom_padding_phone=&#8221;60px|6%|60px|6%|true|true&#8221; global_module=&#8221;6149&#8243; collapsed=&#8221;on&#8221; global_colors_info=&#8221;{}&#8221;][et_pb_row column_structure=&#8221;1_2,1_2&#8243; custom_padding_last_edited=&#8221;on|tablet&#8221; module_class=&#8221;two-col-tab two-col-mob&#8221; _builder_version=&#8221;4.21.0&#8243; _module_preset=&#8221;default&#8221; width=&#8221;auto&#8221; max_width=&#8221;660px&#8221; max_width_tablet=&#8221;600px&#8221; max_width_phone=&#8221;460px&#8221; max_width_last_edited=&#8221;on|tablet&#8221; custom_padding=&#8221;0px||40px||false|false&#8221; custom_padding_tablet=&#8221;0px||32px||false|false&#8221; custom_padding_phone=&#8221;||32px||false|false&#8221; global_colors_info=&#8221;{}&#8221;][et_pb_column type=&#8221;1_2&#8243; _builder_version=&#8221;4.21.0&#8243; _module_preset=&#8221;default&#8221; custom_padding=&#8221;||||false|false&#8221; global_colors_info=&#8221;{}&#8221;][et_pb_image src=&#8221;https:\/\/green-gate.eu\/wp-content\/uploads\/2023\/08\/logo-erasmus.png&#8221; title_text=&#8221;logo-erasmus&#8221; _builder_version=&#8221;4.21.0&#8243; _module_preset=&#8221;default&#8221; max_width=&#8221;240px&#8221; max_width_tablet=&#8221;206px&#8221; max_width_phone=&#8221;147px&#8221; max_width_last_edited=&#8221;on|tablet&#8221; module_alignment=&#8221;center&#8221; height_last_edited=&#8221;off|tablet&#8221; max_height=&#8221;49px&#8221; max_height_tablet=&#8221;42px&#8221; max_height_phone=&#8221;&#8221; max_height_last_edited=&#8221;on|tablet&#8221; global_colors_info=&#8221;{}&#8221; height__hover_enabled=&#8221;off|desktop&#8221;][\/et_pb_image][\/et_pb_column][et_pb_column type=&#8221;1_2&#8243; _builder_version=&#8221;4.21.0&#8243; _module_preset=&#8221;default&#8221; global_colors_info=&#8221;{}&#8221;][et_pb_image src=&#8221;https:\/\/green-gate.eu\/wp-content\/uploads\/2023\/08\/logo-eu.png&#8221; title_text=&#8221;logo-eu&#8221; show_bottom_space=&#8221;off&#8221; _builder_version=&#8221;4.21.0&#8243; _module_preset=&#8221;default&#8221; max_width=&#8221;237px&#8221; max_width_tablet=&#8221;202px&#8221; max_width_phone=&#8221;148px&#8221; max_width_last_edited=&#8221;on|tablet&#8221; module_alignment=&#8221;center&#8221; max_height=&#8221;48px&#8221; max_height_tablet=&#8221;41px&#8221; max_height_phone=&#8221;&#8221; max_height_last_edited=&#8221;on|tablet&#8221; global_colors_info=&#8221;{}&#8221;][\/et_pb_image][\/et_pb_column][\/et_pb_row][et_pb_row column_structure=&#8221;1_3,1_3,1_3&#8243; use_custom_gutter=&#8221;on&#8221; gutter_width=&#8221;2&#8243; module_class=&#8221;three-col-tab&#8221; _builder_version=&#8221;4.21.0&#8243; _module_preset=&#8221;default&#8221; width=&#8221;auto&#8221; max_width=&#8221;1200px&#8221; custom_padding=&#8221;0px||0px||false|false&#8221; global_colors_info=&#8221;{}&#8221;][et_pb_column type=&#8221;1_3&#8243; _builder_version=&#8221;4.21.0&#8243; _module_preset=&#8221;default&#8221; global_colors_info=&#8221;{}&#8221;][et_pb_text _builder_version=&#8221;4.21.0&#8243; _module_preset=&#8221;f66cbda2-1e9c-41c9-9248-82aeab118d90&#8243; custom_margin=&#8221;0px||0px||false|false&#8221; custom_padding=&#8221;0px||0px||false|false&#8221; global_colors_info=&#8221;{}&#8221;]<\/p>\n<p><span>Projekt GreenGate (reg. \u0161t. 2021-1-CZ01-KA220-ADU-000026171) in&nbsp;projekt GreenGate\u2082 (reg. \u0161t.  <\/span><span>2023-2-CZ01-KA220-YOU-000174554) sta se izvajala v&nbsp;okviru programa Erasmus+ s&nbsp;finan\u010dno podporo Evropske unije.<\/span><\/p>\n<p>[\/et_pb_text][\/et_pb_column][et_pb_column type=&#8221;1_3&#8243; _builder_version=&#8221;4.21.0&#8243; _module_preset=&#8221;default&#8221; global_colors_info=&#8221;{}&#8221;][et_pb_text _builder_version=&#8221;4.21.0&#8243; _module_preset=&#8221;f66cbda2-1e9c-41c9-9248-82aeab118d90&#8243; global_colors_info=&#8221;{}&#8221;]<\/p>\n<p>Financira Evropska unija. Izra\u017eena stali\u0161\u010da in&nbsp;mnenja so izklju\u010dno stali\u0161\u010da in&nbsp;mnenja avtorjev in&nbsp;ne odra\u017eajo nujno stali\u0161\u010d Evropske unije ali Izvajalske agencije za izobra\u017eevanje in&nbsp;kulturo (EACEA). Evropska unija in&nbsp;agencija EACEA ne moreta biti odgovorni zanje.<\/p>\n<p>[\/et_pb_text][\/et_pb_column][et_pb_column type=&#8221;1_3&#8243; _builder_version=&#8221;4.21.0&#8243; _module_preset=&#8221;default&#8221; global_colors_info=&#8221;{}&#8221;][et_pb_text _builder_version=&#8221;4.21.0&#8243; _module_preset=&#8221;f66cbda2-1e9c-41c9-9248-82aeab118d90&#8243; global_colors_info=&#8221;{}&#8221;]<\/p>\n<p>Ta platforma upo\u0161teva sporazum Creative Commons. Attribution-NonCommercial-NoDerivatives (CC BY-NC-ND) &#8211; https:\/\/creativecommons.org\/licenses\/by-nc-nd\/4.0\/<\/p>\n<p>[\/et_pb_text][\/et_pb_column][\/et_pb_row][\/et_pb_section]<\/p>\n","protected":false},"excerpt":{"rendered":"<p>Omogo\u010damo ozave\u0161\u010deno izbiro bolj zdravih kozmeti\u010dnih izdelkov.\u017de dolgo si prizadevamo ustvariti neodvisno skupnost laikov in&nbsp;strokovnjakov pod skupnim imenom GreenGate. To edinstveno okolje omogo\u010da izobra\u017eevanje in&nbsp;razumevanje sestave kozmeti\u010dnih, \u010distilnih in&nbsp;pralnih izdelkov. Zagotavlja informacije o&nbsp;vplivu \u0161kodljivih snovi na zdravje ljudi in&nbsp;na\u0161e okolje. Verjamemo namre\u010d, da je mogo\u010de spremeniti pristop na\u0161e dru\u017ebe. GreenGate [&hellip;]<\/p>\n","protected":false},"author":1,"featured_media":0,"parent":0,"menu_order":0,"comment_status":"closed","ping_status":"closed","template":"","meta":{"_et_pb_use_builder":"on","_et_pb_old_content":"","_et_gb_content_width":"","_monsterinsights_skip_tracking":false,"_monsterinsights_sitenote_active":false,"_monsterinsights_sitenote_note":"","_monsterinsights_sitenote_category":0,"footnotes":""},"yoast_head":"<!-- This site is optimized with the Yoast SEO plugin v23.2 - https:\/\/yoast.com\/wordpress\/plugins\/seo\/ -->\n<title>GreenGate - GreenGate<\/title>\n<meta name=\"robots\" content=\"index, follow, max-snippet:-1, max-image-preview:large, max-video-preview:-1\" \/>\n<link rel=\"canonical\" href=\"https:\/\/green-gate.eu\/sl\/o-nas\/\" \/>\n<meta property=\"og:locale\" content=\"sl_SI\" \/>\n<meta property=\"og:type\" content=\"article\" \/>\n<meta property=\"og:title\" content=\"GreenGate - GreenGate\" \/>\n<meta property=\"og:description\" content=\"Omogo\u010damo ozave\u0161\u010deno izbiro bolj zdravih kozmeti\u010dnih izdelkov.\u017de dolgo si prizadevamo ustvariti neodvisno skupnost laikov in strokovnjakov pod skupnim imenom GreenGate. To edinstveno okolje omogo\u010da izobra\u017eevanje in razumevanje sestave kozmeti\u010dnih, \u010distilnih in pralnih izdelkov. Zagotavlja informacije o vplivu \u0161kodljivih snovi na zdravje ljudi in na\u0161e okolje. Verjamemo namre\u010d, da je mogo\u010de spremeniti pristop na\u0161e dru\u017ebe. GreenGate [&hellip;]\" \/>\n<meta property=\"og:url\" content=\"https:\/\/green-gate.eu\/sl\/o-nas\/\" \/>\n<meta property=\"og:site_name\" content=\"GreenGate\" \/>\n<meta property=\"article:modified_time\" content=\"2025-05-06T01:35:14+00:00\" \/>\n<meta name=\"twitter:card\" content=\"summary_large_image\" \/>\n<meta name=\"twitter:label1\" content=\"Est. reading time\" \/>\n\t<meta name=\"twitter:data1\" content=\"8 minut\" \/>\n<script type=\"application\/ld+json\" class=\"yoast-schema-graph\">{\"@context\":\"https:\/\/schema.org\",\"@graph\":[{\"@type\":\"WebPage\",\"@id\":\"https:\/\/green-gate.eu\/sl\/o-nas\/\",\"url\":\"https:\/\/green-gate.eu\/sl\/o-nas\/\",\"name\":\"GreenGate - GreenGate\",\"isPartOf\":{\"@id\":\"https:\/\/green-gate.eu\/sl\/#website\"},\"datePublished\":\"2023-04-13T10:08:28+00:00\",\"dateModified\":\"2025-05-06T01:35:14+00:00\",\"breadcrumb\":{\"@id\":\"https:\/\/green-gate.eu\/sl\/o-nas\/#breadcrumb\"},\"inLanguage\":\"sl-SI\",\"potentialAction\":[{\"@type\":\"ReadAction\",\"target\":[\"https:\/\/green-gate.eu\/sl\/o-nas\/\"]}]},{\"@type\":\"BreadcrumbList\",\"@id\":\"https:\/\/green-gate.eu\/sl\/o-nas\/#breadcrumb\",\"itemListElement\":[{\"@type\":\"ListItem\",\"position\":1,\"name\":\"Home\",\"item\":\"https:\/\/green-gate.eu\/sl\/\"},{\"@type\":\"ListItem\",\"position\":2,\"name\":\"GreenGate\"}]},{\"@type\":\"WebSite\",\"@id\":\"https:\/\/green-gate.eu\/sl\/#website\",\"url\":\"https:\/\/green-gate.eu\/sl\/\",\"name\":\"GreenGate\",\"description\":\"Learn how to create healthier beauty routines and debunk common myths.\",\"publisher\":{\"@id\":\"https:\/\/green-gate.eu\/sl\/#organization\"},\"potentialAction\":[{\"@type\":\"SearchAction\",\"target\":{\"@type\":\"EntryPoint\",\"urlTemplate\":\"https:\/\/green-gate.eu\/sl\/?s={search_term_string}\"},\"query-input\":\"required name=search_term_string\"}],\"inLanguage\":\"sl-SI\"},{\"@type\":\"Organization\",\"@id\":\"https:\/\/green-gate.eu\/sl\/#organization\",\"name\":\"GreenGate\",\"url\":\"https:\/\/green-gate.eu\/sl\/\",\"logo\":{\"@type\":\"ImageObject\",\"inLanguage\":\"sl-SI\",\"@id\":\"https:\/\/green-gate.eu\/sl\/#\/schema\/logo\/image\/\",\"url\":\"https:\/\/green-gate.eu\/wp-content\/uploads\/2023\/04\/brand.png\",\"contentUrl\":\"https:\/\/green-gate.eu\/wp-content\/uploads\/2023\/04\/brand.png\",\"width\":263,\"height\":108,\"caption\":\"GreenGate\"},\"image\":{\"@id\":\"https:\/\/green-gate.eu\/sl\/#\/schema\/logo\/image\/\"}}]}<\/script>\n<!-- \/ Yoast SEO plugin. -->","yoast_head_json":{"title":"GreenGate - GreenGate","robots":{"index":"index","follow":"follow","max-snippet":"max-snippet:-1","max-image-preview":"max-image-preview:large","max-video-preview":"max-video-preview:-1"},"canonical":"https:\/\/green-gate.eu\/sl\/o-nas\/","og_locale":"sl_SI","og_type":"article","og_title":"GreenGate - GreenGate","og_description":"Omogo\u010damo ozave\u0161\u010deno izbiro bolj zdravih kozmeti\u010dnih izdelkov.\u017de dolgo si prizadevamo ustvariti neodvisno skupnost laikov in strokovnjakov pod skupnim imenom GreenGate. To edinstveno okolje omogo\u010da izobra\u017eevanje in razumevanje sestave kozmeti\u010dnih, \u010distilnih in pralnih izdelkov. Zagotavlja informacije o vplivu \u0161kodljivih snovi na zdravje ljudi in na\u0161e okolje. Verjamemo namre\u010d, da je mogo\u010de spremeniti pristop na\u0161e dru\u017ebe. GreenGate [&hellip;]","og_url":"https:\/\/green-gate.eu\/sl\/o-nas\/","og_site_name":"GreenGate","article_modified_time":"2025-05-06T01:35:14+00:00","twitter_card":"summary_large_image","twitter_misc":{"Est. reading time":"8 minut"},"schema":{"@context":"https:\/\/schema.org","@graph":[{"@type":"WebPage","@id":"https:\/\/green-gate.eu\/sl\/o-nas\/","url":"https:\/\/green-gate.eu\/sl\/o-nas\/","name":"GreenGate - GreenGate","isPartOf":{"@id":"https:\/\/green-gate.eu\/sl\/#website"},"datePublished":"2023-04-13T10:08:28+00:00","dateModified":"2025-05-06T01:35:14+00:00","breadcrumb":{"@id":"https:\/\/green-gate.eu\/sl\/o-nas\/#breadcrumb"},"inLanguage":"sl-SI","potentialAction":[{"@type":"ReadAction","target":["https:\/\/green-gate.eu\/sl\/o-nas\/"]}]},{"@type":"BreadcrumbList","@id":"https:\/\/green-gate.eu\/sl\/o-nas\/#breadcrumb","itemListElement":[{"@type":"ListItem","position":1,"name":"Home","item":"https:\/\/green-gate.eu\/sl\/"},{"@type":"ListItem","position":2,"name":"GreenGate"}]},{"@type":"WebSite","@id":"https:\/\/green-gate.eu\/sl\/#website","url":"https:\/\/green-gate.eu\/sl\/","name":"GreenGate","description":"Learn how to create healthier beauty routines and debunk common myths.","publisher":{"@id":"https:\/\/green-gate.eu\/sl\/#organization"},"potentialAction":[{"@type":"SearchAction","target":{"@type":"EntryPoint","urlTemplate":"https:\/\/green-gate.eu\/sl\/?s={search_term_string}"},"query-input":"required name=search_term_string"}],"inLanguage":"sl-SI"},{"@type":"Organization","@id":"https:\/\/green-gate.eu\/sl\/#organization","name":"GreenGate","url":"https:\/\/green-gate.eu\/sl\/","logo":{"@type":"ImageObject","inLanguage":"sl-SI","@id":"https:\/\/green-gate.eu\/sl\/#\/schema\/logo\/image\/","url":"https:\/\/green-gate.eu\/wp-content\/uploads\/2023\/04\/brand.png","contentUrl":"https:\/\/green-gate.eu\/wp-content\/uploads\/2023\/04\/brand.png","width":263,"height":108,"caption":"GreenGate"},"image":{"@id":"https:\/\/green-gate.eu\/sl\/#\/schema\/logo\/image\/"}}]}},"jetpack_sharing_enabled":true,"_links":{"self":[{"href":"https:\/\/green-gate.eu\/sl\/wp-json\/wp\/v2\/pages\/4331"}],"collection":[{"href":"https:\/\/green-gate.eu\/sl\/wp-json\/wp\/v2\/pages"}],"about":[{"href":"https:\/\/green-gate.eu\/sl\/wp-json\/wp\/v2\/types\/page"}],"author":[{"embeddable":true,"href":"https:\/\/green-gate.eu\/sl\/wp-json\/wp\/v2\/users\/1"}],"replies":[{"embeddable":true,"href":"https:\/\/green-gate.eu\/sl\/wp-json\/wp\/v2\/comments?post=4331"}],"version-history":[{"count":57,"href":"https:\/\/green-gate.eu\/sl\/wp-json\/wp\/v2\/pages\/4331\/revisions"}],"predecessor-version":[{"id":21895,"href":"https:\/\/green-gate.eu\/sl\/wp-json\/wp\/v2\/pages\/4331\/revisions\/21895"}],"wp:attachment":[{"href":"https:\/\/green-gate.eu\/sl\/wp-json\/wp\/v2\/media?parent=4331"}],"curies":[{"name":"wp","href":"https:\/\/api.w.org\/{rel}","templated":true}]}}