{"id":4307,"date":"2023-04-13T11:58:14","date_gmt":"2023-04-13T09:58:14","guid":{"rendered":"https:\/\/green-gate.eu\/toolkit\/"},"modified":"2025-11-30T19:54:39","modified_gmt":"2025-11-30T18:54:39","slug":"toolkit","status":"publish","type":"page","link":"https:\/\/green-gate.eu\/sl\/toolkit\/","title":{"rendered":"Metodolo\u0161ka orodja"},"content":{"rendered":"<p>[et_pb_section fb_built=&#8221;1&#8243; _builder_version=&#8221;4.23&#8243; _module_preset=&#8221;92daa416-652f-4076-9075-7e234254a6ac&#8221; global_colors_info=&#8221;{}&#8221;][et_pb_row _builder_version=&#8221;4.23&#8243; _module_preset=&#8221;default&#8221; width=&#8221;100%&#8221; custom_margin=&#8221;||||false|false&#8221; custom_padding=&#8221;0px||0px||true|false&#8221; global_colors_info=&#8221;{}&#8221;][et_pb_column type=&#8221;4_4&#8243; _builder_version=&#8221;4.23&#8243; _module_preset=&#8221;default&#8221; global_colors_info=&#8221;{}&#8221;][et_pb_text _builder_version=&#8221;4.23&#8243; _module_preset=&#8221;1f1ac656-3431-472b-b627-10123e56f24a&#8221; global_colors_info=&#8221;{}&#8221;]<\/p>\n<h1 style=\"text-align: center;\">Metodolo\u0161ka orodja<\/h1>\n<p>[\/et_pb_text][\/et_pb_column][\/et_pb_row][\/et_pb_section][et_pb_section fb_built=&#8221;1&#8243; _builder_version=&#8221;4.21.0&#8243; _module_preset=&#8221;14e305e4-ab41-40ea-aebe-d74a9fedeebd&#8221; custom_padding=&#8221;56px|48px|40px|48px|false|true&#8221; global_colors_info=&#8221;{}&#8221;][et_pb_row _builder_version=&#8221;4.23&#8243; _module_preset=&#8221;00b9a908-9d8a-4f83-8552-e1abcb372e40&#8243; custom_padding=&#8221;0px||0px||false|false&#8221; global_colors_info=&#8221;{}&#8221;][et_pb_column type=&#8221;4_4&#8243; _builder_version=&#8221;4.21.0&#8243; _module_preset=&#8221;default&#8221; global_colors_info=&#8221;{}&#8221;][et_pb_text _builder_version=&#8221;4.23&#8243; _module_preset=&#8221;1f1ac656-3431-472b-b627-10123e56f24a&#8221; custom_padding=&#8221;||8px||false|false&#8221; header_3_font_size_tablet=&#8221;28px&#8221; header_3_font_size_phone=&#8221;&#8221; header_3_font_size_last_edited=&#8221;on|tablet&#8221; header_3_line_height_tablet=&#8221;32px&#8221; header_3_line_height_phone=&#8221;&#8221; header_3_line_height_last_edited=&#8221;on|tablet&#8221; global_colors_info=&#8221;{}&#8221;]<\/p>\n<p>Z interaktivnimi dejavnostmi, ki jih lahko uporabite tudi za izobra\u017eevanje svojih ciljnih skupin, se seznanite s&nbsp;problemati\u010dnimi vpra\u0161anji in&nbsp;snovmi v&nbsp;kozmeti\u010dnih, negovalnih in&nbsp;\u010distilnih izdelkih ter njihovim vplivom na na\u0161e zdravje in&nbsp;okolje.<\/p>\n<p>[\/et_pb_text][et_pb_button button_url=&#8221;https:\/\/green-gate.eu\/downloads\/GreenGate-Metodoloska-orodja.pdf&#8221; button_text=&#8221;Brezpla\u010dno prenesi PDF&#8221; button_alignment=&#8221;left&#8221; _builder_version=&#8221;4.23&#8243; _module_preset=&#8221;default&#8221; custom_margin=&#8221;24px||56px||false|false&#8221; hover_enabled=&#8221;0&#8243; locked=&#8221;off&#8221; global_colors_info=&#8221;{}&#8221; sticky_enabled=&#8221;0&#8243;][\/et_pb_button][et_pb_text _builder_version=&#8221;4.23&#8243; _module_preset=&#8221;1f1ac656-3431-472b-b627-10123e56f24a&#8221; header_3_line_height_tablet=&#8221;32px&#8221; header_3_line_height_last_edited=&#8221;off|phone&#8221; global_colors_info=&#8221;{}&#8221;]<\/p>\n<h3>Komu so orodja namenjena?<\/h3>\n<p>Zbirka metodolo\u0161kih orodij je izobra\u017eevalno orodje za u\u010ditelje, vodje usposabljanj in&nbsp;trenerje. Priro\u010dnik ponuja gradiva, pripravljena za uporabo, kot so delovni listi, igre in&nbsp;vaje, ki u\u010diteljem omogo\u010dajo bolj\u0161e razumevanje in&nbsp;posredovanje u\u010dnih vsebin.<\/p>\n<p>[\/et_pb_text][\/et_pb_column][\/et_pb_row][et_pb_row column_structure=&#8221;1_3,1_3,1_3&#8243; use_custom_gutter=&#8221;on&#8221; gutter_width=&#8221;2&#8243; custom_padding_last_edited=&#8221;on|desktop&#8221; module_class=&#8221;three-col-tab three-col-mob&#8221; _builder_version=&#8221;4.23&#8243; _module_preset=&#8221;default&#8221; width=&#8221;auto&#8221; custom_margin=&#8221;||||false|false&#8221; custom_padding=&#8221;60px||60px||false|false&#8221; custom_padding_tablet=&#8221;||60px||false|false&#8221; custom_padding_phone=&#8221;30px||30px||false|false&#8221; global_colors_info=&#8221;{}&#8221;][et_pb_column type=&#8221;1_3&#8243; _builder_version=&#8221;4.23&#8243; _module_preset=&#8221;default&#8221; custom_padding=&#8221;0px||0px||false|false&#8221; global_colors_info=&#8221;{}&#8221;][et_pb_image src=&#8221;https:\/\/green-gate.eu\/wp-content\/uploads\/2023\/11\/Greenwashing-sl.png&#8221; title_text=&#8221;Zeleno zavajanje&#8221; _builder_version=&#8221;4.21.0&#8243; _module_preset=&#8221;74535d13-2544-4cb3-8f20-e2d24a2f7c5e&#8221; global_colors_info=&#8221;{}&#8221;][\/et_pb_image][\/et_pb_column][et_pb_column type=&#8221;1_3&#8243; _builder_version=&#8221;4.23&#8243; _module_preset=&#8221;default&#8221; custom_padding=&#8221;0px||0px||true|false&#8221; global_colors_info=&#8221;{}&#8221;][et_pb_image src=&#8221;https:\/\/green-gate.eu\/wp-content\/uploads\/2023\/11\/Skin-mirror-sl.png&#8221; title_text=&#8221;Ogledalo ko\u017ee&#8221; _builder_version=&#8221;4.23&#8243; _module_preset=&#8221;74535d13-2544-4cb3-8f20-e2d24a2f7c5e&#8221; global_colors_info=&#8221;{}&#8221;][\/et_pb_image][\/et_pb_column][et_pb_column type=&#8221;1_3&#8243; _builder_version=&#8221;4.23&#8243; _module_preset=&#8221;default&#8221; custom_padding=&#8221;0px||0px||true|false&#8221; global_colors_info=&#8221;{}&#8221;][et_pb_image src=&#8221;https:\/\/green-gate.eu\/wp-content\/uploads\/2023\/11\/True-false-sl.png&#8221; title_text=&#8221;Dr\u017ei &#8211; Ne dr\u017ei&#8221; _builder_version=&#8221;4.21.0&#8243; _module_preset=&#8221;74535d13-2544-4cb3-8f20-e2d24a2f7c5e&#8221; global_colors_info=&#8221;{}&#8221;][\/et_pb_image][\/et_pb_column][\/et_pb_row][et_pb_row use_custom_gutter=&#8221;off&#8221; _builder_version=&#8221;4.21.0&#8243; _module_preset=&#8221;00b9a908-9d8a-4f83-8552-e1abcb372e40&#8243; custom_padding=&#8221;0px||80px||false|false&#8221; global_colors_info=&#8221;{}&#8221;][et_pb_column type=&#8221;4_4&#8243; _builder_version=&#8221;4.21.0&#8243; _module_preset=&#8221;default&#8221; global_colors_info=&#8221;{}&#8221;][et_pb_text _builder_version=&#8221;4.21.0&#8243; _module_preset=&#8221;1f1ac656-3431-472b-b627-10123e56f24a&#8221; global_colors_info=&#8221;{}&#8221;]<\/p>\n<p>Teme v&nbsp;zbirki orodij se osredoto\u010dajo na kozmeti\u010dne snovi ter njihov vpliv na na\u0161e zdravje in&nbsp;okolje. \u0160tevilne dejavnosti so dinami\u010dne in&nbsp;so odli\u010dno orodje za uporabo v&nbsp;skupinah. Ponujajo prostor za nadaljnjo razpravo in&nbsp;poglobljeno interaktivno u\u010denje o&nbsp;izbranih temah.<\/p>\n<p>[\/et_pb_text][et_pb_button button_url=&#8221;https:\/\/green-gate.eu\/downloads\/GreenGate-Metodoloska-orodja.pdf&#8221; button_text=&#8221;Brezpla\u010dno prenesi PDF&#8221; _builder_version=&#8221;4.23&#8243; _module_preset=&#8221;default&#8221; custom_margin=&#8221;40px||||false|false&#8221; global_colors_info=&#8221;{}&#8221;][\/et_pb_button][\/et_pb_column][\/et_pb_row][\/et_pb_section][et_pb_section fb_built=&#8221;1&#8243; _builder_version=&#8221;4.21.0&#8243; _module_preset=&#8221;14e305e4-ab41-40ea-aebe-d74a9fedeebd&#8221; background_color=&#8221;#F1F1F1&#8243; global_colors_info=&#8221;{}&#8221;][et_pb_row _builder_version=&#8221;4.21.0&#8243; _module_preset=&#8221;975092c4-df6e-4689-ae9e-09dbe93ff836&#8243; global_colors_info=&#8221;{}&#8221;][et_pb_column type=&#8221;4_4&#8243; _builder_version=&#8221;4.21.0&#8243; _module_preset=&#8221;default&#8221; global_colors_info=&#8221;{}&#8221;][et_pb_text _builder_version=&#8221;4.23&#8243; _module_preset=&#8221;1f1ac656-3431-472b-b627-10123e56f24a&#8221; text_font_size_tablet=&#8221;&#8221; text_font_size_phone=&#8221;&#8221; text_font_size_last_edited=&#8221;on|desktop&#8221; global_colors_info=&#8221;{}&#8221;]<\/p>\n<h3>Kdo je pripravil zbirko orodij?<\/h3>\n<p>[\/et_pb_text][et_pb_text _builder_version=&#8221;4.21.0&#8243; _module_preset=&#8221;4f9b08aa-8e9b-44b2-9522-2493f7de4e00&#8243; custom_padding=&#8221;||||false|false&#8221; global_colors_info=&#8221;{}&#8221;]<\/p>\n<h4><a href=\"https:\/\/zivica.sk\">CEEV \u017divica<\/a><\/h4>\n<p>[\/et_pb_text][et_pb_text _builder_version=&#8221;4.21.0&#8243; _module_preset=&#8221;1f1ac656-3431-472b-b627-10123e56f24a&#8221; global_colors_info=&#8221;{}&#8221;]<\/p>\n<p>\u017divica je nevladna organizacija, ki spodbuja spremembe. \u017delimo ustvariti svet, v&nbsp;katerem bo vsakdo spodbujen k&nbsp;iskanju lastne narave. Verjamemo, da nas lahko narava veliko nau\u010di. Okoljski problemi nas pozivajo, da se osredoto\u010dimo na svoja dejanja, saj spreminjanje problemov samo na povr\u0161ju ni globalno trajnostna dolgoro\u010dna re\u0161itev.   <\/p>\n<p>[\/et_pb_text][\/et_pb_column][\/et_pb_row][\/et_pb_section][et_pb_section fb_built=&#8221;1&#8243; custom_padding_last_edited=&#8221;on|tablet&#8221; admin_label=&#8221;EU Logolink Section&#8221; _builder_version=&#8221;4.23&#8243; _module_preset=&#8221;default&#8221; background_color=&#8221;#F1F1F1&#8243; custom_padding=&#8221;80px|48px|80px|48px|true|true&#8221; custom_padding_tablet=&#8221;60px||60px||true|true&#8221; custom_padding_phone=&#8221;60px|6%|60px|6%|true|false&#8221; border_width_top=&#8221;0px&#8221; border_color_top=&#8221;rgba(64,64,64,0.2)&#8221; global_module=&#8221;6149&#8243; saved_tabs=&#8221;all&#8221; collapsed=&#8221;on&#8221; global_colors_info=&#8221;{}&#8221;][et_pb_row column_structure=&#8221;1_2,1_2&#8243; custom_padding_last_edited=&#8221;on|tablet&#8221; module_class=&#8221;two-col-tab two-col-mob&#8221; _builder_version=&#8221;4.21.0&#8243; _module_preset=&#8221;default&#8221; width=&#8221;auto&#8221; max_width=&#8221;660px&#8221; max_width_tablet=&#8221;600px&#8221; max_width_phone=&#8221;460px&#8221; max_width_last_edited=&#8221;on|tablet&#8221; custom_padding=&#8221;0px||40px||false|false&#8221; custom_padding_tablet=&#8221;0px||32px||false|false&#8221; custom_padding_phone=&#8221;||32px||false|false&#8221; global_colors_info=&#8221;{}&#8221;][et_pb_column type=&#8221;1_2&#8243; _builder_version=&#8221;4.21.0&#8243; _module_preset=&#8221;default&#8221; custom_padding=&#8221;||||false|false&#8221; global_colors_info=&#8221;{}&#8221;][et_pb_image src=&#8221;https:\/\/green-gate.eu\/wp-content\/uploads\/2023\/08\/logo-erasmus.png&#8221; title_text=&#8221;logo-erasmus&#8221; _builder_version=&#8221;4.21.0&#8243; _module_preset=&#8221;default&#8221; max_width=&#8221;240px&#8221; max_width_tablet=&#8221;206px&#8221; max_width_phone=&#8221;147px&#8221; max_width_last_edited=&#8221;on|tablet&#8221; module_alignment=&#8221;center&#8221; height_last_edited=&#8221;off|tablet&#8221; max_height=&#8221;49px&#8221; max_height_tablet=&#8221;42px&#8221; max_height_phone=&#8221;&#8221; max_height_last_edited=&#8221;on|tablet&#8221; global_colors_info=&#8221;{}&#8221; height__hover_enabled=&#8221;off|desktop&#8221;][\/et_pb_image][\/et_pb_column][et_pb_column type=&#8221;1_2&#8243; _builder_version=&#8221;4.21.0&#8243; _module_preset=&#8221;default&#8221; global_colors_info=&#8221;{}&#8221;][et_pb_image src=&#8221;https:\/\/green-gate.eu\/wp-content\/uploads\/2025\/05\/logo-eu-cofounded-eng.png&#8221; title_text=&#8221;logo-eu-cofounded-eng&#8221; show_bottom_space=&#8221;off&#8221; _builder_version=&#8221;4.23&#8243; _module_preset=&#8221;default&#8221; max_width=&#8221;237px&#8221; max_width_tablet=&#8221;202px&#8221; max_width_phone=&#8221;148px&#8221; max_width_last_edited=&#8221;on|tablet&#8221; module_alignment=&#8221;center&#8221; max_height=&#8221;48px&#8221; max_height_tablet=&#8221;41px&#8221; max_height_phone=&#8221;&#8221; max_height_last_edited=&#8221;on|tablet&#8221; global_colors_info=&#8221;{}&#8221;][\/et_pb_image][\/et_pb_column][\/et_pb_row][et_pb_row column_structure=&#8221;1_3,1_3,1_3&#8243; use_custom_gutter=&#8221;on&#8221; gutter_width=&#8221;2&#8243; module_class=&#8221;three-col-tab&#8221; _builder_version=&#8221;4.23&#8243; _module_preset=&#8221;default&#8221; width=&#8221;auto&#8221; max_width=&#8221;1200px&#8221; custom_padding=&#8221;0px||0px||false|false&#8221; global_colors_info=&#8221;{}&#8221;][et_pb_column type=&#8221;1_3&#8243; _builder_version=&#8221;4.21.0&#8243; _module_preset=&#8221;default&#8221; global_colors_info=&#8221;{}&#8221;][et_pb_text _builder_version=&#8221;4.21.0&#8243; _module_preset=&#8221;f66cbda2-1e9c-41c9-9248-82aeab118d90&#8243; custom_margin=&#8221;0px||0px||false|false&#8221; custom_padding=&#8221;0px||0px||false|false&#8221; global_colors_info=&#8221;{}&#8221;]<\/p>\n<p><span>Projekt GreenGate (reg. \u0161t. 2021-1-CZ01-KA220-ADU-000026171) in&nbsp;projekt GreenGate\u2082 (reg. \u0161t.  <\/span><span>2023-2-CZ01-KA220-YOU-000174554) sta se izvajala v&nbsp;okviru programa Erasmus+ s&nbsp;finan\u010dno podporo Evropske unije.<\/span><\/p>\n<p>[\/et_pb_text][\/et_pb_column][et_pb_column type=&#8221;1_3&#8243; _builder_version=&#8221;4.21.0&#8243; _module_preset=&#8221;default&#8221; global_colors_info=&#8221;{}&#8221;][et_pb_text _builder_version=&#8221;4.21.0&#8243; _module_preset=&#8221;f66cbda2-1e9c-41c9-9248-82aeab118d90&#8243; global_colors_info=&#8221;{}&#8221;]<\/p>\n<p>Financira Evropska unija. Izra\u017eena stali\u0161\u010da in&nbsp;mnenja so izklju\u010dno stali\u0161\u010da in&nbsp;mnenja avtorjev in&nbsp;ne odra\u017eajo nujno stali\u0161\u010d Evropske unije ali Izvajalske agencije za izobra\u017eevanje in&nbsp;kulturo (EACEA). Evropska unija in&nbsp;agencija EACEA ne moreta biti odgovorni zanje.<\/p>\n<p>[\/et_pb_text][\/et_pb_column][et_pb_column type=&#8221;1_3&#8243; _builder_version=&#8221;4.21.0&#8243; _module_preset=&#8221;default&#8221; global_colors_info=&#8221;{}&#8221;][et_pb_text _builder_version=&#8221;4.21.0&#8243; _module_preset=&#8221;f66cbda2-1e9c-41c9-9248-82aeab118d90&#8243; global_colors_info=&#8221;{}&#8221;]<\/p>\n<p>Ta platforma upo\u0161teva sporazum Creative Commons. Attribution-NonCommercial-NoDerivatives (CC BY-NC-ND) &#8211; https:\/\/creativecommons.org\/licenses\/by-nc-nd\/4.0\/<\/p>\n<p>[\/et_pb_text][\/et_pb_column][\/et_pb_row][\/et_pb_section]<\/p>\n","protected":false},"excerpt":{"rendered":"<p>Metodolo\u0161ka orodjaZ interaktivnimi dejavnostmi, ki jih lahko uporabite tudi za izobra\u017eevanje svojih ciljnih skupin, se seznanite s&nbsp;problemati\u010dnimi vpra\u0161anji in&nbsp;snovmi v&nbsp;kozmeti\u010dnih, negovalnih in&nbsp;\u010distilnih izdelkih ter njihovim vplivom na na\u0161e zdravje in&nbsp;okolje.Komu so orodja namenjena? Zbirka metodolo\u0161kih orodij je izobra\u017eevalno orodje za u\u010ditelje, vodje usposabljanj in&nbsp;trenerje. Priro\u010dnik ponuja gradiva, pripravljena za [&hellip;]<\/p>\n","protected":false},"author":1,"featured_media":0,"parent":0,"menu_order":0,"comment_status":"closed","ping_status":"closed","template":"","meta":{"_et_pb_use_builder":"on","_et_pb_old_content":"","_et_gb_content_width":"","_monsterinsights_skip_tracking":false,"_monsterinsights_sitenote_active":false,"_monsterinsights_sitenote_note":"","_monsterinsights_sitenote_category":0,"footnotes":""},"yoast_head":"<!-- This site is optimized with the Yoast SEO plugin v23.2 - https:\/\/yoast.com\/wordpress\/plugins\/seo\/ -->\n<title>Metodolo\u0161ka orodja - GreenGate<\/title>\n<meta name=\"robots\" content=\"index, follow, max-snippet:-1, max-image-preview:large, max-video-preview:-1\" \/>\n<link rel=\"canonical\" href=\"https:\/\/green-gate.eu\/sl\/toolkit\/\" \/>\n<meta property=\"og:locale\" content=\"sl_SI\" \/>\n<meta property=\"og:type\" content=\"article\" \/>\n<meta property=\"og:title\" content=\"Metodolo\u0161ka orodja - GreenGate\" \/>\n<meta property=\"og:description\" content=\"Metodolo\u0161ka orodjaZ interaktivnimi dejavnostmi, ki jih lahko uporabite tudi za izobra\u017eevanje svojih ciljnih skupin, se seznanite s problemati\u010dnimi vpra\u0161anji in snovmi v kozmeti\u010dnih, negovalnih in \u010distilnih izdelkih ter njihovim vplivom na na\u0161e zdravje in okolje.Komu so orodja namenjena? Zbirka metodolo\u0161kih orodij je izobra\u017eevalno orodje za u\u010ditelje, vodje usposabljanj in trenerje. Priro\u010dnik ponuja gradiva, pripravljena za [&hellip;]\" \/>\n<meta property=\"og:url\" content=\"https:\/\/green-gate.eu\/sl\/toolkit\/\" \/>\n<meta property=\"og:site_name\" content=\"GreenGate\" \/>\n<meta property=\"article:modified_time\" content=\"2025-11-30T18:54:39+00:00\" \/>\n<meta name=\"twitter:card\" content=\"summary_large_image\" \/>\n<meta name=\"twitter:label1\" content=\"Est. reading time\" \/>\n\t<meta name=\"twitter:data1\" content=\"8 minut\" \/>\n<script type=\"application\/ld+json\" class=\"yoast-schema-graph\">{\"@context\":\"https:\/\/schema.org\",\"@graph\":[{\"@type\":\"WebPage\",\"@id\":\"https:\/\/green-gate.eu\/sl\/toolkit\/\",\"url\":\"https:\/\/green-gate.eu\/sl\/toolkit\/\",\"name\":\"Metodolo\u0161ka orodja - GreenGate\",\"isPartOf\":{\"@id\":\"https:\/\/green-gate.eu\/sl\/#website\"},\"datePublished\":\"2023-04-13T09:58:14+00:00\",\"dateModified\":\"2025-11-30T18:54:39+00:00\",\"breadcrumb\":{\"@id\":\"https:\/\/green-gate.eu\/sl\/toolkit\/#breadcrumb\"},\"inLanguage\":\"sl-SI\",\"potentialAction\":[{\"@type\":\"ReadAction\",\"target\":[\"https:\/\/green-gate.eu\/sl\/toolkit\/\"]}]},{\"@type\":\"BreadcrumbList\",\"@id\":\"https:\/\/green-gate.eu\/sl\/toolkit\/#breadcrumb\",\"itemListElement\":[{\"@type\":\"ListItem\",\"position\":1,\"name\":\"Home\",\"item\":\"https:\/\/green-gate.eu\/sl\/\"},{\"@type\":\"ListItem\",\"position\":2,\"name\":\"Metodolo\u0161ka orodja\"}]},{\"@type\":\"WebSite\",\"@id\":\"https:\/\/green-gate.eu\/sl\/#website\",\"url\":\"https:\/\/green-gate.eu\/sl\/\",\"name\":\"GreenGate\",\"description\":\"Learn how to create healthier beauty routines and debunk common myths.\",\"publisher\":{\"@id\":\"https:\/\/green-gate.eu\/sl\/#organization\"},\"potentialAction\":[{\"@type\":\"SearchAction\",\"target\":{\"@type\":\"EntryPoint\",\"urlTemplate\":\"https:\/\/green-gate.eu\/sl\/?s={search_term_string}\"},\"query-input\":\"required name=search_term_string\"}],\"inLanguage\":\"sl-SI\"},{\"@type\":\"Organization\",\"@id\":\"https:\/\/green-gate.eu\/sl\/#organization\",\"name\":\"GreenGate\",\"url\":\"https:\/\/green-gate.eu\/sl\/\",\"logo\":{\"@type\":\"ImageObject\",\"inLanguage\":\"sl-SI\",\"@id\":\"https:\/\/green-gate.eu\/sl\/#\/schema\/logo\/image\/\",\"url\":\"https:\/\/green-gate.eu\/wp-content\/uploads\/2023\/04\/brand.png\",\"contentUrl\":\"https:\/\/green-gate.eu\/wp-content\/uploads\/2023\/04\/brand.png\",\"width\":263,\"height\":108,\"caption\":\"GreenGate\"},\"image\":{\"@id\":\"https:\/\/green-gate.eu\/sl\/#\/schema\/logo\/image\/\"}}]}<\/script>\n<!-- \/ Yoast SEO plugin. -->","yoast_head_json":{"title":"Metodolo\u0161ka orodja - GreenGate","robots":{"index":"index","follow":"follow","max-snippet":"max-snippet:-1","max-image-preview":"max-image-preview:large","max-video-preview":"max-video-preview:-1"},"canonical":"https:\/\/green-gate.eu\/sl\/toolkit\/","og_locale":"sl_SI","og_type":"article","og_title":"Metodolo\u0161ka orodja - GreenGate","og_description":"Metodolo\u0161ka orodjaZ interaktivnimi dejavnostmi, ki jih lahko uporabite tudi za izobra\u017eevanje svojih ciljnih skupin, se seznanite s problemati\u010dnimi vpra\u0161anji in snovmi v kozmeti\u010dnih, negovalnih in \u010distilnih izdelkih ter njihovim vplivom na na\u0161e zdravje in okolje.Komu so orodja namenjena? Zbirka metodolo\u0161kih orodij je izobra\u017eevalno orodje za u\u010ditelje, vodje usposabljanj in trenerje. Priro\u010dnik ponuja gradiva, pripravljena za [&hellip;]","og_url":"https:\/\/green-gate.eu\/sl\/toolkit\/","og_site_name":"GreenGate","article_modified_time":"2025-11-30T18:54:39+00:00","twitter_card":"summary_large_image","twitter_misc":{"Est. reading time":"8 minut"},"schema":{"@context":"https:\/\/schema.org","@graph":[{"@type":"WebPage","@id":"https:\/\/green-gate.eu\/sl\/toolkit\/","url":"https:\/\/green-gate.eu\/sl\/toolkit\/","name":"Metodolo\u0161ka orodja - GreenGate","isPartOf":{"@id":"https:\/\/green-gate.eu\/sl\/#website"},"datePublished":"2023-04-13T09:58:14+00:00","dateModified":"2025-11-30T18:54:39+00:00","breadcrumb":{"@id":"https:\/\/green-gate.eu\/sl\/toolkit\/#breadcrumb"},"inLanguage":"sl-SI","potentialAction":[{"@type":"ReadAction","target":["https:\/\/green-gate.eu\/sl\/toolkit\/"]}]},{"@type":"BreadcrumbList","@id":"https:\/\/green-gate.eu\/sl\/toolkit\/#breadcrumb","itemListElement":[{"@type":"ListItem","position":1,"name":"Home","item":"https:\/\/green-gate.eu\/sl\/"},{"@type":"ListItem","position":2,"name":"Metodolo\u0161ka orodja"}]},{"@type":"WebSite","@id":"https:\/\/green-gate.eu\/sl\/#website","url":"https:\/\/green-gate.eu\/sl\/","name":"GreenGate","description":"Learn how to create healthier beauty routines and debunk common myths.","publisher":{"@id":"https:\/\/green-gate.eu\/sl\/#organization"},"potentialAction":[{"@type":"SearchAction","target":{"@type":"EntryPoint","urlTemplate":"https:\/\/green-gate.eu\/sl\/?s={search_term_string}"},"query-input":"required name=search_term_string"}],"inLanguage":"sl-SI"},{"@type":"Organization","@id":"https:\/\/green-gate.eu\/sl\/#organization","name":"GreenGate","url":"https:\/\/green-gate.eu\/sl\/","logo":{"@type":"ImageObject","inLanguage":"sl-SI","@id":"https:\/\/green-gate.eu\/sl\/#\/schema\/logo\/image\/","url":"https:\/\/green-gate.eu\/wp-content\/uploads\/2023\/04\/brand.png","contentUrl":"https:\/\/green-gate.eu\/wp-content\/uploads\/2023\/04\/brand.png","width":263,"height":108,"caption":"GreenGate"},"image":{"@id":"https:\/\/green-gate.eu\/sl\/#\/schema\/logo\/image\/"}}]}},"jetpack_sharing_enabled":true,"_links":{"self":[{"href":"https:\/\/green-gate.eu\/sl\/wp-json\/wp\/v2\/pages\/4307"}],"collection":[{"href":"https:\/\/green-gate.eu\/sl\/wp-json\/wp\/v2\/pages"}],"about":[{"href":"https:\/\/green-gate.eu\/sl\/wp-json\/wp\/v2\/types\/page"}],"author":[{"embeddable":true,"href":"https:\/\/green-gate.eu\/sl\/wp-json\/wp\/v2\/users\/1"}],"replies":[{"embeddable":true,"href":"https:\/\/green-gate.eu\/sl\/wp-json\/wp\/v2\/comments?post=4307"}],"version-history":[{"count":89,"href":"https:\/\/green-gate.eu\/sl\/wp-json\/wp\/v2\/pages\/4307\/revisions"}],"predecessor-version":[{"id":25046,"href":"https:\/\/green-gate.eu\/sl\/wp-json\/wp\/v2\/pages\/4307\/revisions\/25046"}],"wp:attachment":[{"href":"https:\/\/green-gate.eu\/sl\/wp-json\/wp\/v2\/media?parent=4307"}],"curies":[{"name":"wp","href":"https:\/\/api.w.org\/{rel}","templated":true}]}}