{"id":24146,"date":"2025-05-06T03:50:47","date_gmt":"2025-05-06T01:50:47","guid":{"rendered":"https:\/\/green-gate.eu\/greengate%e2%82%82\/"},"modified":"2025-11-25T10:39:09","modified_gmt":"2025-11-25T09:39:09","slug":"greengate%e2%82%82","status":"publish","type":"page","link":"https:\/\/green-gate.eu\/sl\/greengate%e2%82%82\/","title":{"rendered":"GreenGate\u2082"},"content":{"rendered":"<p>[et_pb_section fb_built=&#8221;1&#8243; _builder_version=&#8221;4.21.0&#8243; _module_preset=&#8221;14e305e4-ab41-40ea-aebe-d74a9fedeebd&#8221; global_colors_info=&#8221;{}&#8221;][et_pb_row _builder_version=&#8221;4.21.0&#8243; _module_preset=&#8221;2a4d44be-60db-4bc2-b91a-901c0251e68c&#8221; global_colors_info=&#8221;{}&#8221;][et_pb_column type=&#8221;4_4&#8243; _builder_version=&#8221;4.21.0&#8243; _module_preset=&#8221;default&#8221; global_colors_info=&#8221;{}&#8221;][et_pb_text admin_label=&#8221;Text&#8221; _builder_version=&#8221;4.21.0&#8243; _module_preset=&#8221;c9826d58-1a4e-4f9d-b75b-1a50233074a3&#8243; global_colors_info=&#8221;{}&#8221;]<\/p>\n<p>Omogo\u010damo ozave\u0161\u010deno izbiro bolj zdravih kozmeti\u010dnih izdelkov.<\/p>\n<p>[\/et_pb_text][\/et_pb_column][\/et_pb_row][et_pb_row admin_label=&#8221;Vrstica&#8221; _builder_version=&#8221;4.21.0&#8243; _module_preset=&#8221;00b9a908-9d8a-4f83-8552-e1abcb372e40&#8243; width_last_edited=&#8221;off|desktop&#8221; global_colors_info=&#8221;{}&#8221;][et_pb_column type=&#8221;4_4&#8243; _builder_version=&#8221;4.21.0&#8243; _module_preset=&#8221;default&#8221; global_colors_info=&#8221;{}&#8221;][et_pb_text _builder_version=&#8221;4.23&#8243; _module_preset=&#8221;1f1ac656-3431-472b-b627-10123e56f24a&#8221; hover_enabled=&#8221;0&#8243; global_colors_info=&#8221;{}&#8221; sticky_enabled=&#8221;0&#8243;]<\/p>\n<h4>Kaj je GreenGate\u2082? In&nbsp;zakaj dvojka? <\/h4>\n<p>GreenGate\u2082 temelji na prvotnem projektu GreenGate, ki je bil namenjen predvsem star\u0161em in&nbsp;dru\u017einam. Druga razli\u010dica pozornost preusmerja na mlade in&nbsp;vzgojitelje \u2013 tiste, ki \u0161ele za\u010denjajo oblikovati svoje nakupovalne navade ali svoje znanje prena\u0161ajo na druge. <\/p>\n<p>Verjamemo, da ima vsak pravico vedeti, kaj daje na svoje telo in&nbsp;vase \u2013 ter kaj s&nbsp;tem vra\u010da naravi.<\/p>\n<h4>Kdo smo?<\/h4>\n<p>Smo ekipa, ki ji je mar za zdravje, okolje in&nbsp;ozave\u0161\u010dene odlo\u010ditve. Ne prodajamo izdelkov. Ne promoviramo blagovnih znamk. Zagotavljamo jasne in&nbsp;zanesljive informacije o&nbsp;sestavinah vsakdanjih izdelkov \u2013 da se ne izgubi\u0161 v&nbsp;drobnem tisku. Pomagamo ti prepoznati \u0161kodljive snovi, razumeti njihov vpliv in&nbsp;izbirati odgovorneje.    <\/p>\n<h4>Kaj ponujamo \u2013 in&nbsp;z&nbsp;veseljem delimo:<\/h4>\n<p><strong>Delavnice, usposabljanja, ekskurzije<\/strong> \u2013 izobra\u017eevanje skozi izku\u0161nje<\/p>\n<p><strong>Aplikacija GreenScan <\/strong>\u2013 mobilna aplikacija, ki skenira sestavine izdelka in&nbsp;razkrije, kaj se v&nbsp;njem v&nbsp;resnici skriva<\/p>\n<p><strong>GoGreen spletno u\u010denje <\/strong>\u2013 spletni video te\u010daj, ki pojasnjuje povezavo med sestavinami, zdravjem in&nbsp;okoljem<\/p>\n<p><strong>Zbirka metodolo\u0161kih orodij, G\u2082-knjiga, GG\u2082 LABTORIALS priro\u010dnik z&nbsp;eksperimenti in&nbsp;video navodili <\/strong>\u2013 prakti\u010dni materiali za \u0161ole in&nbsp;neformalno u\u010denje<\/p>\n<p><strong>Blog z&nbsp;&#8220;Naredi sam&#8221; videi in&nbsp;navodili, \u010dlanki in&nbsp;intervjuji <\/strong>\u2013 navdih in&nbsp;prakti\u010dni nasveti, ki jih lahko takoj uporabite<\/p>\n<h4>Zakaj ima na\u0161e prizadevanje smisel?<\/h4>\n<p>Ker v\u010dasih ni dovolj zaupati embala\u017ei in&nbsp;oglasom. Ker si zdravje in&nbsp;narava zaslu\u017eita ve\u010d kot le hitro odlo\u010ditev v&nbsp;drogeriji. In&nbsp;ker jasne informacije ljudem omogo\u010dajo bolj\u0161o izbiro \u2013 brez nepotrebnega pritiska, a&nbsp;z&nbsp;spo\u0161tovanjem do lastnega telesa in&nbsp;okolja, v&nbsp;katerem \u017eivimo.  <\/p>\n<h4>Vas zanima predavanje ali delavnica?<\/h4>\n<p>Ponujamo interaktivne in&nbsp;enostavne delavnice ter predavanja za \u0161ole, nevladne organizacije in&nbsp;druge ustanove.<br \/>Temeljijo na vsakdanjih \u017eivljenjskih situacijah \u2013 in&nbsp;ja, vklju\u010dena je tudi teorija, vendar jo predstavimo na na\u010din, ki pritegne in&nbsp;ohranja pozornost. <\/p>\n<h4>Teme, ki jih pokrivamo:<\/h4>\n<ul>\n<li>\u0160kodljive snovi v&nbsp;kozmetiki, \u010distilih in&nbsp;vsakdanjem \u017eivljenju<\/li>\n<li>Kako brati etikete in&nbsp;razumeti sestavine<\/li>\n<li>Zeleno zavajanje \u2013 kako nas oglasi in&nbsp;embala\u017ee zavajajo<\/li>\n<li>Mikroplastika, voda, odpadki \u2013 strupeni krog in&nbsp;kaj to pomeni<\/li>\n<li>Kako narediti svojo naravno kozmetiko \u2013 dezodorant, krema, serum, zobna pasta&#8230;<\/li>\n<li>Zdravje in&nbsp;okolje \u2013 kaj vse vpliva na nas in&nbsp;kaj lahko storimo?<\/li>\n<li>\u010cistilna sredstva in&nbsp;intimna higiena \u2013 preprosti koraki za ekolo\u0161ki pristop brez kompromisov pri udobju<\/li>\n<\/ul>\n<p>&#8230;in&nbsp;\u0161e ve\u010d.<\/p>\n<h4>Cena?<\/h4>\n<p>Zahvaljujo\u010d finan\u010dni podpori programa EU Erasmus+ lahko vse delavnice in&nbsp;predavanja ponudimo popolnoma brezpla\u010dno vsem, ki delajo z&nbsp;mladimi (starimi 13\u201326 let) \u2013 vklju\u010dno s&nbsp;\u0161olami, mladinskimi in&nbsp;medgeneracijskimi centri ter podobnimi organizacijami.<\/p>\n<p>\ud83d\udce9 Pi\u0161ite nam na <a href=\"mailto:info@greenscan.cz\">info@greenscan.cz<\/a> \u2013 odgovorili vam bomo in&nbsp;uredili vse podrobnosti.<\/p>\n<h4>\u017delite sodelovati?<\/h4>\n<p>GreenGate\u2082 je neprofitni projekt. Imate dragoceno idejo, \u017eelite prispevati, pomagati pri prevajanju v&nbsp;drug jezik ali podpreti projekt z&nbsp;donacijo? <\/p>\n<p>Sporo\u010dite nam \u2013 vsaka pomo\u010d je dobrodo\u0161la. <a href=\"mailto:%20info@greenscan.cz\">info@greenscan.cz<\/a><\/p>\n<p>[\/et_pb_text][\/et_pb_column][\/et_pb_row][\/et_pb_section][et_pb_section fb_built=&#8221;1&#8243; _builder_version=&#8221;4.21.0&#8243; _module_preset=&#8221;14e305e4-ab41-40ea-aebe-d74a9fedeebd&#8221; background_color=&#8221;#F1F1F1&#8243; custom_padding_phone=&#8221;40px|6%|40px|6%|true|true&#8221; global_colors_info=&#8221;{}&#8221;][et_pb_row _builder_version=&#8221;4.21.0&#8243; _module_preset=&#8221;default&#8221; width=&#8221;auto&#8221; max_width=&#8221;750px&#8221; global_colors_info=&#8221;{}&#8221;][et_pb_column type=&#8221;4_4&#8243; _builder_version=&#8221;4.21.0&#8243; _module_preset=&#8221;default&#8221; global_colors_info=&#8221;{}&#8221;][et_pb_text admin_label=&#8221;Text&#8221; _builder_version=&#8221;4.23&#8243; _module_preset=&#8221;1f1ac656-3431-472b-b627-10123e56f24a&#8221; header_2_text_align=&#8221;center&#8221; global_colors_info=&#8221;{}&#8221;]<\/p>\n<h2>\u010clani ekipe GreenGate\u2082<\/h2>\n<p>[\/et_pb_text][\/et_pb_column][\/et_pb_row][et_pb_row _builder_version=&#8221;4.23&#8243; _module_preset=&#8221;default&#8221; width=&#8221;auto&#8221; max_width=&#8221;794px&#8221; global_colors_info=&#8221;{}&#8221;][et_pb_column type=&#8221;4_4&#8243; _builder_version=&#8221;4.21.0&#8243; _module_preset=&#8221;default&#8221; global_colors_info=&#8221;{}&#8221;][et_pb_image src=&#8221;https:\/\/green-gate.eu\/wp-content\/uploads\/2025\/05\/team2-loga.png&#8221; alt=&#8221;Logotipi ekip&#8221; title_text=&#8221;team2-loga-vertical&#8221; src_tablet=&#8221;https:\/\/green-gate.eu\/wp-content\/uploads\/2025\/05\/team2-loga.png&#8221; src_phone=&#8221;https:\/\/green-gate.eu\/wp-content\/uploads\/2025\/06\/team2-loga-vertical-1.png&#8221; src_last_edited=&#8221;on|tablet&#8221; _builder_version=&#8221;4.23&#8243; _module_preset=&#8221;default&#8221; max_width_tablet=&#8221;&#8221; max_width_phone=&#8221;188px&#8221; max_width_last_edited=&#8221;on|phone&#8221; module_alignment=&#8221;center&#8221; global_colors_info=&#8221;{}&#8221;][\/et_pb_image][\/et_pb_column][\/et_pb_row][et_pb_row _builder_version=&#8221;4.21.0&#8243; _module_preset=&#8221;default&#8221; width=&#8221;auto&#8221; max_width=&#8221;826px&#8221; global_colors_info=&#8221;{}&#8221;][et_pb_column type=&#8221;4_4&#8243; _builder_version=&#8221;4.21.0&#8243; _module_preset=&#8221;default&#8221; global_colors_info=&#8221;{}&#8221;][et_pb_text _builder_version=&#8221;4.21.0&#8243; _module_preset=&#8221;adb88ae0-a12f-4742-bbd2-37c63123728f&#8221; global_colors_info=&#8221;{}&#8221;]<\/p>\n<h4><a href=\"https:\/\/greenscan.cz\/\">GreenScan (CZ)<\/a><\/h4>\n<h6>GreenScan app, Blog, Online course, Platform development<\/h6>\n<p><span>Okoljsko izobra\u017eevanje za podjetja, \u0161ole in&nbsp;javnost. <\/span>Smo navdu\u0161enci, prostovoljci in&nbsp;predvsem ljudje. \u017delimo razumeti dru\u017ebo in&nbsp;naravo. Na\u0161a okolica ni ravnodu\u0161na do nas. Napredujemo, ustvarjamo nove stvari in&nbsp;\u017eelimo biti koristni. Na\u0161a temeljna vrednota je svoboda izbire in&nbsp;pravica do obve\u0161\u010denosti za vse. Prizadevamo si za izdelke, ki so varni za uporabo, zdravje in&nbsp;ekolo\u0161ko trajnost \u017eivljenja na na\u0161em planetu. Sprememba smeri na\u0161e dru\u017ebe je mogo\u010da.      <\/p>\n<p>[\/et_pb_text][et_pb_text _builder_version=&#8221;4.21.0&#8243; _module_preset=&#8221;adb88ae0-a12f-4742-bbd2-37c63123728f&#8221; global_colors_info=&#8221;{}&#8221;]<\/p>\n<h4><a href=\"https:\/\/zivica.sk\/\">CEEV \u017divica (SK)<\/a><\/h4>\n<h6>Methodological Toolkit, Blog<\/h6>\n<p>\u017divica je nevladna organizacija, ki spodbuja spremembe. \u017delimo ustvariti svet, v&nbsp;katerem bo vsakdo spodbujen k&nbsp;iskanju lastne narave. Verjamemo, da nas lahko narava veliko nau\u010di. Okoljski problemi nas pozivajo, da se osredoto\u010dimo na svoja dejanja, saj spreminjanje problemov samo na povr\u0161ju ni globalno trajnostna dolgoro\u010dna re\u0161itev.[\/et_pb_text][et_pb_text _builder_version=&#8221;4.21.0&#8243; _module_preset=&#8221;adb88ae0-a12f-4742-bbd2-37c63123728f&#8221; global_colors_info=&#8221;{}&#8221;]<\/p>\n<h4><a href=\"https:\/\/fvo.si\/\">The Faculty of Environmental Protection (SI)<\/a><\/h4>\n<h6>G-book, Blog<\/h6>\n<p>The Faculty of Environmental Protection (FVO) is an independent institution of higher education that teaches environmental protection in&nbsp;the broadest terms. The teachings overlap in&nbsp;natural sciences, engineering, bioengineering, and social and humane arts. The faculty was founded as the Environmental Protection College in&nbsp;2006 and became a&nbsp;faculty in&nbsp;2022.[\/et_pb_text][\/et_pb_column][\/et_pb_row][\/et_pb_section][et_pb_section fb_built=&#8221;1&#8243; custom_padding_last_edited=&#8221;on|tablet&#8221; admin_label=&#8221;EU Logolink Section&#8221; _builder_version=&#8221;4.23&#8243; _module_preset=&#8221;default&#8221; background_color=&#8221;#F1F1F1&#8243; custom_padding=&#8221;80px|48px|80px|48px|true|true&#8221; custom_padding_tablet=&#8221;60px||60px||true|true&#8221; custom_padding_phone=&#8221;60px|6%|60px|6%|true|false&#8221; global_module=&#8221;6149&#8243; collapsed=&#8221;on&#8221; global_colors_info=&#8221;{}&#8221;][et_pb_row column_structure=&#8221;1_2,1_2&#8243; custom_padding_last_edited=&#8221;on|tablet&#8221; module_class=&#8221;two-col-tab two-col-mob&#8221; _builder_version=&#8221;4.21.0&#8243; _module_preset=&#8221;default&#8221; width=&#8221;auto&#8221; max_width=&#8221;660px&#8221; max_width_tablet=&#8221;600px&#8221; max_width_phone=&#8221;460px&#8221; max_width_last_edited=&#8221;on|tablet&#8221; custom_padding=&#8221;0px||40px||false|false&#8221; custom_padding_tablet=&#8221;0px||32px||false|false&#8221; custom_padding_phone=&#8221;||32px||false|false&#8221; global_colors_info=&#8221;{}&#8221;][et_pb_column type=&#8221;1_2&#8243; _builder_version=&#8221;4.21.0&#8243; _module_preset=&#8221;default&#8221; custom_padding=&#8221;||||false|false&#8221; global_colors_info=&#8221;{}&#8221;][et_pb_image src=&#8221;https:\/\/green-gate.eu\/wp-content\/uploads\/2023\/08\/logo-erasmus.png&#8221; title_text=&#8221;logo-erasmus&#8221; _builder_version=&#8221;4.21.0&#8243; _module_preset=&#8221;default&#8221; max_width=&#8221;240px&#8221; max_width_tablet=&#8221;206px&#8221; max_width_phone=&#8221;147px&#8221; max_width_last_edited=&#8221;on|tablet&#8221; module_alignment=&#8221;center&#8221; height_last_edited=&#8221;off|tablet&#8221; max_height=&#8221;49px&#8221; max_height_tablet=&#8221;42px&#8221; max_height_phone=&#8221;&#8221; max_height_last_edited=&#8221;on|tablet&#8221; global_colors_info=&#8221;{}&#8221; height__hover_enabled=&#8221;off|desktop&#8221;][\/et_pb_image][\/et_pb_column][et_pb_column type=&#8221;1_2&#8243; _builder_version=&#8221;4.21.0&#8243; _module_preset=&#8221;default&#8221; global_colors_info=&#8221;{}&#8221;][et_pb_image src=&#8221;https:\/\/green-gate.eu\/wp-content\/uploads\/2025\/05\/logo-eu-cofounded-eng.png&#8221; title_text=&#8221;logo-eu-cofounded-eng&#8221; show_bottom_space=&#8221;off&#8221; _builder_version=&#8221;4.23&#8243; _module_preset=&#8221;default&#8221; max_width=&#8221;237px&#8221; max_width_tablet=&#8221;202px&#8221; max_width_phone=&#8221;148px&#8221; max_width_last_edited=&#8221;on|tablet&#8221; module_alignment=&#8221;center&#8221; max_height=&#8221;48px&#8221; max_height_tablet=&#8221;41px&#8221; max_height_phone=&#8221;&#8221; max_height_last_edited=&#8221;on|tablet&#8221; global_colors_info=&#8221;{}&#8221;][\/et_pb_image][\/et_pb_column][\/et_pb_row][et_pb_row column_structure=&#8221;1_3,1_3,1_3&#8243; use_custom_gutter=&#8221;on&#8221; gutter_width=&#8221;2&#8243; module_class=&#8221;three-col-tab&#8221; _builder_version=&#8221;4.23&#8243; _module_preset=&#8221;default&#8221; width=&#8221;auto&#8221; max_width=&#8221;1200px&#8221; custom_padding=&#8221;0px||0px||false|false&#8221; global_colors_info=&#8221;{}&#8221;][et_pb_column type=&#8221;1_3&#8243; _builder_version=&#8221;4.21.0&#8243; _module_preset=&#8221;default&#8221; global_colors_info=&#8221;{}&#8221;][et_pb_text _builder_version=&#8221;4.21.0&#8243; _module_preset=&#8221;f66cbda2-1e9c-41c9-9248-82aeab118d90&#8243; custom_margin=&#8221;0px||0px||false|false&#8221; custom_padding=&#8221;0px||0px||false|false&#8221; global_colors_info=&#8221;{}&#8221;]<\/p>\n<p><span>Projekt GreenGate (reg. \u0161t. 2021-1-CZ01-KA220-ADU-000026171) in&nbsp;projekt GreenGate\u2082 (reg. \u0161t.  <\/span><span>2023-2-CZ01-KA220-YOU-000174554) sta se izvajala v&nbsp;okviru programa Erasmus+ s&nbsp;finan\u010dno podporo Evropske unije.<\/span><\/p>\n<p>[\/et_pb_text][\/et_pb_column][et_pb_column type=&#8221;1_3&#8243; _builder_version=&#8221;4.21.0&#8243; _module_preset=&#8221;default&#8221; global_colors_info=&#8221;{}&#8221;][et_pb_text _builder_version=&#8221;4.21.0&#8243; _module_preset=&#8221;f66cbda2-1e9c-41c9-9248-82aeab118d90&#8243; global_colors_info=&#8221;{}&#8221;]<\/p>\n<p>Financira Evropska unija. Izra\u017eena stali\u0161\u010da in&nbsp;mnenja so izklju\u010dno stali\u0161\u010da in&nbsp;mnenja avtorjev in&nbsp;ne odra\u017eajo nujno stali\u0161\u010d Evropske unije ali Izvajalske agencije za izobra\u017eevanje in&nbsp;kulturo (EACEA). Evropska unija in&nbsp;agencija EACEA ne moreta biti odgovorni zanje.<\/p>\n<p>[\/et_pb_text][\/et_pb_column][et_pb_column type=&#8221;1_3&#8243; _builder_version=&#8221;4.21.0&#8243; _module_preset=&#8221;default&#8221; global_colors_info=&#8221;{}&#8221;][et_pb_text _builder_version=&#8221;4.21.0&#8243; _module_preset=&#8221;f66cbda2-1e9c-41c9-9248-82aeab118d90&#8243; global_colors_info=&#8221;{}&#8221;]<\/p>\n<p>Ta platforma upo\u0161teva sporazum Creative Commons. Attribution-NonCommercial-NoDerivatives (CC BY-NC-ND) &#8211; https:\/\/creativecommons.org\/licenses\/by-nc-nd\/4.0\/<\/p>\n<p>[\/et_pb_text][\/et_pb_column][\/et_pb_row][\/et_pb_section]<\/p>\n","protected":false},"excerpt":{"rendered":"<p>Omogo\u010damo ozave\u0161\u010deno izbiro bolj zdravih kozmeti\u010dnih izdelkov.Kaj je GreenGate\u2082? In&nbsp;zakaj dvojka? GreenGate\u2082 temelji na prvotnem projektu GreenGate, ki je bil namenjen predvsem star\u0161em in&nbsp;dru\u017einam. Druga razli\u010dica pozornost preusmerja na mlade in&nbsp;vzgojitelje \u2013 tiste, ki \u0161ele za\u010denjajo oblikovati svoje nakupovalne navade ali svoje znanje prena\u0161ajo na druge. Verjamemo, da ima vsak pravico vedeti, [&hellip;]<\/p>\n","protected":false},"author":1,"featured_media":0,"parent":0,"menu_order":0,"comment_status":"closed","ping_status":"closed","template":"","meta":{"_et_pb_use_builder":"on","_et_pb_old_content":"","_et_gb_content_width":"","_monsterinsights_skip_tracking":false,"_monsterinsights_sitenote_active":false,"_monsterinsights_sitenote_note":"","_monsterinsights_sitenote_category":0,"footnotes":""},"yoast_head":"<!-- This site is optimized with the Yoast SEO plugin v23.2 - https:\/\/yoast.com\/wordpress\/plugins\/seo\/ -->\n<title>GreenGate\u2082 - GreenGate<\/title>\n<meta name=\"robots\" content=\"index, follow, max-snippet:-1, max-image-preview:large, max-video-preview:-1\" \/>\n<link rel=\"canonical\" href=\"https:\/\/green-gate.eu\/sl\/greengate%e2%82%82\/\" \/>\n<meta property=\"og:locale\" content=\"sl_SI\" \/>\n<meta property=\"og:type\" content=\"article\" \/>\n<meta property=\"og:title\" content=\"GreenGate\u2082 - GreenGate\" \/>\n<meta property=\"og:description\" content=\"Omogo\u010damo ozave\u0161\u010deno izbiro bolj zdravih kozmeti\u010dnih izdelkov.Kaj je GreenGate\u2082? In zakaj dvojka? GreenGate\u2082 temelji na prvotnem projektu GreenGate, ki je bil namenjen predvsem star\u0161em in dru\u017einam. Druga razli\u010dica pozornost preusmerja na mlade in vzgojitelje \u2013 tiste, ki \u0161ele za\u010denjajo oblikovati svoje nakupovalne navade ali svoje znanje prena\u0161ajo na druge. Verjamemo, da ima vsak pravico vedeti, [&hellip;]\" \/>\n<meta property=\"og:url\" content=\"https:\/\/green-gate.eu\/sl\/greengate%e2%82%82\/\" \/>\n<meta property=\"og:site_name\" content=\"GreenGate\" \/>\n<meta property=\"article:modified_time\" content=\"2025-11-25T09:39:09+00:00\" \/>\n<meta name=\"twitter:card\" content=\"summary_large_image\" \/>\n<meta name=\"twitter:label1\" content=\"Est. reading time\" \/>\n\t<meta name=\"twitter:data1\" content=\"8 minut\" \/>\n<script type=\"application\/ld+json\" class=\"yoast-schema-graph\">{\"@context\":\"https:\/\/schema.org\",\"@graph\":[{\"@type\":\"WebPage\",\"@id\":\"https:\/\/green-gate.eu\/sl\/greengate%e2%82%82\/\",\"url\":\"https:\/\/green-gate.eu\/sl\/greengate%e2%82%82\/\",\"name\":\"GreenGate\u2082 - GreenGate\",\"isPartOf\":{\"@id\":\"https:\/\/green-gate.eu\/sl\/#website\"},\"datePublished\":\"2025-05-06T01:50:47+00:00\",\"dateModified\":\"2025-11-25T09:39:09+00:00\",\"breadcrumb\":{\"@id\":\"https:\/\/green-gate.eu\/sl\/greengate%e2%82%82\/#breadcrumb\"},\"inLanguage\":\"sl-SI\",\"potentialAction\":[{\"@type\":\"ReadAction\",\"target\":[\"https:\/\/green-gate.eu\/sl\/greengate%e2%82%82\/\"]}]},{\"@type\":\"BreadcrumbList\",\"@id\":\"https:\/\/green-gate.eu\/sl\/greengate%e2%82%82\/#breadcrumb\",\"itemListElement\":[{\"@type\":\"ListItem\",\"position\":1,\"name\":\"Home\",\"item\":\"https:\/\/green-gate.eu\/sl\/\"},{\"@type\":\"ListItem\",\"position\":2,\"name\":\"GreenGate\u2082\"}]},{\"@type\":\"WebSite\",\"@id\":\"https:\/\/green-gate.eu\/sl\/#website\",\"url\":\"https:\/\/green-gate.eu\/sl\/\",\"name\":\"GreenGate\",\"description\":\"Learn how to create healthier beauty routines and debunk common myths.\",\"publisher\":{\"@id\":\"https:\/\/green-gate.eu\/sl\/#organization\"},\"potentialAction\":[{\"@type\":\"SearchAction\",\"target\":{\"@type\":\"EntryPoint\",\"urlTemplate\":\"https:\/\/green-gate.eu\/sl\/?s={search_term_string}\"},\"query-input\":\"required name=search_term_string\"}],\"inLanguage\":\"sl-SI\"},{\"@type\":\"Organization\",\"@id\":\"https:\/\/green-gate.eu\/sl\/#organization\",\"name\":\"GreenGate\",\"url\":\"https:\/\/green-gate.eu\/sl\/\",\"logo\":{\"@type\":\"ImageObject\",\"inLanguage\":\"sl-SI\",\"@id\":\"https:\/\/green-gate.eu\/sl\/#\/schema\/logo\/image\/\",\"url\":\"https:\/\/green-gate.eu\/wp-content\/uploads\/2023\/04\/brand.png\",\"contentUrl\":\"https:\/\/green-gate.eu\/wp-content\/uploads\/2023\/04\/brand.png\",\"width\":263,\"height\":108,\"caption\":\"GreenGate\"},\"image\":{\"@id\":\"https:\/\/green-gate.eu\/sl\/#\/schema\/logo\/image\/\"}}]}<\/script>\n<!-- \/ Yoast SEO plugin. -->","yoast_head_json":{"title":"GreenGate\u2082 - GreenGate","robots":{"index":"index","follow":"follow","max-snippet":"max-snippet:-1","max-image-preview":"max-image-preview:large","max-video-preview":"max-video-preview:-1"},"canonical":"https:\/\/green-gate.eu\/sl\/greengate%e2%82%82\/","og_locale":"sl_SI","og_type":"article","og_title":"GreenGate\u2082 - GreenGate","og_description":"Omogo\u010damo ozave\u0161\u010deno izbiro bolj zdravih kozmeti\u010dnih izdelkov.Kaj je GreenGate\u2082? In zakaj dvojka? GreenGate\u2082 temelji na prvotnem projektu GreenGate, ki je bil namenjen predvsem star\u0161em in dru\u017einam. Druga razli\u010dica pozornost preusmerja na mlade in vzgojitelje \u2013 tiste, ki \u0161ele za\u010denjajo oblikovati svoje nakupovalne navade ali svoje znanje prena\u0161ajo na druge. Verjamemo, da ima vsak pravico vedeti, [&hellip;]","og_url":"https:\/\/green-gate.eu\/sl\/greengate%e2%82%82\/","og_site_name":"GreenGate","article_modified_time":"2025-11-25T09:39:09+00:00","twitter_card":"summary_large_image","twitter_misc":{"Est. reading time":"8 minut"},"schema":{"@context":"https:\/\/schema.org","@graph":[{"@type":"WebPage","@id":"https:\/\/green-gate.eu\/sl\/greengate%e2%82%82\/","url":"https:\/\/green-gate.eu\/sl\/greengate%e2%82%82\/","name":"GreenGate\u2082 - GreenGate","isPartOf":{"@id":"https:\/\/green-gate.eu\/sl\/#website"},"datePublished":"2025-05-06T01:50:47+00:00","dateModified":"2025-11-25T09:39:09+00:00","breadcrumb":{"@id":"https:\/\/green-gate.eu\/sl\/greengate%e2%82%82\/#breadcrumb"},"inLanguage":"sl-SI","potentialAction":[{"@type":"ReadAction","target":["https:\/\/green-gate.eu\/sl\/greengate%e2%82%82\/"]}]},{"@type":"BreadcrumbList","@id":"https:\/\/green-gate.eu\/sl\/greengate%e2%82%82\/#breadcrumb","itemListElement":[{"@type":"ListItem","position":1,"name":"Home","item":"https:\/\/green-gate.eu\/sl\/"},{"@type":"ListItem","position":2,"name":"GreenGate\u2082"}]},{"@type":"WebSite","@id":"https:\/\/green-gate.eu\/sl\/#website","url":"https:\/\/green-gate.eu\/sl\/","name":"GreenGate","description":"Learn how to create healthier beauty routines and debunk common myths.","publisher":{"@id":"https:\/\/green-gate.eu\/sl\/#organization"},"potentialAction":[{"@type":"SearchAction","target":{"@type":"EntryPoint","urlTemplate":"https:\/\/green-gate.eu\/sl\/?s={search_term_string}"},"query-input":"required name=search_term_string"}],"inLanguage":"sl-SI"},{"@type":"Organization","@id":"https:\/\/green-gate.eu\/sl\/#organization","name":"GreenGate","url":"https:\/\/green-gate.eu\/sl\/","logo":{"@type":"ImageObject","inLanguage":"sl-SI","@id":"https:\/\/green-gate.eu\/sl\/#\/schema\/logo\/image\/","url":"https:\/\/green-gate.eu\/wp-content\/uploads\/2023\/04\/brand.png","contentUrl":"https:\/\/green-gate.eu\/wp-content\/uploads\/2023\/04\/brand.png","width":263,"height":108,"caption":"GreenGate"},"image":{"@id":"https:\/\/green-gate.eu\/sl\/#\/schema\/logo\/image\/"}}]}},"jetpack_sharing_enabled":true,"_links":{"self":[{"href":"https:\/\/green-gate.eu\/sl\/wp-json\/wp\/v2\/pages\/24146"}],"collection":[{"href":"https:\/\/green-gate.eu\/sl\/wp-json\/wp\/v2\/pages"}],"about":[{"href":"https:\/\/green-gate.eu\/sl\/wp-json\/wp\/v2\/types\/page"}],"author":[{"embeddable":true,"href":"https:\/\/green-gate.eu\/sl\/wp-json\/wp\/v2\/users\/1"}],"replies":[{"embeddable":true,"href":"https:\/\/green-gate.eu\/sl\/wp-json\/wp\/v2\/comments?post=24146"}],"version-history":[{"count":5,"href":"https:\/\/green-gate.eu\/sl\/wp-json\/wp\/v2\/pages\/24146\/revisions"}],"predecessor-version":[{"id":24151,"href":"https:\/\/green-gate.eu\/sl\/wp-json\/wp\/v2\/pages\/24146\/revisions\/24151"}],"wp:attachment":[{"href":"https:\/\/green-gate.eu\/sl\/wp-json\/wp\/v2\/media?parent=24146"}],"curies":[{"name":"wp","href":"https:\/\/api.w.org\/{rel}","templated":true}]}}