{"id":14269,"date":"2023-04-29T09:08:08","date_gmt":"2023-04-29T07:08:08","guid":{"rendered":"https:\/\/green-gate.eu\/pogoji-uporabe-spletnega-mesta\/"},"modified":"2024-04-13T15:43:07","modified_gmt":"2024-04-13T13:43:07","slug":"pogoji-uporabe-spletnega-mesta","status":"publish","type":"page","link":"https:\/\/green-gate.eu\/sl\/pogoji-uporabe-spletnega-mesta\/","title":{"rendered":"Pogoji uporabe spletnega mesta"},"content":{"rendered":"<p>[et_pb_section fb_built=&#8221;1&#8243; _builder_version=&#8221;4.21.0&#8243; _module_preset=&#8221;14e305e4-ab41-40ea-aebe-d74a9fedeebd&#8221; global_colors_info=&#8221;{}&#8221;][et_pb_row _builder_version=&#8221;4.21.0&#8243; _module_preset=&#8221;2a4d44be-60db-4bc2-b91a-901c0251e68c&#8221; global_colors_info=&#8221;{}&#8221;][et_pb_column type=&#8221;4_4&#8243; _builder_version=&#8221;4.21.0&#8243; _module_preset=&#8221;default&#8221; global_colors_info=&#8221;{}&#8221;][et_pb_text _builder_version=&#8221;4.21.0&#8243; _module_preset=&#8221;c9826d58-1a4e-4f9d-b75b-1a50233074a3&#8243; global_colors_info=&#8221;{}&#8221;]<\/p>\n<p>Pogoji uporabe spletnega mesta<\/p>\n<p>[\/et_pb_text][\/et_pb_column][\/et_pb_row][et_pb_row _builder_version=&#8221;4.21.0&#8243; _module_preset=&#8221;00b9a908-9d8a-4f83-8552-e1abcb372e40&#8243; global_colors_info=&#8221;{}&#8221;][et_pb_column type=&#8221;4_4&#8243; _builder_version=&#8221;4.21.0&#8243; _module_preset=&#8221;default&#8221; global_colors_info=&#8221;{}&#8221;][et_pb_text _builder_version=&#8221;4.21.0&#8243; _module_preset=&#8221;1f1ac656-3431-472b-b627-10123e56f24a&#8221; global_colors_info=&#8221;{}&#8221;]<\/p>\n<p>Na tej strani vam predstavljamo pogoje uporabe, pod katerimi lahko uporabljate na\u0161e spletno mesto in&nbsp;na\u0161 spletni te\u010daj. Pred uporabo spletnega mesta natan\u010dno preberite te pogoje uporabe. Z&nbsp;uporabo na\u0161ega spletnega mesta potrjujete, da sprejemate te pogoje uporabe in&nbsp;se strinjate, da jih boste upo\u0161tevali. \u010ce se s&nbsp;temi pogoji uporabe ne strinjate, ne uporabljajte na\u0161ega spletnega mesta.<\/p>\n<p>Platforma GreenGate je bila financirana v&nbsp;okviru projekta EU &#8220;KA220-ADU &#8211; Partnerstva za sodelovanje v&nbsp;izobra\u017eevanju odraslih&#8221;.<\/p>\n<h3>Informacije o&nbsp;nas<\/h3>\n<p>Za vsebino portala so odgovorni naslednji uporabniki:<\/p>\n<ul>\n<li>Educasoft Solutions d.o.o., ident. \u0161t.: 27256855, naslov: Nad Kazankou 649\/46, 171&nbsp;00 Praga 7, \u010ce\u0161ka<\/li>\n<li>GreenScan s.r.o., I\u010cO: 06496245, naslov: <span>P\u0159\u00edseka ev. \u010d.  4, 582&nbsp;91<\/span>, \u010ce\u0161ka<\/li>\n<li>CEEV \u017divica, ident. \u0161t.: 35998407, naslov: Ra\u010dianska 78, 831&nbsp;02 Bratislava, Slova\u0161ka<\/li>\n<li>Fakulteta za varstvo okolja, mati\u010dna \u0161tevilka: 2257092000, naslov: Trg mladosti 7, 3320 Velenje, Slovenija<\/li>\n<\/ul>\n<p>Upravljavec spletnega mesta je GreenScan. Dru\u017eba Educasoft Solutions d.o.o. je odgovorna za funkcionalnost te\u010daja e-u\u010denja.<\/p>\n<h3>Dostop do na\u0161ega spletnega mesta<\/h3>\n<p>Uporaba teh strani in&nbsp;vsebine te\u010daja je za uporabnike brezpla\u010dna.<\/p>\n<p>Educasoft Solutions d.o.o., GreenScan d.o.o., CEEV \u017divica, Fakulteta za varstvo okolja ali katera koli tretja oseba ne jam\u010di za pravilnost, pravo\u010dasnost, obdelavo, popolnost ali primernost informacij in&nbsp;gradiv na tem spletnem mestu za kakr\u0161en koli namen. Uporabnik se zaveda, da lahko te informacije in&nbsp;gradivo vsebujejo nepravilnosti ali napake. \u010ce uporabnik odkrije neto\u010dnost ali napako, je priporo\u010dljivo, da jo sporo\u010di na elektronski naslov: <a href=\"mailto:info@greenscan.cz\">info@greenscan.cz<\/a>.<\/p>\n<p>Vse informacije ali gradiva s&nbsp;tega spletnega mesta uporablja uporabnik na lastno odgovornost in&nbsp;Educasoft Solutions d.o.o., GreenScan d.o.o., CEEV \u017divica ali Fakulteta za varstvo okolja niso odgovorni za njihovo uporabo. Uporabnik je odgovoren za to, ali izdelki, storitve ali informacije, ki so na voljo na tem spletnem mestu, ustrezajo njegovim posebnim zahtevam.<\/p>\n<p>To spletno mesto lahko vsebuje tudi povezave do drugih spletnih mest. Namen tak\u0161nih povezav je olaj\u0161ati uporabniku dostop do dodatnih informacij. To ne pomeni, da se dru\u017ebe Educasoft Solutions d.o.o., GreenScan d.o.o., CEEV \u017divica ali Fakulteta za varstvo okolja strinjajo z&nbsp;vsebino tega spletnega mesta. Dru\u017ebe Educasoft Solutions d.o.o., GreenScan d.o.o., CEEV \u017divica ali Fakulteta za varstvo okolja ne odgovarjajo za vsebino ali varnost spletnih strani, na katere se sklicuje te\u010daj.<\/p>\n<p>Uporabo teh spletnih strani in&nbsp;morebitne spore, ki bi lahko nastali zaradi take uporabe, urejajo veljavni pravni predpisi \u010ce\u0161ke republike.<\/p>\n<h3>Za\u0161\u010dita intelektualne lastnine<\/h3>\n<p>Ta spletna stran vsebuje gradivo, ki je v&nbsp;lasti ali licenci dru\u017ebe Educasoft Solutions d.o.o., GreenScan d.o.o., CEEV \u017divica ali Fakultete za varstvo okolja. To gradivo med drugim vklju\u010duje fotografije, videoposnetke, delovno gradivo, zasnovo, postavitev, videz in&nbsp;grafiko spletnega mesta. Kopiranje ali kakr\u0161na koli druga uporaba teh elementov je prepovedana.<\/p>\n<p>Vsebina platforme je uporabnikom na voljo pod licenco Creative Commons &#8220;Attribution-NonCommercial-NoDerivatives 4.0 International&#8221; <a href=\"https:\/\/creativecommons.org\/licenses\/by-nc-nd\/4.0\/\"><\/a><a href=\"https:\/\/creativecommons.org\/licenses\/by-nc-nd\/4.0\/\">https:\/\/creativecommons.org\/licenses\/by-nc-nd\/4.0\/<\/a><\/p>\n<p>Za vse blagovne znamke, uporabljene na tem spletnem mestu, je naveden lastnik, razen \u010de gre za blagovne znamke v&nbsp;lasti podjetij Educasoft Solutions d.o.o., GreenScan d.o.o., CEEV \u017divica ali Fakultete za varstvo okolja ali za blagovne znamke, za katere ima kateri koli od teh subjektov izklju\u010dno pravico do uporabe.<\/p>\n<p>[\/et_pb_text][\/et_pb_column][\/et_pb_row][\/et_pb_section][et_pb_section fb_built=&#8221;1&#8243; custom_padding_last_edited=&#8221;on|tablet&#8221; admin_label=&#8221;EU Logolink Section&#8221; _builder_version=&#8221;4.21.0&#8243; _module_preset=&#8221;default&#8221; background_color=&#8221;#F1F1F1&#8243; custom_padding=&#8221;80px|48px|80px|48px|true|true&#8221; custom_padding_tablet=&#8221;60px||60px||true|true&#8221; custom_padding_phone=&#8221;60px|6%|60px|6%|true|true&#8221; global_module=&#8221;6149&#8243; global_colors_info=&#8221;{}&#8221;][et_pb_row column_structure=&#8221;1_2,1_2&#8243; custom_padding_last_edited=&#8221;on|tablet&#8221; module_class=&#8221;two-col-tab two-col-mob&#8221; _builder_version=&#8221;4.21.0&#8243; _module_preset=&#8221;default&#8221; width=&#8221;auto&#8221; max_width=&#8221;660px&#8221; max_width_tablet=&#8221;600px&#8221; max_width_phone=&#8221;460px&#8221; max_width_last_edited=&#8221;on|tablet&#8221; custom_padding=&#8221;0px||40px||false|false&#8221; custom_padding_tablet=&#8221;0px||32px||false|false&#8221; custom_padding_phone=&#8221;||32px||false|false&#8221; global_colors_info=&#8221;{}&#8221;][et_pb_column type=&#8221;1_2&#8243; _builder_version=&#8221;4.21.0&#8243; _module_preset=&#8221;default&#8221; custom_padding=&#8221;||||false|false&#8221; global_colors_info=&#8221;{}&#8221;][et_pb_image src=&#8221;https:\/\/green-gate.eu\/wp-content\/uploads\/2023\/08\/logo-erasmus.png&#8221; title_text=&#8221;logo-erasmus&#8221; _builder_version=&#8221;4.21.0&#8243; _module_preset=&#8221;default&#8221; max_width=&#8221;240px&#8221; max_width_tablet=&#8221;206px&#8221; max_width_phone=&#8221;147px&#8221; max_width_last_edited=&#8221;on|tablet&#8221; module_alignment=&#8221;center&#8221; height_last_edited=&#8221;off|tablet&#8221; max_height=&#8221;49px&#8221; max_height_tablet=&#8221;42px&#8221; max_height_phone=&#8221;&#8221; max_height_last_edited=&#8221;on|tablet&#8221; global_colors_info=&#8221;{}&#8221; height__hover_enabled=&#8221;off|desktop&#8221;][\/et_pb_image][\/et_pb_column][et_pb_column type=&#8221;1_2&#8243; _builder_version=&#8221;4.21.0&#8243; _module_preset=&#8221;default&#8221; global_colors_info=&#8221;{}&#8221;][et_pb_image src=&#8221;https:\/\/green-gate.eu\/wp-content\/uploads\/2023\/08\/logo-eu.png&#8221; title_text=&#8221;logo-eu&#8221; show_bottom_space=&#8221;off&#8221; _builder_version=&#8221;4.21.0&#8243; _module_preset=&#8221;default&#8221; max_width=&#8221;237px&#8221; max_width_tablet=&#8221;202px&#8221; max_width_phone=&#8221;148px&#8221; max_width_last_edited=&#8221;on|tablet&#8221; module_alignment=&#8221;center&#8221; max_height=&#8221;48px&#8221; max_height_tablet=&#8221;41px&#8221; max_height_phone=&#8221;&#8221; max_height_last_edited=&#8221;on|tablet&#8221; global_colors_info=&#8221;{}&#8221;][\/et_pb_image][\/et_pb_column][\/et_pb_row][et_pb_row column_structure=&#8221;1_3,1_3,1_3&#8243; use_custom_gutter=&#8221;on&#8221; gutter_width=&#8221;2&#8243; module_class=&#8221;three-col-tab&#8221; _builder_version=&#8221;4.21.0&#8243; _module_preset=&#8221;default&#8221; width=&#8221;auto&#8221; max_width=&#8221;1200px&#8221; custom_padding=&#8221;0px||0px||false|false&#8221; global_colors_info=&#8221;{}&#8221;][et_pb_column type=&#8221;1_3&#8243; _builder_version=&#8221;4.21.0&#8243; _module_preset=&#8221;default&#8221; global_colors_info=&#8221;{}&#8221;][et_pb_text _builder_version=&#8221;4.21.0&#8243; _module_preset=&#8221;f66cbda2-1e9c-41c9-9248-82aeab118d90&#8243; custom_margin=&#8221;0px||0px||false|false&#8221; custom_padding=&#8221;0px||0px||false|false&#8221; global_colors_info=&#8221;{}&#8221;]<\/p>\n<p>Projekt GreenGate se je izvajal v&nbsp;okviru programa Erasmus+ KA220-ADU &#8211; Partnerstva za sodelovanje v&nbsp;izobra\u017eevanju odraslih s&nbsp;finan\u010dno podporo EU.<\/p>\n<p>[\/et_pb_text][\/et_pb_column][et_pb_column type=&#8221;1_3&#8243; _builder_version=&#8221;4.21.0&#8243; _module_preset=&#8221;default&#8221; global_colors_info=&#8221;{}&#8221;][et_pb_text _builder_version=&#8221;4.21.0&#8243; _module_preset=&#8221;f66cbda2-1e9c-41c9-9248-82aeab118d90&#8243; global_colors_info=&#8221;{}&#8221;]<\/p>\n<p>Financira Evropska unija. Izra\u017eena stali\u0161\u010da in&nbsp;mnenja so izklju\u010dno stali\u0161\u010da in&nbsp;mnenja avtorjev in&nbsp;ne odra\u017eajo nujno stali\u0161\u010d Evropske unije ali Izvajalske agencije za izobra\u017eevanje in&nbsp;kulturo (EACEA). Evropska unija in&nbsp;agencija EACEA ne moreta biti odgovorni zanje.<\/p>\n<p>[\/et_pb_text][\/et_pb_column][et_pb_column type=&#8221;1_3&#8243; _builder_version=&#8221;4.21.0&#8243; _module_preset=&#8221;default&#8221; global_colors_info=&#8221;{}&#8221;][et_pb_text _builder_version=&#8221;4.21.0&#8243; _module_preset=&#8221;f66cbda2-1e9c-41c9-9248-82aeab118d90&#8243; global_colors_info=&#8221;{}&#8221;]<\/p>\n<p>Ta platforma upo\u0161teva sporazum Creative Commons. Attribution-NonCommercial-NoDerivatives (CC BY-NC-ND) &#8211; https:\/\/creativecommons.org\/licenses\/by-nc-nd\/4.0\/<\/p>\n<p>[\/et_pb_text][\/et_pb_column][\/et_pb_row][\/et_pb_section]<\/p>\n","protected":false},"excerpt":{"rendered":"<p>Pogoji uporabe spletnega mestaNa tej strani vam predstavljamo pogoje uporabe, pod katerimi lahko uporabljate na\u0161e spletno mesto in&nbsp;na\u0161 spletni te\u010daj. Pred uporabo spletnega mesta natan\u010dno preberite te pogoje uporabe. Z&nbsp;uporabo na\u0161ega spletnega mesta potrjujete, da sprejemate te pogoje uporabe in&nbsp;se strinjate, da jih boste upo\u0161tevali. \u010ce se s&nbsp;temi pogoji uporabe ne [&hellip;]<\/p>\n","protected":false},"author":1,"featured_media":0,"parent":0,"menu_order":0,"comment_status":"closed","ping_status":"closed","template":"","meta":{"_et_pb_use_builder":"on","_et_pb_old_content":"","_et_gb_content_width":"","_monsterinsights_skip_tracking":false,"_monsterinsights_sitenote_active":false,"_monsterinsights_sitenote_note":"","_monsterinsights_sitenote_category":0,"footnotes":""},"yoast_head":"<!-- This site is optimized with the Yoast SEO plugin v23.2 - https:\/\/yoast.com\/wordpress\/plugins\/seo\/ -->\n<title>Pogoji uporabe spletnega mesta - GreenGate<\/title>\n<meta name=\"robots\" content=\"index, follow, max-snippet:-1, max-image-preview:large, max-video-preview:-1\" \/>\n<link rel=\"canonical\" href=\"https:\/\/green-gate.eu\/sl\/pogoji-uporabe-spletnega-mesta\/\" \/>\n<meta property=\"og:locale\" content=\"sl_SI\" \/>\n<meta property=\"og:type\" content=\"article\" \/>\n<meta property=\"og:title\" content=\"Pogoji uporabe spletnega mesta - GreenGate\" \/>\n<meta property=\"og:description\" content=\"Pogoji uporabe spletnega mestaNa tej strani vam predstavljamo pogoje uporabe, pod katerimi lahko uporabljate na\u0161e spletno mesto in na\u0161 spletni te\u010daj. Pred uporabo spletnega mesta natan\u010dno preberite te pogoje uporabe. Z uporabo na\u0161ega spletnega mesta potrjujete, da sprejemate te pogoje uporabe in se strinjate, da jih boste upo\u0161tevali. \u010ce se s temi pogoji uporabe ne [&hellip;]\" \/>\n<meta property=\"og:url\" content=\"https:\/\/green-gate.eu\/sl\/pogoji-uporabe-spletnega-mesta\/\" \/>\n<meta property=\"og:site_name\" content=\"GreenGate\" \/>\n<meta property=\"article:modified_time\" content=\"2024-04-13T13:43:07+00:00\" \/>\n<meta name=\"twitter:card\" content=\"summary_large_image\" \/>\n<meta name=\"twitter:label1\" content=\"Est. reading time\" \/>\n\t<meta name=\"twitter:data1\" content=\"6 minut\" \/>\n<script type=\"application\/ld+json\" class=\"yoast-schema-graph\">{\"@context\":\"https:\/\/schema.org\",\"@graph\":[{\"@type\":\"WebPage\",\"@id\":\"https:\/\/green-gate.eu\/sl\/pogoji-uporabe-spletnega-mesta\/\",\"url\":\"https:\/\/green-gate.eu\/sl\/pogoji-uporabe-spletnega-mesta\/\",\"name\":\"Pogoji uporabe spletnega mesta - GreenGate\",\"isPartOf\":{\"@id\":\"https:\/\/green-gate.eu\/sl\/#website\"},\"datePublished\":\"2023-04-29T07:08:08+00:00\",\"dateModified\":\"2024-04-13T13:43:07+00:00\",\"breadcrumb\":{\"@id\":\"https:\/\/green-gate.eu\/sl\/pogoji-uporabe-spletnega-mesta\/#breadcrumb\"},\"inLanguage\":\"sl-SI\",\"potentialAction\":[{\"@type\":\"ReadAction\",\"target\":[\"https:\/\/green-gate.eu\/sl\/pogoji-uporabe-spletnega-mesta\/\"]}]},{\"@type\":\"BreadcrumbList\",\"@id\":\"https:\/\/green-gate.eu\/sl\/pogoji-uporabe-spletnega-mesta\/#breadcrumb\",\"itemListElement\":[{\"@type\":\"ListItem\",\"position\":1,\"name\":\"Home\",\"item\":\"https:\/\/green-gate.eu\/sl\/\"},{\"@type\":\"ListItem\",\"position\":2,\"name\":\"Pogoji uporabe spletnega mesta\"}]},{\"@type\":\"WebSite\",\"@id\":\"https:\/\/green-gate.eu\/sl\/#website\",\"url\":\"https:\/\/green-gate.eu\/sl\/\",\"name\":\"GreenGate\",\"description\":\"Learn how to create healthier beauty routines and debunk common myths.\",\"publisher\":{\"@id\":\"https:\/\/green-gate.eu\/sl\/#organization\"},\"potentialAction\":[{\"@type\":\"SearchAction\",\"target\":{\"@type\":\"EntryPoint\",\"urlTemplate\":\"https:\/\/green-gate.eu\/sl\/?s={search_term_string}\"},\"query-input\":\"required name=search_term_string\"}],\"inLanguage\":\"sl-SI\"},{\"@type\":\"Organization\",\"@id\":\"https:\/\/green-gate.eu\/sl\/#organization\",\"name\":\"GreenGate\",\"url\":\"https:\/\/green-gate.eu\/sl\/\",\"logo\":{\"@type\":\"ImageObject\",\"inLanguage\":\"sl-SI\",\"@id\":\"https:\/\/green-gate.eu\/sl\/#\/schema\/logo\/image\/\",\"url\":\"https:\/\/green-gate.eu\/wp-content\/uploads\/2023\/04\/brand.png\",\"contentUrl\":\"https:\/\/green-gate.eu\/wp-content\/uploads\/2023\/04\/brand.png\",\"width\":263,\"height\":108,\"caption\":\"GreenGate\"},\"image\":{\"@id\":\"https:\/\/green-gate.eu\/sl\/#\/schema\/logo\/image\/\"}}]}<\/script>\n<!-- \/ Yoast SEO plugin. -->","yoast_head_json":{"title":"Pogoji uporabe spletnega mesta - GreenGate","robots":{"index":"index","follow":"follow","max-snippet":"max-snippet:-1","max-image-preview":"max-image-preview:large","max-video-preview":"max-video-preview:-1"},"canonical":"https:\/\/green-gate.eu\/sl\/pogoji-uporabe-spletnega-mesta\/","og_locale":"sl_SI","og_type":"article","og_title":"Pogoji uporabe spletnega mesta - GreenGate","og_description":"Pogoji uporabe spletnega mestaNa tej strani vam predstavljamo pogoje uporabe, pod katerimi lahko uporabljate na\u0161e spletno mesto in na\u0161 spletni te\u010daj. Pred uporabo spletnega mesta natan\u010dno preberite te pogoje uporabe. Z uporabo na\u0161ega spletnega mesta potrjujete, da sprejemate te pogoje uporabe in se strinjate, da jih boste upo\u0161tevali. \u010ce se s temi pogoji uporabe ne [&hellip;]","og_url":"https:\/\/green-gate.eu\/sl\/pogoji-uporabe-spletnega-mesta\/","og_site_name":"GreenGate","article_modified_time":"2024-04-13T13:43:07+00:00","twitter_card":"summary_large_image","twitter_misc":{"Est. reading time":"6 minut"},"schema":{"@context":"https:\/\/schema.org","@graph":[{"@type":"WebPage","@id":"https:\/\/green-gate.eu\/sl\/pogoji-uporabe-spletnega-mesta\/","url":"https:\/\/green-gate.eu\/sl\/pogoji-uporabe-spletnega-mesta\/","name":"Pogoji uporabe spletnega mesta - GreenGate","isPartOf":{"@id":"https:\/\/green-gate.eu\/sl\/#website"},"datePublished":"2023-04-29T07:08:08+00:00","dateModified":"2024-04-13T13:43:07+00:00","breadcrumb":{"@id":"https:\/\/green-gate.eu\/sl\/pogoji-uporabe-spletnega-mesta\/#breadcrumb"},"inLanguage":"sl-SI","potentialAction":[{"@type":"ReadAction","target":["https:\/\/green-gate.eu\/sl\/pogoji-uporabe-spletnega-mesta\/"]}]},{"@type":"BreadcrumbList","@id":"https:\/\/green-gate.eu\/sl\/pogoji-uporabe-spletnega-mesta\/#breadcrumb","itemListElement":[{"@type":"ListItem","position":1,"name":"Home","item":"https:\/\/green-gate.eu\/sl\/"},{"@type":"ListItem","position":2,"name":"Pogoji uporabe spletnega mesta"}]},{"@type":"WebSite","@id":"https:\/\/green-gate.eu\/sl\/#website","url":"https:\/\/green-gate.eu\/sl\/","name":"GreenGate","description":"Learn how to create healthier beauty routines and debunk common myths.","publisher":{"@id":"https:\/\/green-gate.eu\/sl\/#organization"},"potentialAction":[{"@type":"SearchAction","target":{"@type":"EntryPoint","urlTemplate":"https:\/\/green-gate.eu\/sl\/?s={search_term_string}"},"query-input":"required name=search_term_string"}],"inLanguage":"sl-SI"},{"@type":"Organization","@id":"https:\/\/green-gate.eu\/sl\/#organization","name":"GreenGate","url":"https:\/\/green-gate.eu\/sl\/","logo":{"@type":"ImageObject","inLanguage":"sl-SI","@id":"https:\/\/green-gate.eu\/sl\/#\/schema\/logo\/image\/","url":"https:\/\/green-gate.eu\/wp-content\/uploads\/2023\/04\/brand.png","contentUrl":"https:\/\/green-gate.eu\/wp-content\/uploads\/2023\/04\/brand.png","width":263,"height":108,"caption":"GreenGate"},"image":{"@id":"https:\/\/green-gate.eu\/sl\/#\/schema\/logo\/image\/"}}]}},"jetpack_sharing_enabled":true,"_links":{"self":[{"href":"https:\/\/green-gate.eu\/sl\/wp-json\/wp\/v2\/pages\/14269"}],"collection":[{"href":"https:\/\/green-gate.eu\/sl\/wp-json\/wp\/v2\/pages"}],"about":[{"href":"https:\/\/green-gate.eu\/sl\/wp-json\/wp\/v2\/types\/page"}],"author":[{"embeddable":true,"href":"https:\/\/green-gate.eu\/sl\/wp-json\/wp\/v2\/users\/1"}],"replies":[{"embeddable":true,"href":"https:\/\/green-gate.eu\/sl\/wp-json\/wp\/v2\/comments?post=14269"}],"version-history":[{"count":17,"href":"https:\/\/green-gate.eu\/sl\/wp-json\/wp\/v2\/pages\/14269\/revisions"}],"predecessor-version":[{"id":20083,"href":"https:\/\/green-gate.eu\/sl\/wp-json\/wp\/v2\/pages\/14269\/revisions\/20083"}],"wp:attachment":[{"href":"https:\/\/green-gate.eu\/sl\/wp-json\/wp\/v2\/media?parent=14269"}],"curies":[{"name":"wp","href":"https:\/\/api.w.org\/{rel}","templated":true}]}}