{"id":13999,"date":"2023-04-13T02:11:37","date_gmt":"2023-04-13T00:11:37","guid":{"rendered":"https:\/\/green-gate.eu\/kviz-uvod\/"},"modified":"2025-05-28T19:35:57","modified_gmt":"2025-05-28T17:35:57","slug":"kviz-uvod","status":"publish","type":"page","link":"https:\/\/green-gate.eu\/sl\/kviz-uvod\/","title":{"rendered":"Kviz &#8211; uvod"},"content":{"rendered":"<p>[et_pb_section fb_built=&#8221;1&#8243; _builder_version=&#8221;4.20.4&#8243; _module_preset=&#8221;7724dba6-47f0-446b-a58e-150eeb9e2b3b&#8221; global_colors_info=&#8221;{}&#8221;][et_pb_row custom_padding_last_edited=&#8221;on|desktop&#8221; _builder_version=&#8221;4.20.4&#8243; _module_preset=&#8221;78fbb1f6-8016-4093-a4cb-bd7bb68612fc&#8221; custom_padding=&#8221;46px|24px|0px|24px|false|true&#8221; custom_padding_tablet=&#8221;46px|24px|0px|24px|false|true&#8221; custom_padding_phone=&#8221;40px||||false|true&#8221; global_colors_info=&#8221;{}&#8221;][et_pb_column type=&#8221;4_4&#8243; _builder_version=&#8221;4.20.2&#8243; _module_preset=&#8221;default&#8221; global_colors_info=&#8221;{}&#8221;][et_pb_text _builder_version=&#8221;4.20.4&#8243; _module_preset=&#8221;45cce019-dc17-4bbf-9b7f-a2050de8856f&#8221; global_colors_info=&#8221;{}&#8221;]<\/p>\n<p>Prilagodite GreenGate izku\u0161njo sebi<\/p>\n<p>[\/et_pb_text][\/et_pb_column][\/et_pb_row][et_pb_row _builder_version=&#8221;4.20.4&#8243; _module_preset=&#8221;27c709ff-7c8e-4a77-b92a-983578d86890&#8243; global_colors_info=&#8221;{}&#8221;][et_pb_column type=&#8221;4_4&#8243; _builder_version=&#8221;4.20.2&#8243; _module_preset=&#8221;default&#8221; global_colors_info=&#8221;{}&#8221;][et_pb_image src=&#8221;https:\/\/green-gate.eu\/wp-content\/uploads\/2023\/04\/progress-1.png&#8221; title_text=&#8221;napredek-1&#8243; show_bottom_space_tablet=&#8221;&#8221; show_bottom_space_phone=&#8221;&#8221; show_bottom_space_last_edited=&#8221;on|phone&#8221; _builder_version=&#8221;4.20.4&#8243; _module_preset=&#8221;f0e05d04-510d-4e1b-9a56-d365567ce918&#8243; global_colors_info=&#8221;{}&#8221;][\/et_pb_image][\/et_pb_column][\/et_pb_row][et_pb_row custom_padding_last_edited=&#8221;on|phone&#8221; _builder_version=&#8221;4.20.4&#8243; _module_preset=&#8221;default&#8221; width=&#8221;100%&#8221; max_width=&#8221;420px&#8221; custom_padding=&#8221;60px||0px||false|false&#8221; custom_padding_tablet=&#8221;60px||0px||false|false&#8221; custom_padding_phone=&#8221;|24px||24px|false|true&#8221; global_colors_info=&#8221;{}&#8221;][et_pb_column type=&#8221;4_4&#8243; _builder_version=&#8221;4.20.4&#8243; _module_preset=&#8221;default&#8221; global_colors_info=&#8221;{}&#8221;][et_pb_text _builder_version=&#8221;4.21.0&#8243; _module_preset=&#8221;175de951-c70b-436f-913c-84a89d2ecabe&#8221; global_colors_info=&#8221;{}&#8221;]<\/p>\n<p style=\"text-align: center;\">Kaj najbolje opisuje va\u0161o trenutno \u017eivljenjsko vlogo?<\/p>\n<p>[\/et_pb_text][\/et_pb_column][\/et_pb_row][et_pb_row column_structure=&#8221;1_3,1_3,1_3&#8243; custom_padding_last_edited=&#8221;on|phone&#8221; _builder_version=&#8221;4.23&#8243; _module_preset=&#8221;default&#8221; width=&#8221;100%&#8221; max_width=&#8221;1000px&#8221; max_width_tablet=&#8221;500px&#8221; max_width_phone=&#8221;500px&#8221; max_width_last_edited=&#8221;on|tablet&#8221; height=&#8221;280px&#8221; height_tablet=&#8221;&#8221; height_phone=&#8221;auto&#8221; height_last_edited=&#8221;on|phone&#8221; custom_padding=&#8221;38px|40px|40px|40px|false|true&#8221; custom_padding_tablet=&#8221;|0px||0px|false|true&#8221; custom_padding_phone=&#8221;|22px||22px|false|true&#8221; locked=&#8221;off&#8221; global_colors_info=&#8221;{}&#8221;][et_pb_column type=&#8221;1_3&#8243; module_class=&#8221;quiz_intro_answer_box&#8221; _builder_version=&#8221;4.21.0&#8243; _module_preset=&#8221;default&#8221; global_colors_info=&#8221;{}&#8221;][et_pb_blurb image=&#8221;https:\/\/green-gate.eu\/wp-content\/uploads\/2024\/01\/Matky.png&#8221; _builder_version=&#8221;4.23&#8243; _dynamic_attributes=&#8221;link_option_url&#8221; _module_preset=&#8221;360924fe-e189-4f4b-9496-0c6cb7227189&#8243; link_option_url=&#8221;@ET-DC@eyJkeW5hbWljIjp0cnVlLCJjb250ZW50IjoicG9zdF9saW5rX3VybF9wYWdlIiwic2V0dGluZ3MiOnsicG9zdF9pZCI6IjQ4NTYifX0=@&#8221; global_colors_info=&#8221;{}&#8221;]<\/p>\n<p>Star\u0161, bodo\u010di star\u0161<\/p>\n<p>[\/et_pb_blurb][\/et_pb_column][et_pb_column type=&#8221;1_3&#8243; module_class=&#8221;quiz_intro_answer_box&#8221; _builder_version=&#8221;4.21.0&#8243; _module_preset=&#8221;default&#8221; global_colors_info=&#8221;{}&#8221;][et_pb_blurb image=&#8221;https:\/\/green-gate.eu\/wp-content\/uploads\/2024\/01\/Lidi.png&#8221; _builder_version=&#8221;4.23&#8243; _dynamic_attributes=&#8221;link_option_url&#8221; _module_preset=&#8221;360924fe-e189-4f4b-9496-0c6cb7227189&#8243; link_option_url=&#8221;@ET-DC@eyJkeW5hbWljIjp0cnVlLCJjb250ZW50IjoicG9zdF9saW5rX3VybF9wYWdlIiwic2V0dGluZ3MiOnsicG9zdF9pZCI6IjQ4NjgifX0=@&#8221; global_colors_info=&#8221;{}&#8221;]<\/p>\n<p>Vsak, ki ga zanima kozmetika<\/p>\n<p>[\/et_pb_blurb][\/et_pb_column][et_pb_column type=&#8221;1_3&#8243; module_class=&#8221;quiz_intro_answer_box&#8221; _builder_version=&#8221;4.21.0&#8243; _module_preset=&#8221;default&#8221; global_colors_info=&#8221;{}&#8221;][et_pb_blurb image=&#8221;https:\/\/green-gate.eu\/wp-content\/uploads\/2024\/01\/Skolitele.png&#8221; _builder_version=&#8221;4.23&#8243; _dynamic_attributes=&#8221;link_option_url&#8221; _module_preset=&#8221;360924fe-e189-4f4b-9496-0c6cb7227189&#8243; link_option_url=&#8221;@ET-DC@eyJkeW5hbWljIjp0cnVlLCJjb250ZW50IjoicG9zdF9saW5rX3VybF9wYWdlIiwic2V0dGluZ3MiOnsicG9zdF9pZCI6IjQ4NzYifX0=@&#8221; global_colors_info=&#8221;{}&#8221;]<\/p>\n<p>Strokovnjak, pedago\u0161ki delavec<\/p>\n<p>[\/et_pb_blurb][\/et_pb_column][\/et_pb_row][\/et_pb_section]<\/p>\n","protected":false},"excerpt":{"rendered":"<p>Prilagodite GreenGate izku\u0161njo sebiKaj najbolje opisuje va\u0161o trenutno \u017eivljenjsko vlogo?Star\u0161, bodo\u010di star\u0161Vsak, ki ga zanima kozmetikaStrokovnjak, pedago\u0161ki delavec<\/p>\n","protected":false},"author":1,"featured_media":0,"parent":0,"menu_order":0,"comment_status":"closed","ping_status":"closed","template":"","meta":{"_et_pb_use_builder":"on","_et_pb_old_content":"","_et_gb_content_width":"","_monsterinsights_skip_tracking":false,"_monsterinsights_sitenote_active":false,"_monsterinsights_sitenote_note":"","_monsterinsights_sitenote_category":0,"footnotes":""},"yoast_head":"<!-- This site is optimized with the Yoast SEO plugin v23.2 - https:\/\/yoast.com\/wordpress\/plugins\/seo\/ -->\n<title>Kviz - uvod - GreenGate<\/title>\n<meta name=\"robots\" content=\"index, follow, max-snippet:-1, max-image-preview:large, max-video-preview:-1\" \/>\n<link rel=\"canonical\" href=\"https:\/\/green-gate.eu\/sl\/kviz-uvod\/\" \/>\n<meta property=\"og:locale\" content=\"sl_SI\" \/>\n<meta property=\"og:type\" content=\"article\" \/>\n<meta property=\"og:title\" content=\"Kviz - uvod - GreenGate\" \/>\n<meta property=\"og:description\" content=\"Prilagodite GreenGate izku\u0161njo sebiKaj najbolje opisuje va\u0161o trenutno \u017eivljenjsko vlogo?Star\u0161, bodo\u010di star\u0161Vsak, ki ga zanima kozmetikaStrokovnjak, pedago\u0161ki delavec\" \/>\n<meta property=\"og:url\" content=\"https:\/\/green-gate.eu\/sl\/kviz-uvod\/\" \/>\n<meta property=\"og:site_name\" content=\"GreenGate\" \/>\n<meta property=\"article:modified_time\" content=\"2025-05-28T17:35:57+00:00\" \/>\n<meta name=\"twitter:card\" content=\"summary_large_image\" \/>\n<meta name=\"twitter:label1\" content=\"Est. reading time\" \/>\n\t<meta name=\"twitter:data1\" content=\"3 minute\" \/>\n<script type=\"application\/ld+json\" class=\"yoast-schema-graph\">{\"@context\":\"https:\/\/schema.org\",\"@graph\":[{\"@type\":\"WebPage\",\"@id\":\"https:\/\/green-gate.eu\/sl\/kviz-uvod\/\",\"url\":\"https:\/\/green-gate.eu\/sl\/kviz-uvod\/\",\"name\":\"Kviz - uvod - GreenGate\",\"isPartOf\":{\"@id\":\"https:\/\/green-gate.eu\/sl\/#website\"},\"datePublished\":\"2023-04-13T00:11:37+00:00\",\"dateModified\":\"2025-05-28T17:35:57+00:00\",\"breadcrumb\":{\"@id\":\"https:\/\/green-gate.eu\/sl\/kviz-uvod\/#breadcrumb\"},\"inLanguage\":\"sl-SI\",\"potentialAction\":[{\"@type\":\"ReadAction\",\"target\":[\"https:\/\/green-gate.eu\/sl\/kviz-uvod\/\"]}]},{\"@type\":\"BreadcrumbList\",\"@id\":\"https:\/\/green-gate.eu\/sl\/kviz-uvod\/#breadcrumb\",\"itemListElement\":[{\"@type\":\"ListItem\",\"position\":1,\"name\":\"Home\",\"item\":\"https:\/\/green-gate.eu\/sl\/\"},{\"@type\":\"ListItem\",\"position\":2,\"name\":\"Kviz &#8211; uvod\"}]},{\"@type\":\"WebSite\",\"@id\":\"https:\/\/green-gate.eu\/sl\/#website\",\"url\":\"https:\/\/green-gate.eu\/sl\/\",\"name\":\"GreenGate\",\"description\":\"Learn how to create healthier beauty routines and debunk common myths.\",\"publisher\":{\"@id\":\"https:\/\/green-gate.eu\/sl\/#organization\"},\"potentialAction\":[{\"@type\":\"SearchAction\",\"target\":{\"@type\":\"EntryPoint\",\"urlTemplate\":\"https:\/\/green-gate.eu\/sl\/?s={search_term_string}\"},\"query-input\":\"required name=search_term_string\"}],\"inLanguage\":\"sl-SI\"},{\"@type\":\"Organization\",\"@id\":\"https:\/\/green-gate.eu\/sl\/#organization\",\"name\":\"GreenGate\",\"url\":\"https:\/\/green-gate.eu\/sl\/\",\"logo\":{\"@type\":\"ImageObject\",\"inLanguage\":\"sl-SI\",\"@id\":\"https:\/\/green-gate.eu\/sl\/#\/schema\/logo\/image\/\",\"url\":\"https:\/\/green-gate.eu\/wp-content\/uploads\/2023\/04\/brand.png\",\"contentUrl\":\"https:\/\/green-gate.eu\/wp-content\/uploads\/2023\/04\/brand.png\",\"width\":263,\"height\":108,\"caption\":\"GreenGate\"},\"image\":{\"@id\":\"https:\/\/green-gate.eu\/sl\/#\/schema\/logo\/image\/\"}}]}<\/script>\n<!-- \/ Yoast SEO plugin. -->","yoast_head_json":{"title":"Kviz - uvod - GreenGate","robots":{"index":"index","follow":"follow","max-snippet":"max-snippet:-1","max-image-preview":"max-image-preview:large","max-video-preview":"max-video-preview:-1"},"canonical":"https:\/\/green-gate.eu\/sl\/kviz-uvod\/","og_locale":"sl_SI","og_type":"article","og_title":"Kviz - uvod - GreenGate","og_description":"Prilagodite GreenGate izku\u0161njo sebiKaj najbolje opisuje va\u0161o trenutno \u017eivljenjsko vlogo?Star\u0161, bodo\u010di star\u0161Vsak, ki ga zanima kozmetikaStrokovnjak, pedago\u0161ki delavec","og_url":"https:\/\/green-gate.eu\/sl\/kviz-uvod\/","og_site_name":"GreenGate","article_modified_time":"2025-05-28T17:35:57+00:00","twitter_card":"summary_large_image","twitter_misc":{"Est. reading time":"3 minute"},"schema":{"@context":"https:\/\/schema.org","@graph":[{"@type":"WebPage","@id":"https:\/\/green-gate.eu\/sl\/kviz-uvod\/","url":"https:\/\/green-gate.eu\/sl\/kviz-uvod\/","name":"Kviz - uvod - GreenGate","isPartOf":{"@id":"https:\/\/green-gate.eu\/sl\/#website"},"datePublished":"2023-04-13T00:11:37+00:00","dateModified":"2025-05-28T17:35:57+00:00","breadcrumb":{"@id":"https:\/\/green-gate.eu\/sl\/kviz-uvod\/#breadcrumb"},"inLanguage":"sl-SI","potentialAction":[{"@type":"ReadAction","target":["https:\/\/green-gate.eu\/sl\/kviz-uvod\/"]}]},{"@type":"BreadcrumbList","@id":"https:\/\/green-gate.eu\/sl\/kviz-uvod\/#breadcrumb","itemListElement":[{"@type":"ListItem","position":1,"name":"Home","item":"https:\/\/green-gate.eu\/sl\/"},{"@type":"ListItem","position":2,"name":"Kviz &#8211; uvod"}]},{"@type":"WebSite","@id":"https:\/\/green-gate.eu\/sl\/#website","url":"https:\/\/green-gate.eu\/sl\/","name":"GreenGate","description":"Learn how to create healthier beauty routines and debunk common myths.","publisher":{"@id":"https:\/\/green-gate.eu\/sl\/#organization"},"potentialAction":[{"@type":"SearchAction","target":{"@type":"EntryPoint","urlTemplate":"https:\/\/green-gate.eu\/sl\/?s={search_term_string}"},"query-input":"required name=search_term_string"}],"inLanguage":"sl-SI"},{"@type":"Organization","@id":"https:\/\/green-gate.eu\/sl\/#organization","name":"GreenGate","url":"https:\/\/green-gate.eu\/sl\/","logo":{"@type":"ImageObject","inLanguage":"sl-SI","@id":"https:\/\/green-gate.eu\/sl\/#\/schema\/logo\/image\/","url":"https:\/\/green-gate.eu\/wp-content\/uploads\/2023\/04\/brand.png","contentUrl":"https:\/\/green-gate.eu\/wp-content\/uploads\/2023\/04\/brand.png","width":263,"height":108,"caption":"GreenGate"},"image":{"@id":"https:\/\/green-gate.eu\/sl\/#\/schema\/logo\/image\/"}}]}},"jetpack_sharing_enabled":true,"_links":{"self":[{"href":"https:\/\/green-gate.eu\/sl\/wp-json\/wp\/v2\/pages\/13999"}],"collection":[{"href":"https:\/\/green-gate.eu\/sl\/wp-json\/wp\/v2\/pages"}],"about":[{"href":"https:\/\/green-gate.eu\/sl\/wp-json\/wp\/v2\/types\/page"}],"author":[{"embeddable":true,"href":"https:\/\/green-gate.eu\/sl\/wp-json\/wp\/v2\/users\/1"}],"replies":[{"embeddable":true,"href":"https:\/\/green-gate.eu\/sl\/wp-json\/wp\/v2\/comments?post=13999"}],"version-history":[{"count":78,"href":"https:\/\/green-gate.eu\/sl\/wp-json\/wp\/v2\/pages\/13999\/revisions"}],"predecessor-version":[{"id":22383,"href":"https:\/\/green-gate.eu\/sl\/wp-json\/wp\/v2\/pages\/13999\/revisions\/22383"}],"wp:attachment":[{"href":"https:\/\/green-gate.eu\/sl\/wp-json\/wp\/v2\/media?parent=13999"}],"curies":[{"name":"wp","href":"https:\/\/api.w.org\/{rel}","templated":true}]}}