{"id":13983,"date":"2023-05-02T23:12:13","date_gmt":"2023-05-02T21:12:13","guid":{"rendered":"https:\/\/green-gate.eu\/kviz-1-2-2\/"},"modified":"2024-03-17T19:11:02","modified_gmt":"2024-03-17T18:11:02","slug":"kviz-1-2-2","status":"publish","type":"page","link":"https:\/\/green-gate.eu\/sl\/kviz-uvod\/kviz-1-2-2\/","title":{"rendered":"Kviz-1-2-2"},"content":{"rendered":"<p>[et_pb_section fb_built=&#8221;1&#8243; _builder_version=&#8221;4.20.4&#8243; _module_preset=&#8221;7724dba6-47f0-446b-a58e-150eeb9e2b3b&#8221; saved_tabs=&#8221;all&#8221; global_colors_info=&#8221;{}&#8221;][et_pb_row _builder_version=&#8221;4.21.0&#8243; _module_preset=&#8221;ba7cb43d-9e4d-4adf-a3d5-50a8008c8cd7&#8243; global_colors_info=&#8221;{}&#8221;][et_pb_column type=&#8221;4_4&#8243; _builder_version=&#8221;4.20.2&#8243; _module_preset=&#8221;default&#8221; global_colors_info=&#8221;{}&#8221;][et_pb_icon font_icon=&#8221;&#x23;||divi||400&#8243; url=&#8221;@ET-DC@eyJkeW5hbWljIjp0cnVlLCJjb250ZW50IjoicG9zdF9saW5rX3VybF9wYWdlIiwic2V0dGluZ3MiOnsicG9zdF9pZCI6IjQ4OTUifX0=@&#8221; icon_width_tablet=&#8221;44px&#8221; icon_width_phone=&#8221;40px&#8221; icon_width_last_edited=&#8221;on|phone&#8221; admin_label=&#8221;Quiz Back Button&#8221; _builder_version=&#8221;4.21.0&#8243; _dynamic_attributes=&#8221;url&#8221; _module_preset=&#8221;a4c69888-8e44-4fe2-87d4-98ea2edf7f8e&#8221; hover_transition_duration=&#8221;0ms&#8221; global_module=&#8221;5199&#8243; locked=&#8221;off&#8221; global_colors_info=&#8221;{}&#8221;][\/et_pb_icon][et_pb_image src=&#8221;https:\/\/green-gate.eu\/wp-content\/uploads\/2023\/04\/progress-4.png&#8221; title_text=&#8221;napredek-4&#8243; _builder_version=&#8221;4.21.0&#8243; _module_preset=&#8221;f0e05d04-510d-4e1b-9a56-d365567ce918&#8243; global_colors_info=&#8221;{}&#8221;][\/et_pb_image][\/et_pb_column][\/et_pb_row][et_pb_row _builder_version=&#8221;4.21.0&#8243; _module_preset=&#8221;cdaa607f-873b-4c95-a319-b32d9738b971&#8243; global_colors_info=&#8221;{}&#8221;][et_pb_column type=&#8221;4_4&#8243; _builder_version=&#8221;4.20.4&#8243; _module_preset=&#8221;default&#8221; custom_css_main_element=&#8221;margin: auto;&#8221; global_colors_info=&#8221;{}&#8221; custom_css_main_element_last_edited=&#8221;on|phone&#8221; custom_css_main_element_tablet=&#8221;margin: auto;&#8221; custom_css_main_element_phone=&#8221;margin: auto;&#8221;][et_pb_text _builder_version=&#8221;4.21.0&#8243; _module_preset=&#8221;175de951-c70b-436f-913c-84a89d2ecabe&#8221; custom_margin_tablet=&#8221;&#8221; custom_margin_phone=&#8221;&#8221; custom_margin_last_edited=&#8221;on|desktop&#8221; custom_padding_tablet=&#8221;&#8221; custom_padding_phone=&#8221;&#8221; custom_padding_last_edited=&#8221;on|tablet&#8221; animation_style=&#8221;none&#8221; global_colors_info=&#8221;{}&#8221;]<\/p>\n<p style=\"text-align: center;\">Priporo\u010damo vam<\/p>\n<p>[\/et_pb_text][\/et_pb_column][\/et_pb_row][et_pb_row column_structure=&#8221;1_2,1_2&#8243; _builder_version=&#8221;4.23&#8243; _module_preset=&#8221;1e7a7456-f89a-443f-84cf-12e839d97bbc&#8221; locked=&#8221;off&#8221; global_colors_info=&#8221;{}&#8221;][et_pb_column type=&#8221;1_2&#8243; _builder_version=&#8221;4.23&#8243; _dynamic_attributes=&#8221;link_option_url&#8221; _module_preset=&#8221;fe8bae09-9439-4c69-af03-8a0bcf3c74ef&#8221; link_option_url=&#8221;@ET-DC@eyJkeW5hbWljIjp0cnVlLCJjb250ZW50IjoicG9zdF9saW5rX3VybF9wYWdlIiwic2V0dGluZ3MiOnsicG9zdF9pZCI6IjM0NDkifX0=@&#8221; link_option_url_new_window=&#8221;on&#8221; global_colors_info=&#8221;{}&#8221;][et_pb_text content_tablet=&#8221;<\/p>\n<h3>G-blog<\/h3>\n<p>&#8221; content_phone=&#8221;<\/p>\n<h3>G-blog<\/h3>\n<p>&#8221; content_last_edited=&#8221;on|desktop&#8221; _builder_version=&#8221;4.21.0&#8243; _module_preset=&#8221;dad139e9-8690-4446-ae57-2a6569e895bb&#8221; locked=&#8221;off&#8221; global_colors_info=&#8221;{}&#8221;]<\/p>\n<h3>G-blog<\/h3>\n<p>[\/et_pb_text][et_pb_text _builder_version=&#8221;4.21.0&#8243; _module_preset=&#8221;6c43ce95-abf9-4377-89f1-3bfbd13d38ab&#8221; locked=&#8221;off&#8221; global_colors_info=&#8221;{}&#8221;]Ve\u010d kot 75 \u010dlankov ter intervjujev s&nbsp;strokovnjaki[\/et_pb_text][et_pb_button button_url=&#8221;@ET-DC@eyJkeW5hbWljIjp0cnVlLCJjb250ZW50IjoicG9zdF9saW5rX3VybF9wYWdlIiwic2V0dGluZ3MiOnsicG9zdF9pZCI6IjM0NDkifX0=@&#8221; button_text=&#8221;Preberite&#8221; _builder_version=&#8221;4.23&#8243; _dynamic_attributes=&#8221;button_url&#8221; _module_preset=&#8221;6acd516b-9519-4d5e-b3ea-a9ecad82907b&#8221; locked=&#8221;off&#8221; global_colors_info=&#8221;{}&#8221;][\/et_pb_button][\/et_pb_column][et_pb_column type=&#8221;1_2&#8243; _builder_version=&#8221;4.21.0&#8243; _module_preset=&#8221;fe8bae09-9439-4c69-af03-8a0bcf3c74ef&#8221; link_option_url=&#8221;https:\/\/green-gate.eu\/online-courses\/eng\/how-to-choose-and-use-detergents-and-cleaners.html&#8221; link_option_url_new_window=&#8221;on&#8221; global_colors_info=&#8221;{}&#8221;][et_pb_text _builder_version=&#8221;4.21.0&#8243; _module_preset=&#8221;ae24f1ed-151e-4bb7-80d6-5bbfad8e5c4e&#8221; locked=&#8221;off&#8221; global_colors_info=&#8221;{}&#8221;]<\/p>\n<h4>Spletni te\u010daj<\/h4>\n<p>[\/et_pb_text][et_pb_blurb title=&#8221;Poglavje 8&#8243; image=&#8221;https:\/\/green-gate.eu\/wp-content\/uploads\/2023\/05\/Chapter-3-illustration.png&#8221; _builder_version=&#8221;4.21.0&#8243; _module_preset=&#8221;9e81159b-5786-4d22-8c08-874307312820&#8243; locked=&#8221;off&#8221; global_colors_info=&#8221;{}&#8221;]<\/p>\n<p>Kako izbrati in&nbsp;uporabljati detergente in&nbsp;\u010distila<\/p>\n<p>[\/et_pb_blurb][\/et_pb_column][\/et_pb_row][\/et_pb_section]<\/p>\n","protected":false},"excerpt":{"rendered":"<p>Priporo\u010damo vamG-blogVe\u010d kot 75 \u010dlankov ter intervjujev s&nbsp;strokovnjakiSpletni te\u010dajKako izbrati in&nbsp;uporabljati detergente in&nbsp;\u010distila<\/p>\n","protected":false},"author":1,"featured_media":0,"parent":13999,"menu_order":0,"comment_status":"closed","ping_status":"closed","template":"","meta":{"_et_pb_use_builder":"on","_et_pb_old_content":"","_et_gb_content_width":"","_monsterinsights_skip_tracking":false,"_monsterinsights_sitenote_active":false,"_monsterinsights_sitenote_note":"","_monsterinsights_sitenote_category":0,"footnotes":""},"yoast_head":"<!-- This site is optimized with the Yoast SEO plugin v23.2 - https:\/\/yoast.com\/wordpress\/plugins\/seo\/ -->\n<title>Kviz-1-2-2 - GreenGate<\/title>\n<meta name=\"robots\" content=\"index, follow, max-snippet:-1, max-image-preview:large, max-video-preview:-1\" \/>\n<link rel=\"canonical\" href=\"https:\/\/green-gate.eu\/sl\/kviz-uvod\/kviz-1-2-2\/\" \/>\n<meta property=\"og:locale\" content=\"sl_SI\" \/>\n<meta property=\"og:type\" content=\"article\" \/>\n<meta property=\"og:title\" content=\"Kviz-1-2-2 - GreenGate\" \/>\n<meta property=\"og:description\" content=\"Priporo\u010damo vamG-blogVe\u010d kot 75 \u010dlankov ter intervjujev s strokovnjakiSpletni te\u010dajKako izbrati in uporabljati detergente in \u010distila\" \/>\n<meta property=\"og:url\" content=\"https:\/\/green-gate.eu\/sl\/kviz-uvod\/kviz-1-2-2\/\" \/>\n<meta property=\"og:site_name\" content=\"GreenGate\" \/>\n<meta property=\"article:modified_time\" content=\"2024-03-17T18:11:02+00:00\" \/>\n<meta name=\"twitter:card\" content=\"summary_large_image\" \/>\n<meta name=\"twitter:label1\" content=\"Est. reading time\" \/>\n\t<meta name=\"twitter:data1\" content=\"3 minute\" \/>\n<script type=\"application\/ld+json\" class=\"yoast-schema-graph\">{\"@context\":\"https:\/\/schema.org\",\"@graph\":[{\"@type\":\"WebPage\",\"@id\":\"https:\/\/green-gate.eu\/sl\/kviz-uvod\/kviz-1-2-2\/\",\"url\":\"https:\/\/green-gate.eu\/sl\/kviz-uvod\/kviz-1-2-2\/\",\"name\":\"Kviz-1-2-2 - GreenGate\",\"isPartOf\":{\"@id\":\"https:\/\/green-gate.eu\/sl\/#website\"},\"datePublished\":\"2023-05-02T21:12:13+00:00\",\"dateModified\":\"2024-03-17T18:11:02+00:00\",\"breadcrumb\":{\"@id\":\"https:\/\/green-gate.eu\/sl\/kviz-uvod\/kviz-1-2-2\/#breadcrumb\"},\"inLanguage\":\"sl-SI\",\"potentialAction\":[{\"@type\":\"ReadAction\",\"target\":[\"https:\/\/green-gate.eu\/sl\/kviz-uvod\/kviz-1-2-2\/\"]}]},{\"@type\":\"BreadcrumbList\",\"@id\":\"https:\/\/green-gate.eu\/sl\/kviz-uvod\/kviz-1-2-2\/#breadcrumb\",\"itemListElement\":[{\"@type\":\"ListItem\",\"position\":1,\"name\":\"Home\",\"item\":\"https:\/\/green-gate.eu\/sl\/\"},{\"@type\":\"ListItem\",\"position\":2,\"name\":\"Kviz &#8211; uvod\",\"item\":\"https:\/\/green-gate.eu\/sl\/kviz-uvod\/\"},{\"@type\":\"ListItem\",\"position\":3,\"name\":\"Kviz-1-2-2\"}]},{\"@type\":\"WebSite\",\"@id\":\"https:\/\/green-gate.eu\/sl\/#website\",\"url\":\"https:\/\/green-gate.eu\/sl\/\",\"name\":\"GreenGate\",\"description\":\"Learn how to create healthier beauty routines and debunk common myths.\",\"publisher\":{\"@id\":\"https:\/\/green-gate.eu\/sl\/#organization\"},\"potentialAction\":[{\"@type\":\"SearchAction\",\"target\":{\"@type\":\"EntryPoint\",\"urlTemplate\":\"https:\/\/green-gate.eu\/sl\/?s={search_term_string}\"},\"query-input\":\"required name=search_term_string\"}],\"inLanguage\":\"sl-SI\"},{\"@type\":\"Organization\",\"@id\":\"https:\/\/green-gate.eu\/sl\/#organization\",\"name\":\"GreenGate\",\"url\":\"https:\/\/green-gate.eu\/sl\/\",\"logo\":{\"@type\":\"ImageObject\",\"inLanguage\":\"sl-SI\",\"@id\":\"https:\/\/green-gate.eu\/sl\/#\/schema\/logo\/image\/\",\"url\":\"https:\/\/green-gate.eu\/wp-content\/uploads\/2023\/04\/brand.png\",\"contentUrl\":\"https:\/\/green-gate.eu\/wp-content\/uploads\/2023\/04\/brand.png\",\"width\":263,\"height\":108,\"caption\":\"GreenGate\"},\"image\":{\"@id\":\"https:\/\/green-gate.eu\/sl\/#\/schema\/logo\/image\/\"}}]}<\/script>\n<!-- \/ Yoast SEO plugin. -->","yoast_head_json":{"title":"Kviz-1-2-2 - GreenGate","robots":{"index":"index","follow":"follow","max-snippet":"max-snippet:-1","max-image-preview":"max-image-preview:large","max-video-preview":"max-video-preview:-1"},"canonical":"https:\/\/green-gate.eu\/sl\/kviz-uvod\/kviz-1-2-2\/","og_locale":"sl_SI","og_type":"article","og_title":"Kviz-1-2-2 - GreenGate","og_description":"Priporo\u010damo vamG-blogVe\u010d kot 75 \u010dlankov ter intervjujev s strokovnjakiSpletni te\u010dajKako izbrati in uporabljati detergente in \u010distila","og_url":"https:\/\/green-gate.eu\/sl\/kviz-uvod\/kviz-1-2-2\/","og_site_name":"GreenGate","article_modified_time":"2024-03-17T18:11:02+00:00","twitter_card":"summary_large_image","twitter_misc":{"Est. reading time":"3 minute"},"schema":{"@context":"https:\/\/schema.org","@graph":[{"@type":"WebPage","@id":"https:\/\/green-gate.eu\/sl\/kviz-uvod\/kviz-1-2-2\/","url":"https:\/\/green-gate.eu\/sl\/kviz-uvod\/kviz-1-2-2\/","name":"Kviz-1-2-2 - GreenGate","isPartOf":{"@id":"https:\/\/green-gate.eu\/sl\/#website"},"datePublished":"2023-05-02T21:12:13+00:00","dateModified":"2024-03-17T18:11:02+00:00","breadcrumb":{"@id":"https:\/\/green-gate.eu\/sl\/kviz-uvod\/kviz-1-2-2\/#breadcrumb"},"inLanguage":"sl-SI","potentialAction":[{"@type":"ReadAction","target":["https:\/\/green-gate.eu\/sl\/kviz-uvod\/kviz-1-2-2\/"]}]},{"@type":"BreadcrumbList","@id":"https:\/\/green-gate.eu\/sl\/kviz-uvod\/kviz-1-2-2\/#breadcrumb","itemListElement":[{"@type":"ListItem","position":1,"name":"Home","item":"https:\/\/green-gate.eu\/sl\/"},{"@type":"ListItem","position":2,"name":"Kviz &#8211; uvod","item":"https:\/\/green-gate.eu\/sl\/kviz-uvod\/"},{"@type":"ListItem","position":3,"name":"Kviz-1-2-2"}]},{"@type":"WebSite","@id":"https:\/\/green-gate.eu\/sl\/#website","url":"https:\/\/green-gate.eu\/sl\/","name":"GreenGate","description":"Learn how to create healthier beauty routines and debunk common myths.","publisher":{"@id":"https:\/\/green-gate.eu\/sl\/#organization"},"potentialAction":[{"@type":"SearchAction","target":{"@type":"EntryPoint","urlTemplate":"https:\/\/green-gate.eu\/sl\/?s={search_term_string}"},"query-input":"required name=search_term_string"}],"inLanguage":"sl-SI"},{"@type":"Organization","@id":"https:\/\/green-gate.eu\/sl\/#organization","name":"GreenGate","url":"https:\/\/green-gate.eu\/sl\/","logo":{"@type":"ImageObject","inLanguage":"sl-SI","@id":"https:\/\/green-gate.eu\/sl\/#\/schema\/logo\/image\/","url":"https:\/\/green-gate.eu\/wp-content\/uploads\/2023\/04\/brand.png","contentUrl":"https:\/\/green-gate.eu\/wp-content\/uploads\/2023\/04\/brand.png","width":263,"height":108,"caption":"GreenGate"},"image":{"@id":"https:\/\/green-gate.eu\/sl\/#\/schema\/logo\/image\/"}}]}},"jetpack_sharing_enabled":true,"_links":{"self":[{"href":"https:\/\/green-gate.eu\/sl\/wp-json\/wp\/v2\/pages\/13983"}],"collection":[{"href":"https:\/\/green-gate.eu\/sl\/wp-json\/wp\/v2\/pages"}],"about":[{"href":"https:\/\/green-gate.eu\/sl\/wp-json\/wp\/v2\/types\/page"}],"author":[{"embeddable":true,"href":"https:\/\/green-gate.eu\/sl\/wp-json\/wp\/v2\/users\/1"}],"replies":[{"embeddable":true,"href":"https:\/\/green-gate.eu\/sl\/wp-json\/wp\/v2\/comments?post=13983"}],"version-history":[{"count":23,"href":"https:\/\/green-gate.eu\/sl\/wp-json\/wp\/v2\/pages\/13983\/revisions"}],"predecessor-version":[{"id":19805,"href":"https:\/\/green-gate.eu\/sl\/wp-json\/wp\/v2\/pages\/13983\/revisions\/19805"}],"up":[{"embeddable":true,"href":"https:\/\/green-gate.eu\/sl\/wp-json\/wp\/v2\/pages\/13999"}],"wp:attachment":[{"href":"https:\/\/green-gate.eu\/sl\/wp-json\/wp\/v2\/media?parent=13983"}],"curies":[{"name":"wp","href":"https:\/\/api.w.org\/{rel}","templated":true}]}}