{"id":13900,"date":"2023-04-29T09:13:38","date_gmt":"2023-04-29T07:13:38","guid":{"rendered":"https:\/\/green-gate.eu\/piskotki\/"},"modified":"2023-10-30T01:02:37","modified_gmt":"2023-10-30T00:02:37","slug":"piskotki","status":"publish","type":"page","link":"https:\/\/green-gate.eu\/sl\/piskotki\/","title":{"rendered":"Pi\u0161kotki"},"content":{"rendered":"<p>[et_pb_section fb_built=&#8221;1&#8243; _builder_version=&#8221;4.21.0&#8243; _module_preset=&#8221;14e305e4-ab41-40ea-aebe-d74a9fedeebd&#8221; global_colors_info=&#8221;{}&#8221;][et_pb_row _builder_version=&#8221;4.21.0&#8243; _module_preset=&#8221;2a4d44be-60db-4bc2-b91a-901c0251e68c&#8221; global_colors_info=&#8221;{}&#8221;][et_pb_column type=&#8221;4_4&#8243; _builder_version=&#8221;4.21.0&#8243; _module_preset=&#8221;default&#8221; global_colors_info=&#8221;{}&#8221;][et_pb_text _builder_version=&#8221;4.21.0&#8243; _module_preset=&#8221;c9826d58-1a4e-4f9d-b75b-1a50233074a3&#8243; global_colors_info=&#8221;{}&#8221;]<\/p>\n<p>Pi\u0161kotki<\/p>\n<p>[\/et_pb_text][\/et_pb_column][\/et_pb_row][et_pb_row _builder_version=&#8221;4.21.0&#8243; _module_preset=&#8221;00b9a908-9d8a-4f83-8552-e1abcb372e40&#8243; global_colors_info=&#8221;{}&#8221;][et_pb_column type=&#8221;4_4&#8243; _builder_version=&#8221;4.21.0&#8243; _module_preset=&#8221;default&#8221; global_colors_info=&#8221;{}&#8221;][et_pb_text _builder_version=&#8221;4.21.0&#8243; _module_preset=&#8221;1f1ac656-3431-472b-b627-10123e56f24a&#8221; global_colors_info=&#8221;{}&#8221;]<\/p>\n<h3>1. Kaj so pi\u0161kotki?<\/h3>\n<p>Pi\u0161kotek je izraz za majhen paket podatkov, ki ga spletni stre\u017enik po\u0161lje spletnemu brskalniku in&nbsp;se shrani v&nbsp;uporabnikovem ra\u010dunalniku. Ko uporabnik ponovno obi\u0161\u010de isti stre\u017enik, brskalnik po\u0161lje podatke nazaj v&nbsp;stre\u017enik. Pi\u0161kotki prepoznajo posamezne uporabnike, spremljajo prilagoditve uporabnika in&nbsp;olaj\u0161ajo uporabo spleta.<\/p>\n<p>Pi\u0161kotki so orodja, ki dolo\u010denemu uporabniku zagotavljajo spletno funkcionalnost. Predhodno obiskano spletno mesto lahko s&nbsp;pi\u0161kotki shrani informacije o&nbsp;uporabnikovi dejavnosti brskanja ali dejavnosti v&nbsp;spletnem ban\u010dni\u0161tvu in&nbsp;tako postopoma odkrije interese dolo\u010denih uporabnikov. Pi\u0161kotki ne morejo biti uporabljeni za sledenje identitete uporabnika s&nbsp;strani tretje osebe.<\/p>\n<p>Informacije pi\u0161kotkov se lahko uporabijo za ciljno usmerjeno ogla\u0161evanje, statisti\u010dno vrednotenje vedenja obiskovalcev itd.<\/p>\n<h3>2. Informacije o&nbsp;upravljavcu podatkov<\/h3>\n<p>Organizacija GreenScan, registrirana pri Mestnem sodi\u0161\u010du v&nbsp;Pragi, oddelek O, spis 119 (&#8220;upravljavec&#8221;), kontaktni podatki: info@greenscan.cz, kot upravljavec tega spletnega mesta uporablja pi\u0161kotke na tem spletnem mestu za:<\/p>\n<ul>\n<li>sledenje prometa na spletnem mestu<\/li>\n<li>ustvarjanje statisti\u010dnih podatkov o&nbsp;obiskovalcih, ki vklju\u010dujejo promet in&nbsp;vedenje obiskovalcev na spletnih mestih.<\/li>\n<li>delovanje spletnih strani<\/li>\n<\/ul>\n<h3>3. Pravna podlaga za obdelavo<\/h3>\n<p>Zbiranje pi\u0161kotkov za namene iz prej\u0161njega odstavka se lahko \u0161teje za obdelavo osebnih podatkov v&nbsp;skladu z&nbsp;Uredbo (EU) \u0161t. 2016\/679 Evropskega parlamenta in&nbsp;Sveta o&nbsp;varstvu posameznikov pri obdelavi osebnih podatkov in&nbsp;o&nbsp;prostem pretoku takih podatkov ter o&nbsp;razveljavitvi Direktive 95\/46\/ES (Splo\u0161na uredba o&nbsp;varstvu podatkov) (v&nbsp;nadaljnjem besedilu: Uredba).<\/p>\n<p>Tak\u0161na obdelava je mogo\u010da na podlagi naslednjih razlogov:<\/p>\n<ul>\n<li>za nujne tehni\u010dne pi\u0161kotke, legitimni interes upravljavca pri upravljanju spletnega mesta,<\/li>\n<li>pri prednostnih, statisti\u010dnih in&nbsp;tr\u017enih pi\u0161kotkih je razlog za obdelavo va\u0161e soglasje. Sogla\u0161ate za obdobje, ki je navedeno spodaj za vsako vrsto pi\u0161kotka. Svoje soglasje za zbiranje podatkov o&nbsp;pi\u0161kotkih v&nbsp;te namene lahko kadar koli prekli\u010dete.<\/li>\n<\/ul>\n<h3>4. Nameni obdelave<\/h3>\n<p>Glede na trajnost obstajata dve vrsti pi\u0161kotkov:<\/p>\n<ul>\n<li>Kratkotrajni pi\u0161kotki (sejni pi\u0161kotki) ostanejo v&nbsp;va\u0161em brskalniku, dokler ga ne zaprete, nato pa se izbri\u0161ejo.<\/li>\n<li>Dolgoro\u010dni (trajni pi\u0161kotki) ostanejo shranjeni v&nbsp;brskalniku dlje \u010dasa (odvisno od nastavitev brskalnika in&nbsp;pi\u0161kotkov), ali dokler jih ro\u010dno ne izbri\u0161ete.<\/li>\n<\/ul>\n<p>Obstajata dve vrsti pi\u0161kotkov glede na to, kdo jih ustvarja in&nbsp;obdeluje:<\/p>\n<ul>\n<li>Pi\u0161kotke prve osebe ustvari spletno mesto, ki ga obi\u0161\u010dete. Najpogosteje se uporablja za zagotavljanje osnovne funkcionalnosti spletnega mesta.<\/li>\n<li>Pi\u0161kotke tretjih oseb ustvarijo druga spletna mesta. Ta spletna mesta so lastniki nekaterih vsebin, kot so oglasi ali slike na obiskani strani. Obi\u010dajno so to pi\u0161kotki ogla\u0161evalskih sistemov, gradniki dru\u017eabnih omre\u017eij ali vdelani videoposnetki.<\/li>\n<\/ul>\n<p>Na tem spletnem mestu uporabljamo naslednje pi\u0161kotke:<\/p>\n<h5>Nujni tehni\u010dni pi\u0161kotki (prve stranke, kratkoro\u010dni)<\/h5>\n<p>Nujni pi\u0161kotki omogo\u010dajo uporabo spletnega mesta, saj omogo\u010dajo osnovne funkcije, kot sta navigacija po strani in&nbsp;dostop do za\u0161\u010ditenih delov spletnega mesta. Brez teh pi\u0161kotkov spletno mesto ne more pravilno delovati.<\/p>\n<h5>Pi\u0161kotki za nastavitve (prve stranke, dolgoro\u010dni)prednostih<\/h5>\n<p>Pi\u0161kotki za nastavitve omogo\u010dajo, da si spletno mesto zapomni informacije, ki spreminjajo na\u010din obna\u0161anja ali videz spletnega mesta. To je npr. va\u0161 najljub\u0161i jezik.<\/p>\n<h5>Statisti\u010dni pi\u0161kotki &#8211; Google Analytics (prve stranke, dolgoro\u010dno)<\/h5>\n<p>Statisti\u010dni pi\u0161kotki pomagajo lastnikom spletnega mesta razumeti, kako obiskovalci uporabljajo spletno mesto. Informacije zbirajo in&nbsp;delijo anonimno.<\/p>\n<p>Pi\u0161kotkov nikoli ne uporabljamo za va\u0161o identifikacijo. V&nbsp;njih nikoli ne shranjujemo ob\u010dutljivih ali osebnih podatkov.<\/p>\n<h3>5. Obdelava pi\u0161kotkov<\/h3>\n<p>Drugi obdelovalci obdelujejo zbrane pi\u0161kotke:<\/p>\n<ul>\n<li>Google Analytics, ki ga upravlja Google Inc., 1600 Amphitheatre Parkway, Mountain View, CA 94043, ZDA.<\/li>\n<li>ponudnik spletnih re\u0161itev, ki ga vodi dru\u017eba Automattic, Inc. &#8211; WordPress.com s&nbsp;sede\u017eem v&nbsp;San Franciscu, Kalifornija, ZDA<\/li>\n<\/ul>\n<p>Zgoraj omenjene platforme (obdelovalci) nadalje obdelujejo pi\u0161kotke v&nbsp;skladu s&nbsp;svojimi pogoji, ki so na voljo tukaj:<\/p>\n<ul>\n<li><a href=\"https:\/\/policies.google.com\/technologies\/cookies\">https:\/\/policies.google.com\/technologies\/cookies<\/a><a href=\"https:\/\/policies.google.com\/privacy\/update\"><\/a><\/li>\n<li><a href=\"https:\/\/policies.google.com\/privacy\/update\">https:\/\/policies.google.com\/privacy\/update<\/a><\/li>\n<\/ul>\n<h3>6. Va\u0161e pravice<\/h3>\n<p>Upo\u0161tevajte, da imate v&nbsp;skladu z&nbsp;Uredbo pravico:<\/p>\n<ul>\n<li>od upravljavca zahtevati podatek, kateri osebni podatki se obdelujejo o&nbsp;vas, ali zahtevate kopijo podatkov,<\/li>\n<li>od upravljavca zahtevati dostop do teh podatkov in&nbsp;jih posodobiti ali popraviti ali omejiti obdelavo,<\/li>\n<li>pridobiti osebne podatke v&nbsp;strukturirani, splo\u0161no uporabljani in&nbsp;strojno berljivi obliki, kadar obdelava temelji na privolitvi ali pogodbi,<\/li>\n<li>pravico, da kadar koli prekli\u010dete soglasje (kadar obdelava temelji na soglasju), na primer tako, da po\u0161ljete elektronsko sporo\u010dilo ali pismo na kontaktne podatke upravljavca,<\/li>\n<li>od upravljavca zahtevati izbris teh osebnih podatkov &#8211; izbris bo izveden, razen \u010de je izbris v&nbsp;nasprotju z&nbsp;veljavno zakonodajo in&nbsp;zakonitimi interesi upravljavca,<\/li>\n<li>v primeru osebne obdelave podatkov na podlagi soglasja zahtevati prenos takih podatkov,<\/li>\n<li>obrniti se na upravljavca, Urad za varstvo osebnih podatkov ali sodi\u0161\u010de, v&nbsp;primeru dvoma o&nbsp;izpolnjevanju obveznosti v&nbsp;zvezi z&nbsp;obdelavo osebnih podatkov.<\/li>\n<\/ul>\n<h3>7. Kako dodatno nastaviti uporabo pi\u0161kotkov<\/h3>\n<p>Uporabo pi\u0161kotkov lahko nastavite v&nbsp;svojem spletnem brskalniku. Ve\u010dina brskalnikov privzeto samodejno sprejme pi\u0161kotke. Pi\u0161kotke lahko zavrnete ali nastavite spletni brskalnik tako, da uporablja samo dolo\u010dene pi\u0161kotke.<\/p>\n<p>[\/et_pb_text][\/et_pb_column][\/et_pb_row][\/et_pb_section]<\/p>\n","protected":false},"excerpt":{"rendered":"<p>Pi\u0161kotki1. Kaj so pi\u0161kotki? Pi\u0161kotek je izraz za majhen paket podatkov, ki ga spletni stre\u017enik po\u0161lje spletnemu brskalniku in&nbsp;se shrani v&nbsp;uporabnikovem ra\u010dunalniku. Ko uporabnik ponovno obi\u0161\u010de isti stre\u017enik, brskalnik po\u0161lje podatke nazaj v&nbsp;stre\u017enik. Pi\u0161kotki prepoznajo posamezne uporabnike, spremljajo prilagoditve uporabnika in&nbsp;olaj\u0161ajo uporabo spleta. Pi\u0161kotki so orodja, ki dolo\u010denemu uporabniku zagotavljajo spletno [&hellip;]<\/p>\n","protected":false},"author":1,"featured_media":0,"parent":0,"menu_order":0,"comment_status":"closed","ping_status":"closed","template":"","meta":{"_et_pb_use_builder":"on","_et_pb_old_content":"","_et_gb_content_width":"","_monsterinsights_skip_tracking":false,"_monsterinsights_sitenote_active":false,"_monsterinsights_sitenote_note":"","_monsterinsights_sitenote_category":0,"footnotes":""},"yoast_head":"<!-- This site is optimized with the Yoast SEO plugin v23.2 - https:\/\/yoast.com\/wordpress\/plugins\/seo\/ -->\n<title>Pi\u0161kotki - GreenGate<\/title>\n<meta name=\"robots\" content=\"index, follow, max-snippet:-1, max-image-preview:large, max-video-preview:-1\" \/>\n<link rel=\"canonical\" href=\"https:\/\/green-gate.eu\/sl\/piskotki\/\" \/>\n<meta property=\"og:locale\" content=\"sl_SI\" \/>\n<meta property=\"og:type\" content=\"article\" \/>\n<meta property=\"og:title\" content=\"Pi\u0161kotki - GreenGate\" \/>\n<meta property=\"og:description\" content=\"Pi\u0161kotki1. Kaj so pi\u0161kotki? Pi\u0161kotek je izraz za majhen paket podatkov, ki ga spletni stre\u017enik po\u0161lje spletnemu brskalniku in se shrani v uporabnikovem ra\u010dunalniku. Ko uporabnik ponovno obi\u0161\u010de isti stre\u017enik, brskalnik po\u0161lje podatke nazaj v stre\u017enik. Pi\u0161kotki prepoznajo posamezne uporabnike, spremljajo prilagoditve uporabnika in olaj\u0161ajo uporabo spleta. Pi\u0161kotki so orodja, ki dolo\u010denemu uporabniku zagotavljajo spletno [&hellip;]\" \/>\n<meta property=\"og:url\" content=\"https:\/\/green-gate.eu\/sl\/piskotki\/\" \/>\n<meta property=\"og:site_name\" content=\"GreenGate\" \/>\n<meta property=\"article:modified_time\" content=\"2023-10-30T00:02:37+00:00\" \/>\n<meta name=\"twitter:card\" content=\"summary_large_image\" \/>\n<meta name=\"twitter:label1\" content=\"Est. reading time\" \/>\n\t<meta name=\"twitter:data1\" content=\"5 minut\" \/>\n<script type=\"application\/ld+json\" class=\"yoast-schema-graph\">{\"@context\":\"https:\/\/schema.org\",\"@graph\":[{\"@type\":\"WebPage\",\"@id\":\"https:\/\/green-gate.eu\/sl\/piskotki\/\",\"url\":\"https:\/\/green-gate.eu\/sl\/piskotki\/\",\"name\":\"Pi\u0161kotki - GreenGate\",\"isPartOf\":{\"@id\":\"https:\/\/green-gate.eu\/sl\/#website\"},\"datePublished\":\"2023-04-29T07:13:38+00:00\",\"dateModified\":\"2023-10-30T00:02:37+00:00\",\"breadcrumb\":{\"@id\":\"https:\/\/green-gate.eu\/sl\/piskotki\/#breadcrumb\"},\"inLanguage\":\"sl-SI\",\"potentialAction\":[{\"@type\":\"ReadAction\",\"target\":[\"https:\/\/green-gate.eu\/sl\/piskotki\/\"]}]},{\"@type\":\"BreadcrumbList\",\"@id\":\"https:\/\/green-gate.eu\/sl\/piskotki\/#breadcrumb\",\"itemListElement\":[{\"@type\":\"ListItem\",\"position\":1,\"name\":\"Home\",\"item\":\"https:\/\/green-gate.eu\/sl\/\"},{\"@type\":\"ListItem\",\"position\":2,\"name\":\"Pi\u0161kotki\"}]},{\"@type\":\"WebSite\",\"@id\":\"https:\/\/green-gate.eu\/sl\/#website\",\"url\":\"https:\/\/green-gate.eu\/sl\/\",\"name\":\"GreenGate\",\"description\":\"Learn how to create healthier beauty routines and debunk common myths.\",\"publisher\":{\"@id\":\"https:\/\/green-gate.eu\/sl\/#organization\"},\"potentialAction\":[{\"@type\":\"SearchAction\",\"target\":{\"@type\":\"EntryPoint\",\"urlTemplate\":\"https:\/\/green-gate.eu\/sl\/?s={search_term_string}\"},\"query-input\":\"required name=search_term_string\"}],\"inLanguage\":\"sl-SI\"},{\"@type\":\"Organization\",\"@id\":\"https:\/\/green-gate.eu\/sl\/#organization\",\"name\":\"GreenGate\",\"url\":\"https:\/\/green-gate.eu\/sl\/\",\"logo\":{\"@type\":\"ImageObject\",\"inLanguage\":\"sl-SI\",\"@id\":\"https:\/\/green-gate.eu\/sl\/#\/schema\/logo\/image\/\",\"url\":\"https:\/\/green-gate.eu\/wp-content\/uploads\/2023\/04\/brand.png\",\"contentUrl\":\"https:\/\/green-gate.eu\/wp-content\/uploads\/2023\/04\/brand.png\",\"width\":263,\"height\":108,\"caption\":\"GreenGate\"},\"image\":{\"@id\":\"https:\/\/green-gate.eu\/sl\/#\/schema\/logo\/image\/\"}}]}<\/script>\n<!-- \/ Yoast SEO plugin. -->","yoast_head_json":{"title":"Pi\u0161kotki - GreenGate","robots":{"index":"index","follow":"follow","max-snippet":"max-snippet:-1","max-image-preview":"max-image-preview:large","max-video-preview":"max-video-preview:-1"},"canonical":"https:\/\/green-gate.eu\/sl\/piskotki\/","og_locale":"sl_SI","og_type":"article","og_title":"Pi\u0161kotki - GreenGate","og_description":"Pi\u0161kotki1. Kaj so pi\u0161kotki? Pi\u0161kotek je izraz za majhen paket podatkov, ki ga spletni stre\u017enik po\u0161lje spletnemu brskalniku in se shrani v uporabnikovem ra\u010dunalniku. Ko uporabnik ponovno obi\u0161\u010de isti stre\u017enik, brskalnik po\u0161lje podatke nazaj v stre\u017enik. Pi\u0161kotki prepoznajo posamezne uporabnike, spremljajo prilagoditve uporabnika in olaj\u0161ajo uporabo spleta. Pi\u0161kotki so orodja, ki dolo\u010denemu uporabniku zagotavljajo spletno [&hellip;]","og_url":"https:\/\/green-gate.eu\/sl\/piskotki\/","og_site_name":"GreenGate","article_modified_time":"2023-10-30T00:02:37+00:00","twitter_card":"summary_large_image","twitter_misc":{"Est. reading time":"5 minut"},"schema":{"@context":"https:\/\/schema.org","@graph":[{"@type":"WebPage","@id":"https:\/\/green-gate.eu\/sl\/piskotki\/","url":"https:\/\/green-gate.eu\/sl\/piskotki\/","name":"Pi\u0161kotki - GreenGate","isPartOf":{"@id":"https:\/\/green-gate.eu\/sl\/#website"},"datePublished":"2023-04-29T07:13:38+00:00","dateModified":"2023-10-30T00:02:37+00:00","breadcrumb":{"@id":"https:\/\/green-gate.eu\/sl\/piskotki\/#breadcrumb"},"inLanguage":"sl-SI","potentialAction":[{"@type":"ReadAction","target":["https:\/\/green-gate.eu\/sl\/piskotki\/"]}]},{"@type":"BreadcrumbList","@id":"https:\/\/green-gate.eu\/sl\/piskotki\/#breadcrumb","itemListElement":[{"@type":"ListItem","position":1,"name":"Home","item":"https:\/\/green-gate.eu\/sl\/"},{"@type":"ListItem","position":2,"name":"Pi\u0161kotki"}]},{"@type":"WebSite","@id":"https:\/\/green-gate.eu\/sl\/#website","url":"https:\/\/green-gate.eu\/sl\/","name":"GreenGate","description":"Learn how to create healthier beauty routines and debunk common myths.","publisher":{"@id":"https:\/\/green-gate.eu\/sl\/#organization"},"potentialAction":[{"@type":"SearchAction","target":{"@type":"EntryPoint","urlTemplate":"https:\/\/green-gate.eu\/sl\/?s={search_term_string}"},"query-input":"required name=search_term_string"}],"inLanguage":"sl-SI"},{"@type":"Organization","@id":"https:\/\/green-gate.eu\/sl\/#organization","name":"GreenGate","url":"https:\/\/green-gate.eu\/sl\/","logo":{"@type":"ImageObject","inLanguage":"sl-SI","@id":"https:\/\/green-gate.eu\/sl\/#\/schema\/logo\/image\/","url":"https:\/\/green-gate.eu\/wp-content\/uploads\/2023\/04\/brand.png","contentUrl":"https:\/\/green-gate.eu\/wp-content\/uploads\/2023\/04\/brand.png","width":263,"height":108,"caption":"GreenGate"},"image":{"@id":"https:\/\/green-gate.eu\/sl\/#\/schema\/logo\/image\/"}}]}},"jetpack_sharing_enabled":true,"_links":{"self":[{"href":"https:\/\/green-gate.eu\/sl\/wp-json\/wp\/v2\/pages\/13900"}],"collection":[{"href":"https:\/\/green-gate.eu\/sl\/wp-json\/wp\/v2\/pages"}],"about":[{"href":"https:\/\/green-gate.eu\/sl\/wp-json\/wp\/v2\/types\/page"}],"author":[{"embeddable":true,"href":"https:\/\/green-gate.eu\/sl\/wp-json\/wp\/v2\/users\/1"}],"replies":[{"embeddable":true,"href":"https:\/\/green-gate.eu\/sl\/wp-json\/wp\/v2\/comments?post=13900"}],"version-history":[{"count":18,"href":"https:\/\/green-gate.eu\/sl\/wp-json\/wp\/v2\/pages\/13900\/revisions"}],"predecessor-version":[{"id":15129,"href":"https:\/\/green-gate.eu\/sl\/wp-json\/wp\/v2\/pages\/13900\/revisions\/15129"}],"wp:attachment":[{"href":"https:\/\/green-gate.eu\/sl\/wp-json\/wp\/v2\/media?parent=13900"}],"curies":[{"name":"wp","href":"https:\/\/api.w.org\/{rel}","templated":true}]}}