{"id":4333,"date":"2023-04-13T11:59:24","date_gmt":"2023-04-13T09:59:24","guid":{"rendered":"https:\/\/green-gate.eu\/zdroje\/"},"modified":"2023-10-30T13:06:07","modified_gmt":"2023-10-30T12:06:07","slug":"zdroje","status":"publish","type":"page","link":"https:\/\/green-gate.eu\/sk\/zdroje\/","title":{"rendered":"Odkazy"},"content":{"rendered":"<p>[et_pb_section fb_built=&#8220;1&#8243; _builder_version=&#8220;4.21.0&#8243; _module_preset=&#8220;14e305e4-ab41-40ea-aebe-d74a9fedeebd&#8220; global_colors_info=&#8220;{}&#8220;][et_pb_row _builder_version=&#8220;4.21.0&#8243; _module_preset=&#8220;2a4d44be-60db-4bc2-b91a-901c0251e68c&#8220; global_colors_info=&#8220;{}&#8220;][et_pb_column type=&#8220;4_4&#8243; _builder_version=&#8220;4.16&#8243; custom_padding=&#8220;|||&#8220; global_colors_info=&#8220;{}&#8220; custom_padding__hover=&#8220;|||&#8220;][et_pb_text _builder_version=&#8220;4.21.0&#8243; _module_preset=&#8220;c9826d58-1a4e-4f9d-b75b-1a50233074a3&#8243; global_colors_info=&#8220;{}&#8220;]<\/p>\n<h2>Odkazy<\/h2>\n<p>[\/et_pb_text][\/et_pb_column][\/et_pb_row][et_pb_row _builder_version=&#8220;4.21.0&#8243; _module_preset=&#8220;00b9a908-9d8a-4f83-8552-e1abcb372e40&#8243; global_colors_info=&#8220;{}&#8220;][et_pb_column type=&#8220;4_4&#8243; _builder_version=&#8220;4.21.0&#8243; _module_preset=&#8220;default&#8220; global_colors_info=&#8220;{}&#8220;][et_pb_text _builder_version=&#8220;4.21.0&#8243; _module_preset=&#8220;1f1ac656-3431-472b-b627-10123e56f24a&#8220; global_colors_info=&#8220;{}&#8220;]<\/p>\n<h4>Legislat\u00edva<\/h4>\n<h5><a href=\"https:\/\/eur-lex.europa.eu\/legal-content\/EN\/TXT\/PDF\/?uri=CELEX:32019D0701&amp;from=en\">Rozhodnutie Komisie (E\u00da) 2019\/701<\/a><\/h5>\n<p>V\u010faka tomuto dokumentu sa babylonsk\u00e9 zm\u00e4tenie jazykov u\u017e nikdy nezopakuje&#8230; aspo\u0148 nie v&nbsp;kozmetike. Toto rozhodnutie definuje slovn\u00edk be\u017en\u00fdch n\u00e1zvov zlo\u017eiek, ktor\u00e9 sa pou\u017e\u00edvaj\u00fa pri ozna\u010dovan\u00ed kozmetick\u00fdch v\u00fdrobkov.<\/p>\n<h5><a href=\"https:\/\/echa.europa.eu\/en\/home\">Eur\u00f3pska chemick\u00e1 agent\u00fara (ECHA)<\/a><\/h5>\n<p>Agent\u00fara ECHA zav\u00e1dza pr\u00e1vne predpisy E\u00da o&nbsp;chemick\u00fdch l\u00e1tkach s&nbsp;cie\u013eom chr\u00e1ni\u0165 na\u0161e zdravie a&nbsp;\u017eivotn\u00e9 prostredie. Na jej webovej str\u00e1nke n\u00e1jdete v\u0161etky d\u00f4le\u017eit\u00e9 inform\u00e1cie o&nbsp;chemickom priemysle, pr\u00e1vne predpisy a&nbsp;ve\u013ek\u00fa datab\u00e1zu chemick\u00fdch l\u00e1tok, aby ste si mohli sami overi\u0165, ako bezpe\u010dn\u00e1 je va\u0161a kozmetika.<\/p>\n<h5><a href=\"https:\/\/eur-lex.europa.eu\/legal-content\/EN\/TXT\/PDF\/?uri=CELEX:32009R1223&amp;from=EN\">Nariadenie (ES) \u010d. 1223\/2009<\/a><\/h5>\n<p>Biblia regul\u00e1cie kozmetiky v&nbsp;E\u00da. Nariadenie upravuje zlo\u017eenie, ozna\u010dovanie a&nbsp;balenie hotov\u00fdch kozmetick\u00fdch v\u00fdrobkov s&nbsp;cie\u013eom zabezpe\u010di\u0165 vysok\u00fa \u00farove\u0148 ochrany \u013eudsk\u00e9ho zdravia.<\/p>\n<h4>Vedeck\u00e9 \u0161t\u00fadie uveden\u00e9 v&nbsp;na\u0161om e-learningu<\/h4>\n<ul>\n<li><a href=\"https:\/\/www.sciencedirect.com\/science\/article\/abs\/pii\/S0273230020301227\">\u0160t\u00fadia biomonitoringu hodnotiaca expoz\u00edciu mlad\u00fdch dospel\u00fdch Nemcov butylovan\u00e9mu hydroxytolu\u00e9nu (BHT)<\/a><\/li>\n<li><a href=\"https:\/\/www.sciencedirect.com\/science\/article\/abs\/pii\/S0273230020301227\">Anal\u00fdza funkcie intervalu spo\u013eahlivosti na hodnotenie rizika mezoteli\u00f3mu v&nbsp;roz\u0161\u00edrenej medzin\u00e1rodnej skupine ban\u00edkov a&nbsp;mlyn\u00e1rov kozmetick\u00e9ho mastenca<\/a><\/li>\n<li><a href=\"https:\/\/www.intechopen.com\/chapters\/72654\">Chemik\u00e1lie v&nbsp;kozmetike a&nbsp;v\u00fdrobkoch osobnej starostlivosti nar\u00fa\u0161aj\u00face endokrinn\u00fd syst\u00e9m a&nbsp;s&nbsp;rizikom endometri\u00f3zy<\/a><\/li>\n<li><a href=\"https:\/\/www.science.org\/doi\/abs\/10.1126\/science.1108190?cookieSet=1\">Epigenetick\u00e9 transgenera\u010dn\u00e9 p\u00f4sobenie endokrinn\u00fdch disruptorov a&nbsp;mu\u017esk\u00e1 plodnos\u0165<\/a><\/li>\n<li><a href=\"https:\/\/pubmed.ncbi.nlm.nih.gov\/34351731\/\">Je be\u017ene pou\u017e\u00edvan\u00fd UV filter benzofen\u00f3n-3 rizikov\u00fdm faktorom pre nervov\u00fd syst\u00e9m?<\/a><\/li>\n<li><a href=\"https:\/\/www.ncbi.nlm.nih.gov\/pmc\/articles\/PMC6153767\/\">Index vystavenia slnku a&nbsp;ochrany pred n\u00edm (SEPI) a&nbsp;vlastn\u00fd odhad citlivosti na slnko<\/a><\/li>\n<li><a href=\"https:\/\/www.ncbi.nlm.nih.gov\/pmc\/articles\/PMC3897598\/\">Slne\u010dn\u00e9 svetlo a&nbsp;vitam\u00edn D<\/a><\/li>\n<\/ul>\n<h4>\u010eal\u0161ie odpor\u00fa\u010dania<\/h4>\n<h5><a href=\"https:\/\/owh-wh-d9-prod.s3.amazonaws.com\/s3fs-public\/documents\/your-guide-to-breastfeeding.pdf\">Poradenstvo v&nbsp;oblasti udr\u017eate\u013en\u00e9ho doj\u010denia<\/a><\/h5>\n<p>Vzdel\u00e1vajte sa o&nbsp;doj\u010den\u00ed, aby ste nespadli do be\u017en\u00fdch m\u00fdtov a&nbsp;marketingov\u00fdch pasc\u00ed doj\u010denia v\u00e1\u0161ho die\u0165a\u0165a.<\/p>\n<h5><a href=\"https:\/\/forms.gle\/WHLpKVKDm6JPiQPB7\">Spoznajte svoj fototyp<\/a><\/h5>\n<p>Ko\u013eko opa\u013eovacieho kr\u00e9mu je tak akur\u00e1t? Ako dlho m\u00f4\u017eete by\u0165 na slnku? Vytvorili sme dotazn\u00edk, ktor\u00fd v\u00e1m pom\u00f4\u017ee spozna\u0165 vlastn\u00fa poko\u017eku a&nbsp;n\u00e1js\u0165 najlep\u0161\u00ed sp\u00f4sob jej ochrany!<\/p>\n<h5><a href=\"https:\/\/green-gate.eu\/downloads\/greenwashing_checklist_eng.pdf\">Kontroln\u00fd zoznam: ako nenaletie\u0165 na greenwashing<\/a><\/h5>\n<p>Stiahnite si praktick\u00fd kontroln\u00fd zoznam pre n\u00e1kupy, aby ste podporili skuto\u010dne udr\u017eate\u013en\u00e9 zna\u010dky namiesto ekologick\u00e9ho vym\u00fdvania!<\/p>\n<p>[\/et_pb_text][\/et_pb_column][\/et_pb_row][\/et_pb_section][et_pb_section fb_built=&#8220;1&#8243; custom_padding_last_edited=&#8220;on|tablet&#8220; admin_label=&#8220;EU Logolink Section&#8220; _builder_version=&#8220;4.21.0&#8243; _module_preset=&#8220;default&#8220; background_color=&#8220;#F1F1F1&#8243; custom_padding=&#8220;80px|48px|80px|48px|true|true&#8220; custom_padding_tablet=&#8220;60px||60px||true|true&#8220; custom_padding_phone=&#8220;60px|6%|60px|6%|true|true&#8220; global_module=&#8220;6149&#8243; global_colors_info=&#8220;{}&#8220;][et_pb_row column_structure=&#8220;1_2,1_2&#8243; custom_padding_last_edited=&#8220;on|tablet&#8220; module_class=&#8220;two-col-tab two-col-mob&#8220; _builder_version=&#8220;4.21.0&#8243; _module_preset=&#8220;default&#8220; width=&#8220;auto&#8220; max_width=&#8220;660px&#8220; max_width_tablet=&#8220;600px&#8220; max_width_phone=&#8220;460px&#8220; max_width_last_edited=&#8220;on|tablet&#8220; custom_padding=&#8220;0px||40px||false|false&#8220; custom_padding_tablet=&#8220;0px||32px||false|false&#8220; custom_padding_phone=&#8220;||32px||false|false&#8220; global_colors_info=&#8220;{}&#8220;][et_pb_column type=&#8220;1_2&#8243; _builder_version=&#8220;4.21.0&#8243; _module_preset=&#8220;default&#8220; custom_padding=&#8220;||||false|false&#8220; global_colors_info=&#8220;{}&#8220;][et_pb_image src=&#8220;https:\/\/green-gate.eu\/wp-content\/uploads\/2023\/08\/logo-erasmus.png&#8220; title_text=&#8220;logo-erasmus&#8220; _builder_version=&#8220;4.21.0&#8243; _module_preset=&#8220;default&#8220; max_width=&#8220;240px&#8220; max_width_tablet=&#8220;206px&#8220; max_width_phone=&#8220;147px&#8220; max_width_last_edited=&#8220;on|tablet&#8220; module_alignment=&#8220;center&#8220; height_last_edited=&#8220;off|tablet&#8220; max_height=&#8220;49px&#8220; max_height_tablet=&#8220;42px&#8220; max_height_phone=&#8220;&#8220; max_height_last_edited=&#8220;on|tablet&#8220; global_colors_info=&#8220;{}&#8220; height__hover_enabled=&#8220;off|desktop&#8220;][\/et_pb_image][\/et_pb_column][et_pb_column type=&#8220;1_2&#8243; _builder_version=&#8220;4.21.0&#8243; _module_preset=&#8220;default&#8220; global_colors_info=&#8220;{}&#8220;][et_pb_image src=&#8220;https:\/\/green-gate.eu\/wp-content\/uploads\/2023\/08\/logo-eu.png&#8220; title_text=&#8220;logo-eu&#8220; show_bottom_space=&#8220;off&#8220; _builder_version=&#8220;4.21.0&#8243; _module_preset=&#8220;default&#8220; max_width=&#8220;237px&#8220; max_width_tablet=&#8220;202px&#8220; max_width_phone=&#8220;148px&#8220; max_width_last_edited=&#8220;on|tablet&#8220; module_alignment=&#8220;center&#8220; max_height=&#8220;48px&#8220; max_height_tablet=&#8220;41px&#8220; max_height_phone=&#8220;&#8220; max_height_last_edited=&#8220;on|tablet&#8220; global_colors_info=&#8220;{}&#8220;][\/et_pb_image][\/et_pb_column][\/et_pb_row][et_pb_row column_structure=&#8220;1_3,1_3,1_3&#8243; use_custom_gutter=&#8220;on&#8220; gutter_width=&#8220;2&#8243; module_class=&#8220;three-col-tab&#8220; _builder_version=&#8220;4.21.0&#8243; _module_preset=&#8220;default&#8220; width=&#8220;auto&#8220; max_width=&#8220;1200px&#8220; custom_padding=&#8220;0px||0px||false|false&#8220; global_colors_info=&#8220;{}&#8220;][et_pb_column type=&#8220;1_3&#8243; _builder_version=&#8220;4.21.0&#8243; _module_preset=&#8220;default&#8220; global_colors_info=&#8220;{}&#8220;][et_pb_text _builder_version=&#8220;4.21.0&#8243; _module_preset=&#8220;f66cbda2-1e9c-41c9-9248-82aeab118d90&#8243; custom_margin=&#8220;0px||0px||false|false&#8220; custom_padding=&#8220;0px||0px||false|false&#8220; global_colors_info=&#8220;{}&#8220;]<\/p>\n<p>Projekt GreenGate sa realizoval v&nbsp;r\u00e1mci programu Erasmus+ KA220-ADU &#8211; Partnerstv\u00e1 pre spolupr\u00e1cu v&nbsp;oblasti vzdel\u00e1vania dospel\u00fdch s&nbsp;finan\u010dnou podporou E\u00da.<\/p>\n<p>[\/et_pb_text][\/et_pb_column][et_pb_column type=&#8220;1_3&#8243; _builder_version=&#8220;4.21.0&#8243; _module_preset=&#8220;default&#8220; global_colors_info=&#8220;{}&#8220;][et_pb_text _builder_version=&#8220;4.21.0&#8243; _module_preset=&#8220;f66cbda2-1e9c-41c9-9248-82aeab118d90&#8243; global_colors_info=&#8220;{}&#8220;]<\/p>\n<p>Financovan\u00e9 Eur\u00f3pskou \u00faniou. Vyjadren\u00e9 n\u00e1zory a&nbsp;stanovisk\u00e1 s\u00fa v\u0161ak len n\u00e1zormi autora (autorov) a&nbsp;nemusia nevyhnutne odr\u00e1\u017ea\u0165 n\u00e1zory a&nbsp;stanovisk\u00e1 Eur\u00f3pskej \u00fanie alebo V\u00fdkonnej agent\u00fary pre vzdel\u00e1vanie a&nbsp;kult\u00faru (EACEA). Eur\u00f3pska \u00fania ani agent\u00fara EACEA za ne nem\u00f4\u017eu nies\u0165 zodpovednos\u0165.<\/p>\n<p>[\/et_pb_text][\/et_pb_column][et_pb_column type=&#8220;1_3&#8243; _builder_version=&#8220;4.21.0&#8243; _module_preset=&#8220;default&#8220; global_colors_info=&#8220;{}&#8220;][et_pb_text _builder_version=&#8220;4.21.0&#8243; _module_preset=&#8220;f66cbda2-1e9c-41c9-9248-82aeab118d90&#8243; global_colors_info=&#8220;{}&#8220;]<\/p>\n<p>T\u00e1to platforma sa riadi dohodou Creative Commons. (CC BY-NC-ND) &#8211; https:\/\/creativecommons.org\/licenses\/by-nc-nd\/4.0\/<\/p>\n<p>[\/et_pb_text][\/et_pb_column][\/et_pb_row][\/et_pb_section]<\/p>\n","protected":false},"excerpt":{"rendered":"<p>OdkazyLegislat\u00edva Rozhodnutie Komisie (E\u00da) 2019\/701 V\u010faka tomuto dokumentu sa babylonsk\u00e9 zm\u00e4tenie jazykov u\u017e nikdy nezopakuje&#8230; aspo\u0148 nie v&nbsp;kozmetike. Toto rozhodnutie definuje slovn\u00edk be\u017en\u00fdch n\u00e1zvov zlo\u017eiek, ktor\u00e9 sa pou\u017e\u00edvaj\u00fa pri ozna\u010dovan\u00ed kozmetick\u00fdch v\u00fdrobkov. Eur\u00f3pska chemick\u00e1 agent\u00fara (ECHA) Agent\u00fara ECHA zav\u00e1dza pr\u00e1vne predpisy E\u00da o&nbsp;chemick\u00fdch l\u00e1tkach s&nbsp;cie\u013eom chr\u00e1ni\u0165 na\u0161e zdravie a&nbsp;\u017eivotn\u00e9 prostredie. Na [&hellip;]<\/p>\n","protected":false},"author":1,"featured_media":0,"parent":0,"menu_order":0,"comment_status":"closed","ping_status":"closed","template":"","meta":{"_et_pb_use_builder":"on","_et_pb_old_content":"","_et_gb_content_width":"","_monsterinsights_skip_tracking":false,"_monsterinsights_sitenote_active":false,"_monsterinsights_sitenote_note":"","_monsterinsights_sitenote_category":0,"footnotes":""},"yoast_head":"<!-- This site is optimized with the Yoast SEO plugin v23.2 - https:\/\/yoast.com\/wordpress\/plugins\/seo\/ -->\n<title>Odkazy - GreenGate<\/title>\n<meta name=\"robots\" content=\"index, follow, max-snippet:-1, max-image-preview:large, max-video-preview:-1\" \/>\n<link rel=\"canonical\" href=\"https:\/\/green-gate.eu\/sk\/zdroje\/\" \/>\n<meta property=\"og:locale\" content=\"sk_SK\" \/>\n<meta property=\"og:type\" content=\"article\" \/>\n<meta property=\"og:title\" content=\"Odkazy - GreenGate\" \/>\n<meta property=\"og:description\" content=\"OdkazyLegislat\u00edva Rozhodnutie Komisie (E\u00da) 2019\/701 V\u010faka tomuto dokumentu sa babylonsk\u00e9 zm\u00e4tenie jazykov u\u017e nikdy nezopakuje... aspo\u0148 nie v kozmetike. Toto rozhodnutie definuje slovn\u00edk be\u017en\u00fdch n\u00e1zvov zlo\u017eiek, ktor\u00e9 sa pou\u017e\u00edvaj\u00fa pri ozna\u010dovan\u00ed kozmetick\u00fdch v\u00fdrobkov. Eur\u00f3pska chemick\u00e1 agent\u00fara (ECHA) Agent\u00fara ECHA zav\u00e1dza pr\u00e1vne predpisy E\u00da o chemick\u00fdch l\u00e1tkach s cie\u013eom chr\u00e1ni\u0165 na\u0161e zdravie a \u017eivotn\u00e9 prostredie. Na [&hellip;]\" \/>\n<meta property=\"og:url\" content=\"https:\/\/green-gate.eu\/sk\/zdroje\/\" \/>\n<meta property=\"og:site_name\" content=\"GreenGate\" \/>\n<meta property=\"article:modified_time\" content=\"2023-10-30T12:06:07+00:00\" \/>\n<meta name=\"twitter:card\" content=\"summary_large_image\" \/>\n<meta name=\"twitter:label1\" content=\"Predpokladan\u00fd \u010das \u010d\u00edtania\" \/>\n\t<meta name=\"twitter:data1\" content=\"5 min\u00fat\" \/>\n<script type=\"application\/ld+json\" class=\"yoast-schema-graph\">{\"@context\":\"https:\/\/schema.org\",\"@graph\":[{\"@type\":\"WebPage\",\"@id\":\"https:\/\/green-gate.eu\/sk\/zdroje\/\",\"url\":\"https:\/\/green-gate.eu\/sk\/zdroje\/\",\"name\":\"Odkazy - GreenGate\",\"isPartOf\":{\"@id\":\"https:\/\/green-gate.eu\/sk\/#website\"},\"datePublished\":\"2023-04-13T09:59:24+00:00\",\"dateModified\":\"2023-10-30T12:06:07+00:00\",\"breadcrumb\":{\"@id\":\"https:\/\/green-gate.eu\/sk\/zdroje\/#breadcrumb\"},\"inLanguage\":\"sk-SK\",\"potentialAction\":[{\"@type\":\"ReadAction\",\"target\":[\"https:\/\/green-gate.eu\/sk\/zdroje\/\"]}]},{\"@type\":\"BreadcrumbList\",\"@id\":\"https:\/\/green-gate.eu\/sk\/zdroje\/#breadcrumb\",\"itemListElement\":[{\"@type\":\"ListItem\",\"position\":1,\"name\":\"Home\",\"item\":\"https:\/\/green-gate.eu\/sk\/\"},{\"@type\":\"ListItem\",\"position\":2,\"name\":\"Odkazy\"}]},{\"@type\":\"WebSite\",\"@id\":\"https:\/\/green-gate.eu\/sk\/#website\",\"url\":\"https:\/\/green-gate.eu\/sk\/\",\"name\":\"GreenGate\",\"description\":\"Learn how to create healthier beauty routines and debunk common myths.\",\"publisher\":{\"@id\":\"https:\/\/green-gate.eu\/sk\/#organization\"},\"potentialAction\":[{\"@type\":\"SearchAction\",\"target\":{\"@type\":\"EntryPoint\",\"urlTemplate\":\"https:\/\/green-gate.eu\/sk\/?s={search_term_string}\"},\"query-input\":\"required name=search_term_string\"}],\"inLanguage\":\"sk-SK\"},{\"@type\":\"Organization\",\"@id\":\"https:\/\/green-gate.eu\/sk\/#organization\",\"name\":\"GreenGate\",\"url\":\"https:\/\/green-gate.eu\/sk\/\",\"logo\":{\"@type\":\"ImageObject\",\"inLanguage\":\"sk-SK\",\"@id\":\"https:\/\/green-gate.eu\/sk\/#\/schema\/logo\/image\/\",\"url\":\"https:\/\/green-gate.eu\/wp-content\/uploads\/2023\/04\/brand.png\",\"contentUrl\":\"https:\/\/green-gate.eu\/wp-content\/uploads\/2023\/04\/brand.png\",\"width\":263,\"height\":108,\"caption\":\"GreenGate\"},\"image\":{\"@id\":\"https:\/\/green-gate.eu\/sk\/#\/schema\/logo\/image\/\"}}]}<\/script>\n<!-- \/ Yoast SEO plugin. -->","yoast_head_json":{"title":"Odkazy - GreenGate","robots":{"index":"index","follow":"follow","max-snippet":"max-snippet:-1","max-image-preview":"max-image-preview:large","max-video-preview":"max-video-preview:-1"},"canonical":"https:\/\/green-gate.eu\/sk\/zdroje\/","og_locale":"sk_SK","og_type":"article","og_title":"Odkazy - GreenGate","og_description":"OdkazyLegislat\u00edva Rozhodnutie Komisie (E\u00da) 2019\/701 V\u010faka tomuto dokumentu sa babylonsk\u00e9 zm\u00e4tenie jazykov u\u017e nikdy nezopakuje... aspo\u0148 nie v kozmetike. Toto rozhodnutie definuje slovn\u00edk be\u017en\u00fdch n\u00e1zvov zlo\u017eiek, ktor\u00e9 sa pou\u017e\u00edvaj\u00fa pri ozna\u010dovan\u00ed kozmetick\u00fdch v\u00fdrobkov. Eur\u00f3pska chemick\u00e1 agent\u00fara (ECHA) Agent\u00fara ECHA zav\u00e1dza pr\u00e1vne predpisy E\u00da o chemick\u00fdch l\u00e1tkach s cie\u013eom chr\u00e1ni\u0165 na\u0161e zdravie a \u017eivotn\u00e9 prostredie. Na [&hellip;]","og_url":"https:\/\/green-gate.eu\/sk\/zdroje\/","og_site_name":"GreenGate","article_modified_time":"2023-10-30T12:06:07+00:00","twitter_card":"summary_large_image","twitter_misc":{"Predpokladan\u00fd \u010das \u010d\u00edtania":"5 min\u00fat"},"schema":{"@context":"https:\/\/schema.org","@graph":[{"@type":"WebPage","@id":"https:\/\/green-gate.eu\/sk\/zdroje\/","url":"https:\/\/green-gate.eu\/sk\/zdroje\/","name":"Odkazy - GreenGate","isPartOf":{"@id":"https:\/\/green-gate.eu\/sk\/#website"},"datePublished":"2023-04-13T09:59:24+00:00","dateModified":"2023-10-30T12:06:07+00:00","breadcrumb":{"@id":"https:\/\/green-gate.eu\/sk\/zdroje\/#breadcrumb"},"inLanguage":"sk-SK","potentialAction":[{"@type":"ReadAction","target":["https:\/\/green-gate.eu\/sk\/zdroje\/"]}]},{"@type":"BreadcrumbList","@id":"https:\/\/green-gate.eu\/sk\/zdroje\/#breadcrumb","itemListElement":[{"@type":"ListItem","position":1,"name":"Home","item":"https:\/\/green-gate.eu\/sk\/"},{"@type":"ListItem","position":2,"name":"Odkazy"}]},{"@type":"WebSite","@id":"https:\/\/green-gate.eu\/sk\/#website","url":"https:\/\/green-gate.eu\/sk\/","name":"GreenGate","description":"Learn how to create healthier beauty routines and debunk common myths.","publisher":{"@id":"https:\/\/green-gate.eu\/sk\/#organization"},"potentialAction":[{"@type":"SearchAction","target":{"@type":"EntryPoint","urlTemplate":"https:\/\/green-gate.eu\/sk\/?s={search_term_string}"},"query-input":"required name=search_term_string"}],"inLanguage":"sk-SK"},{"@type":"Organization","@id":"https:\/\/green-gate.eu\/sk\/#organization","name":"GreenGate","url":"https:\/\/green-gate.eu\/sk\/","logo":{"@type":"ImageObject","inLanguage":"sk-SK","@id":"https:\/\/green-gate.eu\/sk\/#\/schema\/logo\/image\/","url":"https:\/\/green-gate.eu\/wp-content\/uploads\/2023\/04\/brand.png","contentUrl":"https:\/\/green-gate.eu\/wp-content\/uploads\/2023\/04\/brand.png","width":263,"height":108,"caption":"GreenGate"},"image":{"@id":"https:\/\/green-gate.eu\/sk\/#\/schema\/logo\/image\/"}}]}},"jetpack_sharing_enabled":true,"_links":{"self":[{"href":"https:\/\/green-gate.eu\/sk\/wp-json\/wp\/v2\/pages\/4333"}],"collection":[{"href":"https:\/\/green-gate.eu\/sk\/wp-json\/wp\/v2\/pages"}],"about":[{"href":"https:\/\/green-gate.eu\/sk\/wp-json\/wp\/v2\/types\/page"}],"author":[{"embeddable":true,"href":"https:\/\/green-gate.eu\/sk\/wp-json\/wp\/v2\/users\/1"}],"replies":[{"embeddable":true,"href":"https:\/\/green-gate.eu\/sk\/wp-json\/wp\/v2\/comments?post=4333"}],"version-history":[{"count":5,"href":"https:\/\/green-gate.eu\/sk\/wp-json\/wp\/v2\/pages\/4333\/revisions"}],"predecessor-version":[{"id":15226,"href":"https:\/\/green-gate.eu\/sk\/wp-json\/wp\/v2\/pages\/4333\/revisions\/15226"}],"wp:attachment":[{"href":"https:\/\/green-gate.eu\/sk\/wp-json\/wp\/v2\/media?parent=4333"}],"curies":[{"name":"wp","href":"https:\/\/api.w.org\/{rel}","templated":true}]}}