{"id":4329,"date":"2023-04-13T12:08:28","date_gmt":"2023-04-13T10:08:28","guid":{"rendered":"https:\/\/green-gate.eu\/o-nas\/"},"modified":"2026-02-09T14:13:09","modified_gmt":"2026-02-09T13:13:09","slug":"o-nas","status":"publish","type":"page","link":"https:\/\/green-gate.eu\/sk\/o-nas\/","title":{"rendered":"GreenGate"},"content":{"rendered":"<p>[et_pb_section fb_built=&#8220;1&#8243; _builder_version=&#8220;4.21.0&#8243; _module_preset=&#8220;14e305e4-ab41-40ea-aebe-d74a9fedeebd&#8220; global_colors_info=&#8220;{}&#8220;][et_pb_row _builder_version=&#8220;4.21.0&#8243; _module_preset=&#8220;2a4d44be-60db-4bc2-b91a-901c0251e68c&#8220; global_colors_info=&#8220;{}&#8220;][et_pb_column type=&#8220;4_4&#8243; _builder_version=&#8220;4.21.0&#8243; _module_preset=&#8220;default&#8220; global_colors_info=&#8220;{}&#8220;][et_pb_text admin_label=&#8220;Text&#8220; _builder_version=&#8220;4.21.0&#8243; _module_preset=&#8220;c9826d58-1a4e-4f9d-b75b-1a50233074a3&#8243; global_colors_info=&#8220;{}&#8220;]<\/p>\n<p>Umo\u017e\u0148ujeme informovan\u00fd v\u00fdber zdrav\u0161ej kozmetiky.<\/p>\n<p>[\/et_pb_text][\/et_pb_column][\/et_pb_row][et_pb_row admin_label=&#8220;Row&#8220; _builder_version=&#8220;4.21.0&#8243; _module_preset=&#8220;00b9a908-9d8a-4f83-8552-e1abcb372e40&#8243; width_last_edited=&#8220;off|desktop&#8220; global_colors_info=&#8220;{}&#8220;][et_pb_column type=&#8220;4_4&#8243; _builder_version=&#8220;4.21.0&#8243; _module_preset=&#8220;default&#8220; global_colors_info=&#8220;{}&#8220;][et_pb_text _builder_version=&#8220;4.21.0&#8243; _module_preset=&#8220;1f1ac656-3431-472b-b627-10123e56f24a&#8220; global_colors_info=&#8220;{}&#8220;]<\/p>\n<p>Na\u0161ou dlhodobou snahou je vytvori\u0165 nez\u00e1visl\u00fa komunitu laikov a&nbsp;odborn\u00edkov zastre\u0161en\u00fa platformou GreenGate. Tento jedine\u010dn\u00fd projekt vzdel\u00e1va a&nbsp;pom\u00e1ha pochopi\u0165 zlo\u017eenie kozmetick\u00fdch, prac\u00edch a&nbsp;\u010distiacich prostriedkov. Poskytuje inform\u00e1cie o&nbsp;vplyve \u0161kodliv\u00fdch l\u00e1tok na \u013eudsk\u00e9 zdravie a&nbsp;\u017eivotn\u00e9 prostredie. Ver\u00edme, \u017ee zmena pr\u00edstupu na\u0161ej spolo\u010dnosti je mo\u017en\u00e1.<\/p>\n<p>GreenGate je komplexn\u00fd port\u00e1l o&nbsp;kozmetick\u00fdch a&nbsp;drog\u00e9riov\u00fdch v\u00fdrobkoch a&nbsp;riziku ich zlo\u017eiek. Platforma GreenGate pon\u00faka online kurz, ktor\u00fd v\u00e1s v&nbsp;12 kapitol\u00e1ch nau\u010d\u00ed v\u0161etko potrebn\u00e9 k&nbsp;prechodu na ekologickej\u0161iu kozmetiku a&nbsp;o&nbsp;tom, \u010domu sa pri v\u00fdbere kozmetiky vyhn\u00fa\u0165. Port\u00e1l zobrazuje mno\u017estvo aktiv\u00edt (aplik\u00e1cie, e-knihu, blog, vide\u00e1 typu &#8222;urob si s\u00e1m&#8220;, materi\u00e1ly pre pedag\u00f3gov at\u010f.) a&nbsp;odpor\u00fa\u010da pou\u017e\u00edvate\u013eom obsah, ktor\u00fd rie\u0161i ich jedine\u010dn\u00e9 probl\u00e9my. Obsah je k&nbsp;dispoz\u00edcii v&nbsp;4 jazykoch (EN, CZ, SK, SI).<\/p>\n<p>Projekt GreenGate financuje Eur\u00f3pska \u00fania v&nbsp;r\u00e1mci projektu Erasmus+, hoci grant nepokr\u00fdva v\u0161etky n\u00e1klady na projekt. Ak v\u00e1s &#8222;posolstvo&#8220; projektu oslovilo a&nbsp;chceli by ste podpori\u0165 jeho rozvoj n\u00e1padom, pomocou alebo finan\u010dn\u00fdm darom, nev\u00e1hajte n\u00e1s kontaktova\u0165 na info@greenscan.cz.<\/p>\n<p>[\/et_pb_text][\/et_pb_column][\/et_pb_row][\/et_pb_section][et_pb_section fb_built=&#8220;1&#8243; _builder_version=&#8220;4.21.0&#8243; _module_preset=&#8220;14e305e4-ab41-40ea-aebe-d74a9fedeebd&#8220; background_color=&#8220;#F1F1F1&#8243; custom_padding_phone=&#8220;40px|6%|40px|6%|true|true&#8220; global_colors_info=&#8220;{}&#8220;][et_pb_row _builder_version=&#8220;4.21.0&#8243; _module_preset=&#8220;default&#8220; width=&#8220;auto&#8220; max_width=&#8220;750px&#8220; global_colors_info=&#8220;{}&#8220;][et_pb_column type=&#8220;4_4&#8243; _builder_version=&#8220;4.21.0&#8243; _module_preset=&#8220;default&#8220; global_colors_info=&#8220;{}&#8220;][et_pb_text admin_label=&#8220;Text&#8220; _builder_version=&#8220;4.21.0&#8243; _module_preset=&#8220;1f1ac656-3431-472b-b627-10123e56f24a&#8220; header_2_text_align=&#8220;center&#8220; global_colors_info=&#8220;{}&#8220;]<\/p>\n<h2>\u010clenovia t\u00edmu GreenGate<\/h2>\n<p>[\/et_pb_text][\/et_pb_column][\/et_pb_row][et_pb_row _builder_version=&#8220;4.21.0&#8243; _module_preset=&#8220;default&#8220; width=&#8220;auto&#8220; max_width=&#8220;794px&#8220; global_colors_info=&#8220;{}&#8220;][et_pb_column type=&#8220;4_4&#8243; _builder_version=&#8220;4.21.0&#8243; _module_preset=&#8220;default&#8220; global_colors_info=&#8220;{}&#8220;][et_pb_image src=&#8220;https:\/\/green-gate.eu\/wp-content\/uploads\/2023\/08\/team-loga.png&#8220; alt=&#8220;Log\u00e1 t\u00edmov&#8220; title_text=&#8220;team-loga-vertical&#8220; src_tablet=&#8220;https:\/\/green-gate.eu\/wp-content\/uploads\/2023\/08\/team-loga.png&#8220; src_phone=&#8220;https:\/\/green-gate.eu\/wp-content\/uploads\/2023\/08\/team-loga-vertical.png&#8220; src_last_edited=&#8220;on|phone&#8220; _builder_version=&#8220;4.21.0&#8243; _module_preset=&#8220;default&#8220; max_width_tablet=&#8220;&#8220; max_width_phone=&#8220;188px&#8220; max_width_last_edited=&#8220;on|phone&#8220; module_alignment=&#8220;center&#8220; global_colors_info=&#8220;{}&#8220;][\/et_pb_image][\/et_pb_column][\/et_pb_row][et_pb_row _builder_version=&#8220;4.21.0&#8243; _module_preset=&#8220;default&#8220; width=&#8220;auto&#8220; max_width=&#8220;826px&#8220; global_colors_info=&#8220;{}&#8220;][et_pb_column type=&#8220;4_4&#8243; _builder_version=&#8220;4.21.0&#8243; _module_preset=&#8220;default&#8220; global_colors_info=&#8220;{}&#8220;][et_pb_text _builder_version=&#8220;4.21.0&#8243; _module_preset=&#8220;adb88ae0-a12f-4742-bbd2-37c63123728f&#8220; global_colors_info=&#8220;{}&#8220;]<\/p>\n<h4><a href=\"https:\/\/greenscan.cz\/\">GreenScan (CZ)<\/a><\/h4>\n<h6>Aplik\u00e1cia GreenScan, Blog, Online kurz, V\u00fdvoj platformy<\/h6>\n<p><span>Environment\u00e1lne vzdel\u00e1vanie pre firmy, \u0161koly a&nbsp;verejnos\u0165. <\/span>Sme nad\u0161enci, dobrovo\u013en\u00edci a&nbsp;predov\u0161etk\u00fdm \u013eudia. Chceme porozumie\u0165 spolo\u010dnosti a&nbsp;pr\u00edrode. Na\u0161e okolie n\u00e1m nie je \u013eahostajn\u00e9. Ideme vpred, vytv\u00e1rame nov\u00e9 veci a&nbsp;chceme by\u0165 u\u017eito\u010dn\u00ed. Na\u0161ou z\u00e1kladnou hodnotou je sloboda v\u00fdberu a&nbsp;pr\u00e1vo na inform\u00e1cie pre ka\u017ed\u00e9ho. Ide n\u00e1m o&nbsp;to, aby boli v\u00fdrobky bezpe\u010dn\u00e9 pre \u013eud\u00ed, zdravie a&nbsp;ekologick\u00fa udr\u017eate\u013enos\u0165 \u017eivota na na\u0161ej plan\u00e9te. Zmena smerovania na\u0161ej spolo\u010dnosti je mo\u017en\u00e1.      <\/p>\n<p>[\/et_pb_text][et_pb_text _builder_version=&#8220;4.21.0&#8243; _module_preset=&#8220;adb88ae0-a12f-4742-bbd2-37c63123728f&#8220; global_colors_info=&#8220;{}&#8220;]<\/p>\n<h4><a href=\"https:\/\/www.educasoft.cz\/\">Educasoft Solutions (CZ)<\/a><\/h4>\n<h6>Online kurz, koncept platformy a&nbsp;wireframe<\/h6>\n<p>Zameriavame sa predov\u0161etk\u00fdm na navrhovanie a&nbsp;v\u00fdvoj e-learningov\u00fdch kurzov a&nbsp;na poskytovanie a&nbsp;rozvoj n\u00e1\u0161ho syst\u00e9mu LMS Competent. \u00daspe\u0161ne sme zrealizovali viac ako 50 online vzdel\u00e1vac\u00edch projektov vr\u00e1tane ocenen\u00e9ho kurzu o&nbsp;zmene kl\u00edmy pre \u010clov\u011bka v&nbsp;t\u00edsni (jednu z&nbsp;najv\u00e4\u010d\u0161\u00edch \u010desk\u00fdch mimovl\u00e1dnych organiz\u00e1ci\u00ed). Pomohla takmer dvom tis\u00edckam u\u010dite\u013eov pochopi\u0165 zmenu kl\u00edmy a&nbsp;pripravila ich na vyu\u010dovanie o&nbsp;nej.  <\/p>\n<p>[\/et_pb_text][et_pb_text _builder_version=&#8220;4.21.0&#8243; _module_preset=&#8220;adb88ae0-a12f-4742-bbd2-37c63123728f&#8220; global_colors_info=&#8220;{}&#8220;]<\/p>\n<h4><a href=\"https:\/\/zivica.sk\/\">CEEV \u017divica (SK)<\/a><\/h4>\n<h6>Metodologick\u00e1 pr\u00edru\u010dka, Blog<\/h6>\n<p>\u017divica je mimovl\u00e1dna organiz\u00e1cia, ktor\u00e1 in\u0161piruje k&nbsp;zmene. Chceme vytvori\u0165 svet, v&nbsp;ktorom je ka\u017ed\u00fd povzbudzovan\u00fd h\u013eada\u0165 svoju vlastn\u00fa podstatu. Ver\u00edme, \u017ee pr\u00edroda n\u00e1s m\u00f4\u017ee mnoh\u00e9mu nau\u010di\u0165. Probl\u00e9my \u017eivotn\u00e9ho prostredia s\u00fa pre n\u00e1s v\u00fdzvou obr\u00e1ti\u0165 pozornos\u0165 na na\u0161e konanie, preto\u017ee meni\u0165 probl\u00e9my iba na povrchu nie je glob\u00e1lne udr\u017eate\u013en\u00e9 dlhodob\u00e9 rie\u0161enie.[\/et_pb_text][et_pb_text _builder_version=&#8220;4.21.0&#8243; _module_preset=&#8220;adb88ae0-a12f-4742-bbd2-37c63123728f&#8220; global_colors_info=&#8220;{}&#8220;]<\/p>\n<h4><a href=\"https:\/\/fvo.si\/\">Fakulta ochrany \u017eivotn\u00e9ho prostredia (SI)<\/a><\/h4>\n<h6>G-kniha, Blog<\/h6>\n<p>Fakulta ochrany \u017eivotn\u00e9ho prostredia (FVO) je nez\u00e1visl\u00e1 vysoko\u0161kolsk\u00e1 in\u0161tit\u00facia, ktor\u00e1 vyu\u010duje ochranu \u017eivotn\u00e9ho prostredia v&nbsp;naj\u0161ir\u0161om zmysle slova. U\u010divo sa prekr\u00fdva s&nbsp;pr\u00edrodn\u00fdmi vedami, in\u017einierstvom, bioin\u017einierstvom a&nbsp;spolo\u010densk\u00fdmi a&nbsp;humanitn\u00fdmi vedami. Fakulta bola zalo\u017een\u00e1 v&nbsp;roku 2006 ako Vysok\u00e1 \u0161kola ochrany \u017eivotn\u00e9ho prostredia a&nbsp;v&nbsp;roku 2022 sa stala fakultou.[\/et_pb_text][\/et_pb_column][\/et_pb_row][\/et_pb_section][et_pb_section fb_built=&#8220;1&#8243; custom_padding_last_edited=&#8220;on|tablet&#8220; admin_label=&#8220;EU Logolink Section&#8220; _builder_version=&#8220;4.21.0&#8243; _module_preset=&#8220;default&#8220; background_color=&#8220;#F1F1F1&#8243; custom_padding=&#8220;80px|48px|80px|48px|true|true&#8220; custom_padding_tablet=&#8220;60px||60px||true|true&#8220; custom_padding_phone=&#8220;60px|6%|60px|6%|true|true&#8220; global_module=&#8220;6149&#8243; collapsed=&#8220;on&#8220; global_colors_info=&#8220;{}&#8220;][et_pb_row column_structure=&#8220;1_2,1_2&#8243; custom_padding_last_edited=&#8220;on|tablet&#8220; module_class=&#8220;two-col-tab two-col-mob&#8220; _builder_version=&#8220;4.21.0&#8243; _module_preset=&#8220;default&#8220; width=&#8220;auto&#8220; max_width=&#8220;660px&#8220; max_width_tablet=&#8220;600px&#8220; max_width_phone=&#8220;460px&#8220; max_width_last_edited=&#8220;on|tablet&#8220; custom_padding=&#8220;0px||40px||false|false&#8220; custom_padding_tablet=&#8220;0px||32px||false|false&#8220; custom_padding_phone=&#8220;||32px||false|false&#8220; global_colors_info=&#8220;{}&#8220;][et_pb_column type=&#8220;1_2&#8243; _builder_version=&#8220;4.21.0&#8243; _module_preset=&#8220;default&#8220; custom_padding=&#8220;||||false|false&#8220; global_colors_info=&#8220;{}&#8220;][et_pb_image src=&#8220;https:\/\/green-gate.eu\/wp-content\/uploads\/2023\/08\/logo-erasmus.png&#8220; title_text=&#8220;logo-erasmus&#8220; _builder_version=&#8220;4.21.0&#8243; _module_preset=&#8220;default&#8220; max_width=&#8220;240px&#8220; max_width_tablet=&#8220;206px&#8220; max_width_phone=&#8220;147px&#8220; max_width_last_edited=&#8220;on|tablet&#8220; module_alignment=&#8220;center&#8220; height_last_edited=&#8220;off|tablet&#8220; max_height=&#8220;49px&#8220; max_height_tablet=&#8220;42px&#8220; max_height_phone=&#8220;&#8220; max_height_last_edited=&#8220;on|tablet&#8220; global_colors_info=&#8220;{}&#8220; height__hover_enabled=&#8220;off|desktop&#8220;][\/et_pb_image][\/et_pb_column][et_pb_column type=&#8220;1_2&#8243; _builder_version=&#8220;4.21.0&#8243; _module_preset=&#8220;default&#8220; global_colors_info=&#8220;{}&#8220;][et_pb_image src=&#8220;https:\/\/green-gate.eu\/wp-content\/uploads\/2023\/08\/logo-eu.png&#8220; title_text=&#8220;logo-eu&#8220; show_bottom_space=&#8220;off&#8220; _builder_version=&#8220;4.21.0&#8243; _module_preset=&#8220;default&#8220; max_width=&#8220;237px&#8220; max_width_tablet=&#8220;202px&#8220; max_width_phone=&#8220;148px&#8220; max_width_last_edited=&#8220;on|tablet&#8220; module_alignment=&#8220;center&#8220; max_height=&#8220;48px&#8220; max_height_tablet=&#8220;41px&#8220; max_height_phone=&#8220;&#8220; max_height_last_edited=&#8220;on|tablet&#8220; global_colors_info=&#8220;{}&#8220;][\/et_pb_image][\/et_pb_column][\/et_pb_row][et_pb_row column_structure=&#8220;1_3,1_3,1_3&#8243; use_custom_gutter=&#8220;on&#8220; gutter_width=&#8220;2&#8243; module_class=&#8220;three-col-tab&#8220; _builder_version=&#8220;4.21.0&#8243; _module_preset=&#8220;default&#8220; width=&#8220;auto&#8220; max_width=&#8220;1200px&#8220; custom_padding=&#8220;0px||0px||false|false&#8220; global_colors_info=&#8220;{}&#8220;][et_pb_column type=&#8220;1_3&#8243; _builder_version=&#8220;4.21.0&#8243; _module_preset=&#8220;default&#8220; global_colors_info=&#8220;{}&#8220;][et_pb_text _builder_version=&#8220;4.21.0&#8243; _module_preset=&#8220;f66cbda2-1e9c-41c9-9248-82aeab118d90&#8243; custom_margin=&#8220;0px||0px||false|false&#8220; custom_padding=&#8220;0px||0px||false|false&#8220; global_colors_info=&#8220;{}&#8220;]<\/p>\n<p><span>Projekt GreenGate (reg. \u010d. 2021-1-CZ01-KA220-ADU-000026171) a&nbsp;projekt GreenGate\u2082 (reg. \u010d.  <\/span><span>2023-2-CZ01-KA220-YOU-000174554) boli realizovan\u00e9 ako s\u00fa\u010das\u0165 programu Erasmus+ s&nbsp;finan\u010dnou podporou Eur\u00f3pskej \u00danie.<\/span><\/p>\n<p>[\/et_pb_text][\/et_pb_column][et_pb_column type=&#8220;1_3&#8243; _builder_version=&#8220;4.21.0&#8243; _module_preset=&#8220;default&#8220; global_colors_info=&#8220;{}&#8220;][et_pb_text _builder_version=&#8220;4.21.0&#8243; _module_preset=&#8220;f66cbda2-1e9c-41c9-9248-82aeab118d90&#8243; global_colors_info=&#8220;{}&#8220;]<\/p>\n<p>Financovan\u00e9 Eur\u00f3pskou \u00faniou. Vyjadren\u00e9 n\u00e1zory a&nbsp;stanovisk\u00e1 s\u00fa v\u0161ak len n\u00e1zormi autora (autorov) a&nbsp;nemusia nevyhnutne odr\u00e1\u017ea\u0165 n\u00e1zory a&nbsp;stanovisk\u00e1 Eur\u00f3pskej \u00fanie alebo V\u00fdkonnej agent\u00fary pre vzdel\u00e1vanie a&nbsp;kult\u00faru (EACEA). Eur\u00f3pska \u00fania ani agent\u00fara EACEA za ne nem\u00f4\u017eu nies\u0165 zodpovednos\u0165.<\/p>\n<p>[\/et_pb_text][\/et_pb_column][et_pb_column type=&#8220;1_3&#8243; _builder_version=&#8220;4.21.0&#8243; _module_preset=&#8220;default&#8220; global_colors_info=&#8220;{}&#8220;][et_pb_text _builder_version=&#8220;4.21.0&#8243; _module_preset=&#8220;f66cbda2-1e9c-41c9-9248-82aeab118d90&#8243; global_colors_info=&#8220;{}&#8220;]<\/p>\n<p>T\u00e1to platforma sa riadi dohodou Creative Commons. CC BY-NC-ND &#8211; https:\/\/creativecommons.org\/licenses\/by-nc-nd\/4.0\/<\/p>\n<p>[\/et_pb_text][\/et_pb_column][\/et_pb_row][\/et_pb_section]<\/p>\n","protected":false},"excerpt":{"rendered":"<p>Umo\u017e\u0148ujeme informovan\u00fd v\u00fdber zdrav\u0161ej kozmetiky.Na\u0161ou dlhodobou snahou je vytvori\u0165 nez\u00e1visl\u00fa komunitu laikov a&nbsp;odborn\u00edkov zastre\u0161en\u00fa platformou GreenGate. Tento jedine\u010dn\u00fd projekt vzdel\u00e1va a&nbsp;pom\u00e1ha pochopi\u0165 zlo\u017eenie kozmetick\u00fdch, prac\u00edch a&nbsp;\u010distiacich prostriedkov. Poskytuje inform\u00e1cie o&nbsp;vplyve \u0161kodliv\u00fdch l\u00e1tok na \u013eudsk\u00e9 zdravie a&nbsp;\u017eivotn\u00e9 prostredie. Ver\u00edme, \u017ee zmena pr\u00edstupu na\u0161ej spolo\u010dnosti je mo\u017en\u00e1. GreenGate je komplexn\u00fd port\u00e1l o&nbsp;[&hellip;]<\/p>\n","protected":false},"author":1,"featured_media":0,"parent":0,"menu_order":0,"comment_status":"closed","ping_status":"closed","template":"","meta":{"_et_pb_use_builder":"on","_et_pb_old_content":"","_et_gb_content_width":"","_monsterinsights_skip_tracking":false,"_monsterinsights_sitenote_active":false,"_monsterinsights_sitenote_note":"","_monsterinsights_sitenote_category":0,"footnotes":""},"yoast_head":"<!-- This site is optimized with the Yoast SEO plugin v23.2 - https:\/\/yoast.com\/wordpress\/plugins\/seo\/ -->\n<title>GreenGate - GreenGate<\/title>\n<meta name=\"robots\" content=\"index, follow, max-snippet:-1, max-image-preview:large, max-video-preview:-1\" \/>\n<link rel=\"canonical\" href=\"https:\/\/green-gate.eu\/sk\/o-nas\/\" \/>\n<meta property=\"og:locale\" content=\"sk_SK\" \/>\n<meta property=\"og:type\" content=\"article\" \/>\n<meta property=\"og:title\" content=\"GreenGate - GreenGate\" \/>\n<meta property=\"og:description\" content=\"Umo\u017e\u0148ujeme informovan\u00fd v\u00fdber zdrav\u0161ej kozmetiky.Na\u0161ou dlhodobou snahou je vytvori\u0165 nez\u00e1visl\u00fa komunitu laikov a odborn\u00edkov zastre\u0161en\u00fa platformou GreenGate. Tento jedine\u010dn\u00fd projekt vzdel\u00e1va a pom\u00e1ha pochopi\u0165 zlo\u017eenie kozmetick\u00fdch, prac\u00edch a \u010distiacich prostriedkov. Poskytuje inform\u00e1cie o vplyve \u0161kodliv\u00fdch l\u00e1tok na \u013eudsk\u00e9 zdravie a \u017eivotn\u00e9 prostredie. Ver\u00edme, \u017ee zmena pr\u00edstupu na\u0161ej spolo\u010dnosti je mo\u017en\u00e1. GreenGate je komplexn\u00fd port\u00e1l o [&hellip;]\" \/>\n<meta property=\"og:url\" content=\"https:\/\/green-gate.eu\/sk\/o-nas\/\" \/>\n<meta property=\"og:site_name\" content=\"GreenGate\" \/>\n<meta property=\"article:modified_time\" content=\"2026-02-09T13:13:09+00:00\" \/>\n<meta name=\"twitter:card\" content=\"summary_large_image\" \/>\n<meta name=\"twitter:label1\" content=\"Predpokladan\u00fd \u010das \u010d\u00edtania\" \/>\n\t<meta name=\"twitter:data1\" content=\"8 min\u00fat\" \/>\n<script type=\"application\/ld+json\" class=\"yoast-schema-graph\">{\"@context\":\"https:\/\/schema.org\",\"@graph\":[{\"@type\":\"WebPage\",\"@id\":\"https:\/\/green-gate.eu\/sk\/o-nas\/\",\"url\":\"https:\/\/green-gate.eu\/sk\/o-nas\/\",\"name\":\"GreenGate - GreenGate\",\"isPartOf\":{\"@id\":\"https:\/\/green-gate.eu\/sk\/#website\"},\"datePublished\":\"2023-04-13T10:08:28+00:00\",\"dateModified\":\"2026-02-09T13:13:09+00:00\",\"breadcrumb\":{\"@id\":\"https:\/\/green-gate.eu\/sk\/o-nas\/#breadcrumb\"},\"inLanguage\":\"sk-SK\",\"potentialAction\":[{\"@type\":\"ReadAction\",\"target\":[\"https:\/\/green-gate.eu\/sk\/o-nas\/\"]}]},{\"@type\":\"BreadcrumbList\",\"@id\":\"https:\/\/green-gate.eu\/sk\/o-nas\/#breadcrumb\",\"itemListElement\":[{\"@type\":\"ListItem\",\"position\":1,\"name\":\"Home\",\"item\":\"https:\/\/green-gate.eu\/sk\/\"},{\"@type\":\"ListItem\",\"position\":2,\"name\":\"GreenGate\"}]},{\"@type\":\"WebSite\",\"@id\":\"https:\/\/green-gate.eu\/sk\/#website\",\"url\":\"https:\/\/green-gate.eu\/sk\/\",\"name\":\"GreenGate\",\"description\":\"Learn how to create healthier beauty routines and debunk common myths.\",\"publisher\":{\"@id\":\"https:\/\/green-gate.eu\/sk\/#organization\"},\"potentialAction\":[{\"@type\":\"SearchAction\",\"target\":{\"@type\":\"EntryPoint\",\"urlTemplate\":\"https:\/\/green-gate.eu\/sk\/?s={search_term_string}\"},\"query-input\":\"required name=search_term_string\"}],\"inLanguage\":\"sk-SK\"},{\"@type\":\"Organization\",\"@id\":\"https:\/\/green-gate.eu\/sk\/#organization\",\"name\":\"GreenGate\",\"url\":\"https:\/\/green-gate.eu\/sk\/\",\"logo\":{\"@type\":\"ImageObject\",\"inLanguage\":\"sk-SK\",\"@id\":\"https:\/\/green-gate.eu\/sk\/#\/schema\/logo\/image\/\",\"url\":\"https:\/\/green-gate.eu\/wp-content\/uploads\/2023\/04\/brand.png\",\"contentUrl\":\"https:\/\/green-gate.eu\/wp-content\/uploads\/2023\/04\/brand.png\",\"width\":263,\"height\":108,\"caption\":\"GreenGate\"},\"image\":{\"@id\":\"https:\/\/green-gate.eu\/sk\/#\/schema\/logo\/image\/\"}}]}<\/script>\n<!-- \/ Yoast SEO plugin. -->","yoast_head_json":{"title":"GreenGate - GreenGate","robots":{"index":"index","follow":"follow","max-snippet":"max-snippet:-1","max-image-preview":"max-image-preview:large","max-video-preview":"max-video-preview:-1"},"canonical":"https:\/\/green-gate.eu\/sk\/o-nas\/","og_locale":"sk_SK","og_type":"article","og_title":"GreenGate - GreenGate","og_description":"Umo\u017e\u0148ujeme informovan\u00fd v\u00fdber zdrav\u0161ej kozmetiky.Na\u0161ou dlhodobou snahou je vytvori\u0165 nez\u00e1visl\u00fa komunitu laikov a odborn\u00edkov zastre\u0161en\u00fa platformou GreenGate. Tento jedine\u010dn\u00fd projekt vzdel\u00e1va a pom\u00e1ha pochopi\u0165 zlo\u017eenie kozmetick\u00fdch, prac\u00edch a \u010distiacich prostriedkov. Poskytuje inform\u00e1cie o vplyve \u0161kodliv\u00fdch l\u00e1tok na \u013eudsk\u00e9 zdravie a \u017eivotn\u00e9 prostredie. Ver\u00edme, \u017ee zmena pr\u00edstupu na\u0161ej spolo\u010dnosti je mo\u017en\u00e1. GreenGate je komplexn\u00fd port\u00e1l o [&hellip;]","og_url":"https:\/\/green-gate.eu\/sk\/o-nas\/","og_site_name":"GreenGate","article_modified_time":"2026-02-09T13:13:09+00:00","twitter_card":"summary_large_image","twitter_misc":{"Predpokladan\u00fd \u010das \u010d\u00edtania":"8 min\u00fat"},"schema":{"@context":"https:\/\/schema.org","@graph":[{"@type":"WebPage","@id":"https:\/\/green-gate.eu\/sk\/o-nas\/","url":"https:\/\/green-gate.eu\/sk\/o-nas\/","name":"GreenGate - GreenGate","isPartOf":{"@id":"https:\/\/green-gate.eu\/sk\/#website"},"datePublished":"2023-04-13T10:08:28+00:00","dateModified":"2026-02-09T13:13:09+00:00","breadcrumb":{"@id":"https:\/\/green-gate.eu\/sk\/o-nas\/#breadcrumb"},"inLanguage":"sk-SK","potentialAction":[{"@type":"ReadAction","target":["https:\/\/green-gate.eu\/sk\/o-nas\/"]}]},{"@type":"BreadcrumbList","@id":"https:\/\/green-gate.eu\/sk\/o-nas\/#breadcrumb","itemListElement":[{"@type":"ListItem","position":1,"name":"Home","item":"https:\/\/green-gate.eu\/sk\/"},{"@type":"ListItem","position":2,"name":"GreenGate"}]},{"@type":"WebSite","@id":"https:\/\/green-gate.eu\/sk\/#website","url":"https:\/\/green-gate.eu\/sk\/","name":"GreenGate","description":"Learn how to create healthier beauty routines and debunk common myths.","publisher":{"@id":"https:\/\/green-gate.eu\/sk\/#organization"},"potentialAction":[{"@type":"SearchAction","target":{"@type":"EntryPoint","urlTemplate":"https:\/\/green-gate.eu\/sk\/?s={search_term_string}"},"query-input":"required name=search_term_string"}],"inLanguage":"sk-SK"},{"@type":"Organization","@id":"https:\/\/green-gate.eu\/sk\/#organization","name":"GreenGate","url":"https:\/\/green-gate.eu\/sk\/","logo":{"@type":"ImageObject","inLanguage":"sk-SK","@id":"https:\/\/green-gate.eu\/sk\/#\/schema\/logo\/image\/","url":"https:\/\/green-gate.eu\/wp-content\/uploads\/2023\/04\/brand.png","contentUrl":"https:\/\/green-gate.eu\/wp-content\/uploads\/2023\/04\/brand.png","width":263,"height":108,"caption":"GreenGate"},"image":{"@id":"https:\/\/green-gate.eu\/sk\/#\/schema\/logo\/image\/"}}]}},"jetpack_sharing_enabled":true,"_links":{"self":[{"href":"https:\/\/green-gate.eu\/sk\/wp-json\/wp\/v2\/pages\/4329"}],"collection":[{"href":"https:\/\/green-gate.eu\/sk\/wp-json\/wp\/v2\/pages"}],"about":[{"href":"https:\/\/green-gate.eu\/sk\/wp-json\/wp\/v2\/types\/page"}],"author":[{"embeddable":true,"href":"https:\/\/green-gate.eu\/sk\/wp-json\/wp\/v2\/users\/1"}],"replies":[{"embeddable":true,"href":"https:\/\/green-gate.eu\/sk\/wp-json\/wp\/v2\/comments?post=4329"}],"version-history":[{"count":24,"href":"https:\/\/green-gate.eu\/sk\/wp-json\/wp\/v2\/pages\/4329\/revisions"}],"predecessor-version":[{"id":26201,"href":"https:\/\/green-gate.eu\/sk\/wp-json\/wp\/v2\/pages\/4329\/revisions\/26201"}],"wp:attachment":[{"href":"https:\/\/green-gate.eu\/sk\/wp-json\/wp\/v2\/media?parent=4329"}],"curies":[{"name":"wp","href":"https:\/\/api.w.org\/{rel}","templated":true}]}}