{"id":4315,"date":"2023-04-13T11:58:34","date_gmt":"2023-04-13T09:58:34","guid":{"rendered":"https:\/\/green-gate.eu\/g-book\/"},"modified":"2025-11-28T18:28:50","modified_gmt":"2025-11-28T17:28:50","slug":"g-book","status":"publish","type":"page","link":"https:\/\/green-gate.eu\/sk\/g-book\/","title":{"rendered":"G-book"},"content":{"rendered":"<p>[et_pb_section fb_built=&#8220;1&#8243; _builder_version=&#8220;4.23&#8243; _module_preset=&#8220;92daa416-652f-4076-9075-7e234254a6ac&#8220; global_colors_info=&#8220;{}&#8220;][et_pb_row _builder_version=&#8220;4.23&#8243; _module_preset=&#8220;default&#8220; width=&#8220;100%&#8220; custom_margin=&#8220;||||false|false&#8220; custom_padding=&#8220;0px||0px||true|false&#8220; global_colors_info=&#8220;{}&#8220;][et_pb_column type=&#8220;4_4&#8243; _builder_version=&#8220;4.23&#8243; _module_preset=&#8220;default&#8220; global_colors_info=&#8220;{}&#8220;][et_pb_text _builder_version=&#8220;4.23&#8243; _module_preset=&#8220;1f1ac656-3431-472b-b627-10123e56f24a&#8220; global_colors_info=&#8220;{}&#8220;]<\/p>\n<h1 style=\"text-align: center;\">G-KNIHA<\/h1>\n<p>[\/et_pb_text][\/et_pb_column][\/et_pb_row][\/et_pb_section][et_pb_section fb_built=&#8220;1&#8243; _builder_version=&#8220;4.21.0&#8243; _module_preset=&#8220;14e305e4-ab41-40ea-aebe-d74a9fedeebd&#8220; custom_padding=&#8220;60px|48px|40px|48px|false|true&#8220; global_colors_info=&#8220;{}&#8220;][et_pb_row _builder_version=&#8220;4.21.0&#8243; _module_preset=&#8220;00b9a908-9d8a-4f83-8552-e1abcb372e40&#8243; global_colors_info=&#8220;{}&#8220;][et_pb_column type=&#8220;4_4&#8243; _builder_version=&#8220;4.21.0&#8243; _module_preset=&#8220;default&#8220; global_colors_info=&#8220;{}&#8220;][et_pb_text _builder_version=&#8220;4.23&#8243; _module_preset=&#8220;1f1ac656-3431-472b-b627-10123e56f24a&#8220; custom_margin=&#8220;||48px|||&#8220; global_colors_info=&#8220;{}&#8220;]<\/p>\n<p>Roz\u0161\u00edrte si svoje vedomosti o&nbsp;zodpovednom pou\u017e\u00edvan\u00ed kozmetick\u00fdch v\u00fdrobkov prostredn\u00edctvom kr\u00e1tkeho \u010d\u00edtania.<\/p>\n<p>[\/et_pb_text][et_pb_button button_url=&#8220;https:\/\/green-gate.eu\/downloads\/G-book-sk.pdf&#8220; button_text=&#8220;Stiahnite si e-knihu zadarmo&#8220; button_alignment=&#8220;left&#8220; _builder_version=&#8220;4.23&#8243; _module_preset=&#8220;_initial&#8220; custom_margin=&#8220;||48px|||&#8220; locked=&#8220;off&#8220; global_colors_info=&#8220;{}&#8220;][\/et_pb_button][et_pb_text _builder_version=&#8220;4.23&#8243; _module_preset=&#8220;1f1ac656-3431-472b-b627-10123e56f24a&#8220; hover_enabled=&#8220;0&#8243; global_colors_info=&#8220;{}&#8220; sticky_enabled=&#8220;0&#8243;]<\/p>\n<h3>O \u010do ide?<\/h3>\n<p>G-kniha predstavuje pohodln\u00fa, vzdel\u00e1vaciu a&nbsp;odborn\u00fa podporu pri sk\u00faman\u00ed bezpe\u010dn\u00e9ho a&nbsp;zodpovedn\u00e9ho pou\u017e\u00edvania kozmetick\u00fdch v\u00fdrobkov &#8211; zavedie v\u00e1s na kr\u00e1tke \u010ditate\u013esk\u00e9 dobrodru\u017estvo od kozmetick\u00fdch v\u00fdrobkov a\u017e po ich komplexn\u00fd vz\u0165ah k&nbsp;va\u0161ej poko\u017eke a&nbsp;\u017eivotn\u00e9mu prostrediu. V&nbsp;\u0161iestich kapitol\u00e1ch sa kniha zameriava na k\u013e\u00fa\u010dov\u00e9 \u00farovne ka\u017edodenn\u00e9ho vz\u0165ahu medzi pou\u017e\u00edvate\u013eom a&nbsp;v\u00fdrobkom osobnej starostlivosti\/kozmetick\u00fdm v\u00fdrobkom. Predstavuje ich naj\u0161ir\u0161ej verejnosti priate\u013esk\u00fdm a&nbsp;profesion\u00e1lnym sp\u00f4sobom.<\/p>\n<p>[\/et_pb_text][\/et_pb_column][\/et_pb_row][et_pb_row column_structure=&#8220;1_3,1_3,1_3&#8243; use_custom_gutter=&#8220;on&#8220; gutter_width=&#8220;2&#8243; custom_padding_last_edited=&#8220;on|tablet&#8220; module_class=&#8220;three-col-tab three-col-mob&#8220; _builder_version=&#8220;4.23&#8243; _module_preset=&#8220;default&#8220; width=&#8220;auto&#8220; custom_padding=&#8220;||60px||false|false&#8220; custom_padding_tablet=&#8220;||20px||false|false&#8220; custom_padding_phone=&#8220;||0px||false|false&#8220; hover_enabled=&#8220;0&#8243; locked=&#8220;off&#8220; global_colors_info=&#8220;{}&#8220; sticky_enabled=&#8220;0&#8243;][et_pb_column type=&#8220;1_3&#8243; _builder_version=&#8220;4.21.0&#8243; _module_preset=&#8220;default&#8220; global_colors_info=&#8220;{}&#8220;][et_pb_image src=&#8220;https:\/\/green-gate.eu\/wp-content\/uploads\/2023\/12\/G-book-sk.png&#8220; title_text=&#8220;G-book-en-1&#8243; _builder_version=&#8220;4.21.0&#8243; _module_preset=&#8220;74535d13-2544-4cb3-8f20-e2d24a2f7c5e&#8220; border_width_all=&#8220;0px&#8220; global_colors_info=&#8220;{}&#8220;][\/et_pb_image][\/et_pb_column][et_pb_column type=&#8220;1_3&#8243; _builder_version=&#8220;4.21.0&#8243; _module_preset=&#8220;default&#8220; global_colors_info=&#8220;{}&#8220;][et_pb_image src=&#8220;https:\/\/green-gate.eu\/wp-content\/uploads\/2023\/12\/G-book-sk2-1.png&#8220; title_text=&#8220;G-book-en-6&#8243; _builder_version=&#8220;4.21.0&#8243; _module_preset=&#8220;74535d13-2544-4cb3-8f20-e2d24a2f7c5e&#8220; global_colors_info=&#8220;{}&#8220;][\/et_pb_image][\/et_pb_column][et_pb_column type=&#8220;1_3&#8243; _builder_version=&#8220;4.21.0&#8243; _module_preset=&#8220;default&#8220; global_colors_info=&#8220;{}&#8220;][et_pb_image src=&#8220;https:\/\/green-gate.eu\/wp-content\/uploads\/2023\/12\/G-book-sk4.png&#8220; title_text=&#8220;G-book-en-37&#8243; _builder_version=&#8220;4.21.0&#8243; _module_preset=&#8220;74535d13-2544-4cb3-8f20-e2d24a2f7c5e&#8220; global_colors_info=&#8220;{}&#8220;][\/et_pb_image][\/et_pb_column][\/et_pb_row][et_pb_row _builder_version=&#8220;4.21.0&#8243; _module_preset=&#8220;00b9a908-9d8a-4f83-8552-e1abcb372e40&#8243; global_colors_info=&#8220;{}&#8220;][et_pb_column type=&#8220;4_4&#8243; _builder_version=&#8220;4.21.0&#8243; _module_preset=&#8220;default&#8220; global_colors_info=&#8220;{}&#8220;][et_pb_text _builder_version=&#8220;4.21.0&#8243; _module_preset=&#8220;1f1ac656-3431-472b-b627-10123e56f24a&#8220; global_colors_info=&#8220;{}&#8220;]<\/p>\n<h3>Ktor\u00e9 t\u00e9my s\u00fa zahrnut\u00e9?<\/h3>\n<p>Obsah sa sna\u017e\u00ed zabezpe\u010di\u0165, aby pou\u017e\u00edvatelia z\u00edskali vedomosti a&nbsp;inform\u00e1cie o&nbsp;t\u00fdchto t\u00e9mach:<\/p>\n<ul>\n<li>z\u00e1klady, ako je poznanie poko\u017eky (ktor\u00e1 predstavuje n\u00e1\u0161 prv\u00fd fyziologick\u00fd kontakt s&nbsp;v\u00fdrobkami osobnej starostlivosti),<\/li>\n<li>\u00favod k&nbsp;chemick\u00fdm l\u00e1tkam a&nbsp;zlo\u017ek\u00e1m v\u00fdrobkov osobnej starostlivosti,<\/li>\n<li>potenci\u00e1lne nebezpe\u010dn\u00e9 alebo ne\u017eiaduce zlo\u017eky,<\/li>\n<li>plast ako zlo\u017eka alebo obalov\u00fd materi\u00e1l,<\/li>\n<li>legislat\u00edva a&nbsp;obmedzenia v&nbsp;oblasti kozmetiky,<\/li>\n<li>a napokon environment\u00e1lne rizik\u00e1, ktor\u00e9 predstavuje celosvetov\u00e1 v\u00fdroba a&nbsp;pou\u017e\u00edvanie kozmetick\u00fdch v\u00fdrobkov.<\/li>\n<\/ul>\n<p>[\/et_pb_text][et_pb_button button_url=&#8220;https:\/\/green-gate.eu\/downloads\/G-book-sk.pdf&#8220; button_text=&#8220;Stiahnite si e-knihu zadarmo&#8220; _builder_version=&#8220;4.23&#8243; _module_preset=&#8220;_initial&#8220; global_colors_info=&#8220;{}&#8220;][\/et_pb_button][\/et_pb_column][\/et_pb_row][\/et_pb_section][et_pb_section fb_built=&#8220;1&#8243; _builder_version=&#8220;4.21.0&#8243; _module_preset=&#8220;14e305e4-ab41-40ea-aebe-d74a9fedeebd&#8220; background_color=&#8220;#F1F1F1&#8243; global_colors_info=&#8220;{}&#8220;][et_pb_row _builder_version=&#8220;4.21.0&#8243; _module_preset=&#8220;975092c4-df6e-4689-ae9e-09dbe93ff836&#8243; global_colors_info=&#8220;{}&#8220;][et_pb_column type=&#8220;4_4&#8243; _builder_version=&#8220;4.21.0&#8243; _module_preset=&#8220;default&#8220; global_colors_info=&#8220;{}&#8220;][et_pb_text _builder_version=&#8220;4.23&#8243; _module_preset=&#8220;72bd9afb-da6b-4e91-9091-8d1f0e2926f3&#8243; hover_enabled=&#8220;0&#8243; global_colors_info=&#8220;{}&#8220; sticky_enabled=&#8220;0&#8243;]<\/p>\n<h3>Kto vytvoril G-knihu?<\/h3>\n<p>[\/et_pb_text][et_pb_text _builder_version=&#8220;4.21.0&#8243; _module_preset=&#8220;4f9b08aa-8e9b-44b2-9522-2493f7de4e00&#8243; link_option_url=&#8220;https:\/\/fvo.si&#8220; link_option_url_new_window=&#8220;on&#8220; global_colors_info=&#8220;{}&#8220;]<\/p>\n<h4><a href=\"https:\/\/fvo.si\">Fakulta ochrany \u017eivotn\u00e9ho prostredia<\/a><\/h4>\n<p>[\/et_pb_text][et_pb_text _builder_version=&#8220;4.21.0&#8243; _module_preset=&#8220;1f1ac656-3431-472b-b627-10123e56f24a&#8220; global_colors_info=&#8220;{}&#8220;]<\/p>\n<p>The Faculty of Environmental Protection (FVO) is an independent institution of higher education that teaches environmental protection in&nbsp;the broadest terms. The teachings overlap in&nbsp;natural sciences, engineering, bioengineering, and social and humane arts. The faculty was founded as the Environmental Protection College in&nbsp;2006 and became a&nbsp;faculty in&nbsp;2022.<\/p>\n<p>FVO pon\u00faka dva \u0161tudijn\u00e9 programy v&nbsp;s\u00falade s&nbsp;Bolonskou zmluvou, trojro\u010dn\u00e9 bakal\u00e1rske a&nbsp;dvojro\u010dn\u00e9 magistersk\u00e9 \u0161t\u00fadium. V\u00fdskumn\u00e9 aktivity na fakulte sa realizuj\u00fa v&nbsp;r\u00e1mci r\u00f4znych n\u00e1rodn\u00fdch a&nbsp;medzin\u00e1rodn\u00fdch projektov, ako s\u00fa cie\u013eov\u00e9 v\u00fdskumn\u00e9 programy pre koncov\u00fdch u\u017e\u00edvate\u013eov a&nbsp;r\u00f4zne programy E\u00da. Fakulta je dr\u017eite\u013eom nov\u00e9ho certifik\u00e1tu Erasmus pre terci\u00e1rne vzdel\u00e1vanie na obdobie 2021-2027, s&nbsp;ktor\u00fdm m\u00e1 mo\u017enos\u0165 medziin\u0161titucion\u00e1lneho prepojenia v&nbsp;oblasti vzdel\u00e1vania, praxe a&nbsp;v\u00fdskumu.<\/p>\n<p>[\/et_pb_text][\/et_pb_column][\/et_pb_row][\/et_pb_section][et_pb_section fb_built=&#8220;1&#8243; custom_padding_last_edited=&#8220;on|tablet&#8220; admin_label=&#8220;EU Logolink Section&#8220; _builder_version=&#8220;4.23&#8243; _module_preset=&#8220;default&#8220; background_color=&#8220;#F1F1F1&#8243; custom_padding=&#8220;80px|48px|80px|48px|true|true&#8220; custom_padding_tablet=&#8220;60px||60px||true|true&#8220; custom_padding_phone=&#8220;60px|6%|60px|6%|true|false&#8220; global_module=&#8220;6149&#8243; collapsed=&#8220;on&#8220; global_colors_info=&#8220;{}&#8220;][et_pb_row column_structure=&#8220;1_2,1_2&#8243; custom_padding_last_edited=&#8220;on|tablet&#8220; module_class=&#8220;two-col-tab two-col-mob&#8220; _builder_version=&#8220;4.21.0&#8243; _module_preset=&#8220;default&#8220; width=&#8220;auto&#8220; max_width=&#8220;660px&#8220; max_width_tablet=&#8220;600px&#8220; max_width_phone=&#8220;460px&#8220; max_width_last_edited=&#8220;on|tablet&#8220; custom_padding=&#8220;0px||40px||false|false&#8220; custom_padding_tablet=&#8220;0px||32px||false|false&#8220; custom_padding_phone=&#8220;||32px||false|false&#8220; global_colors_info=&#8220;{}&#8220;][et_pb_column type=&#8220;1_2&#8243; _builder_version=&#8220;4.21.0&#8243; _module_preset=&#8220;default&#8220; custom_padding=&#8220;||||false|false&#8220; global_colors_info=&#8220;{}&#8220;][et_pb_image src=&#8220;https:\/\/green-gate.eu\/wp-content\/uploads\/2023\/08\/logo-erasmus.png&#8220; title_text=&#8220;logo-erasmus&#8220; _builder_version=&#8220;4.21.0&#8243; _module_preset=&#8220;default&#8220; max_width=&#8220;240px&#8220; max_width_tablet=&#8220;206px&#8220; max_width_phone=&#8220;147px&#8220; max_width_last_edited=&#8220;on|tablet&#8220; module_alignment=&#8220;center&#8220; height_last_edited=&#8220;off|tablet&#8220; max_height=&#8220;49px&#8220; max_height_tablet=&#8220;42px&#8220; max_height_phone=&#8220;&#8220; max_height_last_edited=&#8220;on|tablet&#8220; global_colors_info=&#8220;{}&#8220; height__hover_enabled=&#8220;off|desktop&#8220;][\/et_pb_image][\/et_pb_column][et_pb_column type=&#8220;1_2&#8243; _builder_version=&#8220;4.21.0&#8243; _module_preset=&#8220;default&#8220; global_colors_info=&#8220;{}&#8220;][et_pb_image src=&#8220;https:\/\/green-gate.eu\/wp-content\/uploads\/2025\/05\/logo-eu-cofounded-eng.png&#8220; title_text=&#8220;logo-eu-cofounded-eng&#8220; show_bottom_space=&#8220;off&#8220; _builder_version=&#8220;4.23&#8243; _module_preset=&#8220;default&#8220; max_width=&#8220;237px&#8220; max_width_tablet=&#8220;202px&#8220; max_width_phone=&#8220;148px&#8220; max_width_last_edited=&#8220;on|tablet&#8220; module_alignment=&#8220;center&#8220; max_height=&#8220;48px&#8220; max_height_tablet=&#8220;41px&#8220; max_height_phone=&#8220;&#8220; max_height_last_edited=&#8220;on|tablet&#8220; global_colors_info=&#8220;{}&#8220;][\/et_pb_image][\/et_pb_column][\/et_pb_row][et_pb_row column_structure=&#8220;1_3,1_3,1_3&#8243; use_custom_gutter=&#8220;on&#8220; gutter_width=&#8220;2&#8243; module_class=&#8220;three-col-tab&#8220; _builder_version=&#8220;4.23&#8243; _module_preset=&#8220;default&#8220; width=&#8220;auto&#8220; max_width=&#8220;1200px&#8220; custom_padding=&#8220;0px||0px||false|false&#8220; global_colors_info=&#8220;{}&#8220;][et_pb_column type=&#8220;1_3&#8243; _builder_version=&#8220;4.21.0&#8243; _module_preset=&#8220;default&#8220; global_colors_info=&#8220;{}&#8220;][et_pb_text _builder_version=&#8220;4.21.0&#8243; _module_preset=&#8220;f66cbda2-1e9c-41c9-9248-82aeab118d90&#8243; custom_margin=&#8220;0px||0px||false|false&#8220; custom_padding=&#8220;0px||0px||false|false&#8220; global_colors_info=&#8220;{}&#8220;]<\/p>\n<p><span>Projekt GreenGate (reg. \u010d. 2021-1-CZ01-KA220-ADU-000026171) a&nbsp;projekt GreenGate\u2082 (reg. \u010d.  <\/span><span>2023-2-CZ01-KA220-YOU-000174554) boli realizovan\u00e9 ako s\u00fa\u010das\u0165 programu Erasmus+ s&nbsp;finan\u010dnou podporou Eur\u00f3pskej \u00danie.<\/span><\/p>\n<p>[\/et_pb_text][\/et_pb_column][et_pb_column type=&#8220;1_3&#8243; _builder_version=&#8220;4.21.0&#8243; _module_preset=&#8220;default&#8220; global_colors_info=&#8220;{}&#8220;][et_pb_text _builder_version=&#8220;4.21.0&#8243; _module_preset=&#8220;f66cbda2-1e9c-41c9-9248-82aeab118d90&#8243; global_colors_info=&#8220;{}&#8220;]<\/p>\n<p>Financovan\u00e9 Eur\u00f3pskou \u00faniou. Vyjadren\u00e9 n\u00e1zory a&nbsp;stanovisk\u00e1 s\u00fa v\u0161ak len n\u00e1zormi autora (autorov) a&nbsp;nemusia nevyhnutne odr\u00e1\u017ea\u0165 n\u00e1zory a&nbsp;stanovisk\u00e1 Eur\u00f3pskej \u00fanie alebo V\u00fdkonnej agent\u00fary pre vzdel\u00e1vanie a&nbsp;kult\u00faru (EACEA). Eur\u00f3pska \u00fania ani agent\u00fara EACEA za ne nem\u00f4\u017eu nies\u0165 zodpovednos\u0165.<\/p>\n<p>[\/et_pb_text][\/et_pb_column][et_pb_column type=&#8220;1_3&#8243; _builder_version=&#8220;4.21.0&#8243; _module_preset=&#8220;default&#8220; global_colors_info=&#8220;{}&#8220;][et_pb_text _builder_version=&#8220;4.21.0&#8243; _module_preset=&#8220;f66cbda2-1e9c-41c9-9248-82aeab118d90&#8243; global_colors_info=&#8220;{}&#8220;]<\/p>\n<p>T\u00e1to platforma sa riadi dohodou Creative Commons. CC BY-NC-ND &#8211; https:\/\/creativecommons.org\/licenses\/by-nc-nd\/4.0\/<\/p>\n<p>[\/et_pb_text][\/et_pb_column][\/et_pb_row][\/et_pb_section]<\/p>\n","protected":false},"excerpt":{"rendered":"<p>G-KNIHARoz\u0161\u00edrte si svoje vedomosti o&nbsp;zodpovednom pou\u017e\u00edvan\u00ed kozmetick\u00fdch v\u00fdrobkov prostredn\u00edctvom kr\u00e1tkeho \u010d\u00edtania.O \u010do ide? G-kniha predstavuje pohodln\u00fa, vzdel\u00e1vaciu a&nbsp;odborn\u00fa podporu pri sk\u00faman\u00ed bezpe\u010dn\u00e9ho a&nbsp;zodpovedn\u00e9ho pou\u017e\u00edvania kozmetick\u00fdch v\u00fdrobkov &#8211; zavedie v\u00e1s na kr\u00e1tke \u010ditate\u013esk\u00e9 dobrodru\u017estvo od kozmetick\u00fdch v\u00fdrobkov a\u017e po ich komplexn\u00fd vz\u0165ah k&nbsp;va\u0161ej poko\u017eke a&nbsp;\u017eivotn\u00e9mu prostrediu. V&nbsp;\u0161iestich kapitol\u00e1ch sa kniha [&hellip;]<\/p>\n","protected":false},"author":1,"featured_media":0,"parent":0,"menu_order":0,"comment_status":"closed","ping_status":"closed","template":"","meta":{"_et_pb_use_builder":"on","_et_pb_old_content":"","_et_gb_content_width":"","_monsterinsights_skip_tracking":false,"_monsterinsights_sitenote_active":false,"_monsterinsights_sitenote_note":"","_monsterinsights_sitenote_category":0,"footnotes":""},"yoast_head":"<!-- This site is optimized with the Yoast SEO plugin v23.2 - https:\/\/yoast.com\/wordpress\/plugins\/seo\/ -->\n<title>G-book - GreenGate<\/title>\n<meta name=\"robots\" content=\"index, follow, max-snippet:-1, max-image-preview:large, max-video-preview:-1\" \/>\n<link rel=\"canonical\" href=\"https:\/\/green-gate.eu\/sk\/g-book\/\" \/>\n<meta property=\"og:locale\" content=\"sk_SK\" \/>\n<meta property=\"og:type\" content=\"article\" \/>\n<meta property=\"og:title\" content=\"G-book - GreenGate\" \/>\n<meta property=\"og:description\" content=\"G-KNIHARoz\u0161\u00edrte si svoje vedomosti o zodpovednom pou\u017e\u00edvan\u00ed kozmetick\u00fdch v\u00fdrobkov prostredn\u00edctvom kr\u00e1tkeho \u010d\u00edtania.O \u010do ide? G-kniha predstavuje pohodln\u00fa, vzdel\u00e1vaciu a odborn\u00fa podporu pri sk\u00faman\u00ed bezpe\u010dn\u00e9ho a zodpovedn\u00e9ho pou\u017e\u00edvania kozmetick\u00fdch v\u00fdrobkov - zavedie v\u00e1s na kr\u00e1tke \u010ditate\u013esk\u00e9 dobrodru\u017estvo od kozmetick\u00fdch v\u00fdrobkov a\u017e po ich komplexn\u00fd vz\u0165ah k va\u0161ej poko\u017eke a \u017eivotn\u00e9mu prostrediu. V \u0161iestich kapitol\u00e1ch sa kniha [&hellip;]\" \/>\n<meta property=\"og:url\" content=\"https:\/\/green-gate.eu\/sk\/g-book\/\" \/>\n<meta property=\"og:site_name\" content=\"GreenGate\" \/>\n<meta property=\"article:modified_time\" content=\"2025-11-28T17:28:50+00:00\" \/>\n<meta name=\"twitter:card\" content=\"summary_large_image\" \/>\n<meta name=\"twitter:label1\" content=\"Predpokladan\u00fd \u010das \u010d\u00edtania\" \/>\n\t<meta name=\"twitter:data1\" content=\"8 min\u00fat\" \/>\n<script type=\"application\/ld+json\" class=\"yoast-schema-graph\">{\"@context\":\"https:\/\/schema.org\",\"@graph\":[{\"@type\":\"WebPage\",\"@id\":\"https:\/\/green-gate.eu\/sk\/g-book\/\",\"url\":\"https:\/\/green-gate.eu\/sk\/g-book\/\",\"name\":\"G-book - GreenGate\",\"isPartOf\":{\"@id\":\"https:\/\/green-gate.eu\/sk\/#website\"},\"datePublished\":\"2023-04-13T09:58:34+00:00\",\"dateModified\":\"2025-11-28T17:28:50+00:00\",\"breadcrumb\":{\"@id\":\"https:\/\/green-gate.eu\/sk\/g-book\/#breadcrumb\"},\"inLanguage\":\"sk-SK\",\"potentialAction\":[{\"@type\":\"ReadAction\",\"target\":[\"https:\/\/green-gate.eu\/sk\/g-book\/\"]}]},{\"@type\":\"BreadcrumbList\",\"@id\":\"https:\/\/green-gate.eu\/sk\/g-book\/#breadcrumb\",\"itemListElement\":[{\"@type\":\"ListItem\",\"position\":1,\"name\":\"Home\",\"item\":\"https:\/\/green-gate.eu\/sk\/\"},{\"@type\":\"ListItem\",\"position\":2,\"name\":\"G-book\"}]},{\"@type\":\"WebSite\",\"@id\":\"https:\/\/green-gate.eu\/sk\/#website\",\"url\":\"https:\/\/green-gate.eu\/sk\/\",\"name\":\"GreenGate\",\"description\":\"Learn how to create healthier beauty routines and debunk common myths.\",\"publisher\":{\"@id\":\"https:\/\/green-gate.eu\/sk\/#organization\"},\"potentialAction\":[{\"@type\":\"SearchAction\",\"target\":{\"@type\":\"EntryPoint\",\"urlTemplate\":\"https:\/\/green-gate.eu\/sk\/?s={search_term_string}\"},\"query-input\":\"required name=search_term_string\"}],\"inLanguage\":\"sk-SK\"},{\"@type\":\"Organization\",\"@id\":\"https:\/\/green-gate.eu\/sk\/#organization\",\"name\":\"GreenGate\",\"url\":\"https:\/\/green-gate.eu\/sk\/\",\"logo\":{\"@type\":\"ImageObject\",\"inLanguage\":\"sk-SK\",\"@id\":\"https:\/\/green-gate.eu\/sk\/#\/schema\/logo\/image\/\",\"url\":\"https:\/\/green-gate.eu\/wp-content\/uploads\/2023\/04\/brand.png\",\"contentUrl\":\"https:\/\/green-gate.eu\/wp-content\/uploads\/2023\/04\/brand.png\",\"width\":263,\"height\":108,\"caption\":\"GreenGate\"},\"image\":{\"@id\":\"https:\/\/green-gate.eu\/sk\/#\/schema\/logo\/image\/\"}}]}<\/script>\n<!-- \/ Yoast SEO plugin. -->","yoast_head_json":{"title":"G-book - GreenGate","robots":{"index":"index","follow":"follow","max-snippet":"max-snippet:-1","max-image-preview":"max-image-preview:large","max-video-preview":"max-video-preview:-1"},"canonical":"https:\/\/green-gate.eu\/sk\/g-book\/","og_locale":"sk_SK","og_type":"article","og_title":"G-book - GreenGate","og_description":"G-KNIHARoz\u0161\u00edrte si svoje vedomosti o zodpovednom pou\u017e\u00edvan\u00ed kozmetick\u00fdch v\u00fdrobkov prostredn\u00edctvom kr\u00e1tkeho \u010d\u00edtania.O \u010do ide? G-kniha predstavuje pohodln\u00fa, vzdel\u00e1vaciu a odborn\u00fa podporu pri sk\u00faman\u00ed bezpe\u010dn\u00e9ho a zodpovedn\u00e9ho pou\u017e\u00edvania kozmetick\u00fdch v\u00fdrobkov - zavedie v\u00e1s na kr\u00e1tke \u010ditate\u013esk\u00e9 dobrodru\u017estvo od kozmetick\u00fdch v\u00fdrobkov a\u017e po ich komplexn\u00fd vz\u0165ah k va\u0161ej poko\u017eke a \u017eivotn\u00e9mu prostrediu. V \u0161iestich kapitol\u00e1ch sa kniha [&hellip;]","og_url":"https:\/\/green-gate.eu\/sk\/g-book\/","og_site_name":"GreenGate","article_modified_time":"2025-11-28T17:28:50+00:00","twitter_card":"summary_large_image","twitter_misc":{"Predpokladan\u00fd \u010das \u010d\u00edtania":"8 min\u00fat"},"schema":{"@context":"https:\/\/schema.org","@graph":[{"@type":"WebPage","@id":"https:\/\/green-gate.eu\/sk\/g-book\/","url":"https:\/\/green-gate.eu\/sk\/g-book\/","name":"G-book - GreenGate","isPartOf":{"@id":"https:\/\/green-gate.eu\/sk\/#website"},"datePublished":"2023-04-13T09:58:34+00:00","dateModified":"2025-11-28T17:28:50+00:00","breadcrumb":{"@id":"https:\/\/green-gate.eu\/sk\/g-book\/#breadcrumb"},"inLanguage":"sk-SK","potentialAction":[{"@type":"ReadAction","target":["https:\/\/green-gate.eu\/sk\/g-book\/"]}]},{"@type":"BreadcrumbList","@id":"https:\/\/green-gate.eu\/sk\/g-book\/#breadcrumb","itemListElement":[{"@type":"ListItem","position":1,"name":"Home","item":"https:\/\/green-gate.eu\/sk\/"},{"@type":"ListItem","position":2,"name":"G-book"}]},{"@type":"WebSite","@id":"https:\/\/green-gate.eu\/sk\/#website","url":"https:\/\/green-gate.eu\/sk\/","name":"GreenGate","description":"Learn how to create healthier beauty routines and debunk common myths.","publisher":{"@id":"https:\/\/green-gate.eu\/sk\/#organization"},"potentialAction":[{"@type":"SearchAction","target":{"@type":"EntryPoint","urlTemplate":"https:\/\/green-gate.eu\/sk\/?s={search_term_string}"},"query-input":"required name=search_term_string"}],"inLanguage":"sk-SK"},{"@type":"Organization","@id":"https:\/\/green-gate.eu\/sk\/#organization","name":"GreenGate","url":"https:\/\/green-gate.eu\/sk\/","logo":{"@type":"ImageObject","inLanguage":"sk-SK","@id":"https:\/\/green-gate.eu\/sk\/#\/schema\/logo\/image\/","url":"https:\/\/green-gate.eu\/wp-content\/uploads\/2023\/04\/brand.png","contentUrl":"https:\/\/green-gate.eu\/wp-content\/uploads\/2023\/04\/brand.png","width":263,"height":108,"caption":"GreenGate"},"image":{"@id":"https:\/\/green-gate.eu\/sk\/#\/schema\/logo\/image\/"}}]}},"jetpack_sharing_enabled":true,"_links":{"self":[{"href":"https:\/\/green-gate.eu\/sk\/wp-json\/wp\/v2\/pages\/4315"}],"collection":[{"href":"https:\/\/green-gate.eu\/sk\/wp-json\/wp\/v2\/pages"}],"about":[{"href":"https:\/\/green-gate.eu\/sk\/wp-json\/wp\/v2\/types\/page"}],"author":[{"embeddable":true,"href":"https:\/\/green-gate.eu\/sk\/wp-json\/wp\/v2\/users\/1"}],"replies":[{"embeddable":true,"href":"https:\/\/green-gate.eu\/sk\/wp-json\/wp\/v2\/comments?post=4315"}],"version-history":[{"count":63,"href":"https:\/\/green-gate.eu\/sk\/wp-json\/wp\/v2\/pages\/4315\/revisions"}],"predecessor-version":[{"id":24161,"href":"https:\/\/green-gate.eu\/sk\/wp-json\/wp\/v2\/pages\/4315\/revisions\/24161"}],"wp:attachment":[{"href":"https:\/\/green-gate.eu\/sk\/wp-json\/wp\/v2\/media?parent=4315"}],"curies":[{"name":"wp","href":"https:\/\/api.w.org\/{rel}","templated":true}]}}