{"id":4303,"date":"2023-04-13T11:58:14","date_gmt":"2023-04-13T09:58:14","guid":{"rendered":"https:\/\/green-gate.eu\/toolkit\/"},"modified":"2025-11-30T19:54:38","modified_gmt":"2025-11-30T18:54:38","slug":"toolkit","status":"publish","type":"page","link":"https:\/\/green-gate.eu\/sk\/toolkit\/","title":{"rendered":"Metodick\u00e9 listy"},"content":{"rendered":"<p>[et_pb_section fb_built=&#8220;1&#8243; _builder_version=&#8220;4.23&#8243; _module_preset=&#8220;92daa416-652f-4076-9075-7e234254a6ac&#8220; global_colors_info=&#8220;{}&#8220;][et_pb_row _builder_version=&#8220;4.23&#8243; _module_preset=&#8220;default&#8220; width=&#8220;100%&#8220; custom_margin=&#8220;||||false|false&#8220; custom_padding=&#8220;0px||0px||true|false&#8220; global_colors_info=&#8220;{}&#8220;][et_pb_column type=&#8220;4_4&#8243; _builder_version=&#8220;4.23&#8243; _module_preset=&#8220;default&#8220; global_colors_info=&#8220;{}&#8220;][et_pb_text _builder_version=&#8220;4.23&#8243; _module_preset=&#8220;1f1ac656-3431-472b-b627-10123e56f24a&#8220; global_colors_info=&#8220;{}&#8220;]<\/p>\n<h1 style=\"text-align: center;\">Metodick\u00e9 listy<\/h1>\n<p>[\/et_pb_text][\/et_pb_column][\/et_pb_row][\/et_pb_section][et_pb_section fb_built=&#8220;1&#8243; _builder_version=&#8220;4.21.0&#8243; _module_preset=&#8220;14e305e4-ab41-40ea-aebe-d74a9fedeebd&#8220; custom_padding=&#8220;56px|48px|40px|48px|false|true&#8220; global_colors_info=&#8220;{}&#8220;][et_pb_row _builder_version=&#8220;4.23&#8243; _module_preset=&#8220;00b9a908-9d8a-4f83-8552-e1abcb372e40&#8243; custom_padding=&#8220;0px||0px||false|false&#8220; global_colors_info=&#8220;{}&#8220;][et_pb_column type=&#8220;4_4&#8243; _builder_version=&#8220;4.21.0&#8243; _module_preset=&#8220;default&#8220; global_colors_info=&#8220;{}&#8220;][et_pb_text _builder_version=&#8220;4.23&#8243; _module_preset=&#8220;1f1ac656-3431-472b-b627-10123e56f24a&#8220; custom_padding=&#8220;||8px||false|false&#8220; header_3_font_size_tablet=&#8220;28px&#8220; header_3_font_size_phone=&#8220;&#8220; header_3_font_size_last_edited=&#8220;on|tablet&#8220; header_3_line_height_tablet=&#8220;32px&#8220; header_3_line_height_phone=&#8220;&#8220; header_3_line_height_last_edited=&#8220;on|tablet&#8220; global_colors_info=&#8220;{}&#8220;]<\/p>\n<p>Z\u00edskajte inform\u00e1cie o&nbsp;problematick\u00fdch l\u00e1tkach v&nbsp;kozmetike, kozmetick\u00fdch pr\u00edpravkoch a&nbsp;\u010distiacich prostriedkoch a&nbsp;ich vplyve na na\u0161e zdravie a&nbsp;\u017eivotn\u00e9 prostredie prostredn\u00edctvom interakt\u00edvnych aktiv\u00edt, ktor\u00e9 m\u00f4\u017eete vyu\u017ei\u0165 aj na vzdel\u00e1vanie svojich cie\u013eov\u00fdch skup\u00edn.<\/p>\n<p>[\/et_pb_text][et_pb_button button_url=&#8220;https:\/\/green-gate.eu\/downloads\/GreenGate-Metodicke-listy-sk.pdf&#8220; button_text=&#8220;Stiahnu\u0165 PDF zadarmo&#8220; button_alignment=&#8220;left&#8220; _builder_version=&#8220;4.23&#8243; _module_preset=&#8220;default&#8220; custom_margin=&#8220;24px||56px||false|false&#8220; hover_enabled=&#8220;0&#8243; locked=&#8220;off&#8220; global_colors_info=&#8220;{}&#8220; sticky_enabled=&#8220;0&#8243;][\/et_pb_button][et_pb_text _builder_version=&#8220;4.23&#8243; _module_preset=&#8220;1f1ac656-3431-472b-b627-10123e56f24a&#8220; header_3_line_height_tablet=&#8220;32px&#8220; header_3_line_height_last_edited=&#8220;off|phone&#8220; global_colors_info=&#8220;{}&#8220;]<\/p>\n<h3>Pre koho s\u00fa Metodick\u00e9 listy ur\u010den\u00e9?<\/h3>\n<p>Toolkit je metodick\u00e1 pr\u00edru\u010dka pre u\u010dite\u013eov, \u0161kolite\u013eov a&nbsp;kou\u010dov. T\u00e1to pr\u00edru\u010dka pon\u00faka materi\u00e1ly ako s\u00fa pracovn\u00e9 listy, hry a&nbsp;cvi\u010denia, ktor\u00e9 pedag\u00f3gom umo\u017enia lep\u0161ie pochopi\u0165 a&nbsp;sprostredkova\u0165 u\u010debn\u00fd obsah.<\/p>\n<p>[\/et_pb_text][\/et_pb_column][\/et_pb_row][et_pb_row column_structure=&#8220;1_3,1_3,1_3&#8243; use_custom_gutter=&#8220;on&#8220; gutter_width=&#8220;2&#8243; custom_padding_last_edited=&#8220;on|desktop&#8220; module_class=&#8220;three-col-tab three-col-mob&#8220; _builder_version=&#8220;4.23&#8243; _module_preset=&#8220;default&#8220; width=&#8220;auto&#8220; custom_margin=&#8220;||||false|false&#8220; custom_padding=&#8220;60px||60px||false|false&#8220; custom_padding_tablet=&#8220;||60px||false|false&#8220; custom_padding_phone=&#8220;30px||30px||false|false&#8220; global_colors_info=&#8220;{}&#8220;][et_pb_column type=&#8220;1_3&#8243; _builder_version=&#8220;4.23&#8243; _module_preset=&#8220;default&#8220; custom_padding=&#8220;0px||0px||false|false&#8220; global_colors_info=&#8220;{}&#8220;][et_pb_image src=&#8220;https:\/\/green-gate.eu\/wp-content\/uploads\/2023\/10\/Greenwashing-sk.png&#8220; title_text=&#8220;Greenwashing&#8220; _builder_version=&#8220;4.21.0&#8243; _module_preset=&#8220;74535d13-2544-4cb3-8f20-e2d24a2f7c5e&#8220; global_colors_info=&#8220;{}&#8220;][\/et_pb_image][\/et_pb_column][et_pb_column type=&#8220;1_3&#8243; _builder_version=&#8220;4.23&#8243; _module_preset=&#8220;default&#8220; custom_padding=&#8220;0px||0px||true|false&#8220; global_colors_info=&#8220;{}&#8220;][et_pb_image src=&#8220;https:\/\/green-gate.eu\/wp-content\/uploads\/2023\/11\/Skin-mirror-sk-1.png&#8220; title_text=&#8220;Skin mirror&#8220; _builder_version=&#8220;4.23&#8243; _module_preset=&#8220;74535d13-2544-4cb3-8f20-e2d24a2f7c5e&#8220; global_colors_info=&#8220;{}&#8220;][\/et_pb_image][\/et_pb_column][et_pb_column type=&#8220;1_3&#8243; _builder_version=&#8220;4.23&#8243; _module_preset=&#8220;default&#8220; custom_padding=&#8220;0px||0px||true|false&#8220; global_colors_info=&#8220;{}&#8220;][et_pb_image src=&#8220;https:\/\/green-gate.eu\/wp-content\/uploads\/2023\/10\/True-false-sk.png&#8220; title_text=&#8220;True false&#8220; _builder_version=&#8220;4.21.0&#8243; _module_preset=&#8220;74535d13-2544-4cb3-8f20-e2d24a2f7c5e&#8220; global_colors_info=&#8220;{}&#8220;][\/et_pb_image][\/et_pb_column][\/et_pb_row][et_pb_row use_custom_gutter=&#8220;off&#8220; _builder_version=&#8220;4.21.0&#8243; _module_preset=&#8220;00b9a908-9d8a-4f83-8552-e1abcb372e40&#8243; custom_padding=&#8220;0px||80px||false|false&#8220; global_colors_info=&#8220;{}&#8220;][et_pb_column type=&#8220;4_4&#8243; _builder_version=&#8220;4.21.0&#8243; _module_preset=&#8220;default&#8220; global_colors_info=&#8220;{}&#8220;][et_pb_text _builder_version=&#8220;4.21.0&#8243; _module_preset=&#8220;1f1ac656-3431-472b-b627-10123e56f24a&#8220; global_colors_info=&#8220;{}&#8220;]<\/p>\n<p>T\u00e9my sa zameriavaj\u00fa na kozmetick\u00e9 l\u00e1tky a&nbsp;ich vplyv na na\u0161e zdravie a&nbsp;\u017eivotn\u00e9 prostredie. Mnoh\u00e9 aktivity s\u00fa dynamick\u00e9 a&nbsp;s\u00fa skvel\u00fdm n\u00e1strojom na pou\u017eitie v&nbsp;skupin\u00e1ch. Pon\u00fakaj\u00fa priestor na \u010fal\u0161iu diskusiu a&nbsp;hlbok\u00e9 interakt\u00edvne u\u010denie o&nbsp;vybran\u00fdch t\u00e9mach.<\/p>\n<p>[\/et_pb_text][et_pb_button button_url=&#8220;https:\/\/green-gate.eu\/downloads\/GreenGate-Metodicke-listy-sk.pdf&#8220; button_text=&#8220;Stiahnu\u0165 PDF zadarmo&#8220; _builder_version=&#8220;4.23&#8243; _module_preset=&#8220;default&#8220; custom_margin=&#8220;40px||||false|false&#8220; global_colors_info=&#8220;{}&#8220;][\/et_pb_button][\/et_pb_column][\/et_pb_row][\/et_pb_section][et_pb_section fb_built=&#8220;1&#8243; _builder_version=&#8220;4.21.0&#8243; _module_preset=&#8220;14e305e4-ab41-40ea-aebe-d74a9fedeebd&#8220; background_color=&#8220;#F1F1F1&#8243; global_colors_info=&#8220;{}&#8220;][et_pb_row _builder_version=&#8220;4.21.0&#8243; _module_preset=&#8220;975092c4-df6e-4689-ae9e-09dbe93ff836&#8243; global_colors_info=&#8220;{}&#8220;][et_pb_column type=&#8220;4_4&#8243; _builder_version=&#8220;4.21.0&#8243; _module_preset=&#8220;default&#8220; global_colors_info=&#8220;{}&#8220;][et_pb_text _builder_version=&#8220;4.23&#8243; _module_preset=&#8220;1f1ac656-3431-472b-b627-10123e56f24a&#8220; text_font_size_tablet=&#8220;&#8220; text_font_size_phone=&#8220;&#8220; text_font_size_last_edited=&#8220;on|desktop&#8220; global_colors_info=&#8220;{}&#8220;]<\/p>\n<h3>Kto vytvoril pr\u00edru\u010dku?<\/h3>\n<p>[\/et_pb_text][et_pb_text _builder_version=&#8220;4.21.0&#8243; _module_preset=&#8220;4f9b08aa-8e9b-44b2-9522-2493f7de4e00&#8243; custom_padding=&#8220;||||false|false&#8220; global_colors_info=&#8220;{}&#8220;]<\/p>\n<h4><a href=\"https:\/\/zivica.sk\">CEEV \u017divica<\/a><\/h4>\n<p>[\/et_pb_text][et_pb_text _builder_version=&#8220;4.21.0&#8243; _module_preset=&#8220;1f1ac656-3431-472b-b627-10123e56f24a&#8220; global_colors_info=&#8220;{}&#8220;]<\/p>\n<p>\u017divica je mimovl\u00e1dna organiz\u00e1cia, ktor\u00e1 in\u0161piruje k&nbsp;zmene. Chceme vytvori\u0165 svet, v&nbsp;ktorom je ka\u017ed\u00fd povzbudzovan\u00fd h\u013eada\u0165 svoju vlastn\u00fa podstatu. Ver\u00edme, \u017ee pr\u00edroda n\u00e1s m\u00f4\u017ee mnoh\u00e9mu nau\u010di\u0165. Probl\u00e9my \u017eivotn\u00e9ho prostredia s\u00fa pre n\u00e1s v\u00fdzvou obr\u00e1ti\u0165 pozornos\u0165 na na\u0161e konanie, preto\u017ee meni\u0165 probl\u00e9my iba na povrchu nie je glob\u00e1lne udr\u017eate\u013en\u00e9 dlhodob\u00e9 rie\u0161enie.   <\/p>\n<p>[\/et_pb_text][\/et_pb_column][\/et_pb_row][\/et_pb_section][et_pb_section fb_built=&#8220;1&#8243; custom_padding_last_edited=&#8220;on|tablet&#8220; admin_label=&#8220;EU Logolink Section&#8220; _builder_version=&#8220;4.23&#8243; _module_preset=&#8220;default&#8220; background_color=&#8220;#F1F1F1&#8243; custom_padding=&#8220;80px|48px|80px|48px|true|true&#8220; custom_padding_tablet=&#8220;60px||60px||true|true&#8220; custom_padding_phone=&#8220;60px|6%|60px|6%|true|false&#8220; border_width_top=&#8220;0px&#8220; border_color_top=&#8220;rgba(64,64,64,0.2)&#8220; global_module=&#8220;6149&#8243; saved_tabs=&#8220;all&#8220; collapsed=&#8220;on&#8220; global_colors_info=&#8220;{}&#8220;][et_pb_row column_structure=&#8220;1_2,1_2&#8243; custom_padding_last_edited=&#8220;on|tablet&#8220; module_class=&#8220;two-col-tab two-col-mob&#8220; _builder_version=&#8220;4.21.0&#8243; _module_preset=&#8220;default&#8220; width=&#8220;auto&#8220; max_width=&#8220;660px&#8220; max_width_tablet=&#8220;600px&#8220; max_width_phone=&#8220;460px&#8220; max_width_last_edited=&#8220;on|tablet&#8220; custom_padding=&#8220;0px||40px||false|false&#8220; custom_padding_tablet=&#8220;0px||32px||false|false&#8220; custom_padding_phone=&#8220;||32px||false|false&#8220; global_colors_info=&#8220;{}&#8220;][et_pb_column type=&#8220;1_2&#8243; _builder_version=&#8220;4.21.0&#8243; _module_preset=&#8220;default&#8220; custom_padding=&#8220;||||false|false&#8220; global_colors_info=&#8220;{}&#8220;][et_pb_image src=&#8220;https:\/\/green-gate.eu\/wp-content\/uploads\/2023\/08\/logo-erasmus.png&#8220; title_text=&#8220;logo-erasmus&#8220; _builder_version=&#8220;4.21.0&#8243; _module_preset=&#8220;default&#8220; max_width=&#8220;240px&#8220; max_width_tablet=&#8220;206px&#8220; max_width_phone=&#8220;147px&#8220; max_width_last_edited=&#8220;on|tablet&#8220; module_alignment=&#8220;center&#8220; height_last_edited=&#8220;off|tablet&#8220; max_height=&#8220;49px&#8220; max_height_tablet=&#8220;42px&#8220; max_height_phone=&#8220;&#8220; max_height_last_edited=&#8220;on|tablet&#8220; global_colors_info=&#8220;{}&#8220; height__hover_enabled=&#8220;off|desktop&#8220;][\/et_pb_image][\/et_pb_column][et_pb_column type=&#8220;1_2&#8243; _builder_version=&#8220;4.21.0&#8243; _module_preset=&#8220;default&#8220; global_colors_info=&#8220;{}&#8220;][et_pb_image src=&#8220;https:\/\/green-gate.eu\/wp-content\/uploads\/2025\/05\/logo-eu-cofounded-eng.png&#8220; title_text=&#8220;logo-eu-cofounded-eng&#8220; show_bottom_space=&#8220;off&#8220; _builder_version=&#8220;4.23&#8243; _module_preset=&#8220;default&#8220; max_width=&#8220;237px&#8220; max_width_tablet=&#8220;202px&#8220; max_width_phone=&#8220;148px&#8220; max_width_last_edited=&#8220;on|tablet&#8220; module_alignment=&#8220;center&#8220; max_height=&#8220;48px&#8220; max_height_tablet=&#8220;41px&#8220; max_height_phone=&#8220;&#8220; max_height_last_edited=&#8220;on|tablet&#8220; global_colors_info=&#8220;{}&#8220;][\/et_pb_image][\/et_pb_column][\/et_pb_row][et_pb_row column_structure=&#8220;1_3,1_3,1_3&#8243; use_custom_gutter=&#8220;on&#8220; gutter_width=&#8220;2&#8243; module_class=&#8220;three-col-tab&#8220; _builder_version=&#8220;4.23&#8243; _module_preset=&#8220;default&#8220; width=&#8220;auto&#8220; max_width=&#8220;1200px&#8220; custom_padding=&#8220;0px||0px||false|false&#8220; global_colors_info=&#8220;{}&#8220;][et_pb_column type=&#8220;1_3&#8243; _builder_version=&#8220;4.21.0&#8243; _module_preset=&#8220;default&#8220; global_colors_info=&#8220;{}&#8220;][et_pb_text _builder_version=&#8220;4.21.0&#8243; _module_preset=&#8220;f66cbda2-1e9c-41c9-9248-82aeab118d90&#8243; custom_margin=&#8220;0px||0px||false|false&#8220; custom_padding=&#8220;0px||0px||false|false&#8220; global_colors_info=&#8220;{}&#8220;]<\/p>\n<p><span>Projekt GreenGate (reg. \u010d. 2021-1-CZ01-KA220-ADU-000026171) a&nbsp;projekt GreenGate\u2082 (reg. \u010d.  <\/span><span>2023-2-CZ01-KA220-YOU-000174554) boli realizovan\u00e9 ako s\u00fa\u010das\u0165 programu Erasmus+ s&nbsp;finan\u010dnou podporou Eur\u00f3pskej \u00danie.<\/span><\/p>\n<p>[\/et_pb_text][\/et_pb_column][et_pb_column type=&#8220;1_3&#8243; _builder_version=&#8220;4.21.0&#8243; _module_preset=&#8220;default&#8220; global_colors_info=&#8220;{}&#8220;][et_pb_text _builder_version=&#8220;4.21.0&#8243; _module_preset=&#8220;f66cbda2-1e9c-41c9-9248-82aeab118d90&#8243; global_colors_info=&#8220;{}&#8220;]<\/p>\n<p>Financovan\u00e9 Eur\u00f3pskou \u00faniou. Vyjadren\u00e9 n\u00e1zory a&nbsp;stanovisk\u00e1 s\u00fa v\u0161ak len n\u00e1zormi autora (autorov) a&nbsp;nemusia nevyhnutne odr\u00e1\u017ea\u0165 n\u00e1zory a&nbsp;stanovisk\u00e1 Eur\u00f3pskej \u00fanie alebo V\u00fdkonnej agent\u00fary pre vzdel\u00e1vanie a&nbsp;kult\u00faru (EACEA). Eur\u00f3pska \u00fania ani agent\u00fara EACEA za ne nem\u00f4\u017eu nies\u0165 zodpovednos\u0165.<\/p>\n<p>[\/et_pb_text][\/et_pb_column][et_pb_column type=&#8220;1_3&#8243; _builder_version=&#8220;4.21.0&#8243; _module_preset=&#8220;default&#8220; global_colors_info=&#8220;{}&#8220;][et_pb_text _builder_version=&#8220;4.21.0&#8243; _module_preset=&#8220;f66cbda2-1e9c-41c9-9248-82aeab118d90&#8243; global_colors_info=&#8220;{}&#8220;]<\/p>\n<p>T\u00e1to platforma sa riadi dohodou Creative Commons. CC BY-NC-ND &#8211; https:\/\/creativecommons.org\/licenses\/by-nc-nd\/4.0\/<\/p>\n<p>[\/et_pb_text][\/et_pb_column][\/et_pb_row][\/et_pb_section]<\/p>\n","protected":false},"excerpt":{"rendered":"<p>Metodick\u00e9 listyZ\u00edskajte inform\u00e1cie o&nbsp;problematick\u00fdch l\u00e1tkach v&nbsp;kozmetike, kozmetick\u00fdch pr\u00edpravkoch a&nbsp;\u010distiacich prostriedkoch a&nbsp;ich vplyve na na\u0161e zdravie a&nbsp;\u017eivotn\u00e9 prostredie prostredn\u00edctvom interakt\u00edvnych aktiv\u00edt, ktor\u00e9 m\u00f4\u017eete vyu\u017ei\u0165 aj na vzdel\u00e1vanie svojich cie\u013eov\u00fdch skup\u00edn.Pre koho s\u00fa Metodick\u00e9 listy ur\u010den\u00e9? Toolkit je metodick\u00e1 pr\u00edru\u010dka pre u\u010dite\u013eov, \u0161kolite\u013eov a&nbsp;kou\u010dov. T\u00e1to pr\u00edru\u010dka pon\u00faka materi\u00e1ly ako s\u00fa pracovn\u00e9 [&hellip;]<\/p>\n","protected":false},"author":1,"featured_media":0,"parent":0,"menu_order":0,"comment_status":"closed","ping_status":"closed","template":"","meta":{"_et_pb_use_builder":"on","_et_pb_old_content":"","_et_gb_content_width":"","_monsterinsights_skip_tracking":false,"_monsterinsights_sitenote_active":false,"_monsterinsights_sitenote_note":"","_monsterinsights_sitenote_category":0,"footnotes":""},"yoast_head":"<!-- This site is optimized with the Yoast SEO plugin v23.2 - https:\/\/yoast.com\/wordpress\/plugins\/seo\/ -->\n<title>Metodick\u00e9 listy - GreenGate<\/title>\n<meta name=\"robots\" content=\"index, follow, max-snippet:-1, max-image-preview:large, max-video-preview:-1\" \/>\n<link rel=\"canonical\" href=\"https:\/\/green-gate.eu\/sk\/toolkit\/\" \/>\n<meta property=\"og:locale\" content=\"sk_SK\" \/>\n<meta property=\"og:type\" content=\"article\" \/>\n<meta property=\"og:title\" content=\"Metodick\u00e9 listy - GreenGate\" \/>\n<meta property=\"og:description\" content=\"Metodick\u00e9 listyZ\u00edskajte inform\u00e1cie o problematick\u00fdch l\u00e1tkach v kozmetike, kozmetick\u00fdch pr\u00edpravkoch a \u010distiacich prostriedkoch a ich vplyve na na\u0161e zdravie a \u017eivotn\u00e9 prostredie prostredn\u00edctvom interakt\u00edvnych aktiv\u00edt, ktor\u00e9 m\u00f4\u017eete vyu\u017ei\u0165 aj na vzdel\u00e1vanie svojich cie\u013eov\u00fdch skup\u00edn.Pre koho s\u00fa Metodick\u00e9 listy ur\u010den\u00e9? Toolkit je metodick\u00e1 pr\u00edru\u010dka pre u\u010dite\u013eov, \u0161kolite\u013eov a kou\u010dov. T\u00e1to pr\u00edru\u010dka pon\u00faka materi\u00e1ly ako s\u00fa pracovn\u00e9 [&hellip;]\" \/>\n<meta property=\"og:url\" content=\"https:\/\/green-gate.eu\/sk\/toolkit\/\" \/>\n<meta property=\"og:site_name\" content=\"GreenGate\" \/>\n<meta property=\"article:modified_time\" content=\"2025-11-30T18:54:38+00:00\" \/>\n<meta name=\"twitter:card\" content=\"summary_large_image\" \/>\n<meta name=\"twitter:label1\" content=\"Predpokladan\u00fd \u010das \u010d\u00edtania\" \/>\n\t<meta name=\"twitter:data1\" content=\"8 min\u00fat\" \/>\n<script type=\"application\/ld+json\" class=\"yoast-schema-graph\">{\"@context\":\"https:\/\/schema.org\",\"@graph\":[{\"@type\":\"WebPage\",\"@id\":\"https:\/\/green-gate.eu\/sk\/toolkit\/\",\"url\":\"https:\/\/green-gate.eu\/sk\/toolkit\/\",\"name\":\"Metodick\u00e9 listy - GreenGate\",\"isPartOf\":{\"@id\":\"https:\/\/green-gate.eu\/sk\/#website\"},\"datePublished\":\"2023-04-13T09:58:14+00:00\",\"dateModified\":\"2025-11-30T18:54:38+00:00\",\"breadcrumb\":{\"@id\":\"https:\/\/green-gate.eu\/sk\/toolkit\/#breadcrumb\"},\"inLanguage\":\"sk-SK\",\"potentialAction\":[{\"@type\":\"ReadAction\",\"target\":[\"https:\/\/green-gate.eu\/sk\/toolkit\/\"]}]},{\"@type\":\"BreadcrumbList\",\"@id\":\"https:\/\/green-gate.eu\/sk\/toolkit\/#breadcrumb\",\"itemListElement\":[{\"@type\":\"ListItem\",\"position\":1,\"name\":\"Home\",\"item\":\"https:\/\/green-gate.eu\/sk\/\"},{\"@type\":\"ListItem\",\"position\":2,\"name\":\"Metodick\u00e9 listy\"}]},{\"@type\":\"WebSite\",\"@id\":\"https:\/\/green-gate.eu\/sk\/#website\",\"url\":\"https:\/\/green-gate.eu\/sk\/\",\"name\":\"GreenGate\",\"description\":\"Learn how to create healthier beauty routines and debunk common myths.\",\"publisher\":{\"@id\":\"https:\/\/green-gate.eu\/sk\/#organization\"},\"potentialAction\":[{\"@type\":\"SearchAction\",\"target\":{\"@type\":\"EntryPoint\",\"urlTemplate\":\"https:\/\/green-gate.eu\/sk\/?s={search_term_string}\"},\"query-input\":\"required name=search_term_string\"}],\"inLanguage\":\"sk-SK\"},{\"@type\":\"Organization\",\"@id\":\"https:\/\/green-gate.eu\/sk\/#organization\",\"name\":\"GreenGate\",\"url\":\"https:\/\/green-gate.eu\/sk\/\",\"logo\":{\"@type\":\"ImageObject\",\"inLanguage\":\"sk-SK\",\"@id\":\"https:\/\/green-gate.eu\/sk\/#\/schema\/logo\/image\/\",\"url\":\"https:\/\/green-gate.eu\/wp-content\/uploads\/2023\/04\/brand.png\",\"contentUrl\":\"https:\/\/green-gate.eu\/wp-content\/uploads\/2023\/04\/brand.png\",\"width\":263,\"height\":108,\"caption\":\"GreenGate\"},\"image\":{\"@id\":\"https:\/\/green-gate.eu\/sk\/#\/schema\/logo\/image\/\"}}]}<\/script>\n<!-- \/ Yoast SEO plugin. -->","yoast_head_json":{"title":"Metodick\u00e9 listy - GreenGate","robots":{"index":"index","follow":"follow","max-snippet":"max-snippet:-1","max-image-preview":"max-image-preview:large","max-video-preview":"max-video-preview:-1"},"canonical":"https:\/\/green-gate.eu\/sk\/toolkit\/","og_locale":"sk_SK","og_type":"article","og_title":"Metodick\u00e9 listy - GreenGate","og_description":"Metodick\u00e9 listyZ\u00edskajte inform\u00e1cie o problematick\u00fdch l\u00e1tkach v kozmetike, kozmetick\u00fdch pr\u00edpravkoch a \u010distiacich prostriedkoch a ich vplyve na na\u0161e zdravie a \u017eivotn\u00e9 prostredie prostredn\u00edctvom interakt\u00edvnych aktiv\u00edt, ktor\u00e9 m\u00f4\u017eete vyu\u017ei\u0165 aj na vzdel\u00e1vanie svojich cie\u013eov\u00fdch skup\u00edn.Pre koho s\u00fa Metodick\u00e9 listy ur\u010den\u00e9? Toolkit je metodick\u00e1 pr\u00edru\u010dka pre u\u010dite\u013eov, \u0161kolite\u013eov a kou\u010dov. T\u00e1to pr\u00edru\u010dka pon\u00faka materi\u00e1ly ako s\u00fa pracovn\u00e9 [&hellip;]","og_url":"https:\/\/green-gate.eu\/sk\/toolkit\/","og_site_name":"GreenGate","article_modified_time":"2025-11-30T18:54:38+00:00","twitter_card":"summary_large_image","twitter_misc":{"Predpokladan\u00fd \u010das \u010d\u00edtania":"8 min\u00fat"},"schema":{"@context":"https:\/\/schema.org","@graph":[{"@type":"WebPage","@id":"https:\/\/green-gate.eu\/sk\/toolkit\/","url":"https:\/\/green-gate.eu\/sk\/toolkit\/","name":"Metodick\u00e9 listy - GreenGate","isPartOf":{"@id":"https:\/\/green-gate.eu\/sk\/#website"},"datePublished":"2023-04-13T09:58:14+00:00","dateModified":"2025-11-30T18:54:38+00:00","breadcrumb":{"@id":"https:\/\/green-gate.eu\/sk\/toolkit\/#breadcrumb"},"inLanguage":"sk-SK","potentialAction":[{"@type":"ReadAction","target":["https:\/\/green-gate.eu\/sk\/toolkit\/"]}]},{"@type":"BreadcrumbList","@id":"https:\/\/green-gate.eu\/sk\/toolkit\/#breadcrumb","itemListElement":[{"@type":"ListItem","position":1,"name":"Home","item":"https:\/\/green-gate.eu\/sk\/"},{"@type":"ListItem","position":2,"name":"Metodick\u00e9 listy"}]},{"@type":"WebSite","@id":"https:\/\/green-gate.eu\/sk\/#website","url":"https:\/\/green-gate.eu\/sk\/","name":"GreenGate","description":"Learn how to create healthier beauty routines and debunk common myths.","publisher":{"@id":"https:\/\/green-gate.eu\/sk\/#organization"},"potentialAction":[{"@type":"SearchAction","target":{"@type":"EntryPoint","urlTemplate":"https:\/\/green-gate.eu\/sk\/?s={search_term_string}"},"query-input":"required name=search_term_string"}],"inLanguage":"sk-SK"},{"@type":"Organization","@id":"https:\/\/green-gate.eu\/sk\/#organization","name":"GreenGate","url":"https:\/\/green-gate.eu\/sk\/","logo":{"@type":"ImageObject","inLanguage":"sk-SK","@id":"https:\/\/green-gate.eu\/sk\/#\/schema\/logo\/image\/","url":"https:\/\/green-gate.eu\/wp-content\/uploads\/2023\/04\/brand.png","contentUrl":"https:\/\/green-gate.eu\/wp-content\/uploads\/2023\/04\/brand.png","width":263,"height":108,"caption":"GreenGate"},"image":{"@id":"https:\/\/green-gate.eu\/sk\/#\/schema\/logo\/image\/"}}]}},"jetpack_sharing_enabled":true,"_links":{"self":[{"href":"https:\/\/green-gate.eu\/sk\/wp-json\/wp\/v2\/pages\/4303"}],"collection":[{"href":"https:\/\/green-gate.eu\/sk\/wp-json\/wp\/v2\/pages"}],"about":[{"href":"https:\/\/green-gate.eu\/sk\/wp-json\/wp\/v2\/types\/page"}],"author":[{"embeddable":true,"href":"https:\/\/green-gate.eu\/sk\/wp-json\/wp\/v2\/users\/1"}],"replies":[{"embeddable":true,"href":"https:\/\/green-gate.eu\/sk\/wp-json\/wp\/v2\/comments?post=4303"}],"version-history":[{"count":184,"href":"https:\/\/green-gate.eu\/sk\/wp-json\/wp\/v2\/pages\/4303\/revisions"}],"predecessor-version":[{"id":25045,"href":"https:\/\/green-gate.eu\/sk\/wp-json\/wp\/v2\/pages\/4303\/revisions\/25045"}],"wp:attachment":[{"href":"https:\/\/green-gate.eu\/sk\/wp-json\/wp\/v2\/media?parent=4303"}],"curies":[{"name":"wp","href":"https:\/\/api.w.org\/{rel}","templated":true}]}}