{"id":26438,"date":"2026-03-15T09:26:04","date_gmt":"2026-03-15T08:26:04","guid":{"rendered":"https:\/\/green-gate.eu\/?page_id=26438"},"modified":"2026-03-23T14:54:25","modified_gmt":"2026-03-23T13:54:25","slug":"seminar-hrotovice","status":"publish","type":"page","link":"https:\/\/green-gate.eu\/sk\/seminar-hrotovice\/","title":{"rendered":"Semin\u00e1\u0159 Hrotovice"},"content":{"rendered":"<p>[et_pb_section fb_built=&#8220;1&#8243; _builder_version=&#8220;4.21.0&#8243; _module_preset=&#8220;14e305e4-ab41-40ea-aebe-d74a9fedeebd&#8220; use_background_color_gradient=&#8220;on&#8220; background_color_gradient_direction=&#8220;172deg&#8220; background_color_gradient_stops=&#8220;#5ccd5c 0%|#1fb364 100%&#8220; background_image=&#8220;https:\/\/green-gate.eu\/wp-content\/uploads\/2023\/10\/Google-Form-Headder-Image.png&#8220; custom_padding=&#8220;60px|48px|64px|48px|false|true&#8220; custom_padding_tablet=&#8220;40px|48px|80px|48px|false|true&#8220; custom_padding_phone=&#8220;40px|6%|48px|6%|false|true&#8220; saved_tabs=&#8220;all&#8220; locked=&#8220;off&#8220; collapsed=&#8220;on&#8220; global_colors_info=&#8220;{}&#8220;][et_pb_row gutter_width=&#8220;4&#8243; custom_padding_last_edited=&#8220;off|phone&#8220; _builder_version=&#8220;4.21.0&#8243; _module_preset=&#8220;00b9a908-9d8a-4f83-8552-e1abcb372e40&#8243; max_width=&#8220;1050px&#8220; custom_padding=&#8220;0px||0px||false|false&#8220; custom_padding_phone=&#8220;0px||20px||false|false&#8220; global_colors_info=&#8220;{}&#8220;][et_pb_column type=&#8220;4_4&#8243; _builder_version=&#8220;4.20.4&#8243; _module_preset=&#8220;default&#8220; custom_css_main_element=&#8220;margin: auto;&#8220; global_colors_info=&#8220;{}&#8220; custom_css_main_element_last_edited=&#8220;on|phone&#8220; custom_css_main_element_tablet=&#8220;margin: auto;&#8220; custom_css_main_element_phone=&#8220;margin: auto;&#8220;][et_pb_text _builder_version=&#8220;4.23&#8243; _module_preset=&#8220;1f1ac656-3431-472b-b627-10123e56f24a&#8220; header_font=&#8220;|||on|||||&#8220; header_text_align=&#8220;center&#8220; header_4_text_align=&#8220;center&#8220; header_4_text_color=&#8220;#FFFFFF&#8220; custom_margin=&#8220;||10px||false|false&#8220; custom_margin_tablet=&#8220;||10px||false|false&#8220; custom_margin_phone=&#8220;||10px||false|false&#8220; custom_margin_last_edited=&#8220;on|tablet&#8220; custom_padding=&#8220;||||false|false&#8220; global_colors_info=&#8220;{}&#8220;]<\/p>\n<h2 style=\"text-align: center;\"><strong><span style=\"color: #ffffff;\">Bez zbyte\u010dn\u00e9 chemie \u2013\u00a0<\/span><\/strong><\/h2>\n<h2 style=\"text-align: center;\"><strong><span style=\"color: #ffffff;\">semin\u00e1\u0159 a<\/span><span style=\"color: #ffffff;\"> <\/span><span style=\"color: #ffffff;\">workshop<\/span><span style=\"color: #ffffff;\"> o&nbsp;l\u00e1tk\u00e1ch, kter\u00e9 m\u00e1me kolem sebe ka\u017ed\u00fd den<\/span><\/strong><\/h2>\n<p>[\/et_pb_text][\/et_pb_column][\/et_pb_row][\/et_pb_section][et_pb_section fb_built=&#8220;1&#8243; _builder_version=&#8220;4.21.0&#8243; _module_preset=&#8220;14e305e4-ab41-40ea-aebe-d74a9fedeebd&#8220; custom_padding=&#8220;60px|48px|40px|48px|false|true&#8220; saved_tabs=&#8220;all&#8220; locked=&#8220;off&#8220; collapsed=&#8220;on&#8220; global_colors_info=&#8220;{}&#8220;][et_pb_row gutter_width=&#8220;4&#8243; _builder_version=&#8220;4.21.0&#8243; _module_preset=&#8220;00b9a908-9d8a-4f83-8552-e1abcb372e40&#8243; global_colors_info=&#8220;{}&#8220;][et_pb_column type=&#8220;4_4&#8243; _builder_version=&#8220;4.20.4&#8243; _module_preset=&#8220;default&#8220; custom_css_main_element=&#8220;margin: auto;&#8220; global_colors_info=&#8220;{}&#8220; custom_css_main_element_last_edited=&#8220;on|phone&#8220; custom_css_main_element_tablet=&#8220;margin: auto;&#8220; custom_css_main_element_phone=&#8220;margin: auto;&#8220;][et_pb_image src=&#8220;https:\/\/green-gate.eu\/wp-content\/uploads\/2024\/09\/alchymie.png&#8220; title_text=&#8220;alchymie&#8220; _builder_version=&#8220;4.23&#8243; _module_preset=&#8220;default&#8220; global_colors_info=&#8220;{}&#8220;][\/et_pb_image][et_pb_text _builder_version=&#8220;4.23&#8243; _module_preset=&#8220;1f1ac656-3431-472b-b627-10123e56f24a&#8220; max_width=&#8220;750px&#8220; custom_margin_tablet=&#8220;&#8220; custom_margin_phone=&#8220;&#8220; custom_margin_last_edited=&#8220;on|desktop&#8220; custom_padding_tablet=&#8220;&#8220; custom_padding_phone=&#8220;&#8220; custom_padding_last_edited=&#8220;on|tablet&#8220; global_colors_info=&#8220;{}&#8220;]<\/p>\n<p><strong>Kdy: 21.&nbsp;5.&nbsp;2026, 15:00 a\u017e cca 18:30<\/strong><\/p>\n<p><strong>Kde:<\/strong> V&nbsp;prostor\u00e1ch<a href=\"https:\/\/www.zshrotovice.cz\/\"> Z\u0160 Hrotovice<\/a>,<\/p>\n<p><strong>Adresa:<\/strong> F. B. Zv\u011b\u0159iny 221, 675&nbsp;55 Hrotovice<\/p>\n<p><strong>Vstupn\u00e9<\/strong>: <strong>ZDARMA<\/strong>\u00a0<em>(v\u010detn\u011b ob\u010derstven\u00ed a&nbsp;v\u00fdroby dom\u00e1c\u00ed kosmetiky)<\/em><\/p>\n<p>[\/et_pb_text][et_pb_gallery gallery_ids=&#8220;26443&#8243; posts_number=&#8220;2&#8243; _builder_version=&#8220;4.23&#8243; _module_preset=&#8220;default&#8220; global_colors_info=&#8220;{}&#8220;][\/et_pb_gallery][\/et_pb_column][\/et_pb_row][et_pb_row gutter_width=&#8220;4&#8243; _builder_version=&#8220;4.21.0&#8243; _module_preset=&#8220;00b9a908-9d8a-4f83-8552-e1abcb372e40&#8243; background_color=&#8220;#F1F1F1&#8243; custom_margin=&#8220;20px||20px||false|false&#8220; border_radii=&#8220;on|8px|8px|8px|8px&#8220; global_colors_info=&#8220;{}&#8220;][et_pb_column type=&#8220;4_4&#8243; _builder_version=&#8220;4.20.4&#8243; _module_preset=&#8220;default&#8220; custom_css_main_element=&#8220;margin: auto;&#8220; global_colors_info=&#8220;{}&#8220; custom_css_main_element_last_edited=&#8220;on|phone&#8220; custom_css_main_element_tablet=&#8220;margin: auto;&#8220; custom_css_main_element_phone=&#8220;margin: auto;&#8220;][et_pb_text _builder_version=&#8220;4.21.0&#8243; _module_preset=&#8220;1f1ac656-3431-472b-b627-10123e56f24a&#8220; max_width=&#8220;750px&#8220; custom_margin=&#8220;||8px||false|false&#8220; custom_margin_last_edited=&#8220;off|desktop&#8220; custom_padding=&#8220;4px|24px|16px|24px|false|true&#8220; custom_padding_last_edited=&#8220;off|phone&#8220; global_colors_info=&#8220;{}&#8220;]<\/p>\n<h5>Po\u010det m\u00edst je omezen<\/h5>\n<p><span style=\"font-weight: 400;\">Pros\u00edm vypl\u0148te nez\u00e1vaznou p\u0159ihl\u00e1\u0161ku.<\/span><\/p>\n<p>[\/et_pb_text][et_pb_button button_url=&#8220;#formular&#8220; button_text=&#8220;Vyplnit p\u0159ihl\u00e1\u0161ku&#8220; _builder_version=&#8220;4.23&#8243; _module_preset=&#8220;default&#8220; global_colors_info=&#8220;{}&#8220;][\/et_pb_button][\/et_pb_column][\/et_pb_row][et_pb_row gutter_width=&#8220;4&#8243; _builder_version=&#8220;4.21.0&#8243; _module_preset=&#8220;00b9a908-9d8a-4f83-8552-e1abcb372e40&#8243; global_colors_info=&#8220;{}&#8220;][et_pb_column type=&#8220;4_4&#8243; _builder_version=&#8220;4.20.4&#8243; _module_preset=&#8220;default&#8220; custom_css_main_element=&#8220;margin: auto;&#8220; global_colors_info=&#8220;{}&#8220; custom_css_main_element_last_edited=&#8220;on|phone&#8220; custom_css_main_element_tablet=&#8220;margin: auto;&#8220; custom_css_main_element_phone=&#8220;margin: auto;&#8220;][et_pb_text _builder_version=&#8220;4.23&#8243; _module_preset=&#8220;1f1ac656-3431-472b-b627-10123e56f24a&#8220; global_colors_info=&#8220;{}&#8220;]<\/p>\n<h3>Podrobnosti k&nbsp;akci:<\/h3>\n<h4>O co jde?<\/h4>\n<p>Jde o&nbsp;p\u0159edn\u00e1\u0161ky a&nbsp;na n\u011b navazuj\u00edc\u00ed workshop, tedy kurz v\u00fdroby kosmetiky a&nbsp;dal\u0161\u00edch produkt\u016f. V\u0161e prob\u00edh\u00e1 p\u0159\u00e1telskou formou a&nbsp;v&nbsp;uvoln\u011bn\u00e9 atmosf\u00e9\u0159e. B\u011bhem v\u00fdroby se m\u016f\u017eete kdykoliv zeptat na cokoliv, co v\u00e1s zaj\u00edm\u00e1 ohledn\u011b \u0161kodliv\u00fdch l\u00e1tek, jejich vlivu na zdrav\u00ed i&nbsp;na \u017eivotn\u00ed prost\u0159ed\u00ed.<\/p>\n<h4>Kdo je \u017daneta Milo\u0161ov\u00e1, kter\u00e1 kurz povede?<\/h4>\n<p>Jsem populariz\u00e1torka environment\u00e1ln\u00ed chemie a&nbsp;spoluzakladatelka GreenScan. Vystudovala jsem Chemii a&nbsp;technologie ochrany \u017eivotn\u00edho prost\u0159ed\u00ed a&nbsp;Environment\u00e1ln\u00ed in\u017een\u00fdrstv\u00ed na V\u0160B-Technick\u00e1 univerzita Ostrava a&nbsp;dlouhodob\u011b se v\u011bnuji tomu, aby lid\u00e9 l\u00e9pe ch\u00e1pali, jak slo\u017een\u00ed v\u00fdrobk\u016f ovliv\u0148uje zdrav\u00ed i&nbsp;p\u0159\u00edrodu a&nbsp;jak se v&nbsp;n\u011bm vyznat.<\/p>\n<p>Vedu vzd\u011bl\u00e1vac\u00ed projekt GreenGate2, kde tvo\u0159\u00edme e-learning, videa s&nbsp;odborn\u00edky, blog, pracovn\u00ed listy a&nbsp;mobiln\u00ed aplikaci, kter\u00e1 je zam\u011b\u0159en\u00e1 na \u010dten\u00ed a&nbsp;hodnocen\u00ed slo\u017een\u00ed v\u00fdrobk\u016f. V\u0161e ve \u010dty\u0159ech jazyc\u00edch (CZ, SK, EN, SI).<\/p>\n<p>V\u011bnuji se tvorb\u011b vzd\u011bl\u00e1vac\u00edch materi\u00e1l\u016f, p\u0159edn\u00e1\u0161k\u00e1m a&nbsp;workshop\u016fm o&nbsp;\u0161kodliv\u00fdch l\u00e1tk\u00e1ch ve v\u00fdrobc\u00edch a&nbsp;\u017eivotn\u00edm prost\u0159ed\u00ed. M\u00e1m za sebou des\u00edtky akc\u00ed pro ve\u0159ejnost, \u0161koly i&nbsp;organizace.<\/p>\n<h4>T\u00e9ma p\u0159edn\u00e1\u0161ky a&nbsp;cel\u00e9 akce:<\/h4>\n<p>\u017daneta Milo\u0161ov\u00e1 se zam\u011b\u0159\u00ed na \u0161kodliv\u00e9 l\u00e1tky v&nbsp;kosmetice a&nbsp;l\u00e9\u010divech a&nbsp;na to, jak se vyznat ve slo\u017een\u00ed v\u00fdrobk\u016f a&nbsp;nenechat se nachytat marketingem. Otev\u0159e t\u00e9mata l\u00e1tek, kter\u00e9 se \u0159e\u0161\u00ed nej\u010dast\u011bji, pro\u010d kolem nich panuj\u00ed obavy a&nbsp;jak\u00fd mohou m\u00edt vliv na lidsk\u00fd organismus i&nbsp;\u017eivotn\u00ed prost\u0159ed\u00ed. V\u011bnovat se bude i&nbsp;konkr\u00e9tn\u00edm kauz\u00e1m, ot\u00e1zce vody v&nbsp;kosmetice a&nbsp;l\u00e9\u010divech a&nbsp;tomu, co v\u0161echno po pou\u017eit\u00ed t\u011bchto v\u00fdrobk\u016f kon\u010d\u00ed v&nbsp;odpadu a&nbsp;d\u00e1l v&nbsp;p\u0159\u00edrod\u011b.<\/p>\n<h4>Co workshop nab\u00edz\u00ed a&nbsp;co si \u00fa\u010dastn\u00edci odnesou?<\/h4>\n<ul>\n<li><b>Jedine\u010dn\u00fd produkt na m\u00edru<\/b> \u2013 ka\u017ed\u00fd si vytvo\u0159\u00ed vlastn\u00ed v\u00fdrobek a&nbsp;s\u00e1m si jej ozdob\u00ed.<\/li>\n<li><b>Srozumiteln\u00fd n\u00e1vod k&nbsp;pou\u017eit\u00ed<\/b> \u2013 vysv\u011btl\u00edme si, v&nbsp;\u010dem se p\u0159\u00edrodn\u00ed produkty li\u0161\u00ed od konven\u010dn\u00ed kosmetiky a&nbsp;jak s&nbsp;nimi spr\u00e1vn\u011b pracovat.<\/li>\n<li><b>Jasn\u011bj\u0161\u00ed orientaci ve slo\u017een\u00ed i&nbsp;nab\u00eddce produkt\u016f na trhu<\/b>.<\/li>\n<li><b>Po workshopu mo\u017enost objednat ingredience na v\u00fdrobu<\/b> \u2013 r\u00e1da dod\u00e1m ingredience na m\u00edru jako refill, tak\u017ee si m\u016f\u017eete sv\u016fj v\u00fdrobek kdykoli znovu nam\u00edchat i&nbsp;doma.<\/li>\n<li><b>Jistotu<\/b>, \u017ee v\u00fdrobu zvl\u00e1dnete i&nbsp;samostatn\u011b.<\/li>\n<li><b>Praktick\u00e9 tipy na mal\u00e9 zm\u011bny<\/b>, kter\u00e9 lze zav\u00e9st hned a&nbsp;kter\u00e9 maj\u00ed re\u00e1ln\u00fd efekt v&nbsp;ka\u017edodenn\u00edm \u017eivot\u011b.<\/li>\n<li><b>N\u00e1slednou podporu po workshopu<\/b> \u2013 kdykoli se m\u016f\u017eete ozvat s&nbsp;dotazy.<\/li>\n<li><b>\u0160irok\u00fd v\u00fdb\u011br ingredienc\u00ed <\/b>\u2013 v\u0161e si m\u016f\u017eete ovon\u011bt, osahat a&nbsp;vyzkou\u0161et.<\/li>\n<li><b>Individu\u00e1ln\u00ed p\u0159\u00edstup <\/b>\u2013 v\u017edy je mo\u017en\u00e9 domluvit se na konkr\u00e9tn\u00edch pot\u0159eb\u00e1ch, mno\u017estv\u00ed \u010di \u00faprav\u00e1ch na m\u00edru.<\/li>\n<\/ul>\n<h4>Program:<\/h4>\n<ul>\n<li><strong>15:00 a\u017e 15:10<\/strong> \u2013 Zah\u00e1jen\u00ed akce, ob\u010derstven\u00ed<\/li>\n<li><strong>15:10 a\u017e 15:15<\/strong> \u2013 Kr\u00e1tk\u00fd \u00favod<\/li>\n<li><strong>15:15 a\u017e 16:00 <\/strong>\u2013 P\u0159edn\u00e1\u0161ka a&nbsp;diskuze<\/li>\n<li><strong>16:00 a\u017e 16:10 <\/strong>\u2013 Coffee break<\/li>\n<li><strong>16:10 a\u017e 16:35<\/strong> \u2013 Nikdy nejsme sami. Bakterie: koho m\u00e1me na k\u016f\u017ei? <em>Voliteln\u00fd experiment*: ud\u011bl\u00e1me si st\u011bry z&nbsp;mobilu, rukou nebo t\u0159eba kosmetick\u00fdch \u0161t\u011btc\u016f a&nbsp;mrkneme se, co si s&nbsp;sebou b\u011b\u017en\u011b nos\u00edme.<\/em><\/li>\n<li><strong>16:35 a\u017e 17:00<\/strong> \u2013 Filtrace z&nbsp;p\u0159\u00edrodnin. <em>Voliteln\u00fd experiment*: Ka\u017ed\u00fd s\u00e1m nebo v&nbsp;t\u00fdmu si postav\u00ed jednoduch\u00fd filtra\u010dn\u00ed model z&nbsp;p\u0159\u00edrodn\u00edch materi\u00e1l\u016f a&nbsp;zkus\u00ed, co zvl\u00e1dne p\u0159efiltrovat.<\/em><\/li>\n<li><strong>17:00 a\u017e 17:20<\/strong> \u2013 Coffee break<\/li>\n<li><strong>od 17:20 \u2013 <\/strong>V\u00fdroba kosmetiky<\/li>\n<\/ul>\n<p><em>*Pokud nechcete testovat bakterie ani stav\u011bt filtra\u010dn\u00ed syst\u00e9m, nevad\u00ed. Budou i&nbsp;jin\u00e9 aktivity, nebo prostor jen pro relax. Z\u00e1le\u017e\u00ed na v\u00e1s.<\/em><\/p>\n<h4>Pro koho je semin\u00e1\u0159 vhodn\u00fd?<\/h4>\n<p>Pro ka\u017ed\u00e9ho, kdo se zaj\u00edm\u00e1 o&nbsp;zdrav\u00ed a&nbsp;chce si n\u011bco s\u00e1m vytvo\u0159it (vhodn\u00e9 od 8\u2013120 let).<\/p>\n<h4>Co si budu moci vyrobit?<\/h4>\n<p>Vyrob\u00edte si pe\u010duj\u00edc\u00ed i&nbsp;vo\u0148av\u00e9, anti-aging produkty, kter\u00e9 doma opravdu vyu\u017eijete.<\/p>\n<h5>Mo\u017enosti:<\/h5>\n<ul>\n<li aria-level=\"1\">Hydrata\u010dn\u00ed a&nbsp;anti-aging ple\u0165ov\u00e9 s\u00e9rum<\/li>\n<li aria-level=\"1\">Lehk\u00fd vy\u017eivuj\u00edc\u00ed ple\u0165ov\u00fd kr\u00e9m nebo kr\u00e9m po holen\u00ed<\/li>\n<li aria-level=\"1\">Zklid\u0148uj\u00edc\u00ed ple\u0165ov\u00e9 tonikum<\/li>\n<li aria-level=\"1\">Vlasov\u00e9 s\u00e9rum na podporu r\u016fstu vlas\u016f<\/li>\n<li aria-level=\"1\">Jemn\u00fd dvouf\u00e1zov\u00fd odli\u010dova\u010d<\/li>\n<li aria-level=\"1\">Parf\u00e9m podle vlastn\u00edch preferenc\u00ed<\/li>\n<li aria-level=\"1\">Vonn\u00fd difuz\u00e9r do auta, domova nebo sk\u0159\u00edn\u011b<\/li>\n<\/ul>\n<h4>A pro\u010d se v\u016fbec obt\u011b\u017eovat si n\u011bco vyr\u00e1b\u011bt?<\/h4>\n<p>Je to hrav\u00e9, z\u00e1bavn\u00e9, na m\u00edru va\u0161im pot\u0159eb\u00e1m a&nbsp;to hlavn\u00ed \u2013 <strong>budete zn\u00e1t p\u0159esn\u00e9 slo\u017een\u00ed<\/strong>\u2026 \ud83d\ude09<\/p>\n<h4>Ob\u010derstven\u00ed?<\/h4>\n<p>Nebojte, bude. P\u0159iprav\u00edme slan\u00e9 i&nbsp;sladk\u00e9 ob\u010derstven\u00ed a&nbsp;budeme myslet tak\u00e9 na vegany a&nbsp;vegetari\u00e1ny. K&nbsp;pit\u00ed bude \u010derstv\u00e1 k\u00e1va z&nbsp;k\u00e1vovaru, rozpustn\u00e1 k\u00e1va, \u010daj i&nbsp;voda, kterou si budete moci dochutit nap\u0159\u00edklad m\u00e1tou, okurkou nebo ovocem.<\/p>\n<p>V\u00edce na <a href=\"https:\/\/green-gate.eu\/cs\/\">https:\/\/green-gate.eu\/cs\/<\/a><\/p>\n<p>Pokud m\u00e1te dotaz, nev\u00e1hejte n\u00e1s kontaktovat: <a href=\"mailto:info@greenscan.cz\">zaneta@greenscan.cz<\/a><\/p>\n<p>T\u011b\u0161\u00edme se na v\u00e1s \ud83d\ude42<\/p>\n<p>[\/et_pb_text][\/et_pb_column][\/et_pb_row][et_pb_row _builder_version=&#8220;4.21.0&#8243; _module_preset=&#8220;2a3ee44f-0e1c-420f-91f8-4b5aa991eb0f&#8220; global_colors_info=&#8220;{}&#8220;][et_pb_column type=&#8220;4_4&#8243; _builder_version=&#8220;4.21.0&#8243; _module_preset=&#8220;default&#8220; global_colors_info=&#8220;{}&#8220;][et_pb_text _builder_version=&#8220;4.21.0&#8243; _module_preset=&#8220;default&#8220; global_colors_info=&#8220;{}&#8220;]<\/p>\n<h4>Jak to vypad\u00e1 u&nbsp;n\u00e1s na semin\u00e1\u0159\u00edch:<\/h4>\n<p>[\/et_pb_text][et_pb_gallery gallery_ids=&#8220;26343,26405,22340,26359,26401,26351,26363,13181,26355,26367,26409,26347,13185,13194,13198&#8243; posts_number=&#8220;16&#8243; _builder_version=&#8220;4.23&#8243; _module_preset=&#8220;default&#8220; global_colors_info=&#8220;{}&#8220;][\/et_pb_gallery][\/et_pb_column][\/et_pb_row][\/et_pb_section][et_pb_section fb_built=&#8220;1&#8243; module_id=&#8220;formular&#8220; _builder_version=&#8220;4.21.0&#8243; _module_preset=&#8220;14e305e4-ab41-40ea-aebe-d74a9fedeebd&#8220; custom_padding=&#8220;0px|48px|40px|48px|false|true&#8220; custom_padding_tablet=&#8220;0px|16px||16px|false|true&#8220; custom_padding_phone=&#8220;0px|4%|16px|4%|false|true&#8220; locked=&#8220;off&#8220; global_colors_info=&#8220;{}&#8220;][et_pb_row _builder_version=&#8220;4.21.0&#8243; _module_preset=&#8220;00b9a908-9d8a-4f83-8552-e1abcb372e40&#8243; global_colors_info=&#8220;{}&#8220;][et_pb_column type=&#8220;4_4&#8243; _builder_version=&#8220;4.21.0&#8243; _module_preset=&#8220;default&#8220; global_colors_info=&#8220;{}&#8220;][et_pb_code raw_content_tablet=&#8220;<iframe src=%22https:\/\/docs.google.com\/forms\/d\/1uYCb87DE16BNOuelliFrVgwGinHfOPQuplwRF3SVcOo\/viewform?usp=pp_url%22 width=%22750%22 height=%221750%22 frameborder=%220%22 marginheight=%220%22 marginwidth=%220%22>Na\u010d\u00edt\u00e1n\u00ed\u2026<\/iframe>&#8220; raw_content_phone=&#8220;<iframe src=%22https:\/\/docs.google.com\/forms\/d\/1uYCb87DE16BNOuelliFrVgwGinHfOPQuplwRF3SVcOo\/viewform?usp=pp_url%22 width=%22750%22 height=%222400%22 frameborder=%220%22 marginheight=%220%22 marginwidth=%220%22>Na\u010d\u00edt\u00e1n\u00ed\u2026<\/iframe>&#8220; raw_content_last_edited=&#8220;on|desktop&#8220; _builder_version=&#8220;4.23&#8243; _module_preset=&#8220;default&#8220; custom_padding=&#8220;0px|0px|0px|0px|true|true&#8220; global_colors_info=&#8220;{}&#8220;]<iframe loading=\"lazy\" data-src=\"https:\/\/docs.google.com\/forms\/d\/1uYCb87DE16BNOuelliFrVgwGinHfOPQuplwRF3SVcOo\/viewform?usp=pp_url\" width=\"750\" height=\"2150\" frameborder=\"0\" marginheight=\"0\" marginwidth=\"0\" src=\"data:image\/gif;base64,R0lGODlhAQABAAAAACH5BAEKAAEALAAAAAABAAEAAAICTAEAOw==\" class=\"lazyload\" data-load-mode=\"1\">Na\u010d\u00edt\u00e1n\u00ed\u2026<\/iframe>[\/et_pb_code][\/et_pb_column][\/et_pb_row][\/et_pb_section]<\/p>\n","protected":false},"excerpt":{"rendered":"<p>Bez zbyte\u010dn\u00e9 chemie \u2013\u00a0 semin\u00e1\u0159 a&nbsp;workshop o&nbsp;l\u00e1tk\u00e1ch, kter\u00e9 m\u00e1me kolem sebe ka\u017ed\u00fd denKdy: 21.&nbsp;5.&nbsp;2026, 15:00 a\u017e cca 18:30 Kde: V&nbsp;prostor\u00e1ch Z\u0160 Hrotovice, Adresa: F. B. Zv\u011b\u0159iny 221, 675&nbsp;55 Hrotovice Vstupn\u00e9: ZDARMA\u00a0(v\u010detn\u011b ob\u010derstven\u00ed a&nbsp;v\u00fdroby dom\u00e1c\u00ed kosmetiky)Po\u010det m\u00edst je omezen Pros\u00edm vypl\u0148te nez\u00e1vaznou p\u0159ihl\u00e1\u0161ku.Podrobnosti k&nbsp;akci: O&nbsp;co jde? Jde [&hellip;]<\/p>\n","protected":false},"author":6,"featured_media":0,"parent":0,"menu_order":0,"comment_status":"closed","ping_status":"closed","template":"","meta":{"_et_pb_use_builder":"on","_et_pb_old_content":"","_et_gb_content_width":"","_monsterinsights_skip_tracking":false,"_monsterinsights_sitenote_active":false,"_monsterinsights_sitenote_note":"","_monsterinsights_sitenote_category":0,"footnotes":""},"yoast_head":"<!-- This site is optimized with the Yoast SEO plugin v23.2 - https:\/\/yoast.com\/wordpress\/plugins\/seo\/ -->\n<title>Semin\u00e1\u0159 Hrotovice - GreenGate<\/title>\n<meta name=\"robots\" content=\"index, follow, max-snippet:-1, max-image-preview:large, max-video-preview:-1\" \/>\n<link rel=\"canonical\" href=\"https:\/\/green-gate.eu\/sk\/seminar-hrotovice\/\" \/>\n<meta property=\"og:locale\" content=\"sk_SK\" \/>\n<meta property=\"og:type\" content=\"article\" \/>\n<meta property=\"og:title\" content=\"Semin\u00e1\u0159 Hrotovice - GreenGate\" \/>\n<meta property=\"og:description\" content=\"Bez zbyte\u010dn\u00e9 chemie \u2013\u00a0 semin\u00e1\u0159 a workshop o l\u00e1tk\u00e1ch, kter\u00e9 m\u00e1me kolem sebe ka\u017ed\u00fd denKdy: 21. 5. 2026, 15:00 a\u017e cca 18:30 Kde: V prostor\u00e1ch Z\u0160 Hrotovice, Adresa: F. B. Zv\u011b\u0159iny 221, 675 55 Hrotovice Vstupn\u00e9: ZDARMA\u00a0(v\u010detn\u011b ob\u010derstven\u00ed a v\u00fdroby dom\u00e1c\u00ed kosmetiky)Po\u010det m\u00edst je omezen Pros\u00edm vypl\u0148te nez\u00e1vaznou p\u0159ihl\u00e1\u0161ku.Podrobnosti k akci: O co jde? Jde [&hellip;]\" \/>\n<meta property=\"og:url\" content=\"https:\/\/green-gate.eu\/sk\/seminar-hrotovice\/\" \/>\n<meta property=\"og:site_name\" content=\"GreenGate\" \/>\n<meta property=\"article:modified_time\" content=\"2026-03-23T13:54:25+00:00\" \/>\n<meta name=\"twitter:card\" content=\"summary_large_image\" \/>\n<meta name=\"twitter:label1\" content=\"Predpokladan\u00fd \u010das \u010d\u00edtania\" \/>\n\t<meta name=\"twitter:data1\" content=\"7 min\u00fat\" \/>\n<script type=\"application\/ld+json\" class=\"yoast-schema-graph\">{\"@context\":\"https:\/\/schema.org\",\"@graph\":[{\"@type\":\"WebPage\",\"@id\":\"https:\/\/green-gate.eu\/sk\/seminar-hrotovice\/\",\"url\":\"https:\/\/green-gate.eu\/sk\/seminar-hrotovice\/\",\"name\":\"Semin\u00e1\u0159 Hrotovice - GreenGate\",\"isPartOf\":{\"@id\":\"https:\/\/green-gate.eu\/sk\/#website\"},\"datePublished\":\"2026-03-15T08:26:04+00:00\",\"dateModified\":\"2026-03-23T13:54:25+00:00\",\"breadcrumb\":{\"@id\":\"https:\/\/green-gate.eu\/sk\/seminar-hrotovice\/#breadcrumb\"},\"inLanguage\":\"sk-SK\",\"potentialAction\":[{\"@type\":\"ReadAction\",\"target\":[\"https:\/\/green-gate.eu\/sk\/seminar-hrotovice\/\"]}]},{\"@type\":\"BreadcrumbList\",\"@id\":\"https:\/\/green-gate.eu\/sk\/seminar-hrotovice\/#breadcrumb\",\"itemListElement\":[{\"@type\":\"ListItem\",\"position\":1,\"name\":\"Home\",\"item\":\"https:\/\/green-gate.eu\/sk\/\"},{\"@type\":\"ListItem\",\"position\":2,\"name\":\"Semin\u00e1\u0159 Hrotovice\"}]},{\"@type\":\"WebSite\",\"@id\":\"https:\/\/green-gate.eu\/sk\/#website\",\"url\":\"https:\/\/green-gate.eu\/sk\/\",\"name\":\"GreenGate\",\"description\":\"Learn how to create healthier beauty routines and debunk common myths.\",\"publisher\":{\"@id\":\"https:\/\/green-gate.eu\/sk\/#organization\"},\"potentialAction\":[{\"@type\":\"SearchAction\",\"target\":{\"@type\":\"EntryPoint\",\"urlTemplate\":\"https:\/\/green-gate.eu\/sk\/?s={search_term_string}\"},\"query-input\":\"required name=search_term_string\"}],\"inLanguage\":\"sk-SK\"},{\"@type\":\"Organization\",\"@id\":\"https:\/\/green-gate.eu\/sk\/#organization\",\"name\":\"GreenGate\",\"url\":\"https:\/\/green-gate.eu\/sk\/\",\"logo\":{\"@type\":\"ImageObject\",\"inLanguage\":\"sk-SK\",\"@id\":\"https:\/\/green-gate.eu\/sk\/#\/schema\/logo\/image\/\",\"url\":\"https:\/\/green-gate.eu\/wp-content\/uploads\/2023\/04\/brand.png\",\"contentUrl\":\"https:\/\/green-gate.eu\/wp-content\/uploads\/2023\/04\/brand.png\",\"width\":263,\"height\":108,\"caption\":\"GreenGate\"},\"image\":{\"@id\":\"https:\/\/green-gate.eu\/sk\/#\/schema\/logo\/image\/\"}}]}<\/script>\n<!-- \/ Yoast SEO plugin. -->","yoast_head_json":{"title":"Semin\u00e1\u0159 Hrotovice - GreenGate","robots":{"index":"index","follow":"follow","max-snippet":"max-snippet:-1","max-image-preview":"max-image-preview:large","max-video-preview":"max-video-preview:-1"},"canonical":"https:\/\/green-gate.eu\/sk\/seminar-hrotovice\/","og_locale":"sk_SK","og_type":"article","og_title":"Semin\u00e1\u0159 Hrotovice - GreenGate","og_description":"Bez zbyte\u010dn\u00e9 chemie \u2013\u00a0 semin\u00e1\u0159 a workshop o l\u00e1tk\u00e1ch, kter\u00e9 m\u00e1me kolem sebe ka\u017ed\u00fd denKdy: 21. 5. 2026, 15:00 a\u017e cca 18:30 Kde: V prostor\u00e1ch Z\u0160 Hrotovice, Adresa: F. B. Zv\u011b\u0159iny 221, 675 55 Hrotovice Vstupn\u00e9: ZDARMA\u00a0(v\u010detn\u011b ob\u010derstven\u00ed a v\u00fdroby dom\u00e1c\u00ed kosmetiky)Po\u010det m\u00edst je omezen Pros\u00edm vypl\u0148te nez\u00e1vaznou p\u0159ihl\u00e1\u0161ku.Podrobnosti k akci: O co jde? Jde [&hellip;]","og_url":"https:\/\/green-gate.eu\/sk\/seminar-hrotovice\/","og_site_name":"GreenGate","article_modified_time":"2026-03-23T13:54:25+00:00","twitter_card":"summary_large_image","twitter_misc":{"Predpokladan\u00fd \u010das \u010d\u00edtania":"7 min\u00fat"},"schema":{"@context":"https:\/\/schema.org","@graph":[{"@type":"WebPage","@id":"https:\/\/green-gate.eu\/sk\/seminar-hrotovice\/","url":"https:\/\/green-gate.eu\/sk\/seminar-hrotovice\/","name":"Semin\u00e1\u0159 Hrotovice - GreenGate","isPartOf":{"@id":"https:\/\/green-gate.eu\/sk\/#website"},"datePublished":"2026-03-15T08:26:04+00:00","dateModified":"2026-03-23T13:54:25+00:00","breadcrumb":{"@id":"https:\/\/green-gate.eu\/sk\/seminar-hrotovice\/#breadcrumb"},"inLanguage":"sk-SK","potentialAction":[{"@type":"ReadAction","target":["https:\/\/green-gate.eu\/sk\/seminar-hrotovice\/"]}]},{"@type":"BreadcrumbList","@id":"https:\/\/green-gate.eu\/sk\/seminar-hrotovice\/#breadcrumb","itemListElement":[{"@type":"ListItem","position":1,"name":"Home","item":"https:\/\/green-gate.eu\/sk\/"},{"@type":"ListItem","position":2,"name":"Semin\u00e1\u0159 Hrotovice"}]},{"@type":"WebSite","@id":"https:\/\/green-gate.eu\/sk\/#website","url":"https:\/\/green-gate.eu\/sk\/","name":"GreenGate","description":"Learn how to create healthier beauty routines and debunk common myths.","publisher":{"@id":"https:\/\/green-gate.eu\/sk\/#organization"},"potentialAction":[{"@type":"SearchAction","target":{"@type":"EntryPoint","urlTemplate":"https:\/\/green-gate.eu\/sk\/?s={search_term_string}"},"query-input":"required name=search_term_string"}],"inLanguage":"sk-SK"},{"@type":"Organization","@id":"https:\/\/green-gate.eu\/sk\/#organization","name":"GreenGate","url":"https:\/\/green-gate.eu\/sk\/","logo":{"@type":"ImageObject","inLanguage":"sk-SK","@id":"https:\/\/green-gate.eu\/sk\/#\/schema\/logo\/image\/","url":"https:\/\/green-gate.eu\/wp-content\/uploads\/2023\/04\/brand.png","contentUrl":"https:\/\/green-gate.eu\/wp-content\/uploads\/2023\/04\/brand.png","width":263,"height":108,"caption":"GreenGate"},"image":{"@id":"https:\/\/green-gate.eu\/sk\/#\/schema\/logo\/image\/"}}]}},"jetpack_sharing_enabled":true,"_links":{"self":[{"href":"https:\/\/green-gate.eu\/sk\/wp-json\/wp\/v2\/pages\/26438"}],"collection":[{"href":"https:\/\/green-gate.eu\/sk\/wp-json\/wp\/v2\/pages"}],"about":[{"href":"https:\/\/green-gate.eu\/sk\/wp-json\/wp\/v2\/types\/page"}],"author":[{"embeddable":true,"href":"https:\/\/green-gate.eu\/sk\/wp-json\/wp\/v2\/users\/6"}],"replies":[{"embeddable":true,"href":"https:\/\/green-gate.eu\/sk\/wp-json\/wp\/v2\/comments?post=26438"}],"version-history":[{"count":7,"href":"https:\/\/green-gate.eu\/sk\/wp-json\/wp\/v2\/pages\/26438\/revisions"}],"predecessor-version":[{"id":26463,"href":"https:\/\/green-gate.eu\/sk\/wp-json\/wp\/v2\/pages\/26438\/revisions\/26463"}],"wp:attachment":[{"href":"https:\/\/green-gate.eu\/sk\/wp-json\/wp\/v2\/media?parent=26438"}],"curies":[{"name":"wp","href":"https:\/\/api.w.org\/{rel}","templated":true}]}}