{"id":26296,"date":"2026-01-13T22:56:50","date_gmt":"2026-01-13T21:56:50","guid":{"rendered":"https:\/\/green-gate.eu\/labtorials\/labtorials-experiment-2-desifrovanie-chemikalii-na-etiketach-kozmetickych-vyrobkov\/"},"modified":"2026-04-15T23:50:52","modified_gmt":"2026-04-15T21:50:52","slug":"labtorials-experiment-2-desifrovanie-chemikalii-na-etiketach-kozmetickych-vyrobkov","status":"publish","type":"page","link":"https:\/\/green-gate.eu\/sk\/labtorials\/labtorials-experiment-2-desifrovanie-chemikalii-na-etiketach-kozmetickych-vyrobkov\/","title":{"rendered":"LABtorials &#8211; Experiment 2 &#8211; De\u0161ifrovanie chemik\u00e1li\u00ed na etiket\u00e1ch kozmetick\u00fdch v\u00fdrobkov"},"content":{"rendered":"<p>[et_pb_section fb_built=&#8220;1&#8243; _builder_version=&#8220;4.23&#8243; _module_preset=&#8220;1418af3e-881e-4304-99b9-71aba90d58c9&#8243; global_colors_info=&#8220;{}&#8220;][et_pb_row _builder_version=&#8220;4.23&#8243; _module_preset=&#8220;default&#8220; width=&#8220;auto&#8220; custom_padding=&#8220;0px|0px|0px|0px|true|true&#8220; global_colors_info=&#8220;{}&#8220;][et_pb_column type=&#8220;4_4&#8243; _builder_version=&#8220;4.23&#8243; _module_preset=&#8220;default&#8220; border_radii=&#8220;on|14px|14px|14px|14px&#8220; border_width_all=&#8220;4px&#8220; global_colors_info=&#8220;{}&#8220;][et_pb_video src=&#8220;https:\/\/green-gate.eu\/labtorials-video\/experiment-2-desifrovanie-chemikalii-na-etiketach-kozmetickych-vyrobkov.mp4&#8243; image_src=&#8220;https:\/\/green-gate.eu\/wp-content\/uploads\/2026\/01\/Exp-2-Video-Cover-sk.png&#8220; _builder_version=&#8220;4.23&#8243; _module_preset=&#8220;default&#8220; hover_enabled=&#8220;0&#8243; global_colors_info=&#8220;{}&#8220; title_text=&#8220;Exp 2 Video Cover&#8220; sticky_enabled=&#8220;0&#8243;][\/et_pb_video][\/et_pb_column][\/et_pb_row][\/et_pb_section]<\/p>\n","protected":false},"excerpt":{"rendered":"","protected":false},"author":1,"featured_media":0,"parent":25338,"menu_order":0,"comment_status":"closed","ping_status":"closed","template":"","meta":{"_et_pb_use_builder":"on","_et_pb_old_content":"","_et_gb_content_width":"","_monsterinsights_skip_tracking":false,"_monsterinsights_sitenote_active":false,"_monsterinsights_sitenote_note":"","_monsterinsights_sitenote_category":0,"footnotes":""},"yoast_head":"<!-- This site is optimized with the Yoast SEO plugin v23.2 - https:\/\/yoast.com\/wordpress\/plugins\/seo\/ -->\n<title>LABtorials - Experiment 2 - De\u0161ifrovanie chemik\u00e1li\u00ed na etiket\u00e1ch kozmetick\u00fdch v\u00fdrobkov - GreenGate<\/title>\n<meta name=\"robots\" content=\"index, follow, max-snippet:-1, max-image-preview:large, max-video-preview:-1\" \/>\n<link rel=\"canonical\" href=\"https:\/\/green-gate.eu\/sk\/labtorials\/labtorials-experiment-2-desifrovanie-chemikalii-na-etiketach-kozmetickych-vyrobkov\/\" \/>\n<meta property=\"og:locale\" content=\"sk_SK\" \/>\n<meta property=\"og:type\" content=\"article\" \/>\n<meta property=\"og:title\" content=\"LABtorials - Experiment 2 - De\u0161ifrovanie chemik\u00e1li\u00ed na etiket\u00e1ch kozmetick\u00fdch v\u00fdrobkov - GreenGate\" \/>\n<meta property=\"og:url\" content=\"https:\/\/green-gate.eu\/sk\/labtorials\/labtorials-experiment-2-desifrovanie-chemikalii-na-etiketach-kozmetickych-vyrobkov\/\" \/>\n<meta property=\"og:site_name\" content=\"GreenGate\" \/>\n<meta property=\"article:modified_time\" content=\"2026-04-15T21:50:52+00:00\" \/>\n<meta name=\"twitter:card\" content=\"summary_large_image\" \/>\n<meta name=\"twitter:label1\" content=\"Predpokladan\u00fd \u010das \u010d\u00edtania\" \/>\n\t<meta name=\"twitter:data1\" content=\"1 min\u00fata\" \/>\n<script type=\"application\/ld+json\" class=\"yoast-schema-graph\">{\"@context\":\"https:\/\/schema.org\",\"@graph\":[{\"@type\":\"WebPage\",\"@id\":\"https:\/\/green-gate.eu\/sk\/labtorials\/labtorials-experiment-2-desifrovanie-chemikalii-na-etiketach-kozmetickych-vyrobkov\/\",\"url\":\"https:\/\/green-gate.eu\/sk\/labtorials\/labtorials-experiment-2-desifrovanie-chemikalii-na-etiketach-kozmetickych-vyrobkov\/\",\"name\":\"LABtorials - Experiment 2 - De\u0161ifrovanie chemik\u00e1li\u00ed na etiket\u00e1ch kozmetick\u00fdch v\u00fdrobkov - GreenGate\",\"isPartOf\":{\"@id\":\"https:\/\/green-gate.eu\/sk\/#website\"},\"datePublished\":\"2026-01-13T21:56:50+00:00\",\"dateModified\":\"2026-04-15T21:50:52+00:00\",\"breadcrumb\":{\"@id\":\"https:\/\/green-gate.eu\/sk\/labtorials\/labtorials-experiment-2-desifrovanie-chemikalii-na-etiketach-kozmetickych-vyrobkov\/#breadcrumb\"},\"inLanguage\":\"sk-SK\",\"potentialAction\":[{\"@type\":\"ReadAction\",\"target\":[\"https:\/\/green-gate.eu\/sk\/labtorials\/labtorials-experiment-2-desifrovanie-chemikalii-na-etiketach-kozmetickych-vyrobkov\/\"]}]},{\"@type\":\"BreadcrumbList\",\"@id\":\"https:\/\/green-gate.eu\/sk\/labtorials\/labtorials-experiment-2-desifrovanie-chemikalii-na-etiketach-kozmetickych-vyrobkov\/#breadcrumb\",\"itemListElement\":[{\"@type\":\"ListItem\",\"position\":1,\"name\":\"Home\",\"item\":\"https:\/\/green-gate.eu\/sk\/\"},{\"@type\":\"ListItem\",\"position\":2,\"name\":\"Labtorials\",\"item\":\"https:\/\/green-gate.eu\/sk\/labtorials\/\"},{\"@type\":\"ListItem\",\"position\":3,\"name\":\"LABtorials &#8211; Experiment 2 &#8211; De\u0161ifrovanie chemik\u00e1li\u00ed na etiket\u00e1ch kozmetick\u00fdch v\u00fdrobkov\"}]},{\"@type\":\"WebSite\",\"@id\":\"https:\/\/green-gate.eu\/sk\/#website\",\"url\":\"https:\/\/green-gate.eu\/sk\/\",\"name\":\"GreenGate\",\"description\":\"Learn how to create healthier beauty routines and debunk common myths.\",\"publisher\":{\"@id\":\"https:\/\/green-gate.eu\/sk\/#organization\"},\"potentialAction\":[{\"@type\":\"SearchAction\",\"target\":{\"@type\":\"EntryPoint\",\"urlTemplate\":\"https:\/\/green-gate.eu\/sk\/?s={search_term_string}\"},\"query-input\":\"required name=search_term_string\"}],\"inLanguage\":\"sk-SK\"},{\"@type\":\"Organization\",\"@id\":\"https:\/\/green-gate.eu\/sk\/#organization\",\"name\":\"GreenGate\",\"url\":\"https:\/\/green-gate.eu\/sk\/\",\"logo\":{\"@type\":\"ImageObject\",\"inLanguage\":\"sk-SK\",\"@id\":\"https:\/\/green-gate.eu\/sk\/#\/schema\/logo\/image\/\",\"url\":\"https:\/\/green-gate.eu\/wp-content\/uploads\/2023\/04\/brand.png\",\"contentUrl\":\"https:\/\/green-gate.eu\/wp-content\/uploads\/2023\/04\/brand.png\",\"width\":263,\"height\":108,\"caption\":\"GreenGate\"},\"image\":{\"@id\":\"https:\/\/green-gate.eu\/sk\/#\/schema\/logo\/image\/\"}}]}<\/script>\n<!-- \/ Yoast SEO plugin. -->","yoast_head_json":{"title":"LABtorials - Experiment 2 - De\u0161ifrovanie chemik\u00e1li\u00ed na etiket\u00e1ch kozmetick\u00fdch v\u00fdrobkov - GreenGate","robots":{"index":"index","follow":"follow","max-snippet":"max-snippet:-1","max-image-preview":"max-image-preview:large","max-video-preview":"max-video-preview:-1"},"canonical":"https:\/\/green-gate.eu\/sk\/labtorials\/labtorials-experiment-2-desifrovanie-chemikalii-na-etiketach-kozmetickych-vyrobkov\/","og_locale":"sk_SK","og_type":"article","og_title":"LABtorials - Experiment 2 - De\u0161ifrovanie chemik\u00e1li\u00ed na etiket\u00e1ch kozmetick\u00fdch v\u00fdrobkov - GreenGate","og_url":"https:\/\/green-gate.eu\/sk\/labtorials\/labtorials-experiment-2-desifrovanie-chemikalii-na-etiketach-kozmetickych-vyrobkov\/","og_site_name":"GreenGate","article_modified_time":"2026-04-15T21:50:52+00:00","twitter_card":"summary_large_image","twitter_misc":{"Predpokladan\u00fd \u010das \u010d\u00edtania":"1 min\u00fata"},"schema":{"@context":"https:\/\/schema.org","@graph":[{"@type":"WebPage","@id":"https:\/\/green-gate.eu\/sk\/labtorials\/labtorials-experiment-2-desifrovanie-chemikalii-na-etiketach-kozmetickych-vyrobkov\/","url":"https:\/\/green-gate.eu\/sk\/labtorials\/labtorials-experiment-2-desifrovanie-chemikalii-na-etiketach-kozmetickych-vyrobkov\/","name":"LABtorials - Experiment 2 - De\u0161ifrovanie chemik\u00e1li\u00ed na etiket\u00e1ch kozmetick\u00fdch v\u00fdrobkov - GreenGate","isPartOf":{"@id":"https:\/\/green-gate.eu\/sk\/#website"},"datePublished":"2026-01-13T21:56:50+00:00","dateModified":"2026-04-15T21:50:52+00:00","breadcrumb":{"@id":"https:\/\/green-gate.eu\/sk\/labtorials\/labtorials-experiment-2-desifrovanie-chemikalii-na-etiketach-kozmetickych-vyrobkov\/#breadcrumb"},"inLanguage":"sk-SK","potentialAction":[{"@type":"ReadAction","target":["https:\/\/green-gate.eu\/sk\/labtorials\/labtorials-experiment-2-desifrovanie-chemikalii-na-etiketach-kozmetickych-vyrobkov\/"]}]},{"@type":"BreadcrumbList","@id":"https:\/\/green-gate.eu\/sk\/labtorials\/labtorials-experiment-2-desifrovanie-chemikalii-na-etiketach-kozmetickych-vyrobkov\/#breadcrumb","itemListElement":[{"@type":"ListItem","position":1,"name":"Home","item":"https:\/\/green-gate.eu\/sk\/"},{"@type":"ListItem","position":2,"name":"Labtorials","item":"https:\/\/green-gate.eu\/sk\/labtorials\/"},{"@type":"ListItem","position":3,"name":"LABtorials &#8211; Experiment 2 &#8211; De\u0161ifrovanie chemik\u00e1li\u00ed na etiket\u00e1ch kozmetick\u00fdch v\u00fdrobkov"}]},{"@type":"WebSite","@id":"https:\/\/green-gate.eu\/sk\/#website","url":"https:\/\/green-gate.eu\/sk\/","name":"GreenGate","description":"Learn how to create healthier beauty routines and debunk common myths.","publisher":{"@id":"https:\/\/green-gate.eu\/sk\/#organization"},"potentialAction":[{"@type":"SearchAction","target":{"@type":"EntryPoint","urlTemplate":"https:\/\/green-gate.eu\/sk\/?s={search_term_string}"},"query-input":"required name=search_term_string"}],"inLanguage":"sk-SK"},{"@type":"Organization","@id":"https:\/\/green-gate.eu\/sk\/#organization","name":"GreenGate","url":"https:\/\/green-gate.eu\/sk\/","logo":{"@type":"ImageObject","inLanguage":"sk-SK","@id":"https:\/\/green-gate.eu\/sk\/#\/schema\/logo\/image\/","url":"https:\/\/green-gate.eu\/wp-content\/uploads\/2023\/04\/brand.png","contentUrl":"https:\/\/green-gate.eu\/wp-content\/uploads\/2023\/04\/brand.png","width":263,"height":108,"caption":"GreenGate"},"image":{"@id":"https:\/\/green-gate.eu\/sk\/#\/schema\/logo\/image\/"}}]}},"jetpack_sharing_enabled":true,"_links":{"self":[{"href":"https:\/\/green-gate.eu\/sk\/wp-json\/wp\/v2\/pages\/26296"}],"collection":[{"href":"https:\/\/green-gate.eu\/sk\/wp-json\/wp\/v2\/pages"}],"about":[{"href":"https:\/\/green-gate.eu\/sk\/wp-json\/wp\/v2\/types\/page"}],"author":[{"embeddable":true,"href":"https:\/\/green-gate.eu\/sk\/wp-json\/wp\/v2\/users\/1"}],"replies":[{"embeddable":true,"href":"https:\/\/green-gate.eu\/sk\/wp-json\/wp\/v2\/comments?post=26296"}],"version-history":[{"count":6,"href":"https:\/\/green-gate.eu\/sk\/wp-json\/wp\/v2\/pages\/26296\/revisions"}],"predecessor-version":[{"id":26745,"href":"https:\/\/green-gate.eu\/sk\/wp-json\/wp\/v2\/pages\/26296\/revisions\/26745"}],"up":[{"embeddable":true,"href":"https:\/\/green-gate.eu\/sk\/wp-json\/wp\/v2\/pages\/25338"}],"wp:attachment":[{"href":"https:\/\/green-gate.eu\/sk\/wp-json\/wp\/v2\/media?parent=26296"}],"curies":[{"name":"wp","href":"https:\/\/api.w.org\/{rel}","templated":true}]}}