{"id":21740,"date":"2025-05-04T21:34:05","date_gmt":"2025-05-04T19:34:05","guid":{"rendered":"https:\/\/green-gate.eu\/?page_id=21740"},"modified":"2026-01-28T11:49:46","modified_gmt":"2026-01-28T10:49:46","slug":"before-we-meet","status":"publish","type":"page","link":"https:\/\/green-gate.eu\/sk\/before-we-meet\/","title":{"rendered":"Before we meet"},"content":{"rendered":"<p>[et_pb_section fb_built=&#8220;1&#8243; module_id=&#8220;formular&#8220; _builder_version=&#8220;4.21.0&#8243; _module_preset=&#8220;14e305e4-ab41-40ea-aebe-d74a9fedeebd&#8220; custom_padding=&#8220;0px|48px|40px|48px|false|true&#8220; custom_padding_tablet=&#8220;0px|16px||16px|false|true&#8220; custom_padding_phone=&#8220;0px|4%|16px|4%|false|true&#8220; locked=&#8220;off&#8220; global_colors_info=&#8220;{}&#8220;][et_pb_row _builder_version=&#8220;4.21.0&#8243; _module_preset=&#8220;00b9a908-9d8a-4f83-8552-e1abcb372e40&#8243; global_colors_info=&#8220;{}&#8220;][et_pb_column type=&#8220;4_4&#8243; _builder_version=&#8220;4.21.0&#8243; _module_preset=&#8220;default&#8220; global_colors_info=&#8220;{}&#8220;][et_pb_code raw_content_tablet=&#8220;<iframe src=%22https:\/\/docs.google.com\/forms\/d\/e\/1FAIpQLSfRYHCOceQ1iLRv13PsD17SO5USrjZXHZzZ7WppPIMpl6TjoQ\/viewform%22 width=%22750%22 height=%225000%22 frameborder=%220%22 marginheight=%220%22 marginwidth=%220%22>Na\u010d\u00edt\u00e1n\u00ed\u2026<\/iframe>&#8220; raw_content_phone=&#8220;<iframe src=%22https:\/\/docs.google.com\/forms\/d\/e\/1FAIpQLSfRYHCOceQ1iLRv13PsD17SO5USrjZXHZzZ7WppPIMpl6TjoQ\/viewform%22 width=%22750%22 height=%226500%22 frameborder=%220%22 marginheight=%220%22 marginwidth=%220%22>Na\u010d\u00edt\u00e1n\u00ed\u2026<\/iframe>&#8220; raw_content_last_edited=&#8220;on|desktop&#8220; _builder_version=&#8220;4.23&#8243; _module_preset=&#8220;default&#8220; custom_padding=&#8220;0px|0px|0px|0px|true|true&#8220; global_colors_info=&#8220;{}&#8220;]<iframe loading=\"lazy\" data-src=\"https:\/\/docs.google.com\/forms\/d\/e\/1FAIpQLSfRYHCOceQ1iLRv13PsD17SO5USrjZXHZzZ7WppPIMpl6TjoQ\/viewform\" width=\"750\" height=\"5000\" frameborder=\"0\" marginheight=\"0\" marginwidth=\"0\" src=\"data:image\/gif;base64,R0lGODlhAQABAAAAACH5BAEKAAEALAAAAAABAAEAAAICTAEAOw==\" class=\"lazyload\" data-load-mode=\"1\">Na\u010d\u00edt\u00e1n\u00ed\u2026<\/iframe>[\/et_pb_code][\/et_pb_column][\/et_pb_row][\/et_pb_section]<\/p>\n","protected":false},"excerpt":{"rendered":"","protected":false},"author":1,"featured_media":0,"parent":0,"menu_order":0,"comment_status":"closed","ping_status":"closed","template":"","meta":{"_et_pb_use_builder":"on","_et_pb_old_content":"","_et_gb_content_width":"","_monsterinsights_skip_tracking":false,"_monsterinsights_sitenote_active":false,"_monsterinsights_sitenote_note":"","_monsterinsights_sitenote_category":0,"footnotes":""},"yoast_head":"<!-- This site is optimized with the Yoast SEO plugin v23.2 - https:\/\/yoast.com\/wordpress\/plugins\/seo\/ -->\n<title>Before we meet - GreenGate<\/title>\n<meta name=\"robots\" content=\"index, follow, max-snippet:-1, max-image-preview:large, max-video-preview:-1\" \/>\n<link rel=\"canonical\" href=\"https:\/\/green-gate.eu\/sk\/before-we-meet\/\" \/>\n<meta property=\"og:locale\" content=\"sk_SK\" \/>\n<meta property=\"og:type\" content=\"article\" \/>\n<meta property=\"og:title\" content=\"Before we meet - GreenGate\" \/>\n<meta property=\"og:url\" content=\"https:\/\/green-gate.eu\/sk\/before-we-meet\/\" \/>\n<meta property=\"og:site_name\" content=\"GreenGate\" \/>\n<meta property=\"article:modified_time\" content=\"2026-01-28T10:49:46+00:00\" \/>\n<meta name=\"twitter:card\" content=\"summary_large_image\" \/>\n<meta name=\"twitter:label1\" content=\"Predpokladan\u00fd \u010das \u010d\u00edtania\" \/>\n\t<meta name=\"twitter:data1\" content=\"1 min\u00fata\" \/>\n<script type=\"application\/ld+json\" class=\"yoast-schema-graph\">{\"@context\":\"https:\/\/schema.org\",\"@graph\":[{\"@type\":\"WebPage\",\"@id\":\"https:\/\/green-gate.eu\/sk\/before-we-meet\/\",\"url\":\"https:\/\/green-gate.eu\/sk\/before-we-meet\/\",\"name\":\"Before we meet - GreenGate\",\"isPartOf\":{\"@id\":\"https:\/\/green-gate.eu\/sk\/#website\"},\"datePublished\":\"2025-05-04T19:34:05+00:00\",\"dateModified\":\"2026-01-28T10:49:46+00:00\",\"breadcrumb\":{\"@id\":\"https:\/\/green-gate.eu\/sk\/before-we-meet\/#breadcrumb\"},\"inLanguage\":\"sk-SK\",\"potentialAction\":[{\"@type\":\"ReadAction\",\"target\":[\"https:\/\/green-gate.eu\/sk\/before-we-meet\/\"]}]},{\"@type\":\"BreadcrumbList\",\"@id\":\"https:\/\/green-gate.eu\/sk\/before-we-meet\/#breadcrumb\",\"itemListElement\":[{\"@type\":\"ListItem\",\"position\":1,\"name\":\"Home\",\"item\":\"https:\/\/green-gate.eu\/sk\/\"},{\"@type\":\"ListItem\",\"position\":2,\"name\":\"Before we meet\"}]},{\"@type\":\"WebSite\",\"@id\":\"https:\/\/green-gate.eu\/sk\/#website\",\"url\":\"https:\/\/green-gate.eu\/sk\/\",\"name\":\"GreenGate\",\"description\":\"Learn how to create healthier beauty routines and debunk common myths.\",\"publisher\":{\"@id\":\"https:\/\/green-gate.eu\/sk\/#organization\"},\"potentialAction\":[{\"@type\":\"SearchAction\",\"target\":{\"@type\":\"EntryPoint\",\"urlTemplate\":\"https:\/\/green-gate.eu\/sk\/?s={search_term_string}\"},\"query-input\":\"required name=search_term_string\"}],\"inLanguage\":\"sk-SK\"},{\"@type\":\"Organization\",\"@id\":\"https:\/\/green-gate.eu\/sk\/#organization\",\"name\":\"GreenGate\",\"url\":\"https:\/\/green-gate.eu\/sk\/\",\"logo\":{\"@type\":\"ImageObject\",\"inLanguage\":\"sk-SK\",\"@id\":\"https:\/\/green-gate.eu\/sk\/#\/schema\/logo\/image\/\",\"url\":\"https:\/\/green-gate.eu\/wp-content\/uploads\/2023\/04\/brand.png\",\"contentUrl\":\"https:\/\/green-gate.eu\/wp-content\/uploads\/2023\/04\/brand.png\",\"width\":263,\"height\":108,\"caption\":\"GreenGate\"},\"image\":{\"@id\":\"https:\/\/green-gate.eu\/sk\/#\/schema\/logo\/image\/\"}}]}<\/script>\n<!-- \/ Yoast SEO plugin. -->","yoast_head_json":{"title":"Before we meet - GreenGate","robots":{"index":"index","follow":"follow","max-snippet":"max-snippet:-1","max-image-preview":"max-image-preview:large","max-video-preview":"max-video-preview:-1"},"canonical":"https:\/\/green-gate.eu\/sk\/before-we-meet\/","og_locale":"sk_SK","og_type":"article","og_title":"Before we meet - GreenGate","og_url":"https:\/\/green-gate.eu\/sk\/before-we-meet\/","og_site_name":"GreenGate","article_modified_time":"2026-01-28T10:49:46+00:00","twitter_card":"summary_large_image","twitter_misc":{"Predpokladan\u00fd \u010das \u010d\u00edtania":"1 min\u00fata"},"schema":{"@context":"https:\/\/schema.org","@graph":[{"@type":"WebPage","@id":"https:\/\/green-gate.eu\/sk\/before-we-meet\/","url":"https:\/\/green-gate.eu\/sk\/before-we-meet\/","name":"Before we meet - GreenGate","isPartOf":{"@id":"https:\/\/green-gate.eu\/sk\/#website"},"datePublished":"2025-05-04T19:34:05+00:00","dateModified":"2026-01-28T10:49:46+00:00","breadcrumb":{"@id":"https:\/\/green-gate.eu\/sk\/before-we-meet\/#breadcrumb"},"inLanguage":"sk-SK","potentialAction":[{"@type":"ReadAction","target":["https:\/\/green-gate.eu\/sk\/before-we-meet\/"]}]},{"@type":"BreadcrumbList","@id":"https:\/\/green-gate.eu\/sk\/before-we-meet\/#breadcrumb","itemListElement":[{"@type":"ListItem","position":1,"name":"Home","item":"https:\/\/green-gate.eu\/sk\/"},{"@type":"ListItem","position":2,"name":"Before we meet"}]},{"@type":"WebSite","@id":"https:\/\/green-gate.eu\/sk\/#website","url":"https:\/\/green-gate.eu\/sk\/","name":"GreenGate","description":"Learn how to create healthier beauty routines and debunk common myths.","publisher":{"@id":"https:\/\/green-gate.eu\/sk\/#organization"},"potentialAction":[{"@type":"SearchAction","target":{"@type":"EntryPoint","urlTemplate":"https:\/\/green-gate.eu\/sk\/?s={search_term_string}"},"query-input":"required name=search_term_string"}],"inLanguage":"sk-SK"},{"@type":"Organization","@id":"https:\/\/green-gate.eu\/sk\/#organization","name":"GreenGate","url":"https:\/\/green-gate.eu\/sk\/","logo":{"@type":"ImageObject","inLanguage":"sk-SK","@id":"https:\/\/green-gate.eu\/sk\/#\/schema\/logo\/image\/","url":"https:\/\/green-gate.eu\/wp-content\/uploads\/2023\/04\/brand.png","contentUrl":"https:\/\/green-gate.eu\/wp-content\/uploads\/2023\/04\/brand.png","width":263,"height":108,"caption":"GreenGate"},"image":{"@id":"https:\/\/green-gate.eu\/sk\/#\/schema\/logo\/image\/"}}]}},"jetpack_sharing_enabled":true,"_links":{"self":[{"href":"https:\/\/green-gate.eu\/sk\/wp-json\/wp\/v2\/pages\/21740"}],"collection":[{"href":"https:\/\/green-gate.eu\/sk\/wp-json\/wp\/v2\/pages"}],"about":[{"href":"https:\/\/green-gate.eu\/sk\/wp-json\/wp\/v2\/types\/page"}],"author":[{"embeddable":true,"href":"https:\/\/green-gate.eu\/sk\/wp-json\/wp\/v2\/users\/1"}],"replies":[{"embeddable":true,"href":"https:\/\/green-gate.eu\/sk\/wp-json\/wp\/v2\/comments?post=21740"}],"version-history":[{"count":6,"href":"https:\/\/green-gate.eu\/sk\/wp-json\/wp\/v2\/pages\/21740\/revisions"}],"predecessor-version":[{"id":21749,"href":"https:\/\/green-gate.eu\/sk\/wp-json\/wp\/v2\/pages\/21740\/revisions\/21749"}],"wp:attachment":[{"href":"https:\/\/green-gate.eu\/sk\/wp-json\/wp\/v2\/media?parent=21740"}],"curies":[{"name":"wp","href":"https:\/\/api.w.org\/{rel}","templated":true}]}}