{"id":20095,"date":"2024-04-13T15:57:28","date_gmt":"2024-04-13T13:57:28","guid":{"rendered":"https:\/\/green-gate.eu\/zasady-ochrany-osobnych-udajov-pre-app-greenscan\/"},"modified":"2024-04-13T16:24:01","modified_gmt":"2024-04-13T14:24:01","slug":"zasady-ochrany-osobnych-udajov-pre-app-greenscan","status":"publish","type":"page","link":"https:\/\/green-gate.eu\/sk\/zasady-ochrany-osobnych-udajov-pre-app-greenscan\/","title":{"rendered":"Z\u00e1sady ochrany osobn\u00fdch \u00fadajov pre app GreenScan"},"content":{"rendered":"<p>[et_pb_section fb_built=&#8220;1&#8243; _builder_version=&#8220;4.21.0&#8243; _module_preset=&#8220;14e305e4-ab41-40ea-aebe-d74a9fedeebd&#8220; global_colors_info=&#8220;{}&#8220;][et_pb_row _builder_version=&#8220;4.21.0&#8243; _module_preset=&#8220;2a4d44be-60db-4bc2-b91a-901c0251e68c&#8220; global_colors_info=&#8220;{}&#8220;][et_pb_column type=&#8220;4_4&#8243; _builder_version=&#8220;4.21.0&#8243; _module_preset=&#8220;default&#8220; global_colors_info=&#8220;{}&#8220;][et_pb_text _builder_version=&#8220;4.23&#8243; _module_preset=&#8220;c9826d58-1a4e-4f9d-b75b-1a50233074a3&#8243; hover_enabled=&#8220;0&#8243; global_colors_info=&#8220;{}&#8220; sticky_enabled=&#8220;0&#8243;]<\/p>\n<p>Z\u00e1sady ochrany osobn\u00fdch \u00fadajov pre app GreenScan<\/p>\n<p>[\/et_pb_text][\/et_pb_column][\/et_pb_row][et_pb_row _builder_version=&#8220;4.21.0&#8243; _module_preset=&#8220;00b9a908-9d8a-4f83-8552-e1abcb372e40&#8243; global_colors_info=&#8220;{}&#8220;][et_pb_column type=&#8220;4_4&#8243; _builder_version=&#8220;4.21.0&#8243; _module_preset=&#8220;default&#8220; global_colors_info=&#8220;{}&#8220;][et_pb_text _builder_version=&#8220;4.23&#8243; _module_preset=&#8220;1f1ac656-3431-472b-b627-10123e56f24a&#8220; hover_enabled=&#8220;0&#8243; global_colors_info=&#8220;{}&#8220; sticky_enabled=&#8220;0&#8243;]<\/p>\n<h3>\u00davod<\/h3>\n<p>Vitajte v&nbsp;mobilnej aplik\u00e1cii GreenScan, ktor\u00e1 v\u00e1m pom\u00e1ha s&nbsp;hodnoten\u00edm zlo\u017eenia kozmetiky a&nbsp;\u010fal\u0161\u00edch produktov. GreenScan s.r.o. sa zav\u00e4zuje k&nbsp;ochrane v\u00e1\u0161ho s\u00fakromia a&nbsp;bezpe\u010dnosti va\u0161ich inform\u00e1ci\u00ed. Tieto Z\u00e1sady ochrany osobn\u00fdch \u00fadajov vysvet\u013euj\u00fa, ako zaobch\u00e1dzame s&nbsp;va\u0161imi \u00fadajmi a&nbsp;ako chr\u00e1nime va\u0161u d\u00f4vernos\u0165.  <\/p>\n<h3>Zbieran\u00e9 \u00fadaje<\/h3>\n<p>Mobiln\u00e1 aplik\u00e1cia GreenScan nepo\u017eaduje od pou\u017e\u00edvate\u013eov \u017eiadne osobn\u00e9 \u00fadaje a&nbsp;neprij\u00edma \u017eiadne inform\u00e1cie, ako s\u00fa emailov\u00e9 adresy alebo men\u00e1, priamo do aplik\u00e1cie. Ak sa v\u0161ak pou\u017e\u00edvatelia zaregistruj\u00fa prostredn\u00edctvom slu\u017eieb Google Play alebo App Store, tieto platformy m\u00f4\u017eu zbiera\u0165 ur\u010dit\u00e9 inform\u00e1cie v&nbsp;s\u00falade so svojimi vlastn\u00fdmi Z\u00e1sadami ochrany osobn\u00fdch \u00fadajov. Aplik\u00e1cia GreenScan m\u00f4\u017ee zbiera\u0165 anonymn\u00e9 \u0161tatistick\u00e9 \u00fadaje o&nbsp;pou\u017e\u00edvan\u00ed za \u00fa\u010delom zlep\u0161enia u\u017e\u00edvate\u013esk\u00e9ho z\u00e1\u017eitku a&nbsp;kvality slu\u017eieb.  <\/p>\n<h3>Pou\u017eitie zbieran\u00fdch \u00fadajov<\/h3>\n<p>Zbieran\u00e9 anonymn\u00e9 \u0161tatistick\u00e9 \u00fadaje o&nbsp;pou\u017e\u00edvan\u00ed aplik\u00e1cie s\u00fa pou\u017e\u00edvan\u00e9 v\u00fdhradne pre intern\u00e9 \u00fa\u010dely spolo\u010dnosti GreenScan s.r.o. Tieto \u00fadaje n\u00e1m pom\u00e1haj\u00fa lep\u0161ie porozumie\u0165 potreb\u00e1m na\u0161ich pou\u017e\u00edvate\u013eov a&nbsp;zlep\u0161ova\u0165 na\u0161u mobiln\u00fa aplik\u00e1ciu. <\/p>\n<h3>Zdie\u013eanie \u00fadajov s&nbsp;tret\u00edmi stranami<\/h3>\n<p>Spolo\u010dnos\u0165 GreenScan s.r.o. neposkytuje \u017eiadne osobn\u00e9 \u00fadaje tret\u00edm stran\u00e1m bez v\u00fdslovn\u00e9ho s\u00fahlasu pou\u017e\u00edvate\u013ea alebo pokia\u013e to nie je vy\u017eadovan\u00e9 z\u00e1konom. Aplik\u00e1cia GreenScan nepo\u017eaduje ani nez\u00edskava \u017eiadne osobn\u00e9 \u00fadaje od tret\u00edch str\u00e1n, ako s\u00fa Google alebo Apple. <\/p>\n<h3>Ako je to s&nbsp;\u00fadajmi mimo Eur\u00f3pskej \u00fanie (EU)?<\/h3>\n<p>P\u00f4sob\u00ed prim\u00e1rne v&nbsp;\u010ceskej a&nbsp;Slovenskej republike, Slovinsku a&nbsp;pr\u00edpadne aj v&nbsp;\u010fal\u0161\u00edch krajin\u00e1ch Eur\u00f3pskej \u00fanie. Nesd\u00e1vame \u017eiadne osobn\u00e9 \u00fadaje mimo Eur\u00f3pskej \u00fanie (EU). Ak m\u00e1te ak\u00e9ko\u013evek ot\u00e1zky oh\u013eadom pren\u00e1\u0161ania osobn\u00fdch \u00fadajov, nev\u00e1hajte n\u00e1s kontaktova\u0165 na <a href=\"mailto:info@greenscan.cz\">info@greenscan.cz<\/a>.  <\/p>\n<h3>Respekt k&nbsp;ochrane s\u00fakromia mlad\u0161\u00edch pou\u017e\u00edvate\u013eov<\/h3>\n<p>Nepo\u017eadujeme ani nez\u00edskavame \u017eiadne \u00fadaje od os\u00f4b mlad\u0161\u00edch 18 rokov. Ak si mysl\u00edte, \u017ee va\u0161e osobn\u00e9 \u00fadaje alebo \u00fadaje o&nbsp;va\u0161ich de\u0165och mlad\u0161\u00edch 18 rokov m\u00f4\u017eu by\u0165 ak\u00fdmko\u013evek sp\u00f4sobom zaznamenan\u00e9 na\u0161ou aplik\u00e1ciou, pros\u00edm, kontaktujte n\u00e1s. <\/p>\n<h3>Zabezpe\u010denie \u00fadajov<\/h3>\n<p>Aj napriek tomu, \u017ee aplik\u00e1cia GreenScan nepo\u017eaduje od pou\u017e\u00edvate\u013eov \u017eiadne osobn\u00e9 \u00fadaje, db\u00e1me na ochranu s\u00fakromia a&nbsp;d\u00f4vernosti va\u0161ich inform\u00e1ci\u00ed. Pou\u017e\u00edvame be\u017ene pou\u017e\u00edvan\u00e9 technol\u00f3gie a&nbsp;postupy na zabezpe\u010denie bezpe\u010dnosti \u00fadajov. <\/p>\n<h3>Kontaktujte n\u00e1s<\/h3>\n<p>Ak m\u00e1te ak\u00e9ko\u013evek ot\u00e1zky oh\u013eadom aplik\u00e1cie GreenScan alebo pou\u017e\u00edvania slu\u017eby, nev\u00e1hajte n\u00e1s kontaktova\u0165 na adrese <a href=\"mailto:%20info@greenscan.cz\">info@greenscan.cz<\/a>.<\/p>\n<h3>Zmeny v&nbsp;Z\u00e1sad\u00e1ch ochrany osobn\u00fdch \u00fadajov<\/h3>\n<p>T\u00e1to verzia Z\u00e1sad ochrany osobn\u00fdch \u00fadajov bola naposledy aktualizovan\u00e1 d\u0148a 12.&nbsp;4.&nbsp;2024. Z\u00e1sady m\u00f4\u017eu by\u0165 pravidelne aktualizovan\u00e9 v&nbsp;s\u00falade s&nbsp;na\u0161imi prev\u00e1dzkov\u00fdmi postupmi alebo zmenami pr\u00e1vnych predpisov. Aktualiz\u00e1cie Z\u00e1sad bud\u00fa zverejnen\u00e9 na na\u0161ich webov\u00fdch str\u00e1nkach <a href=\"https:\/\/green-gate.eu\/sk\/\">https:\/\/green-gate.eu\/<\/a>.  <\/p>\n<p>\u010eakujeme za pou\u017e\u00edvanie mobilnej aplik\u00e1cie GreenScan \ud83d\ude09<\/p>\n<p>[\/et_pb_text][\/et_pb_column][\/et_pb_row][\/et_pb_section][et_pb_section fb_built=&#8220;1&#8243; custom_padding_last_edited=&#8220;on|tablet&#8220; admin_label=&#8220;EU Logolink Section&#8220; _builder_version=&#8220;4.21.0&#8243; _module_preset=&#8220;default&#8220; background_color=&#8220;#F1F1F1&#8243; custom_padding=&#8220;80px|48px|80px|48px|true|true&#8220; custom_padding_tablet=&#8220;60px||60px||true|true&#8220; custom_padding_phone=&#8220;60px|6%|60px|6%|true|true&#8220; global_module=&#8220;6149&#8243; global_colors_info=&#8220;{}&#8220;][et_pb_row column_structure=&#8220;1_2,1_2&#8243; custom_padding_last_edited=&#8220;on|tablet&#8220; module_class=&#8220;two-col-tab two-col-mob&#8220; _builder_version=&#8220;4.21.0&#8243; _module_preset=&#8220;default&#8220; width=&#8220;auto&#8220; max_width=&#8220;660px&#8220; max_width_tablet=&#8220;600px&#8220; max_width_phone=&#8220;460px&#8220; max_width_last_edited=&#8220;on|tablet&#8220; custom_padding=&#8220;0px||40px||false|false&#8220; custom_padding_tablet=&#8220;0px||32px||false|false&#8220; custom_padding_phone=&#8220;||32px||false|false&#8220; global_colors_info=&#8220;{}&#8220;][et_pb_column type=&#8220;1_2&#8243; _builder_version=&#8220;4.21.0&#8243; _module_preset=&#8220;default&#8220; custom_padding=&#8220;||||false|false&#8220; global_colors_info=&#8220;{}&#8220;][et_pb_image src=&#8220;https:\/\/green-gate.eu\/wp-content\/uploads\/2023\/08\/logo-erasmus.png&#8220; title_text=&#8220;logo-erasmus&#8220; _builder_version=&#8220;4.21.0&#8243; _module_preset=&#8220;default&#8220; max_width=&#8220;240px&#8220; max_width_tablet=&#8220;206px&#8220; max_width_phone=&#8220;147px&#8220; max_width_last_edited=&#8220;on|tablet&#8220; module_alignment=&#8220;center&#8220; height_last_edited=&#8220;off|tablet&#8220; max_height=&#8220;49px&#8220; max_height_tablet=&#8220;42px&#8220; max_height_phone=&#8220;&#8220; max_height_last_edited=&#8220;on|tablet&#8220; global_colors_info=&#8220;{}&#8220; height__hover_enabled=&#8220;off|desktop&#8220;][\/et_pb_image][\/et_pb_column][et_pb_column type=&#8220;1_2&#8243; _builder_version=&#8220;4.21.0&#8243; _module_preset=&#8220;default&#8220; global_colors_info=&#8220;{}&#8220;][et_pb_image src=&#8220;https:\/\/green-gate.eu\/wp-content\/uploads\/2023\/08\/logo-eu.png&#8220; title_text=&#8220;logo-eu&#8220; show_bottom_space=&#8220;off&#8220; _builder_version=&#8220;4.21.0&#8243; _module_preset=&#8220;default&#8220; max_width=&#8220;237px&#8220; max_width_tablet=&#8220;202px&#8220; max_width_phone=&#8220;148px&#8220; max_width_last_edited=&#8220;on|tablet&#8220; module_alignment=&#8220;center&#8220; max_height=&#8220;48px&#8220; max_height_tablet=&#8220;41px&#8220; max_height_phone=&#8220;&#8220; max_height_last_edited=&#8220;on|tablet&#8220; global_colors_info=&#8220;{}&#8220;][\/et_pb_image][\/et_pb_column][\/et_pb_row][et_pb_row column_structure=&#8220;1_3,1_3,1_3&#8243; use_custom_gutter=&#8220;on&#8220; gutter_width=&#8220;2&#8243; module_class=&#8220;three-col-tab&#8220; _builder_version=&#8220;4.21.0&#8243; _module_preset=&#8220;default&#8220; width=&#8220;auto&#8220; max_width=&#8220;1200px&#8220; custom_padding=&#8220;0px||0px||false|false&#8220; global_colors_info=&#8220;{}&#8220;][et_pb_column type=&#8220;1_3&#8243; _builder_version=&#8220;4.21.0&#8243; _module_preset=&#8220;default&#8220; global_colors_info=&#8220;{}&#8220;][et_pb_text _builder_version=&#8220;4.21.0&#8243; _module_preset=&#8220;f66cbda2-1e9c-41c9-9248-82aeab118d90&#8243; custom_margin=&#8220;0px||0px||false|false&#8220; custom_padding=&#8220;0px||0px||false|false&#8220; global_colors_info=&#8220;{}&#8220;]<\/p>\n<p>Projekt GreenGate sa realizoval v&nbsp;r\u00e1mci programu Erasmus+ KA220-ADU &#8211; Partnerstv\u00e1 pre spolupr\u00e1cu v&nbsp;oblasti vzdel\u00e1vania dospel\u00fdch s&nbsp;finan\u010dnou podporou E\u00da.<\/p>\n<p>[\/et_pb_text][\/et_pb_column][et_pb_column type=&#8220;1_3&#8243; _builder_version=&#8220;4.21.0&#8243; _module_preset=&#8220;default&#8220; global_colors_info=&#8220;{}&#8220;][et_pb_text _builder_version=&#8220;4.21.0&#8243; _module_preset=&#8220;f66cbda2-1e9c-41c9-9248-82aeab118d90&#8243; global_colors_info=&#8220;{}&#8220;]<\/p>\n<p>Financovan\u00e9 Eur\u00f3pskou \u00faniou. Vyjadren\u00e9 n\u00e1zory a&nbsp;stanovisk\u00e1 s\u00fa v\u0161ak len n\u00e1zormi autora (autorov) a&nbsp;nemusia nevyhnutne odr\u00e1\u017ea\u0165 n\u00e1zory a&nbsp;stanovisk\u00e1 Eur\u00f3pskej \u00fanie alebo V\u00fdkonnej agent\u00fary pre vzdel\u00e1vanie a&nbsp;kult\u00faru (EACEA). Eur\u00f3pska \u00fania ani agent\u00fara EACEA za ne nem\u00f4\u017eu nies\u0165 zodpovednos\u0165.<\/p>\n<p>[\/et_pb_text][\/et_pb_column][et_pb_column type=&#8220;1_3&#8243; _builder_version=&#8220;4.21.0&#8243; _module_preset=&#8220;default&#8220; global_colors_info=&#8220;{}&#8220;][et_pb_text _builder_version=&#8220;4.21.0&#8243; _module_preset=&#8220;f66cbda2-1e9c-41c9-9248-82aeab118d90&#8243; global_colors_info=&#8220;{}&#8220;]<\/p>\n<p>T\u00e1to platforma sa riadi dohodou Creative Commons. CC BY-NC-ND &#8211; https:\/\/creativecommons.org\/licenses\/by-nc-nd\/4.0\/<\/p>\n<p>[\/et_pb_text][\/et_pb_column][\/et_pb_row][\/et_pb_section]<\/p>\n","protected":false},"excerpt":{"rendered":"<p>Z\u00e1sady ochrany osobn\u00fdch \u00fadajov pre app GreenScan\u00davod Vitajte v&nbsp;mobilnej aplik\u00e1cii GreenScan, ktor\u00e1 v\u00e1m pom\u00e1ha s&nbsp;hodnoten\u00edm zlo\u017eenia kozmetiky a&nbsp;\u010fal\u0161\u00edch produktov. GreenScan s.r.o. sa zav\u00e4zuje k&nbsp;ochrane v\u00e1\u0161ho s\u00fakromia a&nbsp;bezpe\u010dnosti va\u0161ich inform\u00e1ci\u00ed. Tieto Z\u00e1sady ochrany osobn\u00fdch \u00fadajov vysvet\u013euj\u00fa, ako zaobch\u00e1dzame s&nbsp;va\u0161imi \u00fadajmi a&nbsp;ako chr\u00e1nime va\u0161u d\u00f4vernos\u0165. Zbieran\u00e9 \u00fadaje Mobiln\u00e1 aplik\u00e1cia GreenScan [&hellip;]<\/p>\n","protected":false},"author":1,"featured_media":0,"parent":0,"menu_order":0,"comment_status":"closed","ping_status":"closed","template":"","meta":{"_et_pb_use_builder":"on","_et_pb_old_content":"","_et_gb_content_width":"","_monsterinsights_skip_tracking":false,"_monsterinsights_sitenote_active":false,"_monsterinsights_sitenote_note":"","_monsterinsights_sitenote_category":0,"footnotes":""},"yoast_head":"<!-- This site is optimized with the Yoast SEO plugin v23.2 - https:\/\/yoast.com\/wordpress\/plugins\/seo\/ -->\n<title>Z\u00e1sady ochrany osobn\u00fdch \u00fadajov pre app GreenScan - GreenGate<\/title>\n<meta name=\"robots\" content=\"index, follow, max-snippet:-1, max-image-preview:large, max-video-preview:-1\" \/>\n<link rel=\"canonical\" href=\"https:\/\/green-gate.eu\/sk\/zasady-ochrany-osobnych-udajov-pre-app-greenscan\/\" \/>\n<meta property=\"og:locale\" content=\"sk_SK\" \/>\n<meta property=\"og:type\" content=\"article\" \/>\n<meta property=\"og:title\" content=\"Z\u00e1sady ochrany osobn\u00fdch \u00fadajov pre app GreenScan - GreenGate\" \/>\n<meta property=\"og:description\" content=\"Z\u00e1sady ochrany osobn\u00fdch \u00fadajov pre app GreenScan\u00davod Vitajte v mobilnej aplik\u00e1cii GreenScan, ktor\u00e1 v\u00e1m pom\u00e1ha s hodnoten\u00edm zlo\u017eenia kozmetiky a \u010fal\u0161\u00edch produktov. GreenScan s.r.o. sa zav\u00e4zuje k ochrane v\u00e1\u0161ho s\u00fakromia a bezpe\u010dnosti va\u0161ich inform\u00e1ci\u00ed. Tieto Z\u00e1sady ochrany osobn\u00fdch \u00fadajov vysvet\u013euj\u00fa, ako zaobch\u00e1dzame s va\u0161imi \u00fadajmi a ako chr\u00e1nime va\u0161u d\u00f4vernos\u0165. Zbieran\u00e9 \u00fadaje Mobiln\u00e1 aplik\u00e1cia GreenScan [&hellip;]\" \/>\n<meta property=\"og:url\" content=\"https:\/\/green-gate.eu\/sk\/zasady-ochrany-osobnych-udajov-pre-app-greenscan\/\" \/>\n<meta property=\"og:site_name\" content=\"GreenGate\" \/>\n<meta property=\"article:modified_time\" content=\"2024-04-13T14:24:01+00:00\" \/>\n<meta name=\"twitter:card\" content=\"summary_large_image\" \/>\n<meta name=\"twitter:label1\" content=\"Predpokladan\u00fd \u010das \u010d\u00edtania\" \/>\n\t<meta name=\"twitter:data1\" content=\"6 min\u00fat\" \/>\n<script type=\"application\/ld+json\" class=\"yoast-schema-graph\">{\"@context\":\"https:\/\/schema.org\",\"@graph\":[{\"@type\":\"WebPage\",\"@id\":\"https:\/\/green-gate.eu\/sk\/zasady-ochrany-osobnych-udajov-pre-app-greenscan\/\",\"url\":\"https:\/\/green-gate.eu\/sk\/zasady-ochrany-osobnych-udajov-pre-app-greenscan\/\",\"name\":\"Z\u00e1sady ochrany osobn\u00fdch \u00fadajov pre app GreenScan - GreenGate\",\"isPartOf\":{\"@id\":\"https:\/\/green-gate.eu\/sk\/#website\"},\"datePublished\":\"2024-04-13T13:57:28+00:00\",\"dateModified\":\"2024-04-13T14:24:01+00:00\",\"breadcrumb\":{\"@id\":\"https:\/\/green-gate.eu\/sk\/zasady-ochrany-osobnych-udajov-pre-app-greenscan\/#breadcrumb\"},\"inLanguage\":\"sk-SK\",\"potentialAction\":[{\"@type\":\"ReadAction\",\"target\":[\"https:\/\/green-gate.eu\/sk\/zasady-ochrany-osobnych-udajov-pre-app-greenscan\/\"]}]},{\"@type\":\"BreadcrumbList\",\"@id\":\"https:\/\/green-gate.eu\/sk\/zasady-ochrany-osobnych-udajov-pre-app-greenscan\/#breadcrumb\",\"itemListElement\":[{\"@type\":\"ListItem\",\"position\":1,\"name\":\"Home\",\"item\":\"https:\/\/green-gate.eu\/sk\/\"},{\"@type\":\"ListItem\",\"position\":2,\"name\":\"Z\u00e1sady ochrany osobn\u00fdch \u00fadajov pre app GreenScan\"}]},{\"@type\":\"WebSite\",\"@id\":\"https:\/\/green-gate.eu\/sk\/#website\",\"url\":\"https:\/\/green-gate.eu\/sk\/\",\"name\":\"GreenGate\",\"description\":\"Learn how to create healthier beauty routines and debunk common myths.\",\"publisher\":{\"@id\":\"https:\/\/green-gate.eu\/sk\/#organization\"},\"potentialAction\":[{\"@type\":\"SearchAction\",\"target\":{\"@type\":\"EntryPoint\",\"urlTemplate\":\"https:\/\/green-gate.eu\/sk\/?s={search_term_string}\"},\"query-input\":\"required name=search_term_string\"}],\"inLanguage\":\"sk-SK\"},{\"@type\":\"Organization\",\"@id\":\"https:\/\/green-gate.eu\/sk\/#organization\",\"name\":\"GreenGate\",\"url\":\"https:\/\/green-gate.eu\/sk\/\",\"logo\":{\"@type\":\"ImageObject\",\"inLanguage\":\"sk-SK\",\"@id\":\"https:\/\/green-gate.eu\/sk\/#\/schema\/logo\/image\/\",\"url\":\"https:\/\/green-gate.eu\/wp-content\/uploads\/2023\/04\/brand.png\",\"contentUrl\":\"https:\/\/green-gate.eu\/wp-content\/uploads\/2023\/04\/brand.png\",\"width\":263,\"height\":108,\"caption\":\"GreenGate\"},\"image\":{\"@id\":\"https:\/\/green-gate.eu\/sk\/#\/schema\/logo\/image\/\"}}]}<\/script>\n<!-- \/ Yoast SEO plugin. -->","yoast_head_json":{"title":"Z\u00e1sady ochrany osobn\u00fdch \u00fadajov pre app GreenScan - GreenGate","robots":{"index":"index","follow":"follow","max-snippet":"max-snippet:-1","max-image-preview":"max-image-preview:large","max-video-preview":"max-video-preview:-1"},"canonical":"https:\/\/green-gate.eu\/sk\/zasady-ochrany-osobnych-udajov-pre-app-greenscan\/","og_locale":"sk_SK","og_type":"article","og_title":"Z\u00e1sady ochrany osobn\u00fdch \u00fadajov pre app GreenScan - GreenGate","og_description":"Z\u00e1sady ochrany osobn\u00fdch \u00fadajov pre app GreenScan\u00davod Vitajte v mobilnej aplik\u00e1cii GreenScan, ktor\u00e1 v\u00e1m pom\u00e1ha s hodnoten\u00edm zlo\u017eenia kozmetiky a \u010fal\u0161\u00edch produktov. GreenScan s.r.o. sa zav\u00e4zuje k ochrane v\u00e1\u0161ho s\u00fakromia a bezpe\u010dnosti va\u0161ich inform\u00e1ci\u00ed. Tieto Z\u00e1sady ochrany osobn\u00fdch \u00fadajov vysvet\u013euj\u00fa, ako zaobch\u00e1dzame s va\u0161imi \u00fadajmi a ako chr\u00e1nime va\u0161u d\u00f4vernos\u0165. Zbieran\u00e9 \u00fadaje Mobiln\u00e1 aplik\u00e1cia GreenScan [&hellip;]","og_url":"https:\/\/green-gate.eu\/sk\/zasady-ochrany-osobnych-udajov-pre-app-greenscan\/","og_site_name":"GreenGate","article_modified_time":"2024-04-13T14:24:01+00:00","twitter_card":"summary_large_image","twitter_misc":{"Predpokladan\u00fd \u010das \u010d\u00edtania":"6 min\u00fat"},"schema":{"@context":"https:\/\/schema.org","@graph":[{"@type":"WebPage","@id":"https:\/\/green-gate.eu\/sk\/zasady-ochrany-osobnych-udajov-pre-app-greenscan\/","url":"https:\/\/green-gate.eu\/sk\/zasady-ochrany-osobnych-udajov-pre-app-greenscan\/","name":"Z\u00e1sady ochrany osobn\u00fdch \u00fadajov pre app GreenScan - GreenGate","isPartOf":{"@id":"https:\/\/green-gate.eu\/sk\/#website"},"datePublished":"2024-04-13T13:57:28+00:00","dateModified":"2024-04-13T14:24:01+00:00","breadcrumb":{"@id":"https:\/\/green-gate.eu\/sk\/zasady-ochrany-osobnych-udajov-pre-app-greenscan\/#breadcrumb"},"inLanguage":"sk-SK","potentialAction":[{"@type":"ReadAction","target":["https:\/\/green-gate.eu\/sk\/zasady-ochrany-osobnych-udajov-pre-app-greenscan\/"]}]},{"@type":"BreadcrumbList","@id":"https:\/\/green-gate.eu\/sk\/zasady-ochrany-osobnych-udajov-pre-app-greenscan\/#breadcrumb","itemListElement":[{"@type":"ListItem","position":1,"name":"Home","item":"https:\/\/green-gate.eu\/sk\/"},{"@type":"ListItem","position":2,"name":"Z\u00e1sady ochrany osobn\u00fdch \u00fadajov pre app GreenScan"}]},{"@type":"WebSite","@id":"https:\/\/green-gate.eu\/sk\/#website","url":"https:\/\/green-gate.eu\/sk\/","name":"GreenGate","description":"Learn how to create healthier beauty routines and debunk common myths.","publisher":{"@id":"https:\/\/green-gate.eu\/sk\/#organization"},"potentialAction":[{"@type":"SearchAction","target":{"@type":"EntryPoint","urlTemplate":"https:\/\/green-gate.eu\/sk\/?s={search_term_string}"},"query-input":"required name=search_term_string"}],"inLanguage":"sk-SK"},{"@type":"Organization","@id":"https:\/\/green-gate.eu\/sk\/#organization","name":"GreenGate","url":"https:\/\/green-gate.eu\/sk\/","logo":{"@type":"ImageObject","inLanguage":"sk-SK","@id":"https:\/\/green-gate.eu\/sk\/#\/schema\/logo\/image\/","url":"https:\/\/green-gate.eu\/wp-content\/uploads\/2023\/04\/brand.png","contentUrl":"https:\/\/green-gate.eu\/wp-content\/uploads\/2023\/04\/brand.png","width":263,"height":108,"caption":"GreenGate"},"image":{"@id":"https:\/\/green-gate.eu\/sk\/#\/schema\/logo\/image\/"}}]}},"jetpack_sharing_enabled":true,"_links":{"self":[{"href":"https:\/\/green-gate.eu\/sk\/wp-json\/wp\/v2\/pages\/20095"}],"collection":[{"href":"https:\/\/green-gate.eu\/sk\/wp-json\/wp\/v2\/pages"}],"about":[{"href":"https:\/\/green-gate.eu\/sk\/wp-json\/wp\/v2\/types\/page"}],"author":[{"embeddable":true,"href":"https:\/\/green-gate.eu\/sk\/wp-json\/wp\/v2\/users\/1"}],"replies":[{"embeddable":true,"href":"https:\/\/green-gate.eu\/sk\/wp-json\/wp\/v2\/comments?post=20095"}],"version-history":[{"count":2,"href":"https:\/\/green-gate.eu\/sk\/wp-json\/wp\/v2\/pages\/20095\/revisions"}],"predecessor-version":[{"id":20097,"href":"https:\/\/green-gate.eu\/sk\/wp-json\/wp\/v2\/pages\/20095\/revisions\/20097"}],"wp:attachment":[{"href":"https:\/\/green-gate.eu\/sk\/wp-json\/wp\/v2\/media?parent=20095"}],"curies":[{"name":"wp","href":"https:\/\/api.w.org\/{rel}","templated":true}]}}