{"id":15219,"date":"2023-04-29T09:08:08","date_gmt":"2023-04-29T07:08:08","guid":{"rendered":"https:\/\/green-gate.eu\/podmienky-pouzivania-web-stranky\/"},"modified":"2024-04-13T15:41:34","modified_gmt":"2024-04-13T13:41:34","slug":"podmienky-pouzivania-web-stranky","status":"publish","type":"page","link":"https:\/\/green-gate.eu\/sk\/podmienky-pouzivania-web-stranky\/","title":{"rendered":"Podmienky pou\u017e\u00edvania web str\u00e1nky"},"content":{"rendered":"<p>[et_pb_section fb_built=&#8220;1&#8243; _builder_version=&#8220;4.21.0&#8243; _module_preset=&#8220;14e305e4-ab41-40ea-aebe-d74a9fedeebd&#8220; global_colors_info=&#8220;{}&#8220;][et_pb_row _builder_version=&#8220;4.21.0&#8243; _module_preset=&#8220;2a4d44be-60db-4bc2-b91a-901c0251e68c&#8220; global_colors_info=&#8220;{}&#8220;][et_pb_column type=&#8220;4_4&#8243; _builder_version=&#8220;4.21.0&#8243; _module_preset=&#8220;default&#8220; global_colors_info=&#8220;{}&#8220;][et_pb_text _builder_version=&#8220;4.21.0&#8243; _module_preset=&#8220;c9826d58-1a4e-4f9d-b75b-1a50233074a3&#8243; global_colors_info=&#8220;{}&#8220;]<\/p>\n<p>Podmienky pou\u017e\u00edvania web str\u00e1nky<\/p>\n<p>[\/et_pb_text][\/et_pb_column][\/et_pb_row][et_pb_row _builder_version=&#8220;4.21.0&#8243; _module_preset=&#8220;00b9a908-9d8a-4f83-8552-e1abcb372e40&#8243; global_colors_info=&#8220;{}&#8220;][et_pb_column type=&#8220;4_4&#8243; _builder_version=&#8220;4.21.0&#8243; _module_preset=&#8220;default&#8220; global_colors_info=&#8220;{}&#8220;][et_pb_text _builder_version=&#8220;4.21.0&#8243; _module_preset=&#8220;1f1ac656-3431-472b-b627-10123e56f24a&#8220; global_colors_info=&#8220;{}&#8220;]<\/p>\n<p>T\u00e1to str\u00e1nka v\u00e1s oboznamuje s&nbsp;podmienkami pou\u017e\u00edvania, na z\u00e1klade ktor\u00fdch m\u00f4\u017eete pou\u017e\u00edva\u0165 na\u0161u webov\u00fa str\u00e1nku a&nbsp;n\u00e1\u0161 online kurz. Pred pou\u017eit\u00edm str\u00e1nky si pozorne pre\u010d\u00edtajte tieto podmienky pou\u017e\u00edvania. Pou\u017e\u00edvan\u00edm na\u0161ej str\u00e1nky vyjadrujete svoj s\u00fahlas s&nbsp;t\u00fdmito podmienkami pou\u017e\u00edvania a&nbsp;zav\u00e4zujete sa ich dodr\u017eiava\u0165. Ak nes\u00fahlas\u00edte s&nbsp;t\u00fdmito podmienkami pou\u017e\u00edvania, nepou\u017e\u00edvajte na\u0161u str\u00e1nku.<\/p>\n<p>Platforma GreenGate bola financovan\u00e1 z&nbsp;projektu E\u00da &#8222;KA220-ADU &#8211; Partnerstv\u00e1 pre spolupr\u00e1cu v&nbsp;oblasti vzdel\u00e1vania dospel\u00fdch&#8220;.<\/p>\n<h3>Inform\u00e1cie o&nbsp;n\u00e1s<\/h3>\n<p>Za obsah port\u00e1lu s\u00fa zodpovedn\u00ed:<\/p>\n<ul>\n<li>Educasoft Solutions s.r.o., I\u010cO: 27256855, s\u00eddlo: Nad Kazankou 649\/46, 171&nbsp;00 Praha 7, \u010cesko<\/li>\n<li>GreenScan s.r.o., I\u010cO: 06496245, s\u00eddlo: <span>P\u0159\u00edseka ev. \u010d.  4, 582&nbsp;91<\/span>, \u010cesko<\/li>\n<li>CEEV \u017divica, I\u010cO: 35998407, bydlisko: Ra\u010dianska 78, 831&nbsp;02 Bratislava, Slovensko<\/li>\n<li>Fakulta ochrany \u017eivotn\u00e9ho prostredia, registra\u010dn\u00e9 \u010d\u00edslo: 2257092000, bydlisko: Trg mladosti 7, 3320 Velenje, Slovinsko<\/li>\n<\/ul>\n<p>Prev\u00e1dzkovate\u013eom webovej str\u00e1nky je spolo\u010dnos\u0165 GreenScan. Za funk\u010dnos\u0165 e-learningov\u00e9ho kurzu zodpoved\u00e1 spolo\u010dnos\u0165 Educasoft Solutions s.r.o.<\/p>\n<h3>Pr\u00edstup na na\u0161u str\u00e1nku<\/h3>\n<p>Pou\u017e\u00edvanie t\u00fdchto str\u00e1nok a&nbsp;obsahu kurzu je pre pou\u017e\u00edvate\u013eov bezplatn\u00e9.<\/p>\n<p>Educasoft Solutions s.r.o., GreenScan s.r.o., CEEV \u017divica, Fakulta ochrany \u017eivotn\u00e9ho prostredia alebo ak\u00e1ko\u013evek tretia strana neposkytuj\u00fa z\u00e1ruku za spr\u00e1vnos\u0165, aktu\u00e1lnos\u0165, spracovanie, \u00faplnos\u0165 alebo vhodnos\u0165 inform\u00e1ci\u00ed a&nbsp;materi\u00e1lov umiestnen\u00fdch na tejto webovej str\u00e1nke na ak\u00fdko\u013evek \u00fa\u010del. Pou\u017e\u00edvate\u013e berie na vedomie, \u017ee tieto inform\u00e1cie a&nbsp;materi\u00e1ly m\u00f4\u017eu obsahova\u0165 nepresnosti alebo chyby. Ak pou\u017e\u00edvate\u013e zist\u00ed nepresnos\u0165 alebo chybu, odpor\u00fa\u010da sa ju nahl\u00e1si\u0165 na e-mail: <a href=\"mailto:info@greenscan.cz\">info@greenscan.cz<\/a>.<\/p>\n<p>V\u0161etky inform\u00e1cie alebo materi\u00e1ly z&nbsp;tejto webovej str\u00e1nky pou\u017e\u00edva pou\u017e\u00edvate\u013e na vlastn\u00e9 riziko a&nbsp;spolo\u010dnosti Educasoft Solutions s.r.o., GreenScan s.r.o., CEEV \u017divica ani Fakulta ochrany \u017eivotn\u00e9ho prostredia nenes\u00fa zodpovednos\u0165 za ich pou\u017eitie. Pou\u017e\u00edvate\u013e je zodpovedn\u00fd za to, \u010di produkty, slu\u017eby alebo inform\u00e1cie dostupn\u00e9 na tejto webovej str\u00e1nke sp\u013a\u0148aj\u00fa jeho \u0161pecifick\u00e9 po\u017eiadavky.<\/p>\n<p>T\u00e1to webov\u00e1 str\u00e1nka m\u00f4\u017ee obsahova\u0165 aj odkazy na in\u00e9 webov\u00e9 str\u00e1nky. Tak\u00e9to odkazy maj\u00fa pou\u017e\u00edvate\u013eovi u\u013eah\u010di\u0165 pr\u00edstup k&nbsp;\u010fal\u0161\u00edm inform\u00e1ci\u00e1m. Neznamen\u00e1 to, \u017ee spolo\u010dnosti Educasoft Solutions s.r.o., GreenScan s.r.o., CEEV \u017divica alebo Fakulta ochrany \u017eivotn\u00e9ho prostredia s\u00fahlasia s&nbsp;obsahom tejto webovej str\u00e1nky. Educasoft Solutions s.r.o., GreenScan s.r.o., CEEV \u017divica ani Fakulta \u017eivotn\u00e9ho prostredia nezodpovedaj\u00fa za obsah a&nbsp;bezpe\u010dnos\u0165 webov\u00fdch str\u00e1nok, na ktor\u00e9 sa v&nbsp;kurze odkazuje.<\/p>\n<p>Pou\u017e\u00edvanie t\u00fdchto webov\u00fdch str\u00e1nok a&nbsp;pr\u00edpadn\u00e9 spory, ktor\u00e9 m\u00f4\u017eu z&nbsp;tak\u00e9hoto pou\u017e\u00edvania vznikn\u00fa\u0165, sa riadia platn\u00fdmi pr\u00e1vnymi predpismi \u010ceskej republiky.<\/p>\n<h3>Ochrana du\u0161evn\u00e9ho vlastn\u00edctva<\/h3>\n<p>T\u00e1to webov\u00e1 str\u00e1nka obsahuje materi\u00e1ly, ktor\u00e9 s\u00fa vo vlastn\u00edctve alebo pod licenciou spolo\u010dnost\u00ed Educasoft Solutions s.r.o., GreenScan s.r.o., CEEV \u017divica alebo Fakulty ochrany \u017eivotn\u00e9ho prostredia. Tento materi\u00e1l zah\u0155\u0148a okrem in\u00e9ho fotografie, vide\u00e1, pracovn\u00e9 materi\u00e1ly, dizajn, usporiadanie, vzh\u013ead a&nbsp;grafiku webovej str\u00e1nky. Reprodukcia alebo ak\u00e9ko\u013evek in\u00e9 pou\u017eitie t\u00fdchto prvkov je zak\u00e1zan\u00e9.<\/p>\n<p>Obsah platformy je pou\u017e\u00edvate\u013eom poskytovan\u00fd pod licenciou Creative Commons &#8222;Attribution-NonCommercial-NoDerivatives 4.0 International&#8220; <a href=\"https:\/\/creativecommons.org\/licenses\/by-nc-nd\/4.0\/\"><\/a><a href=\"https:\/\/creativecommons.org\/licenses\/by-nc-nd\/4.0\/\">https:\/\/creativecommons.org\/licenses\/by-nc-nd\/4.0\/<\/a><\/p>\n<p>Pri v\u0161etk\u00fdch ochrann\u00fdch zn\u00e1mkach pou\u017eit\u00fdch na tejto webovej str\u00e1nke je uveden\u00fd vlastn\u00edk, pokia\u013e nejde o&nbsp;ochrann\u00e9 zn\u00e1mky vo vlastn\u00edctve spolo\u010dnost\u00ed Educasoft Solutions s.r.o., GreenScan s.r.o., CEEV \u017divica alebo Fakulty ochrany \u017eivotn\u00e9ho prostredia, alebo o&nbsp;ochrann\u00e9 zn\u00e1mky, na ktor\u00fdch pou\u017e\u00edvanie m\u00e1 niektor\u00fd z&nbsp;t\u00fdchto subjektov v\u00fdhradn\u00e9 pr\u00e1vo.<\/p>\n<p>[\/et_pb_text][\/et_pb_column][\/et_pb_row][\/et_pb_section][et_pb_section fb_built=&#8220;1&#8243; custom_padding_last_edited=&#8220;on|tablet&#8220; admin_label=&#8220;EU Logolink Section&#8220; _builder_version=&#8220;4.21.0&#8243; _module_preset=&#8220;default&#8220; background_color=&#8220;#F1F1F1&#8243; custom_padding=&#8220;80px|48px|80px|48px|true|true&#8220; custom_padding_tablet=&#8220;60px||60px||true|true&#8220; custom_padding_phone=&#8220;60px|6%|60px|6%|true|true&#8220; global_module=&#8220;6149&#8243; global_colors_info=&#8220;{}&#8220;][et_pb_row column_structure=&#8220;1_2,1_2&#8243; custom_padding_last_edited=&#8220;on|tablet&#8220; module_class=&#8220;two-col-tab two-col-mob&#8220; _builder_version=&#8220;4.21.0&#8243; _module_preset=&#8220;default&#8220; width=&#8220;auto&#8220; max_width=&#8220;660px&#8220; max_width_tablet=&#8220;600px&#8220; max_width_phone=&#8220;460px&#8220; max_width_last_edited=&#8220;on|tablet&#8220; custom_padding=&#8220;0px||40px||false|false&#8220; custom_padding_tablet=&#8220;0px||32px||false|false&#8220; custom_padding_phone=&#8220;||32px||false|false&#8220; global_colors_info=&#8220;{}&#8220;][et_pb_column type=&#8220;1_2&#8243; _builder_version=&#8220;4.21.0&#8243; _module_preset=&#8220;default&#8220; custom_padding=&#8220;||||false|false&#8220; global_colors_info=&#8220;{}&#8220;][et_pb_image src=&#8220;https:\/\/green-gate.eu\/wp-content\/uploads\/2023\/08\/logo-erasmus.png&#8220; title_text=&#8220;logo-erasmus&#8220; _builder_version=&#8220;4.21.0&#8243; _module_preset=&#8220;default&#8220; max_width=&#8220;240px&#8220; max_width_tablet=&#8220;206px&#8220; max_width_phone=&#8220;147px&#8220; max_width_last_edited=&#8220;on|tablet&#8220; module_alignment=&#8220;center&#8220; height_last_edited=&#8220;off|tablet&#8220; max_height=&#8220;49px&#8220; max_height_tablet=&#8220;42px&#8220; max_height_phone=&#8220;&#8220; max_height_last_edited=&#8220;on|tablet&#8220; global_colors_info=&#8220;{}&#8220; height__hover_enabled=&#8220;off|desktop&#8220;][\/et_pb_image][\/et_pb_column][et_pb_column type=&#8220;1_2&#8243; _builder_version=&#8220;4.21.0&#8243; _module_preset=&#8220;default&#8220; global_colors_info=&#8220;{}&#8220;][et_pb_image src=&#8220;https:\/\/green-gate.eu\/wp-content\/uploads\/2023\/08\/logo-eu.png&#8220; title_text=&#8220;logo-eu&#8220; show_bottom_space=&#8220;off&#8220; _builder_version=&#8220;4.21.0&#8243; _module_preset=&#8220;default&#8220; max_width=&#8220;237px&#8220; max_width_tablet=&#8220;202px&#8220; max_width_phone=&#8220;148px&#8220; max_width_last_edited=&#8220;on|tablet&#8220; module_alignment=&#8220;center&#8220; max_height=&#8220;48px&#8220; max_height_tablet=&#8220;41px&#8220; max_height_phone=&#8220;&#8220; max_height_last_edited=&#8220;on|tablet&#8220; global_colors_info=&#8220;{}&#8220;][\/et_pb_image][\/et_pb_column][\/et_pb_row][et_pb_row column_structure=&#8220;1_3,1_3,1_3&#8243; use_custom_gutter=&#8220;on&#8220; gutter_width=&#8220;2&#8243; module_class=&#8220;three-col-tab&#8220; _builder_version=&#8220;4.21.0&#8243; _module_preset=&#8220;default&#8220; width=&#8220;auto&#8220; max_width=&#8220;1200px&#8220; custom_padding=&#8220;0px||0px||false|false&#8220; global_colors_info=&#8220;{}&#8220;][et_pb_column type=&#8220;1_3&#8243; _builder_version=&#8220;4.21.0&#8243; _module_preset=&#8220;default&#8220; global_colors_info=&#8220;{}&#8220;][et_pb_text _builder_version=&#8220;4.21.0&#8243; _module_preset=&#8220;f66cbda2-1e9c-41c9-9248-82aeab118d90&#8243; custom_margin=&#8220;0px||0px||false|false&#8220; custom_padding=&#8220;0px||0px||false|false&#8220; global_colors_info=&#8220;{}&#8220;]<\/p>\n<p>Projekt GreenGate sa realizoval v&nbsp;r\u00e1mci programu Erasmus+ KA220-ADU &#8211; Partnerstv\u00e1 pre spolupr\u00e1cu v&nbsp;oblasti vzdel\u00e1vania dospel\u00fdch s&nbsp;finan\u010dnou podporou E\u00da.<\/p>\n<p>[\/et_pb_text][\/et_pb_column][et_pb_column type=&#8220;1_3&#8243; _builder_version=&#8220;4.21.0&#8243; _module_preset=&#8220;default&#8220; global_colors_info=&#8220;{}&#8220;][et_pb_text _builder_version=&#8220;4.21.0&#8243; _module_preset=&#8220;f66cbda2-1e9c-41c9-9248-82aeab118d90&#8243; global_colors_info=&#8220;{}&#8220;]<\/p>\n<p>Financovan\u00e9 Eur\u00f3pskou \u00faniou. Vyjadren\u00e9 n\u00e1zory a&nbsp;stanovisk\u00e1 s\u00fa v\u0161ak len n\u00e1zormi autora (autorov) a&nbsp;nemusia nevyhnutne odr\u00e1\u017ea\u0165 n\u00e1zory a&nbsp;stanovisk\u00e1 Eur\u00f3pskej \u00fanie alebo V\u00fdkonnej agent\u00fary pre vzdel\u00e1vanie a&nbsp;kult\u00faru (EACEA). Eur\u00f3pska \u00fania ani agent\u00fara EACEA za ne nem\u00f4\u017eu nies\u0165 zodpovednos\u0165.<\/p>\n<p>[\/et_pb_text][\/et_pb_column][et_pb_column type=&#8220;1_3&#8243; _builder_version=&#8220;4.21.0&#8243; _module_preset=&#8220;default&#8220; global_colors_info=&#8220;{}&#8220;][et_pb_text _builder_version=&#8220;4.21.0&#8243; _module_preset=&#8220;f66cbda2-1e9c-41c9-9248-82aeab118d90&#8243; global_colors_info=&#8220;{}&#8220;]<\/p>\n<p>T\u00e1to platforma sa riadi dohodou Creative Commons. CC BY-NC-ND &#8211; https:\/\/creativecommons.org\/licenses\/by-nc-nd\/4.0\/<\/p>\n<p>[\/et_pb_text][\/et_pb_column][\/et_pb_row][\/et_pb_section]<\/p>\n","protected":false},"excerpt":{"rendered":"<p>Podmienky pou\u017e\u00edvania web str\u00e1nkyT\u00e1to str\u00e1nka v\u00e1s oboznamuje s&nbsp;podmienkami pou\u017e\u00edvania, na z\u00e1klade ktor\u00fdch m\u00f4\u017eete pou\u017e\u00edva\u0165 na\u0161u webov\u00fa str\u00e1nku a&nbsp;n\u00e1\u0161 online kurz. Pred pou\u017eit\u00edm str\u00e1nky si pozorne pre\u010d\u00edtajte tieto podmienky pou\u017e\u00edvania. Pou\u017e\u00edvan\u00edm na\u0161ej str\u00e1nky vyjadrujete svoj s\u00fahlas s&nbsp;t\u00fdmito podmienkami pou\u017e\u00edvania a&nbsp;zav\u00e4zujete sa ich dodr\u017eiava\u0165. Ak nes\u00fahlas\u00edte s&nbsp;t\u00fdmito podmienkami pou\u017e\u00edvania, nepou\u017e\u00edvajte na\u0161u str\u00e1nku. [&hellip;]<\/p>\n","protected":false},"author":1,"featured_media":0,"parent":0,"menu_order":0,"comment_status":"closed","ping_status":"closed","template":"","meta":{"_et_pb_use_builder":"on","_et_pb_old_content":"","_et_gb_content_width":"","_monsterinsights_skip_tracking":false,"_monsterinsights_sitenote_active":false,"_monsterinsights_sitenote_note":"","_monsterinsights_sitenote_category":0,"footnotes":""},"yoast_head":"<!-- This site is optimized with the Yoast SEO plugin v23.2 - https:\/\/yoast.com\/wordpress\/plugins\/seo\/ -->\n<title>Podmienky pou\u017e\u00edvania web str\u00e1nky - GreenGate<\/title>\n<meta name=\"robots\" content=\"index, follow, max-snippet:-1, max-image-preview:large, max-video-preview:-1\" \/>\n<link rel=\"canonical\" href=\"https:\/\/green-gate.eu\/sk\/podmienky-pouzivania-web-stranky\/\" \/>\n<meta property=\"og:locale\" content=\"sk_SK\" \/>\n<meta property=\"og:type\" content=\"article\" \/>\n<meta property=\"og:title\" content=\"Podmienky pou\u017e\u00edvania web str\u00e1nky - GreenGate\" \/>\n<meta property=\"og:description\" content=\"Podmienky pou\u017e\u00edvania web str\u00e1nkyT\u00e1to str\u00e1nka v\u00e1s oboznamuje s podmienkami pou\u017e\u00edvania, na z\u00e1klade ktor\u00fdch m\u00f4\u017eete pou\u017e\u00edva\u0165 na\u0161u webov\u00fa str\u00e1nku a n\u00e1\u0161 online kurz. Pred pou\u017eit\u00edm str\u00e1nky si pozorne pre\u010d\u00edtajte tieto podmienky pou\u017e\u00edvania. Pou\u017e\u00edvan\u00edm na\u0161ej str\u00e1nky vyjadrujete svoj s\u00fahlas s t\u00fdmito podmienkami pou\u017e\u00edvania a zav\u00e4zujete sa ich dodr\u017eiava\u0165. Ak nes\u00fahlas\u00edte s t\u00fdmito podmienkami pou\u017e\u00edvania, nepou\u017e\u00edvajte na\u0161u str\u00e1nku. [&hellip;]\" \/>\n<meta property=\"og:url\" content=\"https:\/\/green-gate.eu\/sk\/podmienky-pouzivania-web-stranky\/\" \/>\n<meta property=\"og:site_name\" content=\"GreenGate\" \/>\n<meta property=\"article:modified_time\" content=\"2024-04-13T13:41:34+00:00\" \/>\n<meta name=\"twitter:card\" content=\"summary_large_image\" \/>\n<meta name=\"twitter:label1\" content=\"Predpokladan\u00fd \u010das \u010d\u00edtania\" \/>\n\t<meta name=\"twitter:data1\" content=\"7 min\u00fat\" \/>\n<script type=\"application\/ld+json\" class=\"yoast-schema-graph\">{\"@context\":\"https:\/\/schema.org\",\"@graph\":[{\"@type\":\"WebPage\",\"@id\":\"https:\/\/green-gate.eu\/sk\/podmienky-pouzivania-web-stranky\/\",\"url\":\"https:\/\/green-gate.eu\/sk\/podmienky-pouzivania-web-stranky\/\",\"name\":\"Podmienky pou\u017e\u00edvania web str\u00e1nky - GreenGate\",\"isPartOf\":{\"@id\":\"https:\/\/green-gate.eu\/sk\/#website\"},\"datePublished\":\"2023-04-29T07:08:08+00:00\",\"dateModified\":\"2024-04-13T13:41:34+00:00\",\"breadcrumb\":{\"@id\":\"https:\/\/green-gate.eu\/sk\/podmienky-pouzivania-web-stranky\/#breadcrumb\"},\"inLanguage\":\"sk-SK\",\"potentialAction\":[{\"@type\":\"ReadAction\",\"target\":[\"https:\/\/green-gate.eu\/sk\/podmienky-pouzivania-web-stranky\/\"]}]},{\"@type\":\"BreadcrumbList\",\"@id\":\"https:\/\/green-gate.eu\/sk\/podmienky-pouzivania-web-stranky\/#breadcrumb\",\"itemListElement\":[{\"@type\":\"ListItem\",\"position\":1,\"name\":\"Home\",\"item\":\"https:\/\/green-gate.eu\/sk\/\"},{\"@type\":\"ListItem\",\"position\":2,\"name\":\"Podmienky pou\u017e\u00edvania web str\u00e1nky\"}]},{\"@type\":\"WebSite\",\"@id\":\"https:\/\/green-gate.eu\/sk\/#website\",\"url\":\"https:\/\/green-gate.eu\/sk\/\",\"name\":\"GreenGate\",\"description\":\"Learn how to create healthier beauty routines and debunk common myths.\",\"publisher\":{\"@id\":\"https:\/\/green-gate.eu\/sk\/#organization\"},\"potentialAction\":[{\"@type\":\"SearchAction\",\"target\":{\"@type\":\"EntryPoint\",\"urlTemplate\":\"https:\/\/green-gate.eu\/sk\/?s={search_term_string}\"},\"query-input\":\"required name=search_term_string\"}],\"inLanguage\":\"sk-SK\"},{\"@type\":\"Organization\",\"@id\":\"https:\/\/green-gate.eu\/sk\/#organization\",\"name\":\"GreenGate\",\"url\":\"https:\/\/green-gate.eu\/sk\/\",\"logo\":{\"@type\":\"ImageObject\",\"inLanguage\":\"sk-SK\",\"@id\":\"https:\/\/green-gate.eu\/sk\/#\/schema\/logo\/image\/\",\"url\":\"https:\/\/green-gate.eu\/wp-content\/uploads\/2023\/04\/brand.png\",\"contentUrl\":\"https:\/\/green-gate.eu\/wp-content\/uploads\/2023\/04\/brand.png\",\"width\":263,\"height\":108,\"caption\":\"GreenGate\"},\"image\":{\"@id\":\"https:\/\/green-gate.eu\/sk\/#\/schema\/logo\/image\/\"}}]}<\/script>\n<!-- \/ Yoast SEO plugin. -->","yoast_head_json":{"title":"Podmienky pou\u017e\u00edvania web str\u00e1nky - GreenGate","robots":{"index":"index","follow":"follow","max-snippet":"max-snippet:-1","max-image-preview":"max-image-preview:large","max-video-preview":"max-video-preview:-1"},"canonical":"https:\/\/green-gate.eu\/sk\/podmienky-pouzivania-web-stranky\/","og_locale":"sk_SK","og_type":"article","og_title":"Podmienky pou\u017e\u00edvania web str\u00e1nky - GreenGate","og_description":"Podmienky pou\u017e\u00edvania web str\u00e1nkyT\u00e1to str\u00e1nka v\u00e1s oboznamuje s podmienkami pou\u017e\u00edvania, na z\u00e1klade ktor\u00fdch m\u00f4\u017eete pou\u017e\u00edva\u0165 na\u0161u webov\u00fa str\u00e1nku a n\u00e1\u0161 online kurz. Pred pou\u017eit\u00edm str\u00e1nky si pozorne pre\u010d\u00edtajte tieto podmienky pou\u017e\u00edvania. Pou\u017e\u00edvan\u00edm na\u0161ej str\u00e1nky vyjadrujete svoj s\u00fahlas s t\u00fdmito podmienkami pou\u017e\u00edvania a zav\u00e4zujete sa ich dodr\u017eiava\u0165. Ak nes\u00fahlas\u00edte s t\u00fdmito podmienkami pou\u017e\u00edvania, nepou\u017e\u00edvajte na\u0161u str\u00e1nku. [&hellip;]","og_url":"https:\/\/green-gate.eu\/sk\/podmienky-pouzivania-web-stranky\/","og_site_name":"GreenGate","article_modified_time":"2024-04-13T13:41:34+00:00","twitter_card":"summary_large_image","twitter_misc":{"Predpokladan\u00fd \u010das \u010d\u00edtania":"7 min\u00fat"},"schema":{"@context":"https:\/\/schema.org","@graph":[{"@type":"WebPage","@id":"https:\/\/green-gate.eu\/sk\/podmienky-pouzivania-web-stranky\/","url":"https:\/\/green-gate.eu\/sk\/podmienky-pouzivania-web-stranky\/","name":"Podmienky pou\u017e\u00edvania web str\u00e1nky - GreenGate","isPartOf":{"@id":"https:\/\/green-gate.eu\/sk\/#website"},"datePublished":"2023-04-29T07:08:08+00:00","dateModified":"2024-04-13T13:41:34+00:00","breadcrumb":{"@id":"https:\/\/green-gate.eu\/sk\/podmienky-pouzivania-web-stranky\/#breadcrumb"},"inLanguage":"sk-SK","potentialAction":[{"@type":"ReadAction","target":["https:\/\/green-gate.eu\/sk\/podmienky-pouzivania-web-stranky\/"]}]},{"@type":"BreadcrumbList","@id":"https:\/\/green-gate.eu\/sk\/podmienky-pouzivania-web-stranky\/#breadcrumb","itemListElement":[{"@type":"ListItem","position":1,"name":"Home","item":"https:\/\/green-gate.eu\/sk\/"},{"@type":"ListItem","position":2,"name":"Podmienky pou\u017e\u00edvania web str\u00e1nky"}]},{"@type":"WebSite","@id":"https:\/\/green-gate.eu\/sk\/#website","url":"https:\/\/green-gate.eu\/sk\/","name":"GreenGate","description":"Learn how to create healthier beauty routines and debunk common myths.","publisher":{"@id":"https:\/\/green-gate.eu\/sk\/#organization"},"potentialAction":[{"@type":"SearchAction","target":{"@type":"EntryPoint","urlTemplate":"https:\/\/green-gate.eu\/sk\/?s={search_term_string}"},"query-input":"required name=search_term_string"}],"inLanguage":"sk-SK"},{"@type":"Organization","@id":"https:\/\/green-gate.eu\/sk\/#organization","name":"GreenGate","url":"https:\/\/green-gate.eu\/sk\/","logo":{"@type":"ImageObject","inLanguage":"sk-SK","@id":"https:\/\/green-gate.eu\/sk\/#\/schema\/logo\/image\/","url":"https:\/\/green-gate.eu\/wp-content\/uploads\/2023\/04\/brand.png","contentUrl":"https:\/\/green-gate.eu\/wp-content\/uploads\/2023\/04\/brand.png","width":263,"height":108,"caption":"GreenGate"},"image":{"@id":"https:\/\/green-gate.eu\/sk\/#\/schema\/logo\/image\/"}}]}},"jetpack_sharing_enabled":true,"_links":{"self":[{"href":"https:\/\/green-gate.eu\/sk\/wp-json\/wp\/v2\/pages\/15219"}],"collection":[{"href":"https:\/\/green-gate.eu\/sk\/wp-json\/wp\/v2\/pages"}],"about":[{"href":"https:\/\/green-gate.eu\/sk\/wp-json\/wp\/v2\/types\/page"}],"author":[{"embeddable":true,"href":"https:\/\/green-gate.eu\/sk\/wp-json\/wp\/v2\/users\/1"}],"replies":[{"embeddable":true,"href":"https:\/\/green-gate.eu\/sk\/wp-json\/wp\/v2\/comments?post=15219"}],"version-history":[{"count":8,"href":"https:\/\/green-gate.eu\/sk\/wp-json\/wp\/v2\/pages\/15219\/revisions"}],"predecessor-version":[{"id":20081,"href":"https:\/\/green-gate.eu\/sk\/wp-json\/wp\/v2\/pages\/15219\/revisions\/20081"}],"wp:attachment":[{"href":"https:\/\/green-gate.eu\/sk\/wp-json\/wp\/v2\/media?parent=15219"}],"curies":[{"name":"wp","href":"https:\/\/api.w.org\/{rel}","templated":true}]}}