{"id":13547,"date":"2023-05-06T22:12:32","date_gmt":"2023-05-06T20:12:32","guid":{"rendered":"https:\/\/green-gate.eu\/kviz-uvod\/kviz-2-2-2\/"},"modified":"2024-03-17T14:49:13","modified_gmt":"2024-03-17T13:49:13","slug":"kviz-2-2-2","status":"publish","type":"page","link":"https:\/\/green-gate.eu\/sk\/kviz-uvod\/kviz-2-2-2\/","title":{"rendered":"Kv\u00edz-2-2-2"},"content":{"rendered":"<p>[et_pb_section fb_built=&#8220;1&#8243; _builder_version=&#8220;4.20.4&#8243; _module_preset=&#8220;7724dba6-47f0-446b-a58e-150eeb9e2b3b&#8220; saved_tabs=&#8220;all&#8220; global_colors_info=&#8220;{}&#8220;][et_pb_row _builder_version=&#8220;4.21.0&#8243; _module_preset=&#8220;ba7cb43d-9e4d-4adf-a3d5-50a8008c8cd7&#8243; global_colors_info=&#8220;{}&#8220;][et_pb_column type=&#8220;4_4&#8243; _builder_version=&#8220;4.20.2&#8243; _module_preset=&#8220;default&#8220; global_colors_info=&#8220;{}&#8220;][et_pb_icon font_icon=&#8220;&#x23;||divi||400&#8243; url=&#8220;@ET-DC@eyJkeW5hbWljIjp0cnVlLCJjb250ZW50IjoicG9zdF9saW5rX3VybF9wYWdlIiwic2V0dGluZ3MiOnsicG9zdF9pZCI6IjUyNjcifX0=@&#8220; icon_width_tablet=&#8220;44px&#8220; icon_width_phone=&#8220;40px&#8220; icon_width_last_edited=&#8220;on|phone&#8220; admin_label=&#8220;Quiz Back Button&#8220; _builder_version=&#8220;4.21.0&#8243; _dynamic_attributes=&#8220;url&#8220; _module_preset=&#8220;a4c69888-8e44-4fe2-87d4-98ea2edf7f8e&#8220; hover_transition_duration=&#8220;0ms&#8220; global_module=&#8220;5199&#8243; locked=&#8220;off&#8220; global_colors_info=&#8220;{}&#8220;][\/et_pb_icon][et_pb_image src=&#8220;https:\/\/green-gate.eu\/wp-content\/uploads\/2023\/04\/progress-4.png&#8220; title_text=&#8220;pokrok-4&#8243; _builder_version=&#8220;4.21.0&#8243; _module_preset=&#8220;f0e05d04-510d-4e1b-9a56-d365567ce918&#8243; global_colors_info=&#8220;{}&#8220;][\/et_pb_image][\/et_pb_column][\/et_pb_row][et_pb_row _builder_version=&#8220;4.21.0&#8243; _module_preset=&#8220;cdaa607f-873b-4c95-a319-b32d9738b971&#8243; global_colors_info=&#8220;{}&#8220;][et_pb_column type=&#8220;4_4&#8243; _builder_version=&#8220;4.20.4&#8243; _module_preset=&#8220;default&#8220; custom_css_main_element=&#8220;margin: auto;&#8220; global_colors_info=&#8220;{}&#8220; custom_css_main_element_last_edited=&#8220;on|phone&#8220; custom_css_main_element_tablet=&#8220;margin: auto;&#8220; custom_css_main_element_phone=&#8220;margin: auto;&#8220;][et_pb_text _builder_version=&#8220;4.21.0&#8243; _module_preset=&#8220;175de951-c70b-436f-913c-84a89d2ecabe&#8220; custom_margin_tablet=&#8220;&#8220; custom_margin_phone=&#8220;&#8220; custom_margin_last_edited=&#8220;on|desktop&#8220; custom_padding_tablet=&#8220;&#8220; custom_padding_phone=&#8220;&#8220; custom_padding_last_edited=&#8220;on|tablet&#8220; animation_style=&#8220;none&#8220; global_colors_info=&#8220;{}&#8220;]<\/p>\n<p style=\"text-align: center;\">Odpor\u00fa\u010dania \u0161it\u00e9 na mieru<\/p>\n<p>[\/et_pb_text][\/et_pb_column][\/et_pb_row][et_pb_row column_structure=&#8220;1_2,1_2&#8243; _builder_version=&#8220;4.23&#8243; _module_preset=&#8220;1e7a7456-f89a-443f-84cf-12e839d97bbc&#8220; locked=&#8220;off&#8220; global_colors_info=&#8220;{}&#8220;][et_pb_column type=&#8220;1_2&#8243; _builder_version=&#8220;4.23&#8243; _module_preset=&#8220;fe8bae09-9439-4c69-af03-8a0bcf3c74ef&#8220; link_option_url=&#8220;https:\/\/green-gate.eu\/sk\/blog\/category\/diy-navody-sk\/&#8220; link_option_url_new_window=&#8220;on&#8220; global_colors_info=&#8220;{}&#8220;][et_pb_text content_tablet=&#8220;<\/p>\n<h3>GreenGate blog<\/h3>\n<p>&#8220; content_phone=&#8220;<\/p>\n<h3>GreenGate blog<\/h3>\n<p>&#8220; content_last_edited=&#8220;on|desktop&#8220; _builder_version=&#8220;4.21.0&#8243; _module_preset=&#8220;dad139e9-8690-4446-ae57-2a6569e895bb&#8220; locked=&#8220;off&#8220; global_colors_info=&#8220;{}&#8220;]<\/p>\n<h3>GreenGate blog<\/h3>\n<p>[\/et_pb_text][et_pb_text _builder_version=&#8220;4.23&#8243; _module_preset=&#8220;6c43ce95-abf9-4377-89f1-3bfbd13d38ab&#8220; header_6_text_color=&#8220;#404040&#8243; custom_padding=&#8220;20px||||false|false&#8220; locked=&#8220;off&#8220; global_colors_info=&#8220;{}&#8220;]<\/p>\n<h6>Sekcia DIY tutori\u00e1ly<\/h6>\n<p>[\/et_pb_text][et_pb_button button_url=&#8220;https:\/\/green-gate.eu\/sk\/blog\/category\/diy-navody-sk\/&#8220; url_new_window=&#8220;on&#8220; button_text=&#8220;Sledova\u0165&#8220; _builder_version=&#8220;4.23&#8243; _module_preset=&#8220;6acd516b-9519-4d5e-b3ea-a9ecad82907b&#8220; hover_enabled=&#8220;0&#8243; locked=&#8220;off&#8220; global_colors_info=&#8220;{}&#8220; sticky_enabled=&#8220;0&#8243;][\/et_pb_button][\/et_pb_column][et_pb_column type=&#8220;1_2&#8243; _builder_version=&#8220;4.23&#8243; _dynamic_attributes=&#8220;link_option_url&#8220; _module_preset=&#8220;fe8bae09-9439-4c69-af03-8a0bcf3c74ef&#8220; link_option_url=&#8220;@ET-DC@eyJkeW5hbWljIjp0cnVlLCJjb250ZW50IjoicG9zdF9saW5rX3VybF9wb3N0Iiwic2V0dGluZ3MiOnsicG9zdF9pZCI6IjY3MzYifX0=@&#8220; link_option_url_new_window=&#8220;on&#8220; global_colors_info=&#8220;{}&#8220;][et_pb_text _builder_version=&#8220;4.21.0&#8243; _module_preset=&#8220;ae24f1ed-151e-4bb7-80d6-5bbfad8e5c4e&#8220; locked=&#8220;off&#8220; global_colors_info=&#8220;{}&#8220;]<\/p>\n<h4>GreenGate blog<\/h4>\n<p>[\/et_pb_text][et_pb_blurb title=&#8220;Je dobr\u00e9 vedie\u0165&#8220; image=&#8220;https:\/\/green-gate.eu\/wp-content\/uploads\/2023\/04\/Skinimalism-The-new-trend-you-should-know-about-title.jpg&#8220; _builder_version=&#8220;4.21.0&#8243; _module_preset=&#8220;9e81159b-5786-4d22-8c08-874307312820&#8243; locked=&#8220;off&#8220; global_colors_info=&#8220;{}&#8220;]<\/p>\n<p>Skinimalizmus &#8211; nov\u00fd trend, o&nbsp;ktorom by ste mali vedie\u0165<\/p>\n<p>[\/et_pb_blurb][\/et_pb_column][\/et_pb_row][\/et_pb_section]<\/p>\n","protected":false},"excerpt":{"rendered":"<p>Odpor\u00fa\u010dania \u0161it\u00e9 na mieruGreenGate blogSekcia DIY tutori\u00e1lyGreenGate blogSkinimalizmus &#8211; nov\u00fd trend, o&nbsp;ktorom by ste mali vedie\u0165<\/p>\n","protected":false},"author":1,"featured_media":0,"parent":13477,"menu_order":0,"comment_status":"closed","ping_status":"closed","template":"","meta":{"_et_pb_use_builder":"on","_et_pb_old_content":"","_et_gb_content_width":"","_monsterinsights_skip_tracking":false,"_monsterinsights_sitenote_active":false,"_monsterinsights_sitenote_note":"","_monsterinsights_sitenote_category":0,"footnotes":""},"yoast_head":"<!-- This site is optimized with the Yoast SEO plugin v23.2 - https:\/\/yoast.com\/wordpress\/plugins\/seo\/ -->\n<title>Kv\u00edz-2-2-2 - GreenGate<\/title>\n<meta name=\"robots\" content=\"index, follow, max-snippet:-1, max-image-preview:large, max-video-preview:-1\" \/>\n<link rel=\"canonical\" href=\"https:\/\/green-gate.eu\/sk\/kviz-uvod\/kviz-2-2-2\/\" \/>\n<meta property=\"og:locale\" content=\"sk_SK\" \/>\n<meta property=\"og:type\" content=\"article\" \/>\n<meta property=\"og:title\" content=\"Kv\u00edz-2-2-2 - GreenGate\" \/>\n<meta property=\"og:description\" content=\"Odpor\u00fa\u010dania \u0161it\u00e9 na mieruGreenGate blogSekcia DIY tutori\u00e1lyGreenGate blogSkinimalizmus - nov\u00fd trend, o ktorom by ste mali vedie\u0165\" \/>\n<meta property=\"og:url\" content=\"https:\/\/green-gate.eu\/sk\/kviz-uvod\/kviz-2-2-2\/\" \/>\n<meta property=\"og:site_name\" content=\"GreenGate\" \/>\n<meta property=\"article:modified_time\" content=\"2024-03-17T13:49:13+00:00\" \/>\n<meta name=\"twitter:card\" content=\"summary_large_image\" \/>\n<meta name=\"twitter:label1\" content=\"Predpokladan\u00fd \u010das \u010d\u00edtania\" \/>\n\t<meta name=\"twitter:data1\" content=\"3 min\u00faty\" \/>\n<script type=\"application\/ld+json\" class=\"yoast-schema-graph\">{\"@context\":\"https:\/\/schema.org\",\"@graph\":[{\"@type\":\"WebPage\",\"@id\":\"https:\/\/green-gate.eu\/sk\/kviz-uvod\/kviz-2-2-2\/\",\"url\":\"https:\/\/green-gate.eu\/sk\/kviz-uvod\/kviz-2-2-2\/\",\"name\":\"Kv\u00edz-2-2-2 - GreenGate\",\"isPartOf\":{\"@id\":\"https:\/\/green-gate.eu\/sk\/#website\"},\"datePublished\":\"2023-05-06T20:12:32+00:00\",\"dateModified\":\"2024-03-17T13:49:13+00:00\",\"breadcrumb\":{\"@id\":\"https:\/\/green-gate.eu\/sk\/kviz-uvod\/kviz-2-2-2\/#breadcrumb\"},\"inLanguage\":\"sk-SK\",\"potentialAction\":[{\"@type\":\"ReadAction\",\"target\":[\"https:\/\/green-gate.eu\/sk\/kviz-uvod\/kviz-2-2-2\/\"]}]},{\"@type\":\"BreadcrumbList\",\"@id\":\"https:\/\/green-gate.eu\/sk\/kviz-uvod\/kviz-2-2-2\/#breadcrumb\",\"itemListElement\":[{\"@type\":\"ListItem\",\"position\":1,\"name\":\"Home\",\"item\":\"https:\/\/green-gate.eu\/sk\/\"},{\"@type\":\"ListItem\",\"position\":2,\"name\":\"Kv\u00edz &#8211; \u00favod\",\"item\":\"https:\/\/green-gate.eu\/sk\/kviz-uvod\/\"},{\"@type\":\"ListItem\",\"position\":3,\"name\":\"Kv\u00edz-2-2-2\"}]},{\"@type\":\"WebSite\",\"@id\":\"https:\/\/green-gate.eu\/sk\/#website\",\"url\":\"https:\/\/green-gate.eu\/sk\/\",\"name\":\"GreenGate\",\"description\":\"Learn how to create healthier beauty routines and debunk common myths.\",\"publisher\":{\"@id\":\"https:\/\/green-gate.eu\/sk\/#organization\"},\"potentialAction\":[{\"@type\":\"SearchAction\",\"target\":{\"@type\":\"EntryPoint\",\"urlTemplate\":\"https:\/\/green-gate.eu\/sk\/?s={search_term_string}\"},\"query-input\":\"required name=search_term_string\"}],\"inLanguage\":\"sk-SK\"},{\"@type\":\"Organization\",\"@id\":\"https:\/\/green-gate.eu\/sk\/#organization\",\"name\":\"GreenGate\",\"url\":\"https:\/\/green-gate.eu\/sk\/\",\"logo\":{\"@type\":\"ImageObject\",\"inLanguage\":\"sk-SK\",\"@id\":\"https:\/\/green-gate.eu\/sk\/#\/schema\/logo\/image\/\",\"url\":\"https:\/\/green-gate.eu\/wp-content\/uploads\/2023\/04\/brand.png\",\"contentUrl\":\"https:\/\/green-gate.eu\/wp-content\/uploads\/2023\/04\/brand.png\",\"width\":263,\"height\":108,\"caption\":\"GreenGate\"},\"image\":{\"@id\":\"https:\/\/green-gate.eu\/sk\/#\/schema\/logo\/image\/\"}}]}<\/script>\n<!-- \/ Yoast SEO plugin. -->","yoast_head_json":{"title":"Kv\u00edz-2-2-2 - GreenGate","robots":{"index":"index","follow":"follow","max-snippet":"max-snippet:-1","max-image-preview":"max-image-preview:large","max-video-preview":"max-video-preview:-1"},"canonical":"https:\/\/green-gate.eu\/sk\/kviz-uvod\/kviz-2-2-2\/","og_locale":"sk_SK","og_type":"article","og_title":"Kv\u00edz-2-2-2 - GreenGate","og_description":"Odpor\u00fa\u010dania \u0161it\u00e9 na mieruGreenGate blogSekcia DIY tutori\u00e1lyGreenGate blogSkinimalizmus - nov\u00fd trend, o ktorom by ste mali vedie\u0165","og_url":"https:\/\/green-gate.eu\/sk\/kviz-uvod\/kviz-2-2-2\/","og_site_name":"GreenGate","article_modified_time":"2024-03-17T13:49:13+00:00","twitter_card":"summary_large_image","twitter_misc":{"Predpokladan\u00fd \u010das \u010d\u00edtania":"3 min\u00faty"},"schema":{"@context":"https:\/\/schema.org","@graph":[{"@type":"WebPage","@id":"https:\/\/green-gate.eu\/sk\/kviz-uvod\/kviz-2-2-2\/","url":"https:\/\/green-gate.eu\/sk\/kviz-uvod\/kviz-2-2-2\/","name":"Kv\u00edz-2-2-2 - GreenGate","isPartOf":{"@id":"https:\/\/green-gate.eu\/sk\/#website"},"datePublished":"2023-05-06T20:12:32+00:00","dateModified":"2024-03-17T13:49:13+00:00","breadcrumb":{"@id":"https:\/\/green-gate.eu\/sk\/kviz-uvod\/kviz-2-2-2\/#breadcrumb"},"inLanguage":"sk-SK","potentialAction":[{"@type":"ReadAction","target":["https:\/\/green-gate.eu\/sk\/kviz-uvod\/kviz-2-2-2\/"]}]},{"@type":"BreadcrumbList","@id":"https:\/\/green-gate.eu\/sk\/kviz-uvod\/kviz-2-2-2\/#breadcrumb","itemListElement":[{"@type":"ListItem","position":1,"name":"Home","item":"https:\/\/green-gate.eu\/sk\/"},{"@type":"ListItem","position":2,"name":"Kv\u00edz &#8211; \u00favod","item":"https:\/\/green-gate.eu\/sk\/kviz-uvod\/"},{"@type":"ListItem","position":3,"name":"Kv\u00edz-2-2-2"}]},{"@type":"WebSite","@id":"https:\/\/green-gate.eu\/sk\/#website","url":"https:\/\/green-gate.eu\/sk\/","name":"GreenGate","description":"Learn how to create healthier beauty routines and debunk common myths.","publisher":{"@id":"https:\/\/green-gate.eu\/sk\/#organization"},"potentialAction":[{"@type":"SearchAction","target":{"@type":"EntryPoint","urlTemplate":"https:\/\/green-gate.eu\/sk\/?s={search_term_string}"},"query-input":"required name=search_term_string"}],"inLanguage":"sk-SK"},{"@type":"Organization","@id":"https:\/\/green-gate.eu\/sk\/#organization","name":"GreenGate","url":"https:\/\/green-gate.eu\/sk\/","logo":{"@type":"ImageObject","inLanguage":"sk-SK","@id":"https:\/\/green-gate.eu\/sk\/#\/schema\/logo\/image\/","url":"https:\/\/green-gate.eu\/wp-content\/uploads\/2023\/04\/brand.png","contentUrl":"https:\/\/green-gate.eu\/wp-content\/uploads\/2023\/04\/brand.png","width":263,"height":108,"caption":"GreenGate"},"image":{"@id":"https:\/\/green-gate.eu\/sk\/#\/schema\/logo\/image\/"}}]}},"jetpack_sharing_enabled":true,"_links":{"self":[{"href":"https:\/\/green-gate.eu\/sk\/wp-json\/wp\/v2\/pages\/13547"}],"collection":[{"href":"https:\/\/green-gate.eu\/sk\/wp-json\/wp\/v2\/pages"}],"about":[{"href":"https:\/\/green-gate.eu\/sk\/wp-json\/wp\/v2\/types\/page"}],"author":[{"embeddable":true,"href":"https:\/\/green-gate.eu\/sk\/wp-json\/wp\/v2\/users\/1"}],"replies":[{"embeddable":true,"href":"https:\/\/green-gate.eu\/sk\/wp-json\/wp\/v2\/comments?post=13547"}],"version-history":[{"count":12,"href":"https:\/\/green-gate.eu\/sk\/wp-json\/wp\/v2\/pages\/13547\/revisions"}],"predecessor-version":[{"id":19723,"href":"https:\/\/green-gate.eu\/sk\/wp-json\/wp\/v2\/pages\/13547\/revisions\/19723"}],"up":[{"embeddable":true,"href":"https:\/\/green-gate.eu\/sk\/wp-json\/wp\/v2\/pages\/13477"}],"wp:attachment":[{"href":"https:\/\/green-gate.eu\/sk\/wp-json\/wp\/v2\/media?parent=13547"}],"curies":[{"name":"wp","href":"https:\/\/api.w.org\/{rel}","templated":true}]}}