{"id":13482,"date":"2023-04-21T00:33:35","date_gmt":"2023-04-20T22:33:35","guid":{"rendered":"https:\/\/green-gate.eu\/kviz-uvod\/kviz-1\/"},"modified":"2025-05-28T19:37:15","modified_gmt":"2025-05-28T17:37:15","slug":"kviz-1","status":"publish","type":"page","link":"https:\/\/green-gate.eu\/sk\/kviz-uvod\/kviz-1\/","title":{"rendered":"Kv\u00edz-1"},"content":{"rendered":"<p>[et_pb_section fb_built=&#8220;1&#8243; _builder_version=&#8220;4.21.0&#8243; _module_preset=&#8220;7724dba6-47f0-446b-a58e-150eeb9e2b3b&#8220; saved_tabs=&#8220;all&#8220; global_colors_info=&#8220;{}&#8220;][et_pb_row _builder_version=&#8220;4.21.0&#8243; _module_preset=&#8220;78fbb1f6-8016-4093-a4cb-bd7bb68612fc&#8220; global_colors_info=&#8220;{}&#8220;][et_pb_column type=&#8220;4_4&#8243; _builder_version=&#8220;4.20.2&#8243; _module_preset=&#8220;default&#8220; global_colors_info=&#8220;{}&#8220;][et_pb_icon font_icon=&#8220;&#x23;||divi||400&#8243; url=&#8220;@ET-DC@eyJkeW5hbWljIjp0cnVlLCJjb250ZW50IjoicG9zdF9saW5rX3VybF9wYWdlIiwic2V0dGluZ3MiOnsicG9zdF9pZCI6IjQwMTUifX0=@&#8220; icon_width_tablet=&#8220;44px&#8220; icon_width_phone=&#8220;40px&#8220; icon_width_last_edited=&#8220;on|phone&#8220; admin_label=&#8220;Quiz Back Button&#8220; _builder_version=&#8220;4.23&#8243; _dynamic_attributes=&#8220;url&#8220; _module_preset=&#8220;a4c69888-8e44-4fe2-87d4-98ea2edf7f8e&#8220; hover_transition_duration=&#8220;0ms&#8220; global_module=&#8220;5199&#8243; locked=&#8220;off&#8220; global_colors_info=&#8220;{}&#8220;][\/et_pb_icon][et_pb_text _builder_version=&#8220;4.21.0&#8243; _module_preset=&#8220;45cce019-dc17-4bbf-9b7f-a2050de8856f&#8220; global_colors_info=&#8220;{}&#8220;]Prisp\u00f4sobte si svoju cestu k&nbsp;vzdelaniu<br \/>\n[\/et_pb_text][\/et_pb_column][\/et_pb_row][et_pb_row _builder_version=&#8220;4.20.4&#8243; _module_preset=&#8220;27c709ff-7c8e-4a77-b92a-983578d86890&#8243; global_colors_info=&#8220;{}&#8220; custom_margin__hover_enabled=&#8220;off|desktop&#8220;][et_pb_column type=&#8220;4_4&#8243; _builder_version=&#8220;4.20.2&#8243; _module_preset=&#8220;default&#8220; global_colors_info=&#8220;{}&#8220;][et_pb_image src=&#8220;https:\/\/green-gate.eu\/wp-content\/uploads\/2023\/04\/progress-2.png&#8220; title_text=&#8220;pokrok-2&#8243; _builder_version=&#8220;4.20.4&#8243; _module_preset=&#8220;f0e05d04-510d-4e1b-9a56-d365567ce918&#8243; global_colors_info=&#8220;{}&#8220;][\/et_pb_image][\/et_pb_column][\/et_pb_row][et_pb_row _builder_version=&#8220;4.21.0&#8243; _module_preset=&#8220;5e5ff8ca-23c5-4d80-9ff3-14c37cee1e9f&#8220; min_height_tablet=&#8220;&#8220; min_height_phone=&#8220;&#8220; min_height_last_edited=&#8220;on|tablet&#8220; global_colors_info=&#8220;{}&#8220;][et_pb_column type=&#8220;4_4&#8243; _builder_version=&#8220;4.20.4&#8243; _module_preset=&#8220;default&#8220; custom_css_main_element=&#8220;margin: auto;&#8220; global_colors_info=&#8220;{}&#8220; custom_css_main_element_last_edited=&#8220;on|phone&#8220; custom_css_main_element_tablet=&#8220;margin: auto;&#8220; custom_css_main_element_phone=&#8220;margin: auto;&#8220;][et_pb_text content_tablet=&#8220;<\/p>\n<p>\u010co je va\u0161ou hlavnou prioritou v oblasti kozmetiky?<\/p>\n<p>&#8220; content_phone=&#8220;<\/p>\n<p>\u010co je va\u0161ou hlavnou prioritou v oblasti kozmetiky?<\/p>\n<p>&#8220; content_last_edited=&#8220;on|phone&#8220; _builder_version=&#8220;4.21.0&#8243; _module_preset=&#8220;175de951-c70b-436f-913c-84a89d2ecabe&#8220; custom_margin_tablet=&#8220;&#8220; custom_margin_phone=&#8220;&#8220; custom_margin_last_edited=&#8220;on|desktop&#8220; custom_padding_tablet=&#8220;&#8220; custom_padding_phone=&#8220;&#8220; custom_padding_last_edited=&#8220;on|tablet&#8220; global_colors_info=&#8220;{}&#8220;]<\/p>\n<p style=\"text-align: center;\">\u010co je va\u0161ou hlavnou prioritou v&nbsp;oblasti kozmetiky?<\/p>\n<p>[\/et_pb_text][\/et_pb_column][\/et_pb_row][et_pb_row column_structure=&#8220;1_3,1_3,1_3&#8243; _builder_version=&#8220;4.21.0&#8243; _module_preset=&#8220;3476b6c0-43ac-4c7a-9b6c-b9415821564f&#8220; locked=&#8220;off&#8220; global_colors_info=&#8220;{}&#8220;][et_pb_column type=&#8220;1_3&#8243; module_class=&#8220;quiz_answer_box&#8220; _builder_version=&#8220;4.21.0&#8243; _module_preset=&#8220;default&#8220; global_colors_info=&#8220;{}&#8220;][et_pb_blurb _builder_version=&#8220;4.21.0&#8243; _dynamic_attributes=&#8220;link_option_url&#8220; _module_preset=&#8220;0b44e020-a914-475f-a654-704ff8962cc1&#8243; link_option_url=&#8220;@ET-DC@eyJkeW5hbWljIjp0cnVlLCJjb250ZW50IjoicG9zdF9saW5rX3VybF9wYWdlIiwic2V0dGluZ3MiOnsicG9zdF9pZCI6IjQ4ODMifX0=@&#8220; global_colors_info=&#8220;{}&#8220;]Udr\u017eate\u013enos\u0165<br \/>\n[\/et_pb_blurb][\/et_pb_column][et_pb_column type=&#8220;1_3&#8243; module_class=&#8220;quiz_answer_box&#8220; _builder_version=&#8220;4.21.0&#8243; _module_preset=&#8220;default&#8220; global_colors_info=&#8220;{}&#8220;][et_pb_blurb _builder_version=&#8220;4.21.0&#8243; _dynamic_attributes=&#8220;link_option_url&#8220; _module_preset=&#8220;0b44e020-a914-475f-a654-704ff8962cc1&#8243; link_option_url=&#8220;@ET-DC@eyJkeW5hbWljIjp0cnVlLCJjb250ZW50IjoicG9zdF9saW5rX3VybF9wYWdlIiwic2V0dGluZ3MiOnsicG9zdF9pZCI6IjQ4OTUifX0=@&#8220; global_colors_info=&#8220;{}&#8220;]N\u00edzka cena<br \/>\n[\/et_pb_blurb][\/et_pb_column][et_pb_column type=&#8220;1_3&#8243; module_class=&#8220;quiz_answer_box&#8220; _builder_version=&#8220;4.21.0&#8243; _module_preset=&#8220;default&#8220; global_colors_info=&#8220;{}&#8220;][et_pb_blurb _builder_version=&#8220;4.21.0&#8243; _dynamic_attributes=&#8220;link_option_url&#8220; _module_preset=&#8220;0b44e020-a914-475f-a654-704ff8962cc1&#8243; link_option_url=&#8220;@ET-DC@eyJkeW5hbWljIjp0cnVlLCJjb250ZW50IjoicG9zdF9saW5rX3VybF9wYWdlIiwic2V0dGluZ3MiOnsicG9zdF9pZCI6IjQ4OTkifX0=@&#8220; global_colors_info=&#8220;{}&#8220;]Zdravie<br \/>\n[\/et_pb_blurb][\/et_pb_column][\/et_pb_row][\/et_pb_section]<\/p>\n","protected":false},"excerpt":{"rendered":"<p>Prisp\u00f4sobte si svoju cestu k&nbsp;vzdelaniu \u010co je va\u0161ou hlavnou prioritou v&nbsp;oblasti kozmetiky? Udr\u017eate\u013enos\u0165 N\u00edzka cena Zdravie<\/p>\n","protected":false},"author":1,"featured_media":0,"parent":13477,"menu_order":0,"comment_status":"closed","ping_status":"closed","template":"","meta":{"_et_pb_use_builder":"on","_et_pb_old_content":"","_et_gb_content_width":"","_monsterinsights_skip_tracking":false,"_monsterinsights_sitenote_active":false,"_monsterinsights_sitenote_note":"","_monsterinsights_sitenote_category":0,"footnotes":""},"yoast_head":"<!-- This site is optimized with the Yoast SEO plugin v23.2 - https:\/\/yoast.com\/wordpress\/plugins\/seo\/ -->\n<title>Kv\u00edz-1 - GreenGate<\/title>\n<meta name=\"robots\" content=\"index, follow, max-snippet:-1, max-image-preview:large, max-video-preview:-1\" \/>\n<link rel=\"canonical\" href=\"https:\/\/green-gate.eu\/sk\/kviz-uvod\/kviz-1\/\" \/>\n<meta property=\"og:locale\" content=\"sk_SK\" \/>\n<meta property=\"og:type\" content=\"article\" \/>\n<meta property=\"og:title\" content=\"Kv\u00edz-1 - GreenGate\" \/>\n<meta property=\"og:description\" content=\"Prisp\u00f4sobte si svoju cestu k vzdelaniu \u010co je va\u0161ou hlavnou prioritou v oblasti kozmetiky? Udr\u017eate\u013enos\u0165 N\u00edzka cena Zdravie\" \/>\n<meta property=\"og:url\" content=\"https:\/\/green-gate.eu\/sk\/kviz-uvod\/kviz-1\/\" \/>\n<meta property=\"og:site_name\" content=\"GreenGate\" \/>\n<meta property=\"article:modified_time\" content=\"2025-05-28T17:37:15+00:00\" \/>\n<meta name=\"twitter:card\" content=\"summary_large_image\" \/>\n<meta name=\"twitter:label1\" content=\"Predpokladan\u00fd \u010das \u010d\u00edtania\" \/>\n\t<meta name=\"twitter:data1\" content=\"3 min\u00faty\" \/>\n<script type=\"application\/ld+json\" class=\"yoast-schema-graph\">{\"@context\":\"https:\/\/schema.org\",\"@graph\":[{\"@type\":\"WebPage\",\"@id\":\"https:\/\/green-gate.eu\/sk\/kviz-uvod\/kviz-1\/\",\"url\":\"https:\/\/green-gate.eu\/sk\/kviz-uvod\/kviz-1\/\",\"name\":\"Kv\u00edz-1 - GreenGate\",\"isPartOf\":{\"@id\":\"https:\/\/green-gate.eu\/sk\/#website\"},\"datePublished\":\"2023-04-20T22:33:35+00:00\",\"dateModified\":\"2025-05-28T17:37:15+00:00\",\"breadcrumb\":{\"@id\":\"https:\/\/green-gate.eu\/sk\/kviz-uvod\/kviz-1\/#breadcrumb\"},\"inLanguage\":\"sk-SK\",\"potentialAction\":[{\"@type\":\"ReadAction\",\"target\":[\"https:\/\/green-gate.eu\/sk\/kviz-uvod\/kviz-1\/\"]}]},{\"@type\":\"BreadcrumbList\",\"@id\":\"https:\/\/green-gate.eu\/sk\/kviz-uvod\/kviz-1\/#breadcrumb\",\"itemListElement\":[{\"@type\":\"ListItem\",\"position\":1,\"name\":\"Home\",\"item\":\"https:\/\/green-gate.eu\/sk\/\"},{\"@type\":\"ListItem\",\"position\":2,\"name\":\"Kv\u00edz &#8211; \u00favod\",\"item\":\"https:\/\/green-gate.eu\/sk\/kviz-uvod\/\"},{\"@type\":\"ListItem\",\"position\":3,\"name\":\"Kv\u00edz-1\"}]},{\"@type\":\"WebSite\",\"@id\":\"https:\/\/green-gate.eu\/sk\/#website\",\"url\":\"https:\/\/green-gate.eu\/sk\/\",\"name\":\"GreenGate\",\"description\":\"Learn how to create healthier beauty routines and debunk common myths.\",\"publisher\":{\"@id\":\"https:\/\/green-gate.eu\/sk\/#organization\"},\"potentialAction\":[{\"@type\":\"SearchAction\",\"target\":{\"@type\":\"EntryPoint\",\"urlTemplate\":\"https:\/\/green-gate.eu\/sk\/?s={search_term_string}\"},\"query-input\":\"required name=search_term_string\"}],\"inLanguage\":\"sk-SK\"},{\"@type\":\"Organization\",\"@id\":\"https:\/\/green-gate.eu\/sk\/#organization\",\"name\":\"GreenGate\",\"url\":\"https:\/\/green-gate.eu\/sk\/\",\"logo\":{\"@type\":\"ImageObject\",\"inLanguage\":\"sk-SK\",\"@id\":\"https:\/\/green-gate.eu\/sk\/#\/schema\/logo\/image\/\",\"url\":\"https:\/\/green-gate.eu\/wp-content\/uploads\/2023\/04\/brand.png\",\"contentUrl\":\"https:\/\/green-gate.eu\/wp-content\/uploads\/2023\/04\/brand.png\",\"width\":263,\"height\":108,\"caption\":\"GreenGate\"},\"image\":{\"@id\":\"https:\/\/green-gate.eu\/sk\/#\/schema\/logo\/image\/\"}}]}<\/script>\n<!-- \/ Yoast SEO plugin. -->","yoast_head_json":{"title":"Kv\u00edz-1 - GreenGate","robots":{"index":"index","follow":"follow","max-snippet":"max-snippet:-1","max-image-preview":"max-image-preview:large","max-video-preview":"max-video-preview:-1"},"canonical":"https:\/\/green-gate.eu\/sk\/kviz-uvod\/kviz-1\/","og_locale":"sk_SK","og_type":"article","og_title":"Kv\u00edz-1 - GreenGate","og_description":"Prisp\u00f4sobte si svoju cestu k vzdelaniu \u010co je va\u0161ou hlavnou prioritou v oblasti kozmetiky? Udr\u017eate\u013enos\u0165 N\u00edzka cena Zdravie","og_url":"https:\/\/green-gate.eu\/sk\/kviz-uvod\/kviz-1\/","og_site_name":"GreenGate","article_modified_time":"2025-05-28T17:37:15+00:00","twitter_card":"summary_large_image","twitter_misc":{"Predpokladan\u00fd \u010das \u010d\u00edtania":"3 min\u00faty"},"schema":{"@context":"https:\/\/schema.org","@graph":[{"@type":"WebPage","@id":"https:\/\/green-gate.eu\/sk\/kviz-uvod\/kviz-1\/","url":"https:\/\/green-gate.eu\/sk\/kviz-uvod\/kviz-1\/","name":"Kv\u00edz-1 - GreenGate","isPartOf":{"@id":"https:\/\/green-gate.eu\/sk\/#website"},"datePublished":"2023-04-20T22:33:35+00:00","dateModified":"2025-05-28T17:37:15+00:00","breadcrumb":{"@id":"https:\/\/green-gate.eu\/sk\/kviz-uvod\/kviz-1\/#breadcrumb"},"inLanguage":"sk-SK","potentialAction":[{"@type":"ReadAction","target":["https:\/\/green-gate.eu\/sk\/kviz-uvod\/kviz-1\/"]}]},{"@type":"BreadcrumbList","@id":"https:\/\/green-gate.eu\/sk\/kviz-uvod\/kviz-1\/#breadcrumb","itemListElement":[{"@type":"ListItem","position":1,"name":"Home","item":"https:\/\/green-gate.eu\/sk\/"},{"@type":"ListItem","position":2,"name":"Kv\u00edz &#8211; \u00favod","item":"https:\/\/green-gate.eu\/sk\/kviz-uvod\/"},{"@type":"ListItem","position":3,"name":"Kv\u00edz-1"}]},{"@type":"WebSite","@id":"https:\/\/green-gate.eu\/sk\/#website","url":"https:\/\/green-gate.eu\/sk\/","name":"GreenGate","description":"Learn how to create healthier beauty routines and debunk common myths.","publisher":{"@id":"https:\/\/green-gate.eu\/sk\/#organization"},"potentialAction":[{"@type":"SearchAction","target":{"@type":"EntryPoint","urlTemplate":"https:\/\/green-gate.eu\/sk\/?s={search_term_string}"},"query-input":"required name=search_term_string"}],"inLanguage":"sk-SK"},{"@type":"Organization","@id":"https:\/\/green-gate.eu\/sk\/#organization","name":"GreenGate","url":"https:\/\/green-gate.eu\/sk\/","logo":{"@type":"ImageObject","inLanguage":"sk-SK","@id":"https:\/\/green-gate.eu\/sk\/#\/schema\/logo\/image\/","url":"https:\/\/green-gate.eu\/wp-content\/uploads\/2023\/04\/brand.png","contentUrl":"https:\/\/green-gate.eu\/wp-content\/uploads\/2023\/04\/brand.png","width":263,"height":108,"caption":"GreenGate"},"image":{"@id":"https:\/\/green-gate.eu\/sk\/#\/schema\/logo\/image\/"}}]}},"jetpack_sharing_enabled":true,"_links":{"self":[{"href":"https:\/\/green-gate.eu\/sk\/wp-json\/wp\/v2\/pages\/13482"}],"collection":[{"href":"https:\/\/green-gate.eu\/sk\/wp-json\/wp\/v2\/pages"}],"about":[{"href":"https:\/\/green-gate.eu\/sk\/wp-json\/wp\/v2\/types\/page"}],"author":[{"embeddable":true,"href":"https:\/\/green-gate.eu\/sk\/wp-json\/wp\/v2\/users\/1"}],"replies":[{"embeddable":true,"href":"https:\/\/green-gate.eu\/sk\/wp-json\/wp\/v2\/comments?post=13482"}],"version-history":[{"count":12,"href":"https:\/\/green-gate.eu\/sk\/wp-json\/wp\/v2\/pages\/13482\/revisions"}],"predecessor-version":[{"id":22387,"href":"https:\/\/green-gate.eu\/sk\/wp-json\/wp\/v2\/pages\/13482\/revisions\/22387"}],"up":[{"embeddable":true,"href":"https:\/\/green-gate.eu\/sk\/wp-json\/wp\/v2\/pages\/13477"}],"wp:attachment":[{"href":"https:\/\/green-gate.eu\/sk\/wp-json\/wp\/v2\/media?parent=13482"}],"curies":[{"name":"wp","href":"https:\/\/api.w.org\/{rel}","templated":true}]}}