{"id":4335,"date":"2023-04-13T11:59:24","date_gmt":"2023-04-13T09:59:24","guid":{"rendered":"https:\/\/green-gate.eu\/zdroje\/"},"modified":"2023-10-30T12:57:58","modified_gmt":"2023-10-30T11:57:58","slug":"zdroje","status":"publish","type":"page","link":"https:\/\/green-gate.eu\/cs\/zdroje\/","title":{"rendered":"Odkazy"},"content":{"rendered":"<p>[et_pb_section fb_built=&#8220;1&#8243; _builder_version=&#8220;4.21.0&#8243; _module_preset=&#8220;14e305e4-ab41-40ea-aebe-d74a9fedeebd&#8220; global_colors_info=&#8220;{}&#8220;][et_pb_row _builder_version=&#8220;4.21.0&#8243; _module_preset=&#8220;2a4d44be-60db-4bc2-b91a-901c0251e68c&#8220; global_colors_info=&#8220;{}&#8220;][et_pb_column type=&#8220;4_4&#8243; _builder_version=&#8220;4.16&#8243; custom_padding=&#8220;|||&#8220; global_colors_info=&#8220;{}&#8220; custom_padding__hover=&#8220;|||&#8220;][et_pb_text _builder_version=&#8220;4.21.0&#8243; _module_preset=&#8220;c9826d58-1a4e-4f9d-b75b-1a50233074a3&#8243; global_colors_info=&#8220;{}&#8220;]<\/p>\n<h2>Odkazy<\/h2>\n<p>[\/et_pb_text][\/et_pb_column][\/et_pb_row][et_pb_row _builder_version=&#8220;4.21.0&#8243; _module_preset=&#8220;00b9a908-9d8a-4f83-8552-e1abcb372e40&#8243; global_colors_info=&#8220;{}&#8220;][et_pb_column type=&#8220;4_4&#8243; _builder_version=&#8220;4.21.0&#8243; _module_preset=&#8220;default&#8220; global_colors_info=&#8220;{}&#8220;][et_pb_text _builder_version=&#8220;4.21.0&#8243; _module_preset=&#8220;1f1ac656-3431-472b-b627-10123e56f24a&#8220; global_colors_info=&#8220;{}&#8220;]<\/p>\n<h4>Legislativa<\/h4>\n<h5><a href=\"https:\/\/eur-lex.europa.eu\/legal-content\/EN\/TXT\/PDF\/?uri=CELEX:32019D0701&amp;from=en\">Rozhodnut\u00ed Evropsk\u00e9 komise (EU) 2019\/701<\/a><\/h5>\n<p>D\u00edky tomuto dokumentu se babylonsk\u00e9 zmaten\u00ed jazyk\u016f u\u017e nikdy nebude opakovat&#8230; alespo\u0148 ne v&nbsp;kosmetice. Toto rozhodnut\u00ed definuje glos\u00e1\u0159 b\u011b\u017en\u00fdch n\u00e1zv\u016f slo\u017eek pro pou\u017eit\u00ed p\u0159i ozna\u010dov\u00e1n\u00ed kosmetick\u00fdch v\u00fdrobk\u016f.<\/p>\n<h5><a href=\"https:\/\/echa.europa.eu\/en\/home\">Evropsk\u00e1 agentura pro chemick\u00e9 l\u00e1tky (ECHA)<\/a><\/h5>\n<p>Agentura ECHA implementuje pr\u00e1vn\u00ed p\u0159edpisy EU o&nbsp;chemick\u00fdch l\u00e1tk\u00e1ch s&nbsp;c\u00edlem chr\u00e1nit na\u0161e zdrav\u00ed a&nbsp;\u017eivotn\u00ed prost\u0159ed\u00ed. Na jej\u00edch webov\u00fdch str\u00e1nk\u00e1ch najdete v\u0161echny d\u016fle\u017eit\u00e9 informace o&nbsp;chemick\u00e9m pr\u016fmyslu, pr\u00e1vn\u00edch p\u0159edpisech a&nbsp;velkou datab\u00e1zi chemick\u00fdch l\u00e1tek, abyste si mohli sami ov\u011b\u0159it, jak bezpe\u010dn\u00e1 je va\u0161e kosmetika.<\/p>\n<h5><a href=\"https:\/\/eur-lex.europa.eu\/legal-content\/EN\/TXT\/PDF\/?uri=CELEX:32009R1223&amp;from=EN\">Na\u0159\u00edzen\u00ed Evropsk\u00e9ho parlamentu a&nbsp;Rady (ES) \u010d. 1223\/2009<\/a><\/h5>\n<p>Bible regulace kosmetiky v&nbsp;EU. Na\u0159\u00edzen\u00ed upravuje slo\u017een\u00ed, ozna\u010dov\u00e1n\u00ed a&nbsp;balen\u00ed hotov\u00fdch kosmetick\u00fdch v\u00fdrobk\u016f s&nbsp;c\u00edlem zajistit vysokou \u00farove\u0148 ochrany lidsk\u00e9ho zdrav\u00ed.<\/p>\n<h4>V\u011bdeck\u00e9 studie uveden\u00e9 v&nbsp;na\u0161em e-learningu<\/h4>\n<ul>\n<li><a href=\"https:\/\/www.sciencedirect.com\/science\/article\/abs\/pii\/S0273230020301227\">Studie biomonitoringu hodnot\u00edc\u00ed vystaven\u00ed mlad\u00fdch dosp\u011bl\u00fdch N\u011bmc\u016f butylovan\u00e9mu hydroxytoluenu (BHT)<\/a><\/li>\n<li><a href=\"https:\/\/www.sciencedirect.com\/science\/article\/abs\/pii\/S0273230020301227\">Anal\u00fdza funkce intervalu spolehlivosti pro hodnocen\u00ed rizika mezoteliomu u&nbsp;roz\u0161\u00ed\u0159en\u00e9 mezin\u00e1rodn\u00ed kohorty horn\u00edk\u016f a&nbsp;mlyn\u00e1\u0159\u016f kosmetick\u00e9ho mastku<\/a><\/li>\n<li><a href=\"https:\/\/www.intechopen.com\/chapters\/72654\">Chemick\u00e9 l\u00e1tky naru\u0161uj\u00edc\u00ed endokrinn\u00ed syst\u00e9m v&nbsp;kosmetice a&nbsp;produktech osobn\u00ed p\u00e9\u010de a&nbsp;riziko endometri\u00f3zy<\/a><\/li>\n<li><a href=\"https:\/\/www.science.org\/doi\/abs\/10.1126\/science.1108190?cookieSet=1\">Epigenetick\u00e9 transgenera\u010dn\u00ed p\u016fsoben\u00ed endokrinn\u00edch disruptor\u016f a&nbsp;mu\u017esk\u00e1 plodnost<\/a><\/li>\n<li><a href=\"https:\/\/pubmed.ncbi.nlm.nih.gov\/34351731\/\">P\u0159edstavuje b\u011b\u017en\u011b pou\u017e\u00edvan\u00fd UV filtr benzofenon-3 riziko pro nervov\u00fd syst\u00e9m?<\/a><\/li>\n<li><a href=\"https:\/\/www.ncbi.nlm.nih.gov\/pmc\/articles\/PMC6153767\/\">Index vystaven\u00ed slunci a&nbsp;ochrany p\u0159ed sluncem (SEPI) a&nbsp;vlastn\u00ed odhad citlivosti na slunce<\/a><\/li>\n<li><a href=\"https:\/\/www.ncbi.nlm.nih.gov\/pmc\/articles\/PMC3897598\/\">Slune\u010dn\u00ed sv\u011btlo a&nbsp;vitamin D<\/a><\/li>\n<\/ul>\n<h4>Dal\u0161\u00ed doporu\u010den\u00ed<\/h4>\n<h5><a href=\"https:\/\/owh-wh-d9-prod.s3.amazonaws.com\/s3fs-public\/documents\/your-guide-to-breastfeeding.pdf\">Poradenstv\u00ed v&nbsp;oblasti udr\u017eiteln\u00e9ho kojen\u00ed<\/a><\/h5>\n<p>Vzd\u011bl\u00e1vejte se o&nbsp;kojen\u00ed, abyste se nenechali nachytat na \u010dast\u00e9 m\u00fdty a&nbsp;marketingov\u00e9 n\u00e1strahy.<\/p>\n<h5><a href=\"https:\/\/forms.gle\/WHLpKVKDm6JPiQPB7\">Poznejte sv\u016fj fototyp<\/a><\/h5>\n<p>Kolik opalovac\u00edho kr\u00e9mu je tak akor\u00e1t? Jak dlouho m\u016f\u017eete b\u00fdt na slunci? Vytvo\u0159ili jsme dotazn\u00edk, kter\u00fd v\u00e1m pom\u016f\u017ee poznat vlastn\u00ed ple\u0165 a&nbsp;naj\u00edt nejlep\u0161\u00ed zp\u016fsob jej\u00ed ochrany!<\/p>\n<h5><a href=\"https:\/\/green-gate.eu\/downloads\/greenwashing_checklist_eng.pdf\">Kontroln\u00ed seznam: jak nenalet\u011bt na greenwashing<\/a><\/h5>\n<p>St\u00e1hn\u011bte si praktick\u00fd kontroln\u00ed seznam (checklist) pro nakupov\u00e1n\u00ed, abyste podpo\u0159ili skute\u010dn\u011b udr\u017eiteln\u00e9 zna\u010dky nam\u00edsto greenwashingu!<\/p>\n<p>[\/et_pb_text][\/et_pb_column][\/et_pb_row][\/et_pb_section][et_pb_section fb_built=&#8220;1&#8243; custom_padding_last_edited=&#8220;on|tablet&#8220; admin_label=&#8220;EU Logolink Section&#8220; _builder_version=&#8220;4.21.0&#8243; _module_preset=&#8220;default&#8220; background_color=&#8220;#F1F1F1&#8243; custom_padding=&#8220;80px|48px|80px|48px|true|true&#8220; custom_padding_tablet=&#8220;60px||60px||true|true&#8220; custom_padding_phone=&#8220;60px|6%|60px|6%|true|true&#8220; global_module=&#8220;6149&#8243; global_colors_info=&#8220;{}&#8220;][et_pb_row column_structure=&#8220;1_2,1_2&#8243; custom_padding_last_edited=&#8220;on|tablet&#8220; module_class=&#8220;two-col-tab two-col-mob&#8220; _builder_version=&#8220;4.21.0&#8243; _module_preset=&#8220;default&#8220; width=&#8220;auto&#8220; max_width=&#8220;660px&#8220; max_width_tablet=&#8220;600px&#8220; max_width_phone=&#8220;460px&#8220; max_width_last_edited=&#8220;on|tablet&#8220; custom_padding=&#8220;0px||40px||false|false&#8220; custom_padding_tablet=&#8220;0px||32px||false|false&#8220; custom_padding_phone=&#8220;||32px||false|false&#8220; global_colors_info=&#8220;{}&#8220;][et_pb_column type=&#8220;1_2&#8243; _builder_version=&#8220;4.21.0&#8243; _module_preset=&#8220;default&#8220; custom_padding=&#8220;||||false|false&#8220; global_colors_info=&#8220;{}&#8220;][et_pb_image src=&#8220;https:\/\/green-gate.eu\/wp-content\/uploads\/2023\/08\/logo-erasmus.png&#8220; title_text=&#8220;logo-erasmus&#8220; _builder_version=&#8220;4.21.0&#8243; _module_preset=&#8220;default&#8220; max_width=&#8220;240px&#8220; max_width_tablet=&#8220;206px&#8220; max_width_phone=&#8220;147px&#8220; max_width_last_edited=&#8220;on|tablet&#8220; module_alignment=&#8220;center&#8220; height_last_edited=&#8220;off|tablet&#8220; max_height=&#8220;49px&#8220; max_height_tablet=&#8220;42px&#8220; max_height_phone=&#8220;&#8220; max_height_last_edited=&#8220;on|tablet&#8220; global_colors_info=&#8220;{}&#8220; height__hover_enabled=&#8220;off|desktop&#8220;][\/et_pb_image][\/et_pb_column][et_pb_column type=&#8220;1_2&#8243; _builder_version=&#8220;4.21.0&#8243; _module_preset=&#8220;default&#8220; global_colors_info=&#8220;{}&#8220;][et_pb_image src=&#8220;https:\/\/green-gate.eu\/wp-content\/uploads\/2023\/08\/logo-eu.png&#8220; title_text=&#8220;logo-eu&#8220; show_bottom_space=&#8220;off&#8220; _builder_version=&#8220;4.21.0&#8243; _module_preset=&#8220;default&#8220; max_width=&#8220;237px&#8220; max_width_tablet=&#8220;202px&#8220; max_width_phone=&#8220;148px&#8220; max_width_last_edited=&#8220;on|tablet&#8220; module_alignment=&#8220;center&#8220; max_height=&#8220;48px&#8220; max_height_tablet=&#8220;41px&#8220; max_height_phone=&#8220;&#8220; max_height_last_edited=&#8220;on|tablet&#8220; global_colors_info=&#8220;{}&#8220;][\/et_pb_image][\/et_pb_column][\/et_pb_row][et_pb_row column_structure=&#8220;1_3,1_3,1_3&#8243; use_custom_gutter=&#8220;on&#8220; gutter_width=&#8220;2&#8243; module_class=&#8220;three-col-tab&#8220; _builder_version=&#8220;4.21.0&#8243; _module_preset=&#8220;default&#8220; width=&#8220;auto&#8220; max_width=&#8220;1200px&#8220; custom_padding=&#8220;0px||0px||false|false&#8220; global_colors_info=&#8220;{}&#8220;][et_pb_column type=&#8220;1_3&#8243; _builder_version=&#8220;4.21.0&#8243; _module_preset=&#8220;default&#8220; global_colors_info=&#8220;{}&#8220;][et_pb_text _builder_version=&#8220;4.21.0&#8243; _module_preset=&#8220;f66cbda2-1e9c-41c9-9248-82aeab118d90&#8243; custom_margin=&#8220;0px||0px||false|false&#8220; custom_padding=&#8220;0px||0px||false|false&#8220; global_colors_info=&#8220;{}&#8220;]<\/p>\n<p>Projekt GreenGate byl realizov\u00e1n v&nbsp;r\u00e1mci programu Erasmus+ KA220-ADU &#8211; Partnerstv\u00ed pro spolupr\u00e1ci ve vzd\u011bl\u00e1v\u00e1n\u00ed dosp\u011bl\u00fdch s&nbsp;finan\u010dn\u00ed podporou EU.<\/p>\n<p>[\/et_pb_text][\/et_pb_column][et_pb_column type=&#8220;1_3&#8243; _builder_version=&#8220;4.21.0&#8243; _module_preset=&#8220;default&#8220; global_colors_info=&#8220;{}&#8220;][et_pb_text _builder_version=&#8220;4.21.0&#8243; _module_preset=&#8220;f66cbda2-1e9c-41c9-9248-82aeab118d90&#8243; global_colors_info=&#8220;{}&#8220;]<\/p>\n<p>Financov\u00e1no Evropskou uni\u00ed. Vyj\u00e1d\u0159en\u00e9 n\u00e1zory a&nbsp;stanoviska jsou v\u0161ak pouze n\u00e1zory autora (autor\u016f) a&nbsp;nemus\u00ed nutn\u011b odr\u00e1\u017eet n\u00e1zory a&nbsp;stanoviska Evropsk\u00e9 unie nebo Evropsk\u00e9 v\u00fdkonn\u00e9 agentury pro vzd\u011bl\u00e1v\u00e1n\u00ed a&nbsp;kulturu (EACEA). Evropsk\u00e1 unie ani agentura EACEA za n\u011b nemohou n\u00e9st odpov\u011bdnost.<\/p>\n<p>[\/et_pb_text][\/et_pb_column][et_pb_column type=&#8220;1_3&#8243; _builder_version=&#8220;4.21.0&#8243; _module_preset=&#8220;default&#8220; global_colors_info=&#8220;{}&#8220;][et_pb_text _builder_version=&#8220;4.21.0&#8243; _module_preset=&#8220;f66cbda2-1e9c-41c9-9248-82aeab118d90&#8243; global_colors_info=&#8220;{}&#8220;]<\/p>\n<p>Tato platforma se \u0159\u00edd\u00ed dohodou Creative Commons. Attribution-NonCommercial-NoDerivatives (CC BY-NC-ND) &#8211; https:\/\/creativecommons.org\/licenses\/by-nc-nd\/4.0\/<\/p>\n<p>[\/et_pb_text][\/et_pb_column][\/et_pb_row][\/et_pb_section]<\/p>\n","protected":false},"excerpt":{"rendered":"<p>OdkazyLegislativa Rozhodnut\u00ed Evropsk\u00e9 komise (EU) 2019\/701 D\u00edky tomuto dokumentu se babylonsk\u00e9 zmaten\u00ed jazyk\u016f u\u017e nikdy nebude opakovat&#8230; alespo\u0148 ne v&nbsp;kosmetice. Toto rozhodnut\u00ed definuje glos\u00e1\u0159 b\u011b\u017en\u00fdch n\u00e1zv\u016f slo\u017eek pro pou\u017eit\u00ed p\u0159i ozna\u010dov\u00e1n\u00ed kosmetick\u00fdch v\u00fdrobk\u016f. Evropsk\u00e1 agentura pro chemick\u00e9 l\u00e1tky (ECHA) Agentura ECHA implementuje pr\u00e1vn\u00ed p\u0159edpisy EU o&nbsp;chemick\u00fdch l\u00e1tk\u00e1ch s&nbsp;c\u00edlem chr\u00e1nit na\u0161e zdrav\u00ed a&nbsp;[&hellip;]<\/p>\n","protected":false},"author":1,"featured_media":0,"parent":0,"menu_order":0,"comment_status":"closed","ping_status":"closed","template":"","meta":{"_et_pb_use_builder":"on","_et_pb_old_content":"","_et_gb_content_width":"","_monsterinsights_skip_tracking":false,"_monsterinsights_sitenote_active":false,"_monsterinsights_sitenote_note":"","_monsterinsights_sitenote_category":0,"footnotes":""},"yoast_head":"<!-- This site is optimized with the Yoast SEO plugin v23.2 - https:\/\/yoast.com\/wordpress\/plugins\/seo\/ -->\n<title>Odkazy - GreenGate<\/title>\n<meta name=\"robots\" content=\"index, follow, max-snippet:-1, max-image-preview:large, max-video-preview:-1\" \/>\n<link rel=\"canonical\" href=\"https:\/\/green-gate.eu\/cs\/zdroje\/\" \/>\n<meta property=\"og:locale\" content=\"cs_CZ\" \/>\n<meta property=\"og:type\" content=\"article\" \/>\n<meta property=\"og:title\" content=\"Odkazy - GreenGate\" \/>\n<meta property=\"og:description\" content=\"OdkazyLegislativa Rozhodnut\u00ed Evropsk\u00e9 komise (EU) 2019\/701 D\u00edky tomuto dokumentu se babylonsk\u00e9 zmaten\u00ed jazyk\u016f u\u017e nikdy nebude opakovat... alespo\u0148 ne v kosmetice. Toto rozhodnut\u00ed definuje glos\u00e1\u0159 b\u011b\u017en\u00fdch n\u00e1zv\u016f slo\u017eek pro pou\u017eit\u00ed p\u0159i ozna\u010dov\u00e1n\u00ed kosmetick\u00fdch v\u00fdrobk\u016f. Evropsk\u00e1 agentura pro chemick\u00e9 l\u00e1tky (ECHA) Agentura ECHA implementuje pr\u00e1vn\u00ed p\u0159edpisy EU o chemick\u00fdch l\u00e1tk\u00e1ch s c\u00edlem chr\u00e1nit na\u0161e zdrav\u00ed a [&hellip;]\" \/>\n<meta property=\"og:url\" content=\"https:\/\/green-gate.eu\/cs\/zdroje\/\" \/>\n<meta property=\"og:site_name\" content=\"GreenGate\" \/>\n<meta property=\"article:modified_time\" content=\"2023-10-30T11:57:58+00:00\" \/>\n<meta name=\"twitter:card\" content=\"summary_large_image\" \/>\n<meta name=\"twitter:label1\" content=\"Odhadovan\u00e1 doba \u010dten\u00ed\" \/>\n\t<meta name=\"twitter:data1\" content=\"5 minut\" \/>\n<script type=\"application\/ld+json\" class=\"yoast-schema-graph\">{\"@context\":\"https:\/\/schema.org\",\"@graph\":[{\"@type\":\"WebPage\",\"@id\":\"https:\/\/green-gate.eu\/cs\/zdroje\/\",\"url\":\"https:\/\/green-gate.eu\/cs\/zdroje\/\",\"name\":\"Odkazy - GreenGate\",\"isPartOf\":{\"@id\":\"https:\/\/green-gate.eu\/cs\/#website\"},\"datePublished\":\"2023-04-13T09:59:24+00:00\",\"dateModified\":\"2023-10-30T11:57:58+00:00\",\"breadcrumb\":{\"@id\":\"https:\/\/green-gate.eu\/cs\/zdroje\/#breadcrumb\"},\"inLanguage\":\"cs\",\"potentialAction\":[{\"@type\":\"ReadAction\",\"target\":[\"https:\/\/green-gate.eu\/cs\/zdroje\/\"]}]},{\"@type\":\"BreadcrumbList\",\"@id\":\"https:\/\/green-gate.eu\/cs\/zdroje\/#breadcrumb\",\"itemListElement\":[{\"@type\":\"ListItem\",\"position\":1,\"name\":\"Home\",\"item\":\"https:\/\/green-gate.eu\/cs\/\"},{\"@type\":\"ListItem\",\"position\":2,\"name\":\"Odkazy\"}]},{\"@type\":\"WebSite\",\"@id\":\"https:\/\/green-gate.eu\/cs\/#website\",\"url\":\"https:\/\/green-gate.eu\/cs\/\",\"name\":\"GreenGate\",\"description\":\"Learn how to create healthier beauty routines and debunk common myths.\",\"publisher\":{\"@id\":\"https:\/\/green-gate.eu\/cs\/#organization\"},\"potentialAction\":[{\"@type\":\"SearchAction\",\"target\":{\"@type\":\"EntryPoint\",\"urlTemplate\":\"https:\/\/green-gate.eu\/cs\/?s={search_term_string}\"},\"query-input\":\"required name=search_term_string\"}],\"inLanguage\":\"cs\"},{\"@type\":\"Organization\",\"@id\":\"https:\/\/green-gate.eu\/cs\/#organization\",\"name\":\"GreenGate\",\"url\":\"https:\/\/green-gate.eu\/cs\/\",\"logo\":{\"@type\":\"ImageObject\",\"inLanguage\":\"cs\",\"@id\":\"https:\/\/green-gate.eu\/cs\/#\/schema\/logo\/image\/\",\"url\":\"https:\/\/green-gate.eu\/wp-content\/uploads\/2023\/04\/brand.png\",\"contentUrl\":\"https:\/\/green-gate.eu\/wp-content\/uploads\/2023\/04\/brand.png\",\"width\":263,\"height\":108,\"caption\":\"GreenGate\"},\"image\":{\"@id\":\"https:\/\/green-gate.eu\/cs\/#\/schema\/logo\/image\/\"}}]}<\/script>\n<!-- \/ Yoast SEO plugin. -->","yoast_head_json":{"title":"Odkazy - GreenGate","robots":{"index":"index","follow":"follow","max-snippet":"max-snippet:-1","max-image-preview":"max-image-preview:large","max-video-preview":"max-video-preview:-1"},"canonical":"https:\/\/green-gate.eu\/cs\/zdroje\/","og_locale":"cs_CZ","og_type":"article","og_title":"Odkazy - GreenGate","og_description":"OdkazyLegislativa Rozhodnut\u00ed Evropsk\u00e9 komise (EU) 2019\/701 D\u00edky tomuto dokumentu se babylonsk\u00e9 zmaten\u00ed jazyk\u016f u\u017e nikdy nebude opakovat... alespo\u0148 ne v kosmetice. Toto rozhodnut\u00ed definuje glos\u00e1\u0159 b\u011b\u017en\u00fdch n\u00e1zv\u016f slo\u017eek pro pou\u017eit\u00ed p\u0159i ozna\u010dov\u00e1n\u00ed kosmetick\u00fdch v\u00fdrobk\u016f. Evropsk\u00e1 agentura pro chemick\u00e9 l\u00e1tky (ECHA) Agentura ECHA implementuje pr\u00e1vn\u00ed p\u0159edpisy EU o chemick\u00fdch l\u00e1tk\u00e1ch s c\u00edlem chr\u00e1nit na\u0161e zdrav\u00ed a [&hellip;]","og_url":"https:\/\/green-gate.eu\/cs\/zdroje\/","og_site_name":"GreenGate","article_modified_time":"2023-10-30T11:57:58+00:00","twitter_card":"summary_large_image","twitter_misc":{"Odhadovan\u00e1 doba \u010dten\u00ed":"5 minut"},"schema":{"@context":"https:\/\/schema.org","@graph":[{"@type":"WebPage","@id":"https:\/\/green-gate.eu\/cs\/zdroje\/","url":"https:\/\/green-gate.eu\/cs\/zdroje\/","name":"Odkazy - GreenGate","isPartOf":{"@id":"https:\/\/green-gate.eu\/cs\/#website"},"datePublished":"2023-04-13T09:59:24+00:00","dateModified":"2023-10-30T11:57:58+00:00","breadcrumb":{"@id":"https:\/\/green-gate.eu\/cs\/zdroje\/#breadcrumb"},"inLanguage":"cs","potentialAction":[{"@type":"ReadAction","target":["https:\/\/green-gate.eu\/cs\/zdroje\/"]}]},{"@type":"BreadcrumbList","@id":"https:\/\/green-gate.eu\/cs\/zdroje\/#breadcrumb","itemListElement":[{"@type":"ListItem","position":1,"name":"Home","item":"https:\/\/green-gate.eu\/cs\/"},{"@type":"ListItem","position":2,"name":"Odkazy"}]},{"@type":"WebSite","@id":"https:\/\/green-gate.eu\/cs\/#website","url":"https:\/\/green-gate.eu\/cs\/","name":"GreenGate","description":"Learn how to create healthier beauty routines and debunk common myths.","publisher":{"@id":"https:\/\/green-gate.eu\/cs\/#organization"},"potentialAction":[{"@type":"SearchAction","target":{"@type":"EntryPoint","urlTemplate":"https:\/\/green-gate.eu\/cs\/?s={search_term_string}"},"query-input":"required name=search_term_string"}],"inLanguage":"cs"},{"@type":"Organization","@id":"https:\/\/green-gate.eu\/cs\/#organization","name":"GreenGate","url":"https:\/\/green-gate.eu\/cs\/","logo":{"@type":"ImageObject","inLanguage":"cs","@id":"https:\/\/green-gate.eu\/cs\/#\/schema\/logo\/image\/","url":"https:\/\/green-gate.eu\/wp-content\/uploads\/2023\/04\/brand.png","contentUrl":"https:\/\/green-gate.eu\/wp-content\/uploads\/2023\/04\/brand.png","width":263,"height":108,"caption":"GreenGate"},"image":{"@id":"https:\/\/green-gate.eu\/cs\/#\/schema\/logo\/image\/"}}]}},"jetpack_sharing_enabled":true,"_links":{"self":[{"href":"https:\/\/green-gate.eu\/cs\/wp-json\/wp\/v2\/pages\/4335"}],"collection":[{"href":"https:\/\/green-gate.eu\/cs\/wp-json\/wp\/v2\/pages"}],"about":[{"href":"https:\/\/green-gate.eu\/cs\/wp-json\/wp\/v2\/types\/page"}],"author":[{"embeddable":true,"href":"https:\/\/green-gate.eu\/cs\/wp-json\/wp\/v2\/users\/1"}],"replies":[{"embeddable":true,"href":"https:\/\/green-gate.eu\/cs\/wp-json\/wp\/v2\/comments?post=4335"}],"version-history":[{"count":17,"href":"https:\/\/green-gate.eu\/cs\/wp-json\/wp\/v2\/pages\/4335\/revisions"}],"predecessor-version":[{"id":15224,"href":"https:\/\/green-gate.eu\/cs\/wp-json\/wp\/v2\/pages\/4335\/revisions\/15224"}],"wp:attachment":[{"href":"https:\/\/green-gate.eu\/cs\/wp-json\/wp\/v2\/media?parent=4335"}],"curies":[{"name":"wp","href":"https:\/\/api.w.org\/{rel}","templated":true}]}}