{"id":4325,"date":"2023-04-13T12:08:28","date_gmt":"2023-04-13T10:08:28","guid":{"rendered":"https:\/\/green-gate.eu\/o-nas-2\/"},"modified":"2025-05-06T03:34:46","modified_gmt":"2025-05-06T01:34:46","slug":"o-nas","status":"publish","type":"page","link":"https:\/\/green-gate.eu\/cs\/o-nas\/","title":{"rendered":"GreenGate"},"content":{"rendered":"<p>[et_pb_section fb_built=&#8220;1&#8243; _builder_version=&#8220;4.21.0&#8243; _module_preset=&#8220;14e305e4-ab41-40ea-aebe-d74a9fedeebd&#8220; global_colors_info=&#8220;{}&#8220;][et_pb_row _builder_version=&#8220;4.21.0&#8243; _module_preset=&#8220;2a4d44be-60db-4bc2-b91a-901c0251e68c&#8220; global_colors_info=&#8220;{}&#8220;][et_pb_column type=&#8220;4_4&#8243; _builder_version=&#8220;4.21.0&#8243; _module_preset=&#8220;default&#8220; global_colors_info=&#8220;{}&#8220;][et_pb_text admin_label=&#8220;Text&#8220; _builder_version=&#8220;4.21.0&#8243; _module_preset=&#8220;c9826d58-1a4e-4f9d-b75b-1a50233074a3&#8243; global_colors_info=&#8220;{}&#8220;]<\/p>\n<p>Podporujeme v\u00e1s v&nbsp;informovan\u00e9 volb\u011b zdrav\u011bj\u0161\u00ed kosmetiky.<\/p>\n<p>[\/et_pb_text][\/et_pb_column][\/et_pb_row][et_pb_row admin_label=&#8220;Row&#8220; _builder_version=&#8220;4.21.0&#8243; _module_preset=&#8220;00b9a908-9d8a-4f83-8552-e1abcb372e40&#8243; width_last_edited=&#8220;off|desktop&#8220; global_colors_info=&#8220;{}&#8220;][et_pb_column type=&#8220;4_4&#8243; _builder_version=&#8220;4.21.0&#8243; _module_preset=&#8220;default&#8220; global_colors_info=&#8220;{}&#8220;][et_pb_text _builder_version=&#8220;4.21.0&#8243; _module_preset=&#8220;1f1ac656-3431-472b-b627-10123e56f24a&#8220; global_colors_info=&#8220;{}&#8220;]<\/p>\n<p>Na\u0161\u00ed dlouhodobou snahou je vytvo\u0159it nez\u00e1vislou komunitu laik\u016f a&nbsp;odborn\u00edk\u016f zast\u0159e\u0161enou platformou GreenGate. Tento jedine\u010dn\u00fd projekt vzd\u011bl\u00e1v\u00e1 a&nbsp;pom\u00e1h\u00e1 pochopit slo\u017een\u00ed kosmetick\u00fdch, \u010distic\u00edch, prac\u00edch a&nbsp;myc\u00edch prost\u0159edk\u016f. Poskytuje tak\u00e9 informace o&nbsp;vlivu \u0161kodliv\u00fdch l\u00e1tek na lidsk\u00e9 zdrav\u00ed a&nbsp;na \u017eivotn\u00ed prost\u0159ed\u00ed. V\u011b\u0159\u00edme, \u017ee zm\u011bna p\u0159\u00edstupu na\u0161\u00ed spole\u010dnosti je mo\u017en\u00e1.<\/p>\n<p>GreenGate je komplexn\u00ed port\u00e1l o&nbsp;kosmetick\u00fdch a&nbsp;drogistick\u00fdch v\u00fdrobc\u00edch a&nbsp;rizikovosti jejich slo\u017een\u00ed. Platforma GreenGate nab\u00edz\u00ed online kurz zdarma, kter\u00fd v\u00e1s ve 12 kapitol\u00e1ch nau\u010d\u00ed v\u0161e pot\u0159ebn\u00e9 k&nbsp;p\u0159echodu na ekologi\u010dt\u011bj\u0161\u00ed kosmetiku a&nbsp;o&nbsp;tom, \u010demu se p\u0159i v\u00fdb\u011bru kosmetiky vyhnout. Port\u00e1l obsahuje mnoho aktivit (aplikace, e-kniha, blog, DIY videa, materi\u00e1ly pro vyu\u010duj\u00edc\u00ed atd.) a&nbsp;nab\u00edz\u00ed rozcestn\u00edk, kter\u00fd u\u017eivatele snadno navede na vhodn\u00fd obsah k&nbsp;\u0159e\u0161en\u00ed jejich specifick\u00fdch probl\u00e9m\u016f. Obsah je k&nbsp;dispozici ve \u010dty\u0159ech jazyc\u00edch (EN, CZ, SK, SI).<\/p>\n<p>Projekt GreenGate je financov\u00e1n Evropskou uni\u00ed v&nbsp;r\u00e1mci projektu Erasmus+, i&nbsp;kdy\u017e grant nepokr\u00fdv\u00e1 ve\u0161ker\u00e9 n\u00e1klady na projekt. Pokud s&nbsp;v\u00e1mi &#8222;poselstv\u00ed&#8220; projektu rezonuje a&nbsp;cht\u011bli byste jeho rozvoj podpo\u0159it n\u00e1padem, pomoc\u00ed nebo finan\u010dn\u00edm darem, nev\u00e1hejte n\u00e1s kontaktovat na info@greenscan.cz.<\/p>\n<p>[\/et_pb_text][\/et_pb_column][\/et_pb_row][\/et_pb_section][et_pb_section fb_built=&#8220;1&#8243; _builder_version=&#8220;4.21.0&#8243; _module_preset=&#8220;14e305e4-ab41-40ea-aebe-d74a9fedeebd&#8220; background_color=&#8220;#F1F1F1&#8243; custom_padding_phone=&#8220;40px|6%|40px|6%|true|true&#8220; global_colors_info=&#8220;{}&#8220;][et_pb_row _builder_version=&#8220;4.21.0&#8243; _module_preset=&#8220;default&#8220; width=&#8220;auto&#8220; max_width=&#8220;750px&#8220; global_colors_info=&#8220;{}&#8220;][et_pb_column type=&#8220;4_4&#8243; _builder_version=&#8220;4.21.0&#8243; _module_preset=&#8220;default&#8220; global_colors_info=&#8220;{}&#8220;][et_pb_text admin_label=&#8220;Text&#8220; _builder_version=&#8220;4.21.0&#8243; _module_preset=&#8220;1f1ac656-3431-472b-b627-10123e56f24a&#8220; header_2_text_align=&#8220;center&#8220; global_colors_info=&#8220;{}&#8220;]<\/p>\n<h2>GreenGate t\u00fdm<\/h2>\n<p>[\/et_pb_text][\/et_pb_column][\/et_pb_row][et_pb_row _builder_version=&#8220;4.21.0&#8243; _module_preset=&#8220;default&#8220; width=&#8220;auto&#8220; max_width=&#8220;794px&#8220; global_colors_info=&#8220;{}&#8220;][et_pb_column type=&#8220;4_4&#8243; _builder_version=&#8220;4.21.0&#8243; _module_preset=&#8220;default&#8220; global_colors_info=&#8220;{}&#8220;][et_pb_image src=&#8220;https:\/\/green-gate.eu\/wp-content\/uploads\/2023\/08\/team-loga.png&#8220; alt=&#8220;Team Logos&#8220; title_text=&#8220;team-loga-vertical&#8220; src_tablet=&#8220;https:\/\/green-gate.eu\/wp-content\/uploads\/2023\/08\/team-loga.png&#8220; src_phone=&#8220;https:\/\/green-gate.eu\/wp-content\/uploads\/2023\/08\/team-loga-vertical.png&#8220; src_last_edited=&#8220;on|phone&#8220; _builder_version=&#8220;4.21.0&#8243; _module_preset=&#8220;default&#8220; max_width_tablet=&#8220;&#8220; max_width_phone=&#8220;188px&#8220; max_width_last_edited=&#8220;on|phone&#8220; module_alignment=&#8220;center&#8220; global_colors_info=&#8220;{}&#8220;][\/et_pb_image][\/et_pb_column][\/et_pb_row][et_pb_row _builder_version=&#8220;4.21.0&#8243; _module_preset=&#8220;default&#8220; width=&#8220;auto&#8220; max_width=&#8220;826px&#8220; global_colors_info=&#8220;{}&#8220;][et_pb_column type=&#8220;4_4&#8243; _builder_version=&#8220;4.21.0&#8243; _module_preset=&#8220;default&#8220; global_colors_info=&#8220;{}&#8220;][et_pb_text _builder_version=&#8220;4.21.0&#8243; _module_preset=&#8220;adb88ae0-a12f-4742-bbd2-37c63123728f&#8220; global_colors_info=&#8220;{}&#8220;]<\/p>\n<h4><a href=\"https:\/\/greenscan.cz\/\">GreenScan (CZ)<\/a><\/h4>\n<h6>Aplikace GreenScan, blog, online kurz<\/h6>\n<p><span>Environment\u00e1ln\u00ed vzd\u011bl\u00e1v\u00e1n\u00ed pro firmy, \u0161koly a&nbsp;ve\u0159ejnost. <\/span>Jsme nad\u0161enci, dobrovoln\u00edci a&nbsp;p\u0159edev\u0161\u00edm lid\u00e9. Chceme porozum\u011bt spole\u010dnosti a&nbsp;p\u0159\u00edrod\u011b. Na\u0161e okol\u00ed n\u00e1m nen\u00ed lhostejn\u00e9. Jdeme kup\u0159edu, vytv\u00e1\u0159\u00edme nov\u00e9 v\u011bci a&nbsp;chceme b\u00fdt u\u017eite\u010dn\u00ed. Na\u0161\u00ed z\u00e1kladn\u00ed hodnotou je svoboda volby a&nbsp;pr\u00e1vo na informace pro ka\u017ed\u00e9ho. Jde n\u00e1m o&nbsp;zdrav\u00ed, o&nbsp;ekologickou udr\u017eitelnost \u017eivota na na\u0161\u00ed planet\u011b a&nbsp;o&nbsp;to, aby v\u00fdrobky, kter\u00e9 lid\u00e9 pou\u017e\u00edvaj\u00ed, byly bezpe\u010dn\u00e9. Zm\u011bnit sm\u011br, kter\u00fdm se na\u0161e spole\u010dnost ub\u00edr\u00e1, je mo\u017en\u00e9.<\/p>\n<p>[\/et_pb_text][et_pb_text _builder_version=&#8220;4.21.0&#8243; _module_preset=&#8220;adb88ae0-a12f-4742-bbd2-37c63123728f&#8220; global_colors_info=&#8220;{}&#8220;]<\/p>\n<h4><a href=\"https:\/\/www.educasoft.cz\/\">Educasoft Solutions (CZ)<\/a><\/h4>\n<h6>Online kurz, V\u00fdvoj platformy<\/h6>\n<p>Zam\u011b\u0159ujeme se p\u0159edev\u0161\u00edm na navrhov\u00e1n\u00ed a&nbsp;v\u00fdvoj e-learningov\u00fdch kurz\u016f a&nbsp;na poskytov\u00e1n\u00ed a&nbsp;v\u00fdvoj na\u0161eho syst\u00e9mu LMS Competent. \u00dasp\u011b\u0161n\u011b jsme realizovali v\u00edce ne\u017e 50 online vzd\u011bl\u00e1vac\u00edch projekt\u016f, v\u010detn\u011b ocen\u011bn\u00e9ho kurzu o&nbsp;zm\u011bn\u011b klimatu pro \u010clov\u011bka v&nbsp;t\u00edsni. Ten pomohl t\u00e9m\u011b\u0159 dv\u011bma tis\u00edc\u016fm u\u010ditel\u016f porozum\u011bt zm\u011bn\u011b klimatu a&nbsp;p\u0159ipravil je na v\u00fduku o&nbsp;n\u00ed.<\/p>\n<p>[\/et_pb_text][et_pb_text _builder_version=&#8220;4.21.0&#8243; _module_preset=&#8220;adb88ae0-a12f-4742-bbd2-37c63123728f&#8220; global_colors_info=&#8220;{}&#8220;]<\/p>\n<h4><a href=\"https:\/\/zivica.sk\/\">CEEV \u017divica (SK)<\/a><\/h4>\n<h6>Metodologick\u00fd toolkit, blog<\/h6>\n<p>\u017divica je nevl\u00e1dn\u00ed organizace, kter\u00e1 inspiruje ke zm\u011bn\u011b. Chceme vytvo\u0159it sv\u011bt, ve kter\u00e9m je ka\u017ed\u00fd povzbuzov\u00e1n k&nbsp;hled\u00e1n\u00ed sv\u00e9 vlastn\u00ed podstaty. V\u011b\u0159\u00edme, \u017ee p\u0159\u00edroda n\u00e1s m\u016f\u017ee mnoh\u00e9mu nau\u010dit. Probl\u00e9my \u017eivotn\u00edho prost\u0159ed\u00ed jsou pro n\u00e1s v\u00fdzvou, abychom obr\u00e1tili pozornost ke sv\u00e9mu jedn\u00e1n\u00ed, proto\u017ee m\u011bnit probl\u00e9my pouze z&nbsp;povrchu nen\u00ed glob\u00e1ln\u011b udr\u017eiteln\u00e9 dlouhodob\u00e9 \u0159e\u0161en\u00ed.[\/et_pb_text][et_pb_text _builder_version=&#8220;4.21.0&#8243; _module_preset=&#8220;adb88ae0-a12f-4742-bbd2-37c63123728f&#8220; global_colors_info=&#8220;{}&#8220;]<\/p>\n<h4><a href=\"https:\/\/fvo.si\/\">Fakulta ochrany \u017eivotn\u00edho prost\u0159ed\u00ed (SI)<\/a><\/h4>\n<h6>G-kniha, blog<\/h6>\n<p>Fakulta ochrany \u017eivotn\u00edho prost\u0159ed\u00ed (FVO) je nez\u00e1visl\u00e1 vysoko\u0161kolsk\u00e1 instituce, kter\u00e1 vyu\u010duje ochranu \u017eivotn\u00edho prost\u0159ed\u00ed v&nbsp;nej\u0161ir\u0161\u00edm slova smyslu. V\u00fduka m\u00e1 p\u0159esah do oblasti p\u0159\u00edrodn\u00edch v\u011bd, techniky, bioin\u017een\u00fdrstv\u00ed a&nbsp;spole\u010densk\u00fdch a&nbsp;humanitn\u00edch v\u011bd. Fakulta byla zalo\u017eena v&nbsp;roce 2006 jako Vysok\u00e1 \u0161kola ochrany \u017eivotn\u00edho prost\u0159ed\u00ed a&nbsp;v&nbsp;roce 2022 se stala fakultou.[\/et_pb_text][\/et_pb_column][\/et_pb_row][\/et_pb_section][et_pb_section fb_built=&#8220;1&#8243; custom_padding_last_edited=&#8220;on|tablet&#8220; admin_label=&#8220;EU Logolink Section&#8220; _builder_version=&#8220;4.21.0&#8243; _module_preset=&#8220;default&#8220; background_color=&#8220;#F1F1F1&#8243; custom_padding=&#8220;80px|48px|80px|48px|true|true&#8220; custom_padding_tablet=&#8220;60px||60px||true|true&#8220; custom_padding_phone=&#8220;60px|6%|60px|6%|true|true&#8220; global_module=&#8220;6149&#8243; collapsed=&#8220;on&#8220; global_colors_info=&#8220;{}&#8220;][et_pb_row column_structure=&#8220;1_2,1_2&#8243; custom_padding_last_edited=&#8220;on|tablet&#8220; module_class=&#8220;two-col-tab two-col-mob&#8220; _builder_version=&#8220;4.21.0&#8243; _module_preset=&#8220;default&#8220; width=&#8220;auto&#8220; max_width=&#8220;660px&#8220; max_width_tablet=&#8220;600px&#8220; max_width_phone=&#8220;460px&#8220; max_width_last_edited=&#8220;on|tablet&#8220; custom_padding=&#8220;0px||40px||false|false&#8220; custom_padding_tablet=&#8220;0px||32px||false|false&#8220; custom_padding_phone=&#8220;||32px||false|false&#8220; global_colors_info=&#8220;{}&#8220;][et_pb_column type=&#8220;1_2&#8243; _builder_version=&#8220;4.21.0&#8243; _module_preset=&#8220;default&#8220; custom_padding=&#8220;||||false|false&#8220; global_colors_info=&#8220;{}&#8220;][et_pb_image src=&#8220;https:\/\/green-gate.eu\/wp-content\/uploads\/2023\/08\/logo-erasmus.png&#8220; title_text=&#8220;logo-erasmus&#8220; _builder_version=&#8220;4.21.0&#8243; _module_preset=&#8220;default&#8220; max_width=&#8220;240px&#8220; max_width_tablet=&#8220;206px&#8220; max_width_phone=&#8220;147px&#8220; max_width_last_edited=&#8220;on|tablet&#8220; module_alignment=&#8220;center&#8220; height_last_edited=&#8220;off|tablet&#8220; max_height=&#8220;49px&#8220; max_height_tablet=&#8220;42px&#8220; max_height_phone=&#8220;&#8220; max_height_last_edited=&#8220;on|tablet&#8220; global_colors_info=&#8220;{}&#8220; height__hover_enabled=&#8220;off|desktop&#8220;][\/et_pb_image][\/et_pb_column][et_pb_column type=&#8220;1_2&#8243; _builder_version=&#8220;4.21.0&#8243; _module_preset=&#8220;default&#8220; global_colors_info=&#8220;{}&#8220;][et_pb_image src=&#8220;https:\/\/green-gate.eu\/wp-content\/uploads\/2023\/08\/logo-eu.png&#8220; title_text=&#8220;logo-eu&#8220; show_bottom_space=&#8220;off&#8220; _builder_version=&#8220;4.21.0&#8243; _module_preset=&#8220;default&#8220; max_width=&#8220;237px&#8220; max_width_tablet=&#8220;202px&#8220; max_width_phone=&#8220;148px&#8220; max_width_last_edited=&#8220;on|tablet&#8220; module_alignment=&#8220;center&#8220; max_height=&#8220;48px&#8220; max_height_tablet=&#8220;41px&#8220; max_height_phone=&#8220;&#8220; max_height_last_edited=&#8220;on|tablet&#8220; global_colors_info=&#8220;{}&#8220;][\/et_pb_image][\/et_pb_column][\/et_pb_row][et_pb_row column_structure=&#8220;1_3,1_3,1_3&#8243; use_custom_gutter=&#8220;on&#8220; gutter_width=&#8220;2&#8243; module_class=&#8220;three-col-tab&#8220; _builder_version=&#8220;4.21.0&#8243; _module_preset=&#8220;default&#8220; width=&#8220;auto&#8220; max_width=&#8220;1200px&#8220; custom_padding=&#8220;0px||0px||false|false&#8220; global_colors_info=&#8220;{}&#8220;][et_pb_column type=&#8220;1_3&#8243; _builder_version=&#8220;4.21.0&#8243; _module_preset=&#8220;default&#8220; global_colors_info=&#8220;{}&#8220;][et_pb_text _builder_version=&#8220;4.21.0&#8243; _module_preset=&#8220;f66cbda2-1e9c-41c9-9248-82aeab118d90&#8243; custom_margin=&#8220;0px||0px||false|false&#8220; custom_padding=&#8220;0px||0px||false|false&#8220; global_colors_info=&#8220;{}&#8220;]<\/p>\n<p><span>Projekt GreenGate (reg. \u010d. 2021-1-CZ01-KA220-ADU-000026171) a&nbsp;projekt GreenGate\u2082 (reg. \u010d.  <\/span><span>2023-2-CZ01-KA220-YOU-000174554) byly realizov\u00e1ny v&nbsp;r\u00e1mci programu Erasmus+ s&nbsp;finan\u010dn\u00ed podporou Evropsk\u00e9 unie.<\/span><\/p>\n<p>[\/et_pb_text][\/et_pb_column][et_pb_column type=&#8220;1_3&#8243; _builder_version=&#8220;4.21.0&#8243; _module_preset=&#8220;default&#8220; global_colors_info=&#8220;{}&#8220;][et_pb_text _builder_version=&#8220;4.21.0&#8243; _module_preset=&#8220;f66cbda2-1e9c-41c9-9248-82aeab118d90&#8243; global_colors_info=&#8220;{}&#8220;]<\/p>\n<p>Financov\u00e1no Evropskou uni\u00ed. Vyj\u00e1d\u0159en\u00e9 n\u00e1zory a&nbsp;stanoviska jsou v\u0161ak pouze n\u00e1zory autora (autor\u016f) a&nbsp;nemus\u00ed nutn\u011b odr\u00e1\u017eet n\u00e1zory a&nbsp;stanoviska Evropsk\u00e9 unie nebo Evropsk\u00e9 v\u00fdkonn\u00e9 agentury pro vzd\u011bl\u00e1v\u00e1n\u00ed a&nbsp;kulturu (EACEA). Evropsk\u00e1 unie ani agentura EACEA za n\u011b nemohou n\u00e9st odpov\u011bdnost.<\/p>\n<p>[\/et_pb_text][\/et_pb_column][et_pb_column type=&#8220;1_3&#8243; _builder_version=&#8220;4.21.0&#8243; _module_preset=&#8220;default&#8220; global_colors_info=&#8220;{}&#8220;][et_pb_text _builder_version=&#8220;4.21.0&#8243; _module_preset=&#8220;f66cbda2-1e9c-41c9-9248-82aeab118d90&#8243; global_colors_info=&#8220;{}&#8220;]<\/p>\n<p>Tato platforma se \u0159\u00edd\u00ed dohodou Creative Commons. Attribution-NonCommercial-NoDerivatives (CC BY-NC-ND) &#8211; https:\/\/creativecommons.org\/licenses\/by-nc-nd\/4.0\/<\/p>\n<p>[\/et_pb_text][\/et_pb_column][\/et_pb_row][\/et_pb_section]<\/p>\n","protected":false},"excerpt":{"rendered":"<p>Podporujeme v\u00e1s v&nbsp;informovan\u00e9 volb\u011b zdrav\u011bj\u0161\u00ed kosmetiky.Na\u0161\u00ed dlouhodobou snahou je vytvo\u0159it nez\u00e1vislou komunitu laik\u016f a&nbsp;odborn\u00edk\u016f zast\u0159e\u0161enou platformou GreenGate. Tento jedine\u010dn\u00fd projekt vzd\u011bl\u00e1v\u00e1 a&nbsp;pom\u00e1h\u00e1 pochopit slo\u017een\u00ed kosmetick\u00fdch, \u010distic\u00edch, prac\u00edch a&nbsp;myc\u00edch prost\u0159edk\u016f. Poskytuje tak\u00e9 informace o&nbsp;vlivu \u0161kodliv\u00fdch l\u00e1tek na lidsk\u00e9 zdrav\u00ed a&nbsp;na \u017eivotn\u00ed prost\u0159ed\u00ed. V\u011b\u0159\u00edme, \u017ee zm\u011bna p\u0159\u00edstupu na\u0161\u00ed spole\u010dnosti je mo\u017en\u00e1. [&hellip;]<\/p>\n","protected":false},"author":1,"featured_media":0,"parent":0,"menu_order":0,"comment_status":"closed","ping_status":"closed","template":"","meta":{"_et_pb_use_builder":"on","_et_pb_old_content":"","_et_gb_content_width":"","_monsterinsights_skip_tracking":false,"_monsterinsights_sitenote_active":false,"_monsterinsights_sitenote_note":"","_monsterinsights_sitenote_category":0,"footnotes":""},"yoast_head":"<!-- This site is optimized with the Yoast SEO plugin v23.2 - https:\/\/yoast.com\/wordpress\/plugins\/seo\/ -->\n<title>GreenGate - GreenGate<\/title>\n<meta name=\"robots\" content=\"index, follow, max-snippet:-1, max-image-preview:large, max-video-preview:-1\" \/>\n<link rel=\"canonical\" href=\"https:\/\/green-gate.eu\/cs\/o-nas\/\" \/>\n<meta property=\"og:locale\" content=\"cs_CZ\" \/>\n<meta property=\"og:type\" content=\"article\" \/>\n<meta property=\"og:title\" content=\"GreenGate - GreenGate\" \/>\n<meta property=\"og:description\" content=\"Podporujeme v\u00e1s v informovan\u00e9 volb\u011b zdrav\u011bj\u0161\u00ed kosmetiky.Na\u0161\u00ed dlouhodobou snahou je vytvo\u0159it nez\u00e1vislou komunitu laik\u016f a odborn\u00edk\u016f zast\u0159e\u0161enou platformou GreenGate. Tento jedine\u010dn\u00fd projekt vzd\u011bl\u00e1v\u00e1 a pom\u00e1h\u00e1 pochopit slo\u017een\u00ed kosmetick\u00fdch, \u010distic\u00edch, prac\u00edch a myc\u00edch prost\u0159edk\u016f. Poskytuje tak\u00e9 informace o vlivu \u0161kodliv\u00fdch l\u00e1tek na lidsk\u00e9 zdrav\u00ed a na \u017eivotn\u00ed prost\u0159ed\u00ed. V\u011b\u0159\u00edme, \u017ee zm\u011bna p\u0159\u00edstupu na\u0161\u00ed spole\u010dnosti je mo\u017en\u00e1. [&hellip;]\" \/>\n<meta property=\"og:url\" content=\"https:\/\/green-gate.eu\/cs\/o-nas\/\" \/>\n<meta property=\"og:site_name\" content=\"GreenGate\" \/>\n<meta property=\"article:modified_time\" content=\"2025-05-06T01:34:46+00:00\" \/>\n<meta name=\"twitter:card\" content=\"summary_large_image\" \/>\n<meta name=\"twitter:label1\" content=\"Odhadovan\u00e1 doba \u010dten\u00ed\" \/>\n\t<meta name=\"twitter:data1\" content=\"8 minut\" \/>\n<script type=\"application\/ld+json\" class=\"yoast-schema-graph\">{\"@context\":\"https:\/\/schema.org\",\"@graph\":[{\"@type\":\"WebPage\",\"@id\":\"https:\/\/green-gate.eu\/cs\/o-nas\/\",\"url\":\"https:\/\/green-gate.eu\/cs\/o-nas\/\",\"name\":\"GreenGate - GreenGate\",\"isPartOf\":{\"@id\":\"https:\/\/green-gate.eu\/cs\/#website\"},\"datePublished\":\"2023-04-13T10:08:28+00:00\",\"dateModified\":\"2025-05-06T01:34:46+00:00\",\"breadcrumb\":{\"@id\":\"https:\/\/green-gate.eu\/cs\/o-nas\/#breadcrumb\"},\"inLanguage\":\"cs\",\"potentialAction\":[{\"@type\":\"ReadAction\",\"target\":[\"https:\/\/green-gate.eu\/cs\/o-nas\/\"]}]},{\"@type\":\"BreadcrumbList\",\"@id\":\"https:\/\/green-gate.eu\/cs\/o-nas\/#breadcrumb\",\"itemListElement\":[{\"@type\":\"ListItem\",\"position\":1,\"name\":\"Home\",\"item\":\"https:\/\/green-gate.eu\/cs\/\"},{\"@type\":\"ListItem\",\"position\":2,\"name\":\"GreenGate\"}]},{\"@type\":\"WebSite\",\"@id\":\"https:\/\/green-gate.eu\/cs\/#website\",\"url\":\"https:\/\/green-gate.eu\/cs\/\",\"name\":\"GreenGate\",\"description\":\"Learn how to create healthier beauty routines and debunk common myths.\",\"publisher\":{\"@id\":\"https:\/\/green-gate.eu\/cs\/#organization\"},\"potentialAction\":[{\"@type\":\"SearchAction\",\"target\":{\"@type\":\"EntryPoint\",\"urlTemplate\":\"https:\/\/green-gate.eu\/cs\/?s={search_term_string}\"},\"query-input\":\"required name=search_term_string\"}],\"inLanguage\":\"cs\"},{\"@type\":\"Organization\",\"@id\":\"https:\/\/green-gate.eu\/cs\/#organization\",\"name\":\"GreenGate\",\"url\":\"https:\/\/green-gate.eu\/cs\/\",\"logo\":{\"@type\":\"ImageObject\",\"inLanguage\":\"cs\",\"@id\":\"https:\/\/green-gate.eu\/cs\/#\/schema\/logo\/image\/\",\"url\":\"https:\/\/green-gate.eu\/wp-content\/uploads\/2023\/04\/brand.png\",\"contentUrl\":\"https:\/\/green-gate.eu\/wp-content\/uploads\/2023\/04\/brand.png\",\"width\":263,\"height\":108,\"caption\":\"GreenGate\"},\"image\":{\"@id\":\"https:\/\/green-gate.eu\/cs\/#\/schema\/logo\/image\/\"}}]}<\/script>\n<!-- \/ Yoast SEO plugin. -->","yoast_head_json":{"title":"GreenGate - GreenGate","robots":{"index":"index","follow":"follow","max-snippet":"max-snippet:-1","max-image-preview":"max-image-preview:large","max-video-preview":"max-video-preview:-1"},"canonical":"https:\/\/green-gate.eu\/cs\/o-nas\/","og_locale":"cs_CZ","og_type":"article","og_title":"GreenGate - GreenGate","og_description":"Podporujeme v\u00e1s v informovan\u00e9 volb\u011b zdrav\u011bj\u0161\u00ed kosmetiky.Na\u0161\u00ed dlouhodobou snahou je vytvo\u0159it nez\u00e1vislou komunitu laik\u016f a odborn\u00edk\u016f zast\u0159e\u0161enou platformou GreenGate. Tento jedine\u010dn\u00fd projekt vzd\u011bl\u00e1v\u00e1 a pom\u00e1h\u00e1 pochopit slo\u017een\u00ed kosmetick\u00fdch, \u010distic\u00edch, prac\u00edch a myc\u00edch prost\u0159edk\u016f. Poskytuje tak\u00e9 informace o vlivu \u0161kodliv\u00fdch l\u00e1tek na lidsk\u00e9 zdrav\u00ed a na \u017eivotn\u00ed prost\u0159ed\u00ed. V\u011b\u0159\u00edme, \u017ee zm\u011bna p\u0159\u00edstupu na\u0161\u00ed spole\u010dnosti je mo\u017en\u00e1. [&hellip;]","og_url":"https:\/\/green-gate.eu\/cs\/o-nas\/","og_site_name":"GreenGate","article_modified_time":"2025-05-06T01:34:46+00:00","twitter_card":"summary_large_image","twitter_misc":{"Odhadovan\u00e1 doba \u010dten\u00ed":"8 minut"},"schema":{"@context":"https:\/\/schema.org","@graph":[{"@type":"WebPage","@id":"https:\/\/green-gate.eu\/cs\/o-nas\/","url":"https:\/\/green-gate.eu\/cs\/o-nas\/","name":"GreenGate - GreenGate","isPartOf":{"@id":"https:\/\/green-gate.eu\/cs\/#website"},"datePublished":"2023-04-13T10:08:28+00:00","dateModified":"2025-05-06T01:34:46+00:00","breadcrumb":{"@id":"https:\/\/green-gate.eu\/cs\/o-nas\/#breadcrumb"},"inLanguage":"cs","potentialAction":[{"@type":"ReadAction","target":["https:\/\/green-gate.eu\/cs\/o-nas\/"]}]},{"@type":"BreadcrumbList","@id":"https:\/\/green-gate.eu\/cs\/o-nas\/#breadcrumb","itemListElement":[{"@type":"ListItem","position":1,"name":"Home","item":"https:\/\/green-gate.eu\/cs\/"},{"@type":"ListItem","position":2,"name":"GreenGate"}]},{"@type":"WebSite","@id":"https:\/\/green-gate.eu\/cs\/#website","url":"https:\/\/green-gate.eu\/cs\/","name":"GreenGate","description":"Learn how to create healthier beauty routines and debunk common myths.","publisher":{"@id":"https:\/\/green-gate.eu\/cs\/#organization"},"potentialAction":[{"@type":"SearchAction","target":{"@type":"EntryPoint","urlTemplate":"https:\/\/green-gate.eu\/cs\/?s={search_term_string}"},"query-input":"required name=search_term_string"}],"inLanguage":"cs"},{"@type":"Organization","@id":"https:\/\/green-gate.eu\/cs\/#organization","name":"GreenGate","url":"https:\/\/green-gate.eu\/cs\/","logo":{"@type":"ImageObject","inLanguage":"cs","@id":"https:\/\/green-gate.eu\/cs\/#\/schema\/logo\/image\/","url":"https:\/\/green-gate.eu\/wp-content\/uploads\/2023\/04\/brand.png","contentUrl":"https:\/\/green-gate.eu\/wp-content\/uploads\/2023\/04\/brand.png","width":263,"height":108,"caption":"GreenGate"},"image":{"@id":"https:\/\/green-gate.eu\/cs\/#\/schema\/logo\/image\/"}}]}},"jetpack_sharing_enabled":true,"_links":{"self":[{"href":"https:\/\/green-gate.eu\/cs\/wp-json\/wp\/v2\/pages\/4325"}],"collection":[{"href":"https:\/\/green-gate.eu\/cs\/wp-json\/wp\/v2\/pages"}],"about":[{"href":"https:\/\/green-gate.eu\/cs\/wp-json\/wp\/v2\/types\/page"}],"author":[{"embeddable":true,"href":"https:\/\/green-gate.eu\/cs\/wp-json\/wp\/v2\/users\/1"}],"replies":[{"embeddable":true,"href":"https:\/\/green-gate.eu\/cs\/wp-json\/wp\/v2\/comments?post=4325"}],"version-history":[{"count":64,"href":"https:\/\/green-gate.eu\/cs\/wp-json\/wp\/v2\/pages\/4325\/revisions"}],"predecessor-version":[{"id":21883,"href":"https:\/\/green-gate.eu\/cs\/wp-json\/wp\/v2\/pages\/4325\/revisions\/21883"}],"wp:attachment":[{"href":"https:\/\/green-gate.eu\/cs\/wp-json\/wp\/v2\/media?parent=4325"}],"curies":[{"name":"wp","href":"https:\/\/api.w.org\/{rel}","templated":true}]}}