{"id":4311,"date":"2023-04-13T11:58:34","date_gmt":"2023-04-13T09:58:34","guid":{"rendered":"https:\/\/green-gate.eu\/g-book\/"},"modified":"2025-11-25T00:44:19","modified_gmt":"2025-11-24T23:44:19","slug":"g-book","status":"publish","type":"page","link":"https:\/\/green-gate.eu\/cs\/g-book\/","title":{"rendered":"G-book"},"content":{"rendered":"<p>[et_pb_section fb_built=&#8220;1&#8243; _builder_version=&#8220;4.23&#8243; _module_preset=&#8220;92daa416-652f-4076-9075-7e234254a6ac&#8220; global_colors_info=&#8220;{}&#8220;][et_pb_row _builder_version=&#8220;4.23&#8243; _module_preset=&#8220;default&#8220; width=&#8220;100%&#8220; custom_margin=&#8220;||||false|false&#8220; custom_padding=&#8220;0px||0px||true|false&#8220; global_colors_info=&#8220;{}&#8220;][et_pb_column type=&#8220;4_4&#8243; _builder_version=&#8220;4.23&#8243; _module_preset=&#8220;default&#8220; global_colors_info=&#8220;{}&#8220;][et_pb_text _builder_version=&#8220;4.23&#8243; _module_preset=&#8220;1f1ac656-3431-472b-b627-10123e56f24a&#8220; global_colors_info=&#8220;{}&#8220;]<\/p>\n<h1 style=\"text-align: center;\">G-BOOK<\/h1>\n<p>[\/et_pb_text][\/et_pb_column][\/et_pb_row][\/et_pb_section][et_pb_section fb_built=&#8220;1&#8243; _builder_version=&#8220;4.21.0&#8243; _module_preset=&#8220;14e305e4-ab41-40ea-aebe-d74a9fedeebd&#8220; custom_padding=&#8220;60px|48px|40px|48px|false|true&#8220; global_colors_info=&#8220;{}&#8220;][et_pb_row _builder_version=&#8220;4.21.0&#8243; _module_preset=&#8220;00b9a908-9d8a-4f83-8552-e1abcb372e40&#8243; global_colors_info=&#8220;{}&#8220;][et_pb_column type=&#8220;4_4&#8243; _builder_version=&#8220;4.21.0&#8243; _module_preset=&#8220;default&#8220; global_colors_info=&#8220;{}&#8220;][et_pb_text _builder_version=&#8220;4.23&#8243; _module_preset=&#8220;1f1ac656-3431-472b-b627-10123e56f24a&#8220; custom_margin=&#8220;||48px|||&#8220; global_colors_info=&#8220;{}&#8220;]<\/p>\n<p>Roz\u0161i\u0159te si prost\u0159ednictv\u00edm kr\u00e1tk\u00e9 \u010detby sv\u00e9 znalosti t\u00fdkaj\u00edc\u00ed se odpov\u011bdn\u00e9ho pou\u017e\u00edv\u00e1n\u00ed kosmetick\u00fdch v\u00fdrobk\u016f.<\/p>\n<p>[\/et_pb_text][et_pb_button button_url=&#8220;https:\/\/green-gate.eu\/downloads\/G-book-cz.pdf&#8220; button_text=&#8220;St\u00e1hnout e-book zdarma&#8220; button_alignment=&#8220;left&#8220; _builder_version=&#8220;4.23&#8243; _module_preset=&#8220;_initial&#8220; custom_margin=&#8220;||48px|||&#8220; locked=&#8220;off&#8220; global_colors_info=&#8220;{}&#8220;][\/et_pb_button][et_pb_text _builder_version=&#8220;4.23&#8243; _module_preset=&#8220;1f1ac656-3431-472b-b627-10123e56f24a&#8220; hover_enabled=&#8220;0&#8243; global_colors_info=&#8220;{}&#8220; sticky_enabled=&#8220;0&#8243;]<\/p>\n<h3>O \u010dem to je?<\/h3>\n<p>G-book p\u0159edstavuje pohodlnou, vzd\u011bl\u00e1vac\u00ed, odbornou podporu p\u0159i zkoum\u00e1n\u00ed bezpe\u010dn\u00e9ho a&nbsp;odpov\u011bdn\u00e9ho pou\u017e\u00edv\u00e1n\u00ed kosmetick\u00fdch v\u00fdrobk\u016f. Provede v\u00e1s kr\u00e1tk\u00fdm \u010dten\u00e1\u0159sk\u00fdm dobrodru\u017estv\u00edm od samotn\u00fdch kosmetick\u00fdch v\u00fdrobk\u016f a\u017e po jejich komplexn\u00ed vztah k&nbsp;va\u0161\u00ed poko\u017ece a&nbsp;\u017eivotn\u00edmu prost\u0159ed\u00ed. E-book se v&nbsp;\u0161esti kapitol\u00e1ch zam\u011b\u0159uje na kl\u00ed\u010dov\u00e9 \u00farovn\u011b ka\u017edodenn\u00edho vztahu mezi u\u017eivatelem a&nbsp;produkty osobn\u00ed p\u00e9\u010de \/ kosmetick\u00fdmi p\u0159\u00edpravky a&nbsp;p\u0159\u00e1telsky a&nbsp;profesion\u00e1ln\u011b je prezentuje nej\u0161ir\u0161\u00ed ve\u0159ejnosti.<\/p>\n<p>[\/et_pb_text][\/et_pb_column][\/et_pb_row][et_pb_row column_structure=&#8220;1_3,1_3,1_3&#8243; use_custom_gutter=&#8220;on&#8220; gutter_width=&#8220;2&#8243; custom_padding_last_edited=&#8220;on|tablet&#8220; module_class=&#8220;three-col-tab three-col-mob&#8220; _builder_version=&#8220;4.23&#8243; _module_preset=&#8220;default&#8220; width=&#8220;auto&#8220; custom_padding=&#8220;||60px||false|false&#8220; custom_padding_tablet=&#8220;||20px||false|false&#8220; custom_padding_phone=&#8220;||0px||false|false&#8220; hover_enabled=&#8220;0&#8243; locked=&#8220;off&#8220; global_colors_info=&#8220;{}&#8220; sticky_enabled=&#8220;0&#8243;][et_pb_column type=&#8220;1_3&#8243; _builder_version=&#8220;4.21.0&#8243; _module_preset=&#8220;default&#8220; global_colors_info=&#8220;{}&#8220;][et_pb_image src=&#8220;https:\/\/green-gate.eu\/wp-content\/uploads\/2023\/12\/G-book-cz-1.png&#8220; title_text=&#8220;G-book-en-1&#8243; _builder_version=&#8220;4.21.0&#8243; _module_preset=&#8220;74535d13-2544-4cb3-8f20-e2d24a2f7c5e&#8220; border_width_all=&#8220;0px&#8220; global_colors_info=&#8220;{}&#8220;][\/et_pb_image][\/et_pb_column][et_pb_column type=&#8220;1_3&#8243; _builder_version=&#8220;4.21.0&#8243; _module_preset=&#8220;default&#8220; global_colors_info=&#8220;{}&#8220;][et_pb_image src=&#8220;https:\/\/green-gate.eu\/wp-content\/uploads\/2023\/12\/G-book-cz-6.png&#8220; title_text=&#8220;G-book-en-6&#8243; _builder_version=&#8220;4.21.0&#8243; _module_preset=&#8220;74535d13-2544-4cb3-8f20-e2d24a2f7c5e&#8220; global_colors_info=&#8220;{}&#8220;][\/et_pb_image][\/et_pb_column][et_pb_column type=&#8220;1_3&#8243; _builder_version=&#8220;4.21.0&#8243; _module_preset=&#8220;default&#8220; global_colors_info=&#8220;{}&#8220;][et_pb_image src=&#8220;https:\/\/green-gate.eu\/wp-content\/uploads\/2023\/12\/G-book-cz-37-1.png&#8220; title_text=&#8220;G-book-en-37&#8243; _builder_version=&#8220;4.21.0&#8243; _module_preset=&#8220;74535d13-2544-4cb3-8f20-e2d24a2f7c5e&#8220; global_colors_info=&#8220;{}&#8220;][\/et_pb_image][\/et_pb_column][\/et_pb_row][et_pb_row _builder_version=&#8220;4.21.0&#8243; _module_preset=&#8220;00b9a908-9d8a-4f83-8552-e1abcb372e40&#8243; global_colors_info=&#8220;{}&#8220;][et_pb_column type=&#8220;4_4&#8243; _builder_version=&#8220;4.21.0&#8243; _module_preset=&#8220;default&#8220; global_colors_info=&#8220;{}&#8220;][et_pb_text _builder_version=&#8220;4.21.0&#8243; _module_preset=&#8220;1f1ac656-3431-472b-b627-10123e56f24a&#8220; global_colors_info=&#8220;{}&#8220;]<\/p>\n<h3>Kter\u00e1 t\u00e9mata jsou zde zahrnuta?<\/h3>\n<p>Obsahem G-booku p\u0159ibli\u017eujeme \u010dten\u00e1\u0159\u016fm znalosti a&nbsp;informace o&nbsp;n\u00e1sleduj\u00edc\u00edch t\u00e9matech:<\/p>\n<ul>\n<li>z\u00e1klady, jako je znalost poko\u017eky (kter\u00e1 p\u0159edstavuje n\u00e1\u0161 prvn\u00ed fyziologick\u00fd kontakt s&nbsp;produkty osobn\u00ed p\u00e9\u010de),<\/li>\n<li>\u00favod do chemick\u00fdch l\u00e1tek a&nbsp;slo\u017eek produkt\u016f pro osobn\u00ed hygienu,<\/li>\n<li>potenci\u00e1ln\u011b nebezpe\u010dn\u00e9 nebo ne\u017e\u00e1douc\u00ed slo\u017eky,<\/li>\n<li>plasty jako p\u0159\u00edsada nebo obalov\u00fd materi\u00e1l,<\/li>\n<li>legislativa a&nbsp;omezen\u00ed v&nbsp;oblasti kosmetiky<\/li>\n<li>a kone\u010dn\u011b rizika pro \u017eivotn\u00ed prost\u0159ed\u00ed plynouc\u00ed z&nbsp;celosv\u011btov\u00e9 v\u00fdroby a&nbsp;pou\u017e\u00edv\u00e1n\u00ed kosmetick\u00fdch produkt\u016f.<\/li>\n<\/ul>\n<p>[\/et_pb_text][et_pb_button button_url=&#8220;https:\/\/green-gate.eu\/downloads\/G-book-cz.pdf&#8220; button_text=&#8220;St\u00e1hnout e-book zdarma&#8220; _builder_version=&#8220;4.23&#8243; _module_preset=&#8220;_initial&#8220; global_colors_info=&#8220;{}&#8220;][\/et_pb_button][\/et_pb_column][\/et_pb_row][\/et_pb_section][et_pb_section fb_built=&#8220;1&#8243; _builder_version=&#8220;4.21.0&#8243; _module_preset=&#8220;14e305e4-ab41-40ea-aebe-d74a9fedeebd&#8220; background_color=&#8220;#F1F1F1&#8243; global_colors_info=&#8220;{}&#8220;][et_pb_row _builder_version=&#8220;4.21.0&#8243; _module_preset=&#8220;975092c4-df6e-4689-ae9e-09dbe93ff836&#8243; global_colors_info=&#8220;{}&#8220;][et_pb_column type=&#8220;4_4&#8243; _builder_version=&#8220;4.21.0&#8243; _module_preset=&#8220;default&#8220; global_colors_info=&#8220;{}&#8220;][et_pb_text _builder_version=&#8220;4.23&#8243; _module_preset=&#8220;72bd9afb-da6b-4e91-9091-8d1f0e2926f3&#8243; hover_enabled=&#8220;0&#8243; global_colors_info=&#8220;{}&#8220; sticky_enabled=&#8220;0&#8243;]<\/p>\n<h3>Kdo G-book vytvo\u0159il?<\/h3>\n<p>[\/et_pb_text][et_pb_text _builder_version=&#8220;4.21.0&#8243; _module_preset=&#8220;4f9b08aa-8e9b-44b2-9522-2493f7de4e00&#8243; link_option_url=&#8220;https:\/\/fvo.si&#8220; link_option_url_new_window=&#8220;on&#8220; global_colors_info=&#8220;{}&#8220;]<\/p>\n<h4><a href=\"https:\/\/fvo.si\">Fakulta ochrany \u017eivotn\u00edho prost\u0159ed\u00ed<\/a><\/h4>\n<p>[\/et_pb_text][et_pb_text _builder_version=&#8220;4.21.0&#8243; _module_preset=&#8220;1f1ac656-3431-472b-b627-10123e56f24a&#8220; global_colors_info=&#8220;{}&#8220;]<\/p>\n<p>Fakulta ochrany \u017eivotn\u00edho prost\u0159ed\u00ed (FVO) je nez\u00e1visl\u00e1 vysoko\u0161kolsk\u00e1 instituce, kter\u00e1 vyu\u010duje ochranu \u017eivotn\u00edho prost\u0159ed\u00ed v&nbsp;nej\u0161ir\u0161\u00edm slova smyslu. V\u00fduka m\u00e1 p\u0159esah do oblasti p\u0159\u00edrodn\u00edch v\u011bd, techniky, bioin\u017een\u00fdrstv\u00ed a&nbsp;spole\u010densk\u00fdch a&nbsp;humanitn\u00edch v\u011bd. Fakulta byla zalo\u017eena v&nbsp;roce 2006 jako Vysok\u00e1 \u0161kola ochrany \u017eivotn\u00edho prost\u0159ed\u00ed a&nbsp;v&nbsp;roce 2022 se stala fakultou.<\/p>\n<p>FVO nab\u00edz\u00ed dva studijn\u00ed obory, kter\u00e9 jsou v&nbsp;souladu s&nbsp;Bolo\u0148sk\u00fdm procesem, t\u0159\u00edlet\u00e9 bakal\u00e1\u0159sk\u00e9 a&nbsp;dvoulet\u00e9 navazuj\u00edc\u00ed magistersk\u00e9 studium. V\u00fdzkumn\u00e1 \u010dinnost na fakult\u011b prob\u00edh\u00e1 v&nbsp;r\u00e1mci n\u00e1rodn\u00edch a&nbsp;mezin\u00e1rodn\u00edch projekt\u016f, jako jsou c\u00edlov\u00e9 v\u00fdzkumn\u00e9 programy pro koncov\u00e9 u\u017eivatele a&nbsp;r\u016fzn\u00e9 programy EU. Fakulta je dr\u017eitelem nov\u00e9ho certifik\u00e1tu Erasmus pro terci\u00e1rn\u00ed vzd\u011bl\u00e1v\u00e1n\u00ed na obdob\u00ed 2021-2027, s&nbsp;n\u00edm\u017e m\u00e1 mo\u017enost meziinstitucion\u00e1ln\u00edho propojen\u00ed v&nbsp;oblasti vzd\u011bl\u00e1v\u00e1n\u00ed, st\u00e1\u017e\u00ed a&nbsp;v\u00fdzkumu.<\/p>\n<p>[\/et_pb_text][\/et_pb_column][\/et_pb_row][\/et_pb_section][et_pb_section fb_built=&#8220;1&#8243; custom_padding_last_edited=&#8220;on|tablet&#8220; admin_label=&#8220;EU Logolink Section&#8220; _builder_version=&#8220;4.23&#8243; _module_preset=&#8220;default&#8220; background_color=&#8220;#F1F1F1&#8243; custom_padding=&#8220;80px|48px|80px|48px|true|true&#8220; custom_padding_tablet=&#8220;60px||60px||true|true&#8220; custom_padding_phone=&#8220;60px|6%|60px|6%|true|false&#8220; global_module=&#8220;6149&#8243; collapsed=&#8220;on&#8220; global_colors_info=&#8220;{}&#8220;][et_pb_row column_structure=&#8220;1_2,1_2&#8243; custom_padding_last_edited=&#8220;on|tablet&#8220; module_class=&#8220;two-col-tab two-col-mob&#8220; _builder_version=&#8220;4.21.0&#8243; _module_preset=&#8220;default&#8220; width=&#8220;auto&#8220; max_width=&#8220;660px&#8220; max_width_tablet=&#8220;600px&#8220; max_width_phone=&#8220;460px&#8220; max_width_last_edited=&#8220;on|tablet&#8220; custom_padding=&#8220;0px||40px||false|false&#8220; custom_padding_tablet=&#8220;0px||32px||false|false&#8220; custom_padding_phone=&#8220;||32px||false|false&#8220; global_colors_info=&#8220;{}&#8220;][et_pb_column type=&#8220;1_2&#8243; _builder_version=&#8220;4.21.0&#8243; _module_preset=&#8220;default&#8220; custom_padding=&#8220;||||false|false&#8220; global_colors_info=&#8220;{}&#8220;][et_pb_image src=&#8220;https:\/\/green-gate.eu\/wp-content\/uploads\/2023\/08\/logo-erasmus.png&#8220; title_text=&#8220;logo-erasmus&#8220; _builder_version=&#8220;4.21.0&#8243; _module_preset=&#8220;default&#8220; max_width=&#8220;240px&#8220; max_width_tablet=&#8220;206px&#8220; max_width_phone=&#8220;147px&#8220; max_width_last_edited=&#8220;on|tablet&#8220; module_alignment=&#8220;center&#8220; height_last_edited=&#8220;off|tablet&#8220; max_height=&#8220;49px&#8220; max_height_tablet=&#8220;42px&#8220; max_height_phone=&#8220;&#8220; max_height_last_edited=&#8220;on|tablet&#8220; global_colors_info=&#8220;{}&#8220; height__hover_enabled=&#8220;off|desktop&#8220;][\/et_pb_image][\/et_pb_column][et_pb_column type=&#8220;1_2&#8243; _builder_version=&#8220;4.21.0&#8243; _module_preset=&#8220;default&#8220; global_colors_info=&#8220;{}&#8220;][et_pb_image src=&#8220;https:\/\/green-gate.eu\/wp-content\/uploads\/2025\/05\/logo-eu-cofounded-eng.png&#8220; title_text=&#8220;logo-eu-cofounded-eng&#8220; show_bottom_space=&#8220;off&#8220; _builder_version=&#8220;4.23&#8243; _module_preset=&#8220;default&#8220; max_width=&#8220;237px&#8220; max_width_tablet=&#8220;202px&#8220; max_width_phone=&#8220;148px&#8220; max_width_last_edited=&#8220;on|tablet&#8220; module_alignment=&#8220;center&#8220; max_height=&#8220;48px&#8220; max_height_tablet=&#8220;41px&#8220; max_height_phone=&#8220;&#8220; max_height_last_edited=&#8220;on|tablet&#8220; global_colors_info=&#8220;{}&#8220;][\/et_pb_image][\/et_pb_column][\/et_pb_row][et_pb_row column_structure=&#8220;1_3,1_3,1_3&#8243; use_custom_gutter=&#8220;on&#8220; gutter_width=&#8220;2&#8243; module_class=&#8220;three-col-tab&#8220; _builder_version=&#8220;4.23&#8243; _module_preset=&#8220;default&#8220; width=&#8220;auto&#8220; max_width=&#8220;1200px&#8220; custom_padding=&#8220;0px||0px||false|false&#8220; global_colors_info=&#8220;{}&#8220;][et_pb_column type=&#8220;1_3&#8243; _builder_version=&#8220;4.21.0&#8243; _module_preset=&#8220;default&#8220; global_colors_info=&#8220;{}&#8220;][et_pb_text _builder_version=&#8220;4.21.0&#8243; _module_preset=&#8220;f66cbda2-1e9c-41c9-9248-82aeab118d90&#8243; custom_margin=&#8220;0px||0px||false|false&#8220; custom_padding=&#8220;0px||0px||false|false&#8220; global_colors_info=&#8220;{}&#8220;]<\/p>\n<p><span>Projekt GreenGate (reg. \u010d. 2021-1-CZ01-KA220-ADU-000026171) a&nbsp;projekt GreenGate\u2082 (reg. \u010d.  <\/span><span>2023-2-CZ01-KA220-YOU-000174554) byly realizov\u00e1ny v&nbsp;r\u00e1mci programu Erasmus+ s&nbsp;finan\u010dn\u00ed podporou Evropsk\u00e9 unie.<\/span><\/p>\n<p>[\/et_pb_text][\/et_pb_column][et_pb_column type=&#8220;1_3&#8243; _builder_version=&#8220;4.21.0&#8243; _module_preset=&#8220;default&#8220; global_colors_info=&#8220;{}&#8220;][et_pb_text _builder_version=&#8220;4.21.0&#8243; _module_preset=&#8220;f66cbda2-1e9c-41c9-9248-82aeab118d90&#8243; global_colors_info=&#8220;{}&#8220;]<\/p>\n<p>Financov\u00e1no Evropskou uni\u00ed. Vyj\u00e1d\u0159en\u00e9 n\u00e1zory a&nbsp;stanoviska jsou v\u0161ak pouze n\u00e1zory autora (autor\u016f) a&nbsp;nemus\u00ed nutn\u011b odr\u00e1\u017eet n\u00e1zory a&nbsp;stanoviska Evropsk\u00e9 unie nebo Evropsk\u00e9 v\u00fdkonn\u00e9 agentury pro vzd\u011bl\u00e1v\u00e1n\u00ed a&nbsp;kulturu (EACEA). Evropsk\u00e1 unie ani agentura EACEA za n\u011b nemohou n\u00e9st odpov\u011bdnost.<\/p>\n<p>[\/et_pb_text][\/et_pb_column][et_pb_column type=&#8220;1_3&#8243; _builder_version=&#8220;4.21.0&#8243; _module_preset=&#8220;default&#8220; global_colors_info=&#8220;{}&#8220;][et_pb_text _builder_version=&#8220;4.21.0&#8243; _module_preset=&#8220;f66cbda2-1e9c-41c9-9248-82aeab118d90&#8243; global_colors_info=&#8220;{}&#8220;]<\/p>\n<p>Tato platforma se \u0159\u00edd\u00ed dohodou Creative Commons. Attribution-NonCommercial-NoDerivatives (CC BY-NC-ND) &#8211; https:\/\/creativecommons.org\/licenses\/by-nc-nd\/4.0\/<\/p>\n<p>[\/et_pb_text][\/et_pb_column][\/et_pb_row][\/et_pb_section]<\/p>\n","protected":false},"excerpt":{"rendered":"<p>G-BOOKRoz\u0161i\u0159te si prost\u0159ednictv\u00edm kr\u00e1tk\u00e9 \u010detby sv\u00e9 znalosti t\u00fdkaj\u00edc\u00ed se odpov\u011bdn\u00e9ho pou\u017e\u00edv\u00e1n\u00ed kosmetick\u00fdch v\u00fdrobk\u016f.O \u010dem to je? G-book p\u0159edstavuje pohodlnou, vzd\u011bl\u00e1vac\u00ed, odbornou podporu p\u0159i zkoum\u00e1n\u00ed bezpe\u010dn\u00e9ho a&nbsp;odpov\u011bdn\u00e9ho pou\u017e\u00edv\u00e1n\u00ed kosmetick\u00fdch v\u00fdrobk\u016f. Provede v\u00e1s kr\u00e1tk\u00fdm \u010dten\u00e1\u0159sk\u00fdm dobrodru\u017estv\u00edm od samotn\u00fdch kosmetick\u00fdch v\u00fdrobk\u016f a\u017e po jejich komplexn\u00ed vztah k&nbsp;va\u0161\u00ed poko\u017ece a&nbsp;\u017eivotn\u00edmu prost\u0159ed\u00ed. E-book se v&nbsp;\u0161esti kapitol\u00e1ch [&hellip;]<\/p>\n","protected":false},"author":1,"featured_media":0,"parent":0,"menu_order":0,"comment_status":"closed","ping_status":"closed","template":"","meta":{"_et_pb_use_builder":"on","_et_pb_old_content":"","_et_gb_content_width":"","_monsterinsights_skip_tracking":false,"_monsterinsights_sitenote_active":false,"_monsterinsights_sitenote_note":"","_monsterinsights_sitenote_category":0,"footnotes":""},"yoast_head":"<!-- This site is optimized with the Yoast SEO plugin v23.2 - https:\/\/yoast.com\/wordpress\/plugins\/seo\/ -->\n<title>G-book - GreenGate<\/title>\n<meta name=\"robots\" content=\"index, follow, max-snippet:-1, max-image-preview:large, max-video-preview:-1\" \/>\n<link rel=\"canonical\" href=\"https:\/\/green-gate.eu\/cs\/g-book\/\" \/>\n<meta property=\"og:locale\" content=\"cs_CZ\" \/>\n<meta property=\"og:type\" content=\"article\" \/>\n<meta property=\"og:title\" content=\"G-book - GreenGate\" \/>\n<meta property=\"og:description\" content=\"G-BOOKRoz\u0161i\u0159te si prost\u0159ednictv\u00edm kr\u00e1tk\u00e9 \u010detby sv\u00e9 znalosti t\u00fdkaj\u00edc\u00ed se odpov\u011bdn\u00e9ho pou\u017e\u00edv\u00e1n\u00ed kosmetick\u00fdch v\u00fdrobk\u016f.O \u010dem to je? G-book p\u0159edstavuje pohodlnou, vzd\u011bl\u00e1vac\u00ed, odbornou podporu p\u0159i zkoum\u00e1n\u00ed bezpe\u010dn\u00e9ho a odpov\u011bdn\u00e9ho pou\u017e\u00edv\u00e1n\u00ed kosmetick\u00fdch v\u00fdrobk\u016f. Provede v\u00e1s kr\u00e1tk\u00fdm \u010dten\u00e1\u0159sk\u00fdm dobrodru\u017estv\u00edm od samotn\u00fdch kosmetick\u00fdch v\u00fdrobk\u016f a\u017e po jejich komplexn\u00ed vztah k va\u0161\u00ed poko\u017ece a \u017eivotn\u00edmu prost\u0159ed\u00ed. E-book se v \u0161esti kapitol\u00e1ch [&hellip;]\" \/>\n<meta property=\"og:url\" content=\"https:\/\/green-gate.eu\/cs\/g-book\/\" \/>\n<meta property=\"og:site_name\" content=\"GreenGate\" \/>\n<meta property=\"article:modified_time\" content=\"2025-11-24T23:44:19+00:00\" \/>\n<meta name=\"twitter:card\" content=\"summary_large_image\" \/>\n<meta name=\"twitter:label1\" content=\"Odhadovan\u00e1 doba \u010dten\u00ed\" \/>\n\t<meta name=\"twitter:data1\" content=\"8 minut\" \/>\n<script type=\"application\/ld+json\" class=\"yoast-schema-graph\">{\"@context\":\"https:\/\/schema.org\",\"@graph\":[{\"@type\":\"WebPage\",\"@id\":\"https:\/\/green-gate.eu\/cs\/g-book\/\",\"url\":\"https:\/\/green-gate.eu\/cs\/g-book\/\",\"name\":\"G-book - GreenGate\",\"isPartOf\":{\"@id\":\"https:\/\/green-gate.eu\/cs\/#website\"},\"datePublished\":\"2023-04-13T09:58:34+00:00\",\"dateModified\":\"2025-11-24T23:44:19+00:00\",\"breadcrumb\":{\"@id\":\"https:\/\/green-gate.eu\/cs\/g-book\/#breadcrumb\"},\"inLanguage\":\"cs\",\"potentialAction\":[{\"@type\":\"ReadAction\",\"target\":[\"https:\/\/green-gate.eu\/cs\/g-book\/\"]}]},{\"@type\":\"BreadcrumbList\",\"@id\":\"https:\/\/green-gate.eu\/cs\/g-book\/#breadcrumb\",\"itemListElement\":[{\"@type\":\"ListItem\",\"position\":1,\"name\":\"Home\",\"item\":\"https:\/\/green-gate.eu\/cs\/\"},{\"@type\":\"ListItem\",\"position\":2,\"name\":\"G-book\"}]},{\"@type\":\"WebSite\",\"@id\":\"https:\/\/green-gate.eu\/cs\/#website\",\"url\":\"https:\/\/green-gate.eu\/cs\/\",\"name\":\"GreenGate\",\"description\":\"Learn how to create healthier beauty routines and debunk common myths.\",\"publisher\":{\"@id\":\"https:\/\/green-gate.eu\/cs\/#organization\"},\"potentialAction\":[{\"@type\":\"SearchAction\",\"target\":{\"@type\":\"EntryPoint\",\"urlTemplate\":\"https:\/\/green-gate.eu\/cs\/?s={search_term_string}\"},\"query-input\":\"required name=search_term_string\"}],\"inLanguage\":\"cs\"},{\"@type\":\"Organization\",\"@id\":\"https:\/\/green-gate.eu\/cs\/#organization\",\"name\":\"GreenGate\",\"url\":\"https:\/\/green-gate.eu\/cs\/\",\"logo\":{\"@type\":\"ImageObject\",\"inLanguage\":\"cs\",\"@id\":\"https:\/\/green-gate.eu\/cs\/#\/schema\/logo\/image\/\",\"url\":\"https:\/\/green-gate.eu\/wp-content\/uploads\/2023\/04\/brand.png\",\"contentUrl\":\"https:\/\/green-gate.eu\/wp-content\/uploads\/2023\/04\/brand.png\",\"width\":263,\"height\":108,\"caption\":\"GreenGate\"},\"image\":{\"@id\":\"https:\/\/green-gate.eu\/cs\/#\/schema\/logo\/image\/\"}}]}<\/script>\n<!-- \/ Yoast SEO plugin. -->","yoast_head_json":{"title":"G-book - GreenGate","robots":{"index":"index","follow":"follow","max-snippet":"max-snippet:-1","max-image-preview":"max-image-preview:large","max-video-preview":"max-video-preview:-1"},"canonical":"https:\/\/green-gate.eu\/cs\/g-book\/","og_locale":"cs_CZ","og_type":"article","og_title":"G-book - GreenGate","og_description":"G-BOOKRoz\u0161i\u0159te si prost\u0159ednictv\u00edm kr\u00e1tk\u00e9 \u010detby sv\u00e9 znalosti t\u00fdkaj\u00edc\u00ed se odpov\u011bdn\u00e9ho pou\u017e\u00edv\u00e1n\u00ed kosmetick\u00fdch v\u00fdrobk\u016f.O \u010dem to je? G-book p\u0159edstavuje pohodlnou, vzd\u011bl\u00e1vac\u00ed, odbornou podporu p\u0159i zkoum\u00e1n\u00ed bezpe\u010dn\u00e9ho a odpov\u011bdn\u00e9ho pou\u017e\u00edv\u00e1n\u00ed kosmetick\u00fdch v\u00fdrobk\u016f. Provede v\u00e1s kr\u00e1tk\u00fdm \u010dten\u00e1\u0159sk\u00fdm dobrodru\u017estv\u00edm od samotn\u00fdch kosmetick\u00fdch v\u00fdrobk\u016f a\u017e po jejich komplexn\u00ed vztah k va\u0161\u00ed poko\u017ece a \u017eivotn\u00edmu prost\u0159ed\u00ed. E-book se v \u0161esti kapitol\u00e1ch [&hellip;]","og_url":"https:\/\/green-gate.eu\/cs\/g-book\/","og_site_name":"GreenGate","article_modified_time":"2025-11-24T23:44:19+00:00","twitter_card":"summary_large_image","twitter_misc":{"Odhadovan\u00e1 doba \u010dten\u00ed":"8 minut"},"schema":{"@context":"https:\/\/schema.org","@graph":[{"@type":"WebPage","@id":"https:\/\/green-gate.eu\/cs\/g-book\/","url":"https:\/\/green-gate.eu\/cs\/g-book\/","name":"G-book - GreenGate","isPartOf":{"@id":"https:\/\/green-gate.eu\/cs\/#website"},"datePublished":"2023-04-13T09:58:34+00:00","dateModified":"2025-11-24T23:44:19+00:00","breadcrumb":{"@id":"https:\/\/green-gate.eu\/cs\/g-book\/#breadcrumb"},"inLanguage":"cs","potentialAction":[{"@type":"ReadAction","target":["https:\/\/green-gate.eu\/cs\/g-book\/"]}]},{"@type":"BreadcrumbList","@id":"https:\/\/green-gate.eu\/cs\/g-book\/#breadcrumb","itemListElement":[{"@type":"ListItem","position":1,"name":"Home","item":"https:\/\/green-gate.eu\/cs\/"},{"@type":"ListItem","position":2,"name":"G-book"}]},{"@type":"WebSite","@id":"https:\/\/green-gate.eu\/cs\/#website","url":"https:\/\/green-gate.eu\/cs\/","name":"GreenGate","description":"Learn how to create healthier beauty routines and debunk common myths.","publisher":{"@id":"https:\/\/green-gate.eu\/cs\/#organization"},"potentialAction":[{"@type":"SearchAction","target":{"@type":"EntryPoint","urlTemplate":"https:\/\/green-gate.eu\/cs\/?s={search_term_string}"},"query-input":"required name=search_term_string"}],"inLanguage":"cs"},{"@type":"Organization","@id":"https:\/\/green-gate.eu\/cs\/#organization","name":"GreenGate","url":"https:\/\/green-gate.eu\/cs\/","logo":{"@type":"ImageObject","inLanguage":"cs","@id":"https:\/\/green-gate.eu\/cs\/#\/schema\/logo\/image\/","url":"https:\/\/green-gate.eu\/wp-content\/uploads\/2023\/04\/brand.png","contentUrl":"https:\/\/green-gate.eu\/wp-content\/uploads\/2023\/04\/brand.png","width":263,"height":108,"caption":"GreenGate"},"image":{"@id":"https:\/\/green-gate.eu\/cs\/#\/schema\/logo\/image\/"}}]}},"jetpack_sharing_enabled":true,"_links":{"self":[{"href":"https:\/\/green-gate.eu\/cs\/wp-json\/wp\/v2\/pages\/4311"}],"collection":[{"href":"https:\/\/green-gate.eu\/cs\/wp-json\/wp\/v2\/pages"}],"about":[{"href":"https:\/\/green-gate.eu\/cs\/wp-json\/wp\/v2\/types\/page"}],"author":[{"embeddable":true,"href":"https:\/\/green-gate.eu\/cs\/wp-json\/wp\/v2\/users\/1"}],"replies":[{"embeddable":true,"href":"https:\/\/green-gate.eu\/cs\/wp-json\/wp\/v2\/comments?post=4311"}],"version-history":[{"count":75,"href":"https:\/\/green-gate.eu\/cs\/wp-json\/wp\/v2\/pages\/4311\/revisions"}],"predecessor-version":[{"id":24121,"href":"https:\/\/green-gate.eu\/cs\/wp-json\/wp\/v2\/pages\/4311\/revisions\/24121"}],"wp:attachment":[{"href":"https:\/\/green-gate.eu\/cs\/wp-json\/wp\/v2\/media?parent=4311"}],"curies":[{"name":"wp","href":"https:\/\/api.w.org\/{rel}","templated":true}]}}