{"id":4297,"date":"2023-04-13T11:58:14","date_gmt":"2023-04-13T09:58:14","guid":{"rendered":"https:\/\/green-gate.eu\/toolkit\/"},"modified":"2025-11-30T19:54:38","modified_gmt":"2025-11-30T18:54:38","slug":"toolkit","status":"publish","type":"page","link":"https:\/\/green-gate.eu\/cs\/toolkit\/","title":{"rendered":"Metodick\u00e9 listy"},"content":{"rendered":"<p>[et_pb_section fb_built=&#8220;1&#8243; _builder_version=&#8220;4.23&#8243; _module_preset=&#8220;92daa416-652f-4076-9075-7e234254a6ac&#8220; global_colors_info=&#8220;{}&#8220;][et_pb_row _builder_version=&#8220;4.23&#8243; _module_preset=&#8220;default&#8220; width=&#8220;100%&#8220; custom_margin=&#8220;||||false|false&#8220; custom_padding=&#8220;0px||0px||true|false&#8220; global_colors_info=&#8220;{}&#8220;][et_pb_column type=&#8220;4_4&#8243; _builder_version=&#8220;4.23&#8243; _module_preset=&#8220;default&#8220; global_colors_info=&#8220;{}&#8220;][et_pb_text _builder_version=&#8220;4.23&#8243; _module_preset=&#8220;1f1ac656-3431-472b-b627-10123e56f24a&#8220; global_colors_info=&#8220;{}&#8220;]<\/p>\n<h1 style=\"text-align: center;\">Metodick\u00e9 listy<\/h1>\n<p>[\/et_pb_text][\/et_pb_column][\/et_pb_row][\/et_pb_section][et_pb_section fb_built=&#8220;1&#8243; _builder_version=&#8220;4.21.0&#8243; _module_preset=&#8220;14e305e4-ab41-40ea-aebe-d74a9fedeebd&#8220; custom_padding=&#8220;56px|48px|40px|48px|false|true&#8220; global_colors_info=&#8220;{}&#8220;][et_pb_row _builder_version=&#8220;4.23&#8243; _module_preset=&#8220;00b9a908-9d8a-4f83-8552-e1abcb372e40&#8243; custom_padding=&#8220;0px||0px||false|false&#8220; global_colors_info=&#8220;{}&#8220;][et_pb_column type=&#8220;4_4&#8243; _builder_version=&#8220;4.21.0&#8243; _module_preset=&#8220;default&#8220; global_colors_info=&#8220;{}&#8220;][et_pb_text _builder_version=&#8220;4.23&#8243; _module_preset=&#8220;1f1ac656-3431-472b-b627-10123e56f24a&#8220; custom_padding=&#8220;||8px||false|false&#8220; header_3_font_size_tablet=&#8220;28px&#8220; header_3_font_size_phone=&#8220;&#8220; header_3_font_size_last_edited=&#8220;on|tablet&#8220; header_3_line_height_tablet=&#8220;32px&#8220; header_3_line_height_phone=&#8220;&#8220; header_3_line_height_last_edited=&#8220;on|tablet&#8220; global_colors_info=&#8220;{}&#8220;]<\/p>\n<p>Seznamte se prost\u0159ednictv\u00edm interaktivn\u00edch aktivit s&nbsp;problematick\u00fdmi ot\u00e1zkami a&nbsp;l\u00e1tkami v&nbsp;kosmetick\u00fdch, zkr\u00e1\u0161luj\u00edc\u00edch a&nbsp;\u010distic\u00edch p\u0159\u00edpravc\u00edch a&nbsp;jejich dopadem na na\u0161e zdrav\u00ed a&nbsp;\u017eivotn\u00ed prost\u0159ed\u00ed. Tyto aktivity m\u016f\u017eete vyu\u017e\u00edt i&nbsp;ke vzd\u011bl\u00e1v\u00e1n\u00ed sv\u00fdch komunit.<\/p>\n<p>[\/et_pb_text][et_pb_button button_url=&#8220;https:\/\/green-gate.eu\/downloads\/GreenGate-Metodicke-listy-cz.pdf&#8220; button_text=&#8220;St\u00e1hnout PDF zdarma&#8220; button_alignment=&#8220;left&#8220; _builder_version=&#8220;4.23&#8243; _module_preset=&#8220;default&#8220; custom_margin=&#8220;24px||56px||false|false&#8220; hover_enabled=&#8220;0&#8243; locked=&#8220;off&#8220; global_colors_info=&#8220;{}&#8220; sticky_enabled=&#8220;0&#8243;][\/et_pb_button][et_pb_text _builder_version=&#8220;4.23&#8243; _module_preset=&#8220;1f1ac656-3431-472b-b627-10123e56f24a&#8220; header_3_line_height_tablet=&#8220;32px&#8220; header_3_line_height_last_edited=&#8220;off|phone&#8220; global_colors_info=&#8220;{}&#8220;]<\/p>\n<h3>Pro koho jsou Metodick\u00e9 listy ur\u010deny?<\/h3>\n<p>Metodick\u00e9 listy jsou vzd\u011bl\u00e1vac\u00ed n\u00e1stroj pro u\u010ditele, \u0161kolitele a&nbsp;kou\u010de. Tato p\u0159\u00edru\u010dka nab\u00edz\u00ed materi\u00e1ly p\u0159ipraven\u00e9 k&nbsp;pou\u017eit\u00ed, jako jsou pracovn\u00ed listy, hry a&nbsp;cvi\u010den\u00ed, kter\u00e9 pedagog\u016fm umo\u017en\u00ed l\u00e9pe pochopit a&nbsp;zprost\u0159edkovat v\u00fdukov\u00fd obsah.<\/p>\n<p>[\/et_pb_text][\/et_pb_column][\/et_pb_row][et_pb_row column_structure=&#8220;1_3,1_3,1_3&#8243; use_custom_gutter=&#8220;on&#8220; gutter_width=&#8220;2&#8243; custom_padding_last_edited=&#8220;on|desktop&#8220; module_class=&#8220;three-col-tab three-col-mob&#8220; _builder_version=&#8220;4.23&#8243; _module_preset=&#8220;default&#8220; width=&#8220;auto&#8220; custom_margin=&#8220;||||false|false&#8220; custom_padding=&#8220;60px||60px||false|false&#8220; custom_padding_tablet=&#8220;||60px||false|false&#8220; custom_padding_phone=&#8220;30px||30px||false|false&#8220; global_colors_info=&#8220;{}&#8220;][et_pb_column type=&#8220;1_3&#8243; _builder_version=&#8220;4.23&#8243; _module_preset=&#8220;default&#8220; custom_padding=&#8220;0px||0px||false|false&#8220; global_colors_info=&#8220;{}&#8220;][et_pb_image src=&#8220;https:\/\/green-gate.eu\/wp-content\/uploads\/2023\/11\/Greenwashing-cs.png&#8220; title_text=&#8220;Greenwashing&#8220; _builder_version=&#8220;4.21.0&#8243; _module_preset=&#8220;74535d13-2544-4cb3-8f20-e2d24a2f7c5e&#8220; global_colors_info=&#8220;{}&#8220;][\/et_pb_image][\/et_pb_column][et_pb_column type=&#8220;1_3&#8243; _builder_version=&#8220;4.23&#8243; _module_preset=&#8220;default&#8220; custom_padding=&#8220;0px||0px||true|false&#8220; global_colors_info=&#8220;{}&#8220;][et_pb_image src=&#8220;https:\/\/green-gate.eu\/wp-content\/uploads\/2023\/11\/Skin-mirror-cs.png&#8220; title_text=&#8220;Zrcadlo k\u016f\u017ee&#8220; _builder_version=&#8220;4.23&#8243; _module_preset=&#8220;74535d13-2544-4cb3-8f20-e2d24a2f7c5e&#8220; global_colors_info=&#8220;{}&#8220;][\/et_pb_image][\/et_pb_column][et_pb_column type=&#8220;1_3&#8243; _builder_version=&#8220;4.23&#8243; _module_preset=&#8220;default&#8220; custom_padding=&#8220;0px||0px||true|false&#8220; global_colors_info=&#8220;{}&#8220;][et_pb_image src=&#8220;https:\/\/green-gate.eu\/wp-content\/uploads\/2023\/11\/True-false-cs.png&#8220; title_text=&#8220;Pravda nepravda&#8220; _builder_version=&#8220;4.21.0&#8243; _module_preset=&#8220;74535d13-2544-4cb3-8f20-e2d24a2f7c5e&#8220; global_colors_info=&#8220;{}&#8220;][\/et_pb_image][\/et_pb_column][\/et_pb_row][et_pb_row use_custom_gutter=&#8220;off&#8220; _builder_version=&#8220;4.21.0&#8243; _module_preset=&#8220;00b9a908-9d8a-4f83-8552-e1abcb372e40&#8243; custom_padding=&#8220;0px||80px||false|false&#8220; global_colors_info=&#8220;{}&#8220;][et_pb_column type=&#8220;4_4&#8243; _builder_version=&#8220;4.21.0&#8243; _module_preset=&#8220;default&#8220; global_colors_info=&#8220;{}&#8220;][et_pb_text _builder_version=&#8220;4.21.0&#8243; _module_preset=&#8220;1f1ac656-3431-472b-b627-10123e56f24a&#8220; global_colors_info=&#8220;{}&#8220;]<\/p>\n<p>Tematicky jsou Metodick\u00e9 listy zam\u011b\u0159eny na kosmetick\u00e9 l\u00e1tky a&nbsp;jejich vliv na na\u0161e zdrav\u00ed a&nbsp;\u017eivotn\u00ed prost\u0159ed\u00ed. Mnoho aktivit je dynamick\u00fdch a&nbsp;jsou skv\u011bl\u00e9 pro pou\u017eit\u00ed ve skupin\u00e1ch. Nab\u00edzej\u00ed prostor pro dal\u0161\u00ed diskusi a&nbsp;hlubok\u00e9 interaktivn\u00ed u\u010den\u00ed o&nbsp;vybran\u00fdch t\u00e9matech.<\/p>\n<p>[\/et_pb_text][et_pb_button button_url=&#8220;https:\/\/green-gate.eu\/downloads\/GreenGate-Metodicke-listy-cz.pdf&#8220; button_text=&#8220;St\u00e1hnout PDF zdarma&#8220; _builder_version=&#8220;4.23&#8243; _module_preset=&#8220;default&#8220; custom_margin=&#8220;40px||||false|false&#8220; global_colors_info=&#8220;{}&#8220;][\/et_pb_button][\/et_pb_column][\/et_pb_row][\/et_pb_section][et_pb_section fb_built=&#8220;1&#8243; _builder_version=&#8220;4.21.0&#8243; _module_preset=&#8220;14e305e4-ab41-40ea-aebe-d74a9fedeebd&#8220; background_color=&#8220;#F1F1F1&#8243; global_colors_info=&#8220;{}&#8220;][et_pb_row _builder_version=&#8220;4.21.0&#8243; _module_preset=&#8220;975092c4-df6e-4689-ae9e-09dbe93ff836&#8243; global_colors_info=&#8220;{}&#8220;][et_pb_column type=&#8220;4_4&#8243; _builder_version=&#8220;4.21.0&#8243; _module_preset=&#8220;default&#8220; global_colors_info=&#8220;{}&#8220;][et_pb_text _builder_version=&#8220;4.23&#8243; _module_preset=&#8220;1f1ac656-3431-472b-b627-10123e56f24a&#8220; text_font_size_tablet=&#8220;&#8220; text_font_size_phone=&#8220;&#8220; text_font_size_last_edited=&#8220;on|desktop&#8220; global_colors_info=&#8220;{}&#8220;]<\/p>\n<h3>Kdo vytvo\u0159il Metodick\u00e9 listy?<\/h3>\n<p>[\/et_pb_text][et_pb_text _builder_version=&#8220;4.21.0&#8243; _module_preset=&#8220;4f9b08aa-8e9b-44b2-9522-2493f7de4e00&#8243; custom_padding=&#8220;||||false|false&#8220; global_colors_info=&#8220;{}&#8220;]<\/p>\n<h4><a href=\"https:\/\/zivica.sk\">CEEV \u017divica<\/a><\/h4>\n<p>[\/et_pb_text][et_pb_text _builder_version=&#8220;4.21.0&#8243; _module_preset=&#8220;1f1ac656-3431-472b-b627-10123e56f24a&#8220; global_colors_info=&#8220;{}&#8220;]<\/p>\n<p>\u017divica je nevl\u00e1dn\u00ed organizace, kter\u00e1 inspiruje ke zm\u011bn\u011b. Chceme vytvo\u0159it sv\u011bt, ve kter\u00e9m je ka\u017ed\u00fd povzbuzov\u00e1n k&nbsp;hled\u00e1n\u00ed sv\u00e9 vlastn\u00ed podstaty. V\u011b\u0159\u00edme, \u017ee p\u0159\u00edroda n\u00e1s m\u016f\u017ee mnoh\u00e9mu nau\u010dit. Probl\u00e9my \u017eivotn\u00edho prost\u0159ed\u00ed jsou pro n\u00e1s v\u00fdzvou, abychom obr\u00e1tili pozornost ke sv\u00e9mu jedn\u00e1n\u00ed, proto\u017ee m\u011bnit probl\u00e9my pouze z&nbsp;povrchu nen\u00ed glob\u00e1ln\u011b udr\u017eiteln\u00e9 dlouhodob\u00e9 \u0159e\u0161en\u00ed.   <\/p>\n<p>[\/et_pb_text][\/et_pb_column][\/et_pb_row][\/et_pb_section][et_pb_section fb_built=&#8220;1&#8243; custom_padding_last_edited=&#8220;on|tablet&#8220; admin_label=&#8220;EU Logolink Section&#8220; _builder_version=&#8220;4.23&#8243; _module_preset=&#8220;default&#8220; background_color=&#8220;#F1F1F1&#8243; custom_padding=&#8220;80px|48px|80px|48px|true|true&#8220; custom_padding_tablet=&#8220;60px||60px||true|true&#8220; custom_padding_phone=&#8220;60px|6%|60px|6%|true|false&#8220; border_width_top=&#8220;0px&#8220; border_color_top=&#8220;rgba(64,64,64,0.2)&#8220; global_module=&#8220;6149&#8243; saved_tabs=&#8220;all&#8220; collapsed=&#8220;on&#8220; global_colors_info=&#8220;{}&#8220;][et_pb_row column_structure=&#8220;1_2,1_2&#8243; custom_padding_last_edited=&#8220;on|tablet&#8220; module_class=&#8220;two-col-tab two-col-mob&#8220; _builder_version=&#8220;4.21.0&#8243; _module_preset=&#8220;default&#8220; width=&#8220;auto&#8220; max_width=&#8220;660px&#8220; max_width_tablet=&#8220;600px&#8220; max_width_phone=&#8220;460px&#8220; max_width_last_edited=&#8220;on|tablet&#8220; custom_padding=&#8220;0px||40px||false|false&#8220; custom_padding_tablet=&#8220;0px||32px||false|false&#8220; custom_padding_phone=&#8220;||32px||false|false&#8220; global_colors_info=&#8220;{}&#8220;][et_pb_column type=&#8220;1_2&#8243; _builder_version=&#8220;4.21.0&#8243; _module_preset=&#8220;default&#8220; custom_padding=&#8220;||||false|false&#8220; global_colors_info=&#8220;{}&#8220;][et_pb_image src=&#8220;https:\/\/green-gate.eu\/wp-content\/uploads\/2023\/08\/logo-erasmus.png&#8220; title_text=&#8220;logo-erasmus&#8220; _builder_version=&#8220;4.21.0&#8243; _module_preset=&#8220;default&#8220; max_width=&#8220;240px&#8220; max_width_tablet=&#8220;206px&#8220; max_width_phone=&#8220;147px&#8220; max_width_last_edited=&#8220;on|tablet&#8220; module_alignment=&#8220;center&#8220; height_last_edited=&#8220;off|tablet&#8220; max_height=&#8220;49px&#8220; max_height_tablet=&#8220;42px&#8220; max_height_phone=&#8220;&#8220; max_height_last_edited=&#8220;on|tablet&#8220; global_colors_info=&#8220;{}&#8220; height__hover_enabled=&#8220;off|desktop&#8220;][\/et_pb_image][\/et_pb_column][et_pb_column type=&#8220;1_2&#8243; _builder_version=&#8220;4.21.0&#8243; _module_preset=&#8220;default&#8220; global_colors_info=&#8220;{}&#8220;][et_pb_image src=&#8220;https:\/\/green-gate.eu\/wp-content\/uploads\/2025\/05\/logo-eu-cofounded-eng.png&#8220; title_text=&#8220;logo-eu-cofounded-eng&#8220; show_bottom_space=&#8220;off&#8220; _builder_version=&#8220;4.23&#8243; _module_preset=&#8220;default&#8220; max_width=&#8220;237px&#8220; max_width_tablet=&#8220;202px&#8220; max_width_phone=&#8220;148px&#8220; max_width_last_edited=&#8220;on|tablet&#8220; module_alignment=&#8220;center&#8220; max_height=&#8220;48px&#8220; max_height_tablet=&#8220;41px&#8220; max_height_phone=&#8220;&#8220; max_height_last_edited=&#8220;on|tablet&#8220; global_colors_info=&#8220;{}&#8220;][\/et_pb_image][\/et_pb_column][\/et_pb_row][et_pb_row column_structure=&#8220;1_3,1_3,1_3&#8243; use_custom_gutter=&#8220;on&#8220; gutter_width=&#8220;2&#8243; module_class=&#8220;three-col-tab&#8220; _builder_version=&#8220;4.23&#8243; _module_preset=&#8220;default&#8220; width=&#8220;auto&#8220; max_width=&#8220;1200px&#8220; custom_padding=&#8220;0px||0px||false|false&#8220; global_colors_info=&#8220;{}&#8220;][et_pb_column type=&#8220;1_3&#8243; _builder_version=&#8220;4.21.0&#8243; _module_preset=&#8220;default&#8220; global_colors_info=&#8220;{}&#8220;][et_pb_text _builder_version=&#8220;4.21.0&#8243; _module_preset=&#8220;f66cbda2-1e9c-41c9-9248-82aeab118d90&#8243; custom_margin=&#8220;0px||0px||false|false&#8220; custom_padding=&#8220;0px||0px||false|false&#8220; global_colors_info=&#8220;{}&#8220;]<\/p>\n<p><span>Projekt GreenGate (reg. \u010d. 2021-1-CZ01-KA220-ADU-000026171) a&nbsp;projekt GreenGate\u2082 (reg. \u010d.  <\/span><span>2023-2-CZ01-KA220-YOU-000174554) byly realizov\u00e1ny v&nbsp;r\u00e1mci programu Erasmus+ s&nbsp;finan\u010dn\u00ed podporou Evropsk\u00e9 unie.<\/span><\/p>\n<p>[\/et_pb_text][\/et_pb_column][et_pb_column type=&#8220;1_3&#8243; _builder_version=&#8220;4.21.0&#8243; _module_preset=&#8220;default&#8220; global_colors_info=&#8220;{}&#8220;][et_pb_text _builder_version=&#8220;4.21.0&#8243; _module_preset=&#8220;f66cbda2-1e9c-41c9-9248-82aeab118d90&#8243; global_colors_info=&#8220;{}&#8220;]<\/p>\n<p>Financov\u00e1no Evropskou uni\u00ed. Vyj\u00e1d\u0159en\u00e9 n\u00e1zory a&nbsp;stanoviska jsou v\u0161ak pouze n\u00e1zory autora (autor\u016f) a&nbsp;nemus\u00ed nutn\u011b odr\u00e1\u017eet n\u00e1zory a&nbsp;stanoviska Evropsk\u00e9 unie nebo Evropsk\u00e9 v\u00fdkonn\u00e9 agentury pro vzd\u011bl\u00e1v\u00e1n\u00ed a&nbsp;kulturu (EACEA). Evropsk\u00e1 unie ani agentura EACEA za n\u011b nemohou n\u00e9st odpov\u011bdnost.<\/p>\n<p>[\/et_pb_text][\/et_pb_column][et_pb_column type=&#8220;1_3&#8243; _builder_version=&#8220;4.21.0&#8243; _module_preset=&#8220;default&#8220; global_colors_info=&#8220;{}&#8220;][et_pb_text _builder_version=&#8220;4.21.0&#8243; _module_preset=&#8220;f66cbda2-1e9c-41c9-9248-82aeab118d90&#8243; global_colors_info=&#8220;{}&#8220;]<\/p>\n<p>Tato platforma se \u0159\u00edd\u00ed dohodou Creative Commons. Attribution-NonCommercial-NoDerivatives (CC BY-NC-ND) &#8211; https:\/\/creativecommons.org\/licenses\/by-nc-nd\/4.0\/<\/p>\n<p>[\/et_pb_text][\/et_pb_column][\/et_pb_row][\/et_pb_section]<\/p>\n","protected":false},"excerpt":{"rendered":"<p>Metodick\u00e9 listySeznamte se prost\u0159ednictv\u00edm interaktivn\u00edch aktivit s&nbsp;problematick\u00fdmi ot\u00e1zkami a&nbsp;l\u00e1tkami v&nbsp;kosmetick\u00fdch, zkr\u00e1\u0161luj\u00edc\u00edch a&nbsp;\u010distic\u00edch p\u0159\u00edpravc\u00edch a&nbsp;jejich dopadem na na\u0161e zdrav\u00ed a&nbsp;\u017eivotn\u00ed prost\u0159ed\u00ed. Tyto aktivity m\u016f\u017eete vyu\u017e\u00edt i&nbsp;ke vzd\u011bl\u00e1v\u00e1n\u00ed sv\u00fdch komunit.Pro koho jsou Metodick\u00e9 listy ur\u010deny? Metodick\u00e9 listy jsou vzd\u011bl\u00e1vac\u00ed n\u00e1stroj pro u\u010ditele, \u0161kolitele a&nbsp;kou\u010de. Tato p\u0159\u00edru\u010dka nab\u00edz\u00ed materi\u00e1ly p\u0159ipraven\u00e9 [&hellip;]<\/p>\n","protected":false},"author":1,"featured_media":0,"parent":0,"menu_order":0,"comment_status":"closed","ping_status":"closed","template":"","meta":{"_et_pb_use_builder":"on","_et_pb_old_content":"","_et_gb_content_width":"","_monsterinsights_skip_tracking":false,"_monsterinsights_sitenote_active":false,"_monsterinsights_sitenote_note":"","_monsterinsights_sitenote_category":0,"footnotes":""},"yoast_head":"<!-- This site is optimized with the Yoast SEO plugin v23.2 - https:\/\/yoast.com\/wordpress\/plugins\/seo\/ -->\n<title>Metodick\u00e9 listy - GreenGate<\/title>\n<meta name=\"robots\" content=\"index, follow, max-snippet:-1, max-image-preview:large, max-video-preview:-1\" \/>\n<link rel=\"canonical\" href=\"https:\/\/green-gate.eu\/cs\/toolkit\/\" \/>\n<meta property=\"og:locale\" content=\"cs_CZ\" \/>\n<meta property=\"og:type\" content=\"article\" \/>\n<meta property=\"og:title\" content=\"Metodick\u00e9 listy - GreenGate\" \/>\n<meta property=\"og:description\" content=\"Metodick\u00e9 listySeznamte se prost\u0159ednictv\u00edm interaktivn\u00edch aktivit s problematick\u00fdmi ot\u00e1zkami a l\u00e1tkami v kosmetick\u00fdch, zkr\u00e1\u0161luj\u00edc\u00edch a \u010distic\u00edch p\u0159\u00edpravc\u00edch a jejich dopadem na na\u0161e zdrav\u00ed a \u017eivotn\u00ed prost\u0159ed\u00ed. Tyto aktivity m\u016f\u017eete vyu\u017e\u00edt i ke vzd\u011bl\u00e1v\u00e1n\u00ed sv\u00fdch komunit.Pro koho jsou Metodick\u00e9 listy ur\u010deny? Metodick\u00e9 listy jsou vzd\u011bl\u00e1vac\u00ed n\u00e1stroj pro u\u010ditele, \u0161kolitele a kou\u010de. Tato p\u0159\u00edru\u010dka nab\u00edz\u00ed materi\u00e1ly p\u0159ipraven\u00e9 [&hellip;]\" \/>\n<meta property=\"og:url\" content=\"https:\/\/green-gate.eu\/cs\/toolkit\/\" \/>\n<meta property=\"og:site_name\" content=\"GreenGate\" \/>\n<meta property=\"article:modified_time\" content=\"2025-11-30T18:54:38+00:00\" \/>\n<meta name=\"twitter:card\" content=\"summary_large_image\" \/>\n<meta name=\"twitter:label1\" content=\"Odhadovan\u00e1 doba \u010dten\u00ed\" \/>\n\t<meta name=\"twitter:data1\" content=\"8 minut\" \/>\n<script type=\"application\/ld+json\" class=\"yoast-schema-graph\">{\"@context\":\"https:\/\/schema.org\",\"@graph\":[{\"@type\":\"WebPage\",\"@id\":\"https:\/\/green-gate.eu\/cs\/toolkit\/\",\"url\":\"https:\/\/green-gate.eu\/cs\/toolkit\/\",\"name\":\"Metodick\u00e9 listy - GreenGate\",\"isPartOf\":{\"@id\":\"https:\/\/green-gate.eu\/cs\/#website\"},\"datePublished\":\"2023-04-13T09:58:14+00:00\",\"dateModified\":\"2025-11-30T18:54:38+00:00\",\"breadcrumb\":{\"@id\":\"https:\/\/green-gate.eu\/cs\/toolkit\/#breadcrumb\"},\"inLanguage\":\"cs\",\"potentialAction\":[{\"@type\":\"ReadAction\",\"target\":[\"https:\/\/green-gate.eu\/cs\/toolkit\/\"]}]},{\"@type\":\"BreadcrumbList\",\"@id\":\"https:\/\/green-gate.eu\/cs\/toolkit\/#breadcrumb\",\"itemListElement\":[{\"@type\":\"ListItem\",\"position\":1,\"name\":\"Home\",\"item\":\"https:\/\/green-gate.eu\/cs\/\"},{\"@type\":\"ListItem\",\"position\":2,\"name\":\"Metodick\u00e9 listy\"}]},{\"@type\":\"WebSite\",\"@id\":\"https:\/\/green-gate.eu\/cs\/#website\",\"url\":\"https:\/\/green-gate.eu\/cs\/\",\"name\":\"GreenGate\",\"description\":\"Learn how to create healthier beauty routines and debunk common myths.\",\"publisher\":{\"@id\":\"https:\/\/green-gate.eu\/cs\/#organization\"},\"potentialAction\":[{\"@type\":\"SearchAction\",\"target\":{\"@type\":\"EntryPoint\",\"urlTemplate\":\"https:\/\/green-gate.eu\/cs\/?s={search_term_string}\"},\"query-input\":\"required name=search_term_string\"}],\"inLanguage\":\"cs\"},{\"@type\":\"Organization\",\"@id\":\"https:\/\/green-gate.eu\/cs\/#organization\",\"name\":\"GreenGate\",\"url\":\"https:\/\/green-gate.eu\/cs\/\",\"logo\":{\"@type\":\"ImageObject\",\"inLanguage\":\"cs\",\"@id\":\"https:\/\/green-gate.eu\/cs\/#\/schema\/logo\/image\/\",\"url\":\"https:\/\/green-gate.eu\/wp-content\/uploads\/2023\/04\/brand.png\",\"contentUrl\":\"https:\/\/green-gate.eu\/wp-content\/uploads\/2023\/04\/brand.png\",\"width\":263,\"height\":108,\"caption\":\"GreenGate\"},\"image\":{\"@id\":\"https:\/\/green-gate.eu\/cs\/#\/schema\/logo\/image\/\"}}]}<\/script>\n<!-- \/ Yoast SEO plugin. -->","yoast_head_json":{"title":"Metodick\u00e9 listy - GreenGate","robots":{"index":"index","follow":"follow","max-snippet":"max-snippet:-1","max-image-preview":"max-image-preview:large","max-video-preview":"max-video-preview:-1"},"canonical":"https:\/\/green-gate.eu\/cs\/toolkit\/","og_locale":"cs_CZ","og_type":"article","og_title":"Metodick\u00e9 listy - GreenGate","og_description":"Metodick\u00e9 listySeznamte se prost\u0159ednictv\u00edm interaktivn\u00edch aktivit s problematick\u00fdmi ot\u00e1zkami a l\u00e1tkami v kosmetick\u00fdch, zkr\u00e1\u0161luj\u00edc\u00edch a \u010distic\u00edch p\u0159\u00edpravc\u00edch a jejich dopadem na na\u0161e zdrav\u00ed a \u017eivotn\u00ed prost\u0159ed\u00ed. Tyto aktivity m\u016f\u017eete vyu\u017e\u00edt i ke vzd\u011bl\u00e1v\u00e1n\u00ed sv\u00fdch komunit.Pro koho jsou Metodick\u00e9 listy ur\u010deny? Metodick\u00e9 listy jsou vzd\u011bl\u00e1vac\u00ed n\u00e1stroj pro u\u010ditele, \u0161kolitele a kou\u010de. Tato p\u0159\u00edru\u010dka nab\u00edz\u00ed materi\u00e1ly p\u0159ipraven\u00e9 [&hellip;]","og_url":"https:\/\/green-gate.eu\/cs\/toolkit\/","og_site_name":"GreenGate","article_modified_time":"2025-11-30T18:54:38+00:00","twitter_card":"summary_large_image","twitter_misc":{"Odhadovan\u00e1 doba \u010dten\u00ed":"8 minut"},"schema":{"@context":"https:\/\/schema.org","@graph":[{"@type":"WebPage","@id":"https:\/\/green-gate.eu\/cs\/toolkit\/","url":"https:\/\/green-gate.eu\/cs\/toolkit\/","name":"Metodick\u00e9 listy - GreenGate","isPartOf":{"@id":"https:\/\/green-gate.eu\/cs\/#website"},"datePublished":"2023-04-13T09:58:14+00:00","dateModified":"2025-11-30T18:54:38+00:00","breadcrumb":{"@id":"https:\/\/green-gate.eu\/cs\/toolkit\/#breadcrumb"},"inLanguage":"cs","potentialAction":[{"@type":"ReadAction","target":["https:\/\/green-gate.eu\/cs\/toolkit\/"]}]},{"@type":"BreadcrumbList","@id":"https:\/\/green-gate.eu\/cs\/toolkit\/#breadcrumb","itemListElement":[{"@type":"ListItem","position":1,"name":"Home","item":"https:\/\/green-gate.eu\/cs\/"},{"@type":"ListItem","position":2,"name":"Metodick\u00e9 listy"}]},{"@type":"WebSite","@id":"https:\/\/green-gate.eu\/cs\/#website","url":"https:\/\/green-gate.eu\/cs\/","name":"GreenGate","description":"Learn how to create healthier beauty routines and debunk common myths.","publisher":{"@id":"https:\/\/green-gate.eu\/cs\/#organization"},"potentialAction":[{"@type":"SearchAction","target":{"@type":"EntryPoint","urlTemplate":"https:\/\/green-gate.eu\/cs\/?s={search_term_string}"},"query-input":"required name=search_term_string"}],"inLanguage":"cs"},{"@type":"Organization","@id":"https:\/\/green-gate.eu\/cs\/#organization","name":"GreenGate","url":"https:\/\/green-gate.eu\/cs\/","logo":{"@type":"ImageObject","inLanguage":"cs","@id":"https:\/\/green-gate.eu\/cs\/#\/schema\/logo\/image\/","url":"https:\/\/green-gate.eu\/wp-content\/uploads\/2023\/04\/brand.png","contentUrl":"https:\/\/green-gate.eu\/wp-content\/uploads\/2023\/04\/brand.png","width":263,"height":108,"caption":"GreenGate"},"image":{"@id":"https:\/\/green-gate.eu\/cs\/#\/schema\/logo\/image\/"}}]}},"jetpack_sharing_enabled":true,"_links":{"self":[{"href":"https:\/\/green-gate.eu\/cs\/wp-json\/wp\/v2\/pages\/4297"}],"collection":[{"href":"https:\/\/green-gate.eu\/cs\/wp-json\/wp\/v2\/pages"}],"about":[{"href":"https:\/\/green-gate.eu\/cs\/wp-json\/wp\/v2\/types\/page"}],"author":[{"embeddable":true,"href":"https:\/\/green-gate.eu\/cs\/wp-json\/wp\/v2\/users\/1"}],"replies":[{"embeddable":true,"href":"https:\/\/green-gate.eu\/cs\/wp-json\/wp\/v2\/comments?post=4297"}],"version-history":[{"count":149,"href":"https:\/\/green-gate.eu\/cs\/wp-json\/wp\/v2\/pages\/4297\/revisions"}],"predecessor-version":[{"id":25044,"href":"https:\/\/green-gate.eu\/cs\/wp-json\/wp\/v2\/pages\/4297\/revisions\/25044"}],"wp:attachment":[{"href":"https:\/\/green-gate.eu\/cs\/wp-json\/wp\/v2\/media?parent=4297"}],"curies":[{"name":"wp","href":"https:\/\/api.w.org\/{rel}","templated":true}]}}