{"id":26274,"date":"2026-01-13T23:06:21","date_gmt":"2026-01-13T22:06:21","guid":{"rendered":"https:\/\/green-gate.eu\/labtorials\/labtorials-experiment-3-veda-o-cisteni-vody\/"},"modified":"2026-04-15T23:46:20","modified_gmt":"2026-04-15T21:46:20","slug":"labtorials-experiment-3-veda-o-cisteni-vody","status":"publish","type":"page","link":"https:\/\/green-gate.eu\/cs\/labtorials\/labtorials-experiment-3-veda-o-cisteni-vody\/","title":{"rendered":"LABtorials &#8211; Experiment 3 &#8211; V\u011bda o&nbsp;\u010di\u0161t\u011bn\u00ed vody"},"content":{"rendered":"<p>[et_pb_section fb_built=&#8220;1&#8243; _builder_version=&#8220;4.23&#8243; _module_preset=&#8220;1418af3e-881e-4304-99b9-71aba90d58c9&#8243; global_colors_info=&#8220;{}&#8220; theme_builder_area=&#8220;post_content&#8220;][et_pb_row _builder_version=&#8220;4.23&#8243; _module_preset=&#8220;default&#8220; width=&#8220;auto&#8220; custom_padding=&#8220;0px|0px|0px|0px|true|true&#8220; global_colors_info=&#8220;{}&#8220; theme_builder_area=&#8220;post_content&#8220;][et_pb_column type=&#8220;4_4&#8243; _builder_version=&#8220;4.23&#8243; _module_preset=&#8220;default&#8220; border_radii=&#8220;on|14px|14px|14px|14px&#8220; border_width_all=&#8220;4px&#8220; global_colors_info=&#8220;{}&#8220; theme_builder_area=&#8220;post_content&#8220;][et_pb_video src=&#8220;https:\/\/green-gate.eu\/labtorials-video\/experiment-3-veda-o-cisteni-vody.mp4&#8243; image_src=&#8220;https:\/\/green-gate.eu\/wp-content\/uploads\/2026\/02\/Exp-3-Video-Cover-cz.png&#8220; _builder_version=&#8220;4.23&#8243; _module_preset=&#8220;default&#8220; hover_enabled=&#8220;0&#8243; global_colors_info=&#8220;{}&#8220; theme_builder_area=&#8220;post_content&#8220; title_text=&#8220;Exp 3 Video Cover&#8220; sticky_enabled=&#8220;0&#8243;][\/et_pb_video][\/et_pb_column][\/et_pb_row][\/et_pb_section]<\/p>\n","protected":false},"excerpt":{"rendered":"","protected":false},"author":1,"featured_media":0,"parent":25335,"menu_order":0,"comment_status":"closed","ping_status":"closed","template":"","meta":{"_et_pb_use_builder":"on","_et_pb_old_content":"","_et_gb_content_width":"","_monsterinsights_skip_tracking":false,"_monsterinsights_sitenote_active":false,"_monsterinsights_sitenote_note":"","_monsterinsights_sitenote_category":0,"footnotes":""},"yoast_head":"<!-- This site is optimized with the Yoast SEO plugin v23.2 - https:\/\/yoast.com\/wordpress\/plugins\/seo\/ -->\n<title>LABtorials - Experiment 3 - V\u011bda o \u010di\u0161t\u011bn\u00ed vody - GreenGate<\/title>\n<meta name=\"robots\" content=\"index, follow, max-snippet:-1, max-image-preview:large, max-video-preview:-1\" \/>\n<link rel=\"canonical\" href=\"https:\/\/green-gate.eu\/cs\/labtorials\/labtorials-experiment-3-veda-o-cisteni-vody\/\" \/>\n<meta property=\"og:locale\" content=\"cs_CZ\" \/>\n<meta property=\"og:type\" content=\"article\" \/>\n<meta property=\"og:title\" content=\"LABtorials - Experiment 3 - V\u011bda o \u010di\u0161t\u011bn\u00ed vody - GreenGate\" \/>\n<meta property=\"og:url\" content=\"https:\/\/green-gate.eu\/cs\/labtorials\/labtorials-experiment-3-veda-o-cisteni-vody\/\" \/>\n<meta property=\"og:site_name\" content=\"GreenGate\" \/>\n<meta property=\"article:modified_time\" content=\"2026-04-15T21:46:20+00:00\" \/>\n<meta name=\"twitter:card\" content=\"summary_large_image\" \/>\n<meta name=\"twitter:label1\" content=\"Odhadovan\u00e1 doba \u010dten\u00ed\" \/>\n\t<meta name=\"twitter:data1\" content=\"1 minuta\" \/>\n<script type=\"application\/ld+json\" class=\"yoast-schema-graph\">{\"@context\":\"https:\/\/schema.org\",\"@graph\":[{\"@type\":\"WebPage\",\"@id\":\"https:\/\/green-gate.eu\/cs\/labtorials\/labtorials-experiment-3-veda-o-cisteni-vody\/\",\"url\":\"https:\/\/green-gate.eu\/cs\/labtorials\/labtorials-experiment-3-veda-o-cisteni-vody\/\",\"name\":\"LABtorials - Experiment 3 - V\u011bda o \u010di\u0161t\u011bn\u00ed vody - GreenGate\",\"isPartOf\":{\"@id\":\"https:\/\/green-gate.eu\/cs\/#website\"},\"datePublished\":\"2026-01-13T22:06:21+00:00\",\"dateModified\":\"2026-04-15T21:46:20+00:00\",\"breadcrumb\":{\"@id\":\"https:\/\/green-gate.eu\/cs\/labtorials\/labtorials-experiment-3-veda-o-cisteni-vody\/#breadcrumb\"},\"inLanguage\":\"cs\",\"potentialAction\":[{\"@type\":\"ReadAction\",\"target\":[\"https:\/\/green-gate.eu\/cs\/labtorials\/labtorials-experiment-3-veda-o-cisteni-vody\/\"]}]},{\"@type\":\"BreadcrumbList\",\"@id\":\"https:\/\/green-gate.eu\/cs\/labtorials\/labtorials-experiment-3-veda-o-cisteni-vody\/#breadcrumb\",\"itemListElement\":[{\"@type\":\"ListItem\",\"position\":1,\"name\":\"Home\",\"item\":\"https:\/\/green-gate.eu\/cs\/\"},{\"@type\":\"ListItem\",\"position\":2,\"name\":\"Labtorials\",\"item\":\"https:\/\/green-gate.eu\/cs\/labtorials\/\"},{\"@type\":\"ListItem\",\"position\":3,\"name\":\"LABtorials &#8211; Experiment 3 &#8211; V\u011bda o&nbsp;\u010di\u0161t\u011bn\u00ed vody\"}]},{\"@type\":\"WebSite\",\"@id\":\"https:\/\/green-gate.eu\/cs\/#website\",\"url\":\"https:\/\/green-gate.eu\/cs\/\",\"name\":\"GreenGate\",\"description\":\"Learn how to create healthier beauty routines and debunk common myths.\",\"publisher\":{\"@id\":\"https:\/\/green-gate.eu\/cs\/#organization\"},\"potentialAction\":[{\"@type\":\"SearchAction\",\"target\":{\"@type\":\"EntryPoint\",\"urlTemplate\":\"https:\/\/green-gate.eu\/cs\/?s={search_term_string}\"},\"query-input\":\"required name=search_term_string\"}],\"inLanguage\":\"cs\"},{\"@type\":\"Organization\",\"@id\":\"https:\/\/green-gate.eu\/cs\/#organization\",\"name\":\"GreenGate\",\"url\":\"https:\/\/green-gate.eu\/cs\/\",\"logo\":{\"@type\":\"ImageObject\",\"inLanguage\":\"cs\",\"@id\":\"https:\/\/green-gate.eu\/cs\/#\/schema\/logo\/image\/\",\"url\":\"https:\/\/green-gate.eu\/wp-content\/uploads\/2023\/04\/brand.png\",\"contentUrl\":\"https:\/\/green-gate.eu\/wp-content\/uploads\/2023\/04\/brand.png\",\"width\":263,\"height\":108,\"caption\":\"GreenGate\"},\"image\":{\"@id\":\"https:\/\/green-gate.eu\/cs\/#\/schema\/logo\/image\/\"}}]}<\/script>\n<!-- \/ Yoast SEO plugin. -->","yoast_head_json":{"title":"LABtorials - Experiment 3 - V\u011bda o \u010di\u0161t\u011bn\u00ed vody - GreenGate","robots":{"index":"index","follow":"follow","max-snippet":"max-snippet:-1","max-image-preview":"max-image-preview:large","max-video-preview":"max-video-preview:-1"},"canonical":"https:\/\/green-gate.eu\/cs\/labtorials\/labtorials-experiment-3-veda-o-cisteni-vody\/","og_locale":"cs_CZ","og_type":"article","og_title":"LABtorials - Experiment 3 - V\u011bda o \u010di\u0161t\u011bn\u00ed vody - GreenGate","og_url":"https:\/\/green-gate.eu\/cs\/labtorials\/labtorials-experiment-3-veda-o-cisteni-vody\/","og_site_name":"GreenGate","article_modified_time":"2026-04-15T21:46:20+00:00","twitter_card":"summary_large_image","twitter_misc":{"Odhadovan\u00e1 doba \u010dten\u00ed":"1 minuta"},"schema":{"@context":"https:\/\/schema.org","@graph":[{"@type":"WebPage","@id":"https:\/\/green-gate.eu\/cs\/labtorials\/labtorials-experiment-3-veda-o-cisteni-vody\/","url":"https:\/\/green-gate.eu\/cs\/labtorials\/labtorials-experiment-3-veda-o-cisteni-vody\/","name":"LABtorials - Experiment 3 - V\u011bda o \u010di\u0161t\u011bn\u00ed vody - GreenGate","isPartOf":{"@id":"https:\/\/green-gate.eu\/cs\/#website"},"datePublished":"2026-01-13T22:06:21+00:00","dateModified":"2026-04-15T21:46:20+00:00","breadcrumb":{"@id":"https:\/\/green-gate.eu\/cs\/labtorials\/labtorials-experiment-3-veda-o-cisteni-vody\/#breadcrumb"},"inLanguage":"cs","potentialAction":[{"@type":"ReadAction","target":["https:\/\/green-gate.eu\/cs\/labtorials\/labtorials-experiment-3-veda-o-cisteni-vody\/"]}]},{"@type":"BreadcrumbList","@id":"https:\/\/green-gate.eu\/cs\/labtorials\/labtorials-experiment-3-veda-o-cisteni-vody\/#breadcrumb","itemListElement":[{"@type":"ListItem","position":1,"name":"Home","item":"https:\/\/green-gate.eu\/cs\/"},{"@type":"ListItem","position":2,"name":"Labtorials","item":"https:\/\/green-gate.eu\/cs\/labtorials\/"},{"@type":"ListItem","position":3,"name":"LABtorials &#8211; Experiment 3 &#8211; V\u011bda o&nbsp;\u010di\u0161t\u011bn\u00ed vody"}]},{"@type":"WebSite","@id":"https:\/\/green-gate.eu\/cs\/#website","url":"https:\/\/green-gate.eu\/cs\/","name":"GreenGate","description":"Learn how to create healthier beauty routines and debunk common myths.","publisher":{"@id":"https:\/\/green-gate.eu\/cs\/#organization"},"potentialAction":[{"@type":"SearchAction","target":{"@type":"EntryPoint","urlTemplate":"https:\/\/green-gate.eu\/cs\/?s={search_term_string}"},"query-input":"required name=search_term_string"}],"inLanguage":"cs"},{"@type":"Organization","@id":"https:\/\/green-gate.eu\/cs\/#organization","name":"GreenGate","url":"https:\/\/green-gate.eu\/cs\/","logo":{"@type":"ImageObject","inLanguage":"cs","@id":"https:\/\/green-gate.eu\/cs\/#\/schema\/logo\/image\/","url":"https:\/\/green-gate.eu\/wp-content\/uploads\/2023\/04\/brand.png","contentUrl":"https:\/\/green-gate.eu\/wp-content\/uploads\/2023\/04\/brand.png","width":263,"height":108,"caption":"GreenGate"},"image":{"@id":"https:\/\/green-gate.eu\/cs\/#\/schema\/logo\/image\/"}}]}},"jetpack_sharing_enabled":true,"_links":{"self":[{"href":"https:\/\/green-gate.eu\/cs\/wp-json\/wp\/v2\/pages\/26274"}],"collection":[{"href":"https:\/\/green-gate.eu\/cs\/wp-json\/wp\/v2\/pages"}],"about":[{"href":"https:\/\/green-gate.eu\/cs\/wp-json\/wp\/v2\/types\/page"}],"author":[{"embeddable":true,"href":"https:\/\/green-gate.eu\/cs\/wp-json\/wp\/v2\/users\/1"}],"replies":[{"embeddable":true,"href":"https:\/\/green-gate.eu\/cs\/wp-json\/wp\/v2\/comments?post=26274"}],"version-history":[{"count":14,"href":"https:\/\/green-gate.eu\/cs\/wp-json\/wp\/v2\/pages\/26274\/revisions"}],"predecessor-version":[{"id":26737,"href":"https:\/\/green-gate.eu\/cs\/wp-json\/wp\/v2\/pages\/26274\/revisions\/26737"}],"up":[{"embeddable":true,"href":"https:\/\/green-gate.eu\/cs\/wp-json\/wp\/v2\/pages\/25335"}],"wp:attachment":[{"href":"https:\/\/green-gate.eu\/cs\/wp-json\/wp\/v2\/media?parent=26274"}],"curies":[{"name":"wp","href":"https:\/\/api.w.org\/{rel}","templated":true}]}}