{"id":21906,"date":"2025-05-06T03:50:47","date_gmt":"2025-05-06T01:50:47","guid":{"rendered":"https:\/\/green-gate.eu\/greengate%e2%82%82\/"},"modified":"2025-11-25T10:07:14","modified_gmt":"2025-11-25T09:07:14","slug":"greengate2","status":"publish","type":"page","link":"https:\/\/green-gate.eu\/cs\/greengate2\/","title":{"rendered":"GreenGate\u2082"},"content":{"rendered":"<p>[et_pb_section fb_built=&#8220;1&#8243; _builder_version=&#8220;4.21.0&#8243; _module_preset=&#8220;14e305e4-ab41-40ea-aebe-d74a9fedeebd&#8220; global_colors_info=&#8220;{}&#8220;][et_pb_row _builder_version=&#8220;4.21.0&#8243; _module_preset=&#8220;2a4d44be-60db-4bc2-b91a-901c0251e68c&#8220; global_colors_info=&#8220;{}&#8220;][et_pb_column type=&#8220;4_4&#8243; _builder_version=&#8220;4.21.0&#8243; _module_preset=&#8220;default&#8220; global_colors_info=&#8220;{}&#8220;][et_pb_text admin_label=&#8220;Text&#8220; _builder_version=&#8220;4.21.0&#8243; _module_preset=&#8220;c9826d58-1a4e-4f9d-b75b-1a50233074a3&#8243; global_colors_info=&#8220;{}&#8220;]<\/p>\n<p>Podporujeme v\u00e1s v&nbsp;informovan\u00e9 volb\u011b zdrav\u011bj\u0161\u00ed kosmetiky.<\/p>\n<p>[\/et_pb_text][\/et_pb_column][\/et_pb_row][et_pb_row admin_label=&#8220;Row&#8220; _builder_version=&#8220;4.21.0&#8243; _module_preset=&#8220;00b9a908-9d8a-4f83-8552-e1abcb372e40&#8243; width_last_edited=&#8220;off|desktop&#8220; global_colors_info=&#8220;{}&#8220;][et_pb_column type=&#8220;4_4&#8243; _builder_version=&#8220;4.21.0&#8243; _module_preset=&#8220;default&#8220; global_colors_info=&#8220;{}&#8220;][et_pb_text _builder_version=&#8220;4.23&#8243; _module_preset=&#8220;1f1ac656-3431-472b-b627-10123e56f24a&#8220; hover_enabled=&#8220;0&#8243; global_colors_info=&#8220;{}&#8220; sticky_enabled=&#8220;0&#8243;]<\/p>\n<h4>Co je GreenGate\u2082? A&nbsp;pro\u010d dvojka? <\/h4>\n<p>GreenGate\u2082 navazuje na prvn\u00ed projekt GreenGate, kter\u00fd se zam\u011b\u0159oval hlavn\u011b na rodi\u010de a&nbsp;rodiny. Druh\u00e1 verze posouv\u00e1 pozornost k&nbsp;mlad\u00fdm lidem a&nbsp;vzd\u011blavatel\u016fm \u2013 t\u011bm, kte\u0159\u00ed pr\u00e1v\u011b te\u010f formuj\u00ed sv\u00e9 n\u00e1kupn\u00ed n\u00e1vyky nebo p\u0159ed\u00e1vaj\u00ed informace d\u00e1l. <\/p>\n<p>V\u011b\u0159\u00edme, \u017ee ka\u017ed\u00fd m\u00e1 pr\u00e1vo v\u011bd\u011bt, co si d\u00e1v\u00e1 na t\u011blo, do t\u011bla \u2013 a&nbsp;co t\u00edm pos\u00edl\u00e1 zp\u011bt do p\u0159\u00edrody.<\/p>\n<h4>Kdo jsme?<\/h4>\n<p>Jsme t\u00fdm lid\u00ed, kter\u00fdm z\u00e1le\u017e\u00ed na zdrav\u00ed, \u017eivotn\u00edm prost\u0159ed\u00ed a&nbsp;informovan\u00e9 volb\u011b. Neprod\u00e1v\u00e1me zna\u010dky, netla\u010d\u00edme produkty. Nab\u00edz\u00edme srozumiteln\u00e9 a&nbsp;ov\u011b\u0159en\u00e9 informace o&nbsp;slo\u017een\u00ed b\u011b\u017en\u00fdch v\u00fdrobk\u016f \u2013 tak, aby se v&nbsp;nich \u010dlov\u011bk neztratil. Pom\u00e1h\u00e1me rozeznat \u0161kodliv\u00e9 l\u00e1tky, ch\u00e1pat jejich dopad a&nbsp;vyb\u00edrat zodpov\u011bdn\u011bji.    <\/p>\n<h4>Co m\u00e1me a&nbsp;r\u00e1di d\u00e1me:<\/h4>\n<p><strong>Workshopy, \u0161kolen\u00ed, exkurze<\/strong> \u2013 vzd\u011bl\u00e1v\u00e1n\u00ed formou z\u00e1\u017eitku<\/p>\n<p><strong>GreenScan app<\/strong> \u2013 mobiln\u00ed aplikaci, kter\u00e1 v\u00e1m na z\u00e1klad\u011b slo\u017een\u00ed uk\u00e1\u017ee, co v&nbsp;produktech (ne)chcete<\/p>\n<p><strong>GoGreen E-learning<\/strong> \u2013 online kurz (videolearning), kter\u00fd vysv\u011btluje souvislosti mezi slo\u017een\u00edm, zdrav\u00edm a&nbsp;p\u0159\u00edrodou<\/p>\n<p><strong>Metodick\u00e9 listy, G\u2082-kniha, GG\u2082 LABTORIALS Mini p\u0159\u00edru\u010dka s&nbsp;pokusy a&nbsp;video n\u00e1vody<\/strong> \u2013 praktick\u00e9 materi\u00e1ly pro vzd\u011blavatele do \u0161koly i&nbsp;mimo ni.<\/p>\n<p><strong>Blog s&nbsp;DIY videi a&nbsp;n\u00e1vody, \u010dl\u00e1nky a&nbsp;rozhovory<\/strong> \u2013 inspirace a&nbsp;konkr\u00e9tn\u00ed tipy, kter\u00e9 jdou rovnou pou\u017e\u00edt v&nbsp;praxi<\/p>\n<h4>Pro\u010d m\u00e1 na\u0161e snaha smysl?<\/h4>\n<p>Proto\u017ee nesta\u010d\u00ed v\u011b\u0159it obalu a&nbsp;reklam\u011b. Proto\u017ee zdrav\u00ed a&nbsp;p\u0159\u00edroda si zaslou\u017e\u00ed v\u00edc ne\u017e jen rychlou volbu v&nbsp;drogerii. A&nbsp;proto\u017ee srozumiteln\u00e9 informace d\u00e1vaj\u00ed lidem mo\u017enost vyb\u00edrat si l\u00e9pe \u2013 bez zbyte\u010dn\u00e9ho tlaku, ale s&nbsp;respektem ke sv\u00e9mu t\u011blu i&nbsp;prost\u0159ed\u00ed, ve kter\u00e9m \u017eijeme.  <\/p>\n<h4>Chcete p\u0159edn\u00e1\u0161ku nebo workshop?<\/h4>\n<p>Pro \u0161koly, neziskovky a&nbsp;dal\u0161\u00ed organizace nab\u00edz\u00edme p\u0159edn\u00e1\u0161ky a&nbsp;workshopy, kter\u00e9 jsou interaktivn\u00ed, srozumiteln\u00e9 a&nbsp;propojen\u00e9 s&nbsp;re\u00e1ln\u00fdmi situacemi. Teorie nechyb\u00ed \u2013 ale pod\u00e1v\u00e1me ji tak, aby zaujala. <\/p>\n<h4>T\u00e9mata:<\/h4>\n<ul>\n<li>\u0160kodliv\u00e9 l\u00e1tky v&nbsp;kosmetice, drogerii a&nbsp;ka\u017edodenn\u00edm \u017eivot\u011b<\/li>\n<li>Jak \u010d\u00edst etikety a&nbsp;rozum\u011bt slo\u017een\u00ed produkt\u016f<\/li>\n<li>Greenwashing &#8211; manipulace v&nbsp;reklam\u011b a&nbsp;s&nbsp;obalem<\/li>\n<li>Mikroplasty, voda, odpady \u2013 toxick\u00fd cyklus a&nbsp;souvislosti, kter\u00e9 d\u00e1vaj\u00ed smysl<\/li>\n<li>Jak si vyrobit vlastn\u00ed p\u0159\u00edrodn\u00ed kosmetiku &#8211; deodorant, kr\u00e9m, ple\u0165ov\u00e9 s\u00e9rum, zubn\u00ed pastu&#8230;<\/li>\n<li>Zdrav\u00ed a&nbsp;\u017eivotn\u00ed prost\u0159ed\u00ed \u2013 co v\u0161e n\u00e1s ovliv\u0148uje a&nbsp;co s&nbsp;t\u00edm?<\/li>\n<li>\u010cistic\u00ed prost\u0159edky a&nbsp;intimn\u00ed hygiena \u2013 jednoduch\u00e9 kroky, jak b\u00fdt \u201eeko\u201c, a&nbsp;p\u0159itom neslevit ze sv\u00fdch n\u00e1rok\u016f<\/li>\n<\/ul>\n<p>&#8230;a&nbsp;dal\u0161\u00ed.<\/p>\n<h4>Cena?<\/h4>\n<p>D\u00edky podpo\u0159e z&nbsp;programu EU Erasmus+ m\u016f\u017eeme p\u0159edn\u00e1\u0161ky a&nbsp;workshopy nab\u00eddnout zcela zdarma v\u0161em, kdo pracuj\u00ed s&nbsp;ml\u00e1de\u017e\u00ed (13-26 let)\u2013 tedy \u0161kol\u00e1m, volno\u010dasov\u00fdm krou\u017ek\u016fm, DDM, n\u00edzkoprahov\u00fdm centr\u016fm a&nbsp;podobn\u011b.<\/p>\n<p>\ud83d\udce9 Sta\u010d\u00ed n\u00e1m napsat na <a href=\"mailto:info@greenscan.cz\">info@greenscan.cz<\/a> \u2013 ozveme se a&nbsp;domluv\u00edme v\u0161e podle va\u0161ich pot\u0159eb.<\/p>\n<h4>Chcete b\u00fdt sou\u010d\u00e1st\u00ed?<\/h4>\n<p>Projekt GreenGate\u2082 je neziskov\u00fd. M\u00e1te cennou radu, chcete se na n\u011bm pod\u00edlet, p\u0159elo\u017eit ho do jin\u00e9ho jazyka pro svou zemi nebo ho podpo\u0159it darem? <\/p>\n<p>Dejte n\u00e1m v\u011bd\u011bt \u2013 ka\u017ed\u00e1 pomoc m\u00e1 smysl. Napi\u0161t\u011b na <a href=\"mailto:%20info@greenscan.cz\">info@greenscan.cz<\/a><\/p>\n<p>[\/et_pb_text][\/et_pb_column][\/et_pb_row][\/et_pb_section][et_pb_section fb_built=&#8220;1&#8243; _builder_version=&#8220;4.21.0&#8243; _module_preset=&#8220;14e305e4-ab41-40ea-aebe-d74a9fedeebd&#8220; background_color=&#8220;#F1F1F1&#8243; custom_padding_phone=&#8220;40px|6%|40px|6%|true|true&#8220; global_colors_info=&#8220;{}&#8220;][et_pb_row _builder_version=&#8220;4.21.0&#8243; _module_preset=&#8220;default&#8220; width=&#8220;auto&#8220; max_width=&#8220;750px&#8220; global_colors_info=&#8220;{}&#8220;][et_pb_column type=&#8220;4_4&#8243; _builder_version=&#8220;4.21.0&#8243; _module_preset=&#8220;default&#8220; global_colors_info=&#8220;{}&#8220;][et_pb_text admin_label=&#8220;Text&#8220; _builder_version=&#8220;4.23&#8243; _module_preset=&#8220;1f1ac656-3431-472b-b627-10123e56f24a&#8220; header_2_text_align=&#8220;center&#8220; global_colors_info=&#8220;{}&#8220;]<\/p>\n<h2>GreenGate\u2082 t\u00fdm<\/h2>\n<p>[\/et_pb_text][\/et_pb_column][\/et_pb_row][et_pb_row _builder_version=&#8220;4.23&#8243; _module_preset=&#8220;default&#8220; width=&#8220;auto&#8220; max_width=&#8220;794px&#8220; global_colors_info=&#8220;{}&#8220;][et_pb_column type=&#8220;4_4&#8243; _builder_version=&#8220;4.21.0&#8243; _module_preset=&#8220;default&#8220; global_colors_info=&#8220;{}&#8220;][et_pb_image src=&#8220;https:\/\/green-gate.eu\/wp-content\/uploads\/2025\/05\/team2-loga.png&#8220; alt=&#8220;Team Logos&#8220; title_text=&#8220;team2-loga-vertical&#8220; src_tablet=&#8220;https:\/\/green-gate.eu\/wp-content\/uploads\/2025\/05\/team2-loga.png&#8220; src_phone=&#8220;https:\/\/green-gate.eu\/wp-content\/uploads\/2025\/06\/team2-loga-vertical-1.png&#8220; src_last_edited=&#8220;on|tablet&#8220; _builder_version=&#8220;4.23&#8243; _module_preset=&#8220;default&#8220; max_width_tablet=&#8220;&#8220; max_width_phone=&#8220;188px&#8220; max_width_last_edited=&#8220;on|phone&#8220; module_alignment=&#8220;center&#8220; global_colors_info=&#8220;{}&#8220;][\/et_pb_image][\/et_pb_column][\/et_pb_row][et_pb_row _builder_version=&#8220;4.21.0&#8243; _module_preset=&#8220;default&#8220; width=&#8220;auto&#8220; max_width=&#8220;826px&#8220; global_colors_info=&#8220;{}&#8220;][et_pb_column type=&#8220;4_4&#8243; _builder_version=&#8220;4.21.0&#8243; _module_preset=&#8220;default&#8220; global_colors_info=&#8220;{}&#8220;][et_pb_text _builder_version=&#8220;4.21.0&#8243; _module_preset=&#8220;adb88ae0-a12f-4742-bbd2-37c63123728f&#8220; global_colors_info=&#8220;{}&#8220;]<\/p>\n<h4><a href=\"https:\/\/greenscan.cz\/\">GreenScan (CZ)<\/a><\/h4>\n<h6>Aplikace GreenScan, blog, online kurz<\/h6>\n<p><span>Environment\u00e1ln\u00ed vzd\u011bl\u00e1v\u00e1n\u00ed pro firmy, \u0161koly a&nbsp;ve\u0159ejnost. <\/span>Jsme nad\u0161enci, dobrovoln\u00edci a&nbsp;p\u0159edev\u0161\u00edm lid\u00e9. Chceme porozum\u011bt spole\u010dnosti a&nbsp;p\u0159\u00edrod\u011b. Na\u0161e okol\u00ed n\u00e1m nen\u00ed lhostejn\u00e9. Jdeme kup\u0159edu, vytv\u00e1\u0159\u00edme nov\u00e9 v\u011bci a&nbsp;chceme b\u00fdt u\u017eite\u010dn\u00ed. Na\u0161\u00ed z\u00e1kladn\u00ed hodnotou je svoboda volby a&nbsp;pr\u00e1vo na informace pro ka\u017ed\u00e9ho. Jde n\u00e1m o&nbsp;zdrav\u00ed, o&nbsp;ekologickou udr\u017eitelnost \u017eivota na na\u0161\u00ed planet\u011b a&nbsp;o&nbsp;to, aby v\u00fdrobky, kter\u00e9 lid\u00e9 pou\u017e\u00edvaj\u00ed, byly bezpe\u010dn\u00e9. Zm\u011bnit sm\u011br, kter\u00fdm se na\u0161e spole\u010dnost ub\u00edr\u00e1, je mo\u017en\u00e9.      <\/p>\n<p>[\/et_pb_text][et_pb_text _builder_version=&#8220;4.21.0&#8243; _module_preset=&#8220;adb88ae0-a12f-4742-bbd2-37c63123728f&#8220; global_colors_info=&#8220;{}&#8220;]<\/p>\n<h4><a href=\"https:\/\/zivica.sk\/\">CEEV \u017divica (SK)<\/a><\/h4>\n<h6>Metodologick\u00fd toolkit, blog<\/h6>\n<p>\u017divica je nevl\u00e1dn\u00ed organizace, kter\u00e1 inspiruje ke zm\u011bn\u011b. Chceme vytvo\u0159it sv\u011bt, ve kter\u00e9m je ka\u017ed\u00fd povzbuzov\u00e1n k&nbsp;hled\u00e1n\u00ed sv\u00e9 vlastn\u00ed podstaty. V\u011b\u0159\u00edme, \u017ee p\u0159\u00edroda n\u00e1s m\u016f\u017ee mnoh\u00e9mu nau\u010dit. Probl\u00e9my \u017eivotn\u00edho prost\u0159ed\u00ed jsou pro n\u00e1s v\u00fdzvou, abychom obr\u00e1tili pozornost ke sv\u00e9mu jedn\u00e1n\u00ed, proto\u017ee m\u011bnit probl\u00e9my pouze z&nbsp;povrchu nen\u00ed glob\u00e1ln\u011b udr\u017eiteln\u00e9 dlouhodob\u00e9 \u0159e\u0161en\u00ed.[\/et_pb_text][et_pb_text _builder_version=&#8220;4.21.0&#8243; _module_preset=&#8220;adb88ae0-a12f-4742-bbd2-37c63123728f&#8220; global_colors_info=&#8220;{}&#8220;]<\/p>\n<h4><a href=\"https:\/\/fvo.si\/\">Fakulta ochrany \u017eivotn\u00edho prost\u0159ed\u00ed (SI)<\/a><\/h4>\n<h6>G-kniha, blog<\/h6>\n<p>Fakulta ochrany \u017eivotn\u00edho prost\u0159ed\u00ed (FVO) je nez\u00e1visl\u00e1 vysoko\u0161kolsk\u00e1 instituce, kter\u00e1 vyu\u010duje ochranu \u017eivotn\u00edho prost\u0159ed\u00ed v&nbsp;nej\u0161ir\u0161\u00edm slova smyslu. V\u00fduka m\u00e1 p\u0159esah do oblasti p\u0159\u00edrodn\u00edch v\u011bd, techniky, bioin\u017een\u00fdrstv\u00ed a&nbsp;spole\u010densk\u00fdch a&nbsp;humanitn\u00edch v\u011bd. Fakulta byla zalo\u017eena v&nbsp;roce 2006 jako Vysok\u00e1 \u0161kola ochrany \u017eivotn\u00edho prost\u0159ed\u00ed a&nbsp;v&nbsp;roce 2022 se stala fakultou.[\/et_pb_text][\/et_pb_column][\/et_pb_row][\/et_pb_section][et_pb_section fb_built=&#8220;1&#8243; custom_padding_last_edited=&#8220;on|tablet&#8220; admin_label=&#8220;EU Logolink Section&#8220; _builder_version=&#8220;4.23&#8243; _module_preset=&#8220;default&#8220; background_color=&#8220;#F1F1F1&#8243; custom_padding=&#8220;80px|48px|80px|48px|true|true&#8220; custom_padding_tablet=&#8220;60px||60px||true|true&#8220; custom_padding_phone=&#8220;60px|6%|60px|6%|true|false&#8220; global_module=&#8220;6149&#8243; collapsed=&#8220;on&#8220; global_colors_info=&#8220;{}&#8220;][et_pb_row column_structure=&#8220;1_2,1_2&#8243; custom_padding_last_edited=&#8220;on|tablet&#8220; module_class=&#8220;two-col-tab two-col-mob&#8220; _builder_version=&#8220;4.21.0&#8243; _module_preset=&#8220;default&#8220; width=&#8220;auto&#8220; max_width=&#8220;660px&#8220; max_width_tablet=&#8220;600px&#8220; max_width_phone=&#8220;460px&#8220; max_width_last_edited=&#8220;on|tablet&#8220; custom_padding=&#8220;0px||40px||false|false&#8220; custom_padding_tablet=&#8220;0px||32px||false|false&#8220; custom_padding_phone=&#8220;||32px||false|false&#8220; global_colors_info=&#8220;{}&#8220;][et_pb_column type=&#8220;1_2&#8243; _builder_version=&#8220;4.21.0&#8243; _module_preset=&#8220;default&#8220; custom_padding=&#8220;||||false|false&#8220; global_colors_info=&#8220;{}&#8220;][et_pb_image src=&#8220;https:\/\/green-gate.eu\/wp-content\/uploads\/2023\/08\/logo-erasmus.png&#8220; title_text=&#8220;logo-erasmus&#8220; _builder_version=&#8220;4.21.0&#8243; _module_preset=&#8220;default&#8220; max_width=&#8220;240px&#8220; max_width_tablet=&#8220;206px&#8220; max_width_phone=&#8220;147px&#8220; max_width_last_edited=&#8220;on|tablet&#8220; module_alignment=&#8220;center&#8220; height_last_edited=&#8220;off|tablet&#8220; max_height=&#8220;49px&#8220; max_height_tablet=&#8220;42px&#8220; max_height_phone=&#8220;&#8220; max_height_last_edited=&#8220;on|tablet&#8220; global_colors_info=&#8220;{}&#8220; height__hover_enabled=&#8220;off|desktop&#8220;][\/et_pb_image][\/et_pb_column][et_pb_column type=&#8220;1_2&#8243; _builder_version=&#8220;4.21.0&#8243; _module_preset=&#8220;default&#8220; global_colors_info=&#8220;{}&#8220;][et_pb_image src=&#8220;https:\/\/green-gate.eu\/wp-content\/uploads\/2025\/05\/logo-eu-cofounded-eng.png&#8220; title_text=&#8220;logo-eu-cofounded-eng&#8220; show_bottom_space=&#8220;off&#8220; _builder_version=&#8220;4.23&#8243; _module_preset=&#8220;default&#8220; max_width=&#8220;237px&#8220; max_width_tablet=&#8220;202px&#8220; max_width_phone=&#8220;148px&#8220; max_width_last_edited=&#8220;on|tablet&#8220; module_alignment=&#8220;center&#8220; max_height=&#8220;48px&#8220; max_height_tablet=&#8220;41px&#8220; max_height_phone=&#8220;&#8220; max_height_last_edited=&#8220;on|tablet&#8220; global_colors_info=&#8220;{}&#8220;][\/et_pb_image][\/et_pb_column][\/et_pb_row][et_pb_row column_structure=&#8220;1_3,1_3,1_3&#8243; use_custom_gutter=&#8220;on&#8220; gutter_width=&#8220;2&#8243; module_class=&#8220;three-col-tab&#8220; _builder_version=&#8220;4.23&#8243; _module_preset=&#8220;default&#8220; width=&#8220;auto&#8220; max_width=&#8220;1200px&#8220; custom_padding=&#8220;0px||0px||false|false&#8220; global_colors_info=&#8220;{}&#8220;][et_pb_column type=&#8220;1_3&#8243; _builder_version=&#8220;4.21.0&#8243; _module_preset=&#8220;default&#8220; global_colors_info=&#8220;{}&#8220;][et_pb_text _builder_version=&#8220;4.21.0&#8243; _module_preset=&#8220;f66cbda2-1e9c-41c9-9248-82aeab118d90&#8243; custom_margin=&#8220;0px||0px||false|false&#8220; custom_padding=&#8220;0px||0px||false|false&#8220; global_colors_info=&#8220;{}&#8220;]<\/p>\n<p><span>Projekt GreenGate (reg. \u010d. 2021-1-CZ01-KA220-ADU-000026171) a&nbsp;projekt GreenGate\u2082 (reg. \u010d.  <\/span><span>2023-2-CZ01-KA220-YOU-000174554) byly realizov\u00e1ny v&nbsp;r\u00e1mci programu Erasmus+ s&nbsp;finan\u010dn\u00ed podporou Evropsk\u00e9 unie.<\/span><\/p>\n<p>[\/et_pb_text][\/et_pb_column][et_pb_column type=&#8220;1_3&#8243; _builder_version=&#8220;4.21.0&#8243; _module_preset=&#8220;default&#8220; global_colors_info=&#8220;{}&#8220;][et_pb_text _builder_version=&#8220;4.21.0&#8243; _module_preset=&#8220;f66cbda2-1e9c-41c9-9248-82aeab118d90&#8243; global_colors_info=&#8220;{}&#8220;]<\/p>\n<p>Financov\u00e1no Evropskou uni\u00ed. Vyj\u00e1d\u0159en\u00e9 n\u00e1zory a&nbsp;stanoviska jsou v\u0161ak pouze n\u00e1zory autora (autor\u016f) a&nbsp;nemus\u00ed nutn\u011b odr\u00e1\u017eet n\u00e1zory a&nbsp;stanoviska Evropsk\u00e9 unie nebo Evropsk\u00e9 v\u00fdkonn\u00e9 agentury pro vzd\u011bl\u00e1v\u00e1n\u00ed a&nbsp;kulturu (EACEA). Evropsk\u00e1 unie ani agentura EACEA za n\u011b nemohou n\u00e9st odpov\u011bdnost.<\/p>\n<p>[\/et_pb_text][\/et_pb_column][et_pb_column type=&#8220;1_3&#8243; _builder_version=&#8220;4.21.0&#8243; _module_preset=&#8220;default&#8220; global_colors_info=&#8220;{}&#8220;][et_pb_text _builder_version=&#8220;4.21.0&#8243; _module_preset=&#8220;f66cbda2-1e9c-41c9-9248-82aeab118d90&#8243; global_colors_info=&#8220;{}&#8220;]<\/p>\n<p>Tato platforma se \u0159\u00edd\u00ed dohodou Creative Commons. Attribution-NonCommercial-NoDerivatives (CC BY-NC-ND) &#8211; https:\/\/creativecommons.org\/licenses\/by-nc-nd\/4.0\/<\/p>\n<p>[\/et_pb_text][\/et_pb_column][\/et_pb_row][\/et_pb_section]<\/p>\n","protected":false},"excerpt":{"rendered":"<p>Podporujeme v\u00e1s v&nbsp;informovan\u00e9 volb\u011b zdrav\u011bj\u0161\u00ed kosmetiky.Co je GreenGate\u2082? A&nbsp;pro\u010d dvojka? GreenGate\u2082 navazuje na prvn\u00ed projekt GreenGate, kter\u00fd se zam\u011b\u0159oval hlavn\u011b na rodi\u010de a&nbsp;rodiny. Druh\u00e1 verze posouv\u00e1 pozornost k&nbsp;mlad\u00fdm lidem a&nbsp;vzd\u011blavatel\u016fm \u2013 t\u011bm, kte\u0159\u00ed pr\u00e1v\u011b te\u010f formuj\u00ed sv\u00e9 n\u00e1kupn\u00ed n\u00e1vyky nebo p\u0159ed\u00e1vaj\u00ed informace d\u00e1l. V\u011b\u0159\u00edme, \u017ee ka\u017ed\u00fd m\u00e1 pr\u00e1vo v\u011bd\u011bt, co [&hellip;]<\/p>\n","protected":false},"author":1,"featured_media":0,"parent":0,"menu_order":0,"comment_status":"closed","ping_status":"closed","template":"","meta":{"_et_pb_use_builder":"on","_et_pb_old_content":"","_et_gb_content_width":"","_monsterinsights_skip_tracking":false,"_monsterinsights_sitenote_active":false,"_monsterinsights_sitenote_note":"","_monsterinsights_sitenote_category":0,"footnotes":""},"yoast_head":"<!-- This site is optimized with the Yoast SEO plugin v23.2 - https:\/\/yoast.com\/wordpress\/plugins\/seo\/ -->\n<title>GreenGate\u2082 - GreenGate<\/title>\n<meta name=\"robots\" content=\"index, follow, max-snippet:-1, max-image-preview:large, max-video-preview:-1\" \/>\n<link rel=\"canonical\" href=\"https:\/\/green-gate.eu\/cs\/greengate2\/\" \/>\n<meta property=\"og:locale\" content=\"cs_CZ\" \/>\n<meta property=\"og:type\" content=\"article\" \/>\n<meta property=\"og:title\" content=\"GreenGate\u2082 - GreenGate\" \/>\n<meta property=\"og:description\" content=\"Podporujeme v\u00e1s v informovan\u00e9 volb\u011b zdrav\u011bj\u0161\u00ed kosmetiky.Co je GreenGate\u2082? A pro\u010d dvojka? GreenGate\u2082 navazuje na prvn\u00ed projekt GreenGate, kter\u00fd se zam\u011b\u0159oval hlavn\u011b na rodi\u010de a rodiny. Druh\u00e1 verze posouv\u00e1 pozornost k mlad\u00fdm lidem a vzd\u011blavatel\u016fm \u2013 t\u011bm, kte\u0159\u00ed pr\u00e1v\u011b te\u010f formuj\u00ed sv\u00e9 n\u00e1kupn\u00ed n\u00e1vyky nebo p\u0159ed\u00e1vaj\u00ed informace d\u00e1l. V\u011b\u0159\u00edme, \u017ee ka\u017ed\u00fd m\u00e1 pr\u00e1vo v\u011bd\u011bt, co [&hellip;]\" \/>\n<meta property=\"og:url\" content=\"https:\/\/green-gate.eu\/cs\/greengate2\/\" \/>\n<meta property=\"og:site_name\" content=\"GreenGate\" \/>\n<meta property=\"article:modified_time\" content=\"2025-11-25T09:07:14+00:00\" \/>\n<meta name=\"twitter:card\" content=\"summary_large_image\" \/>\n<meta name=\"twitter:label1\" content=\"Odhadovan\u00e1 doba \u010dten\u00ed\" \/>\n\t<meta name=\"twitter:data1\" content=\"9 minut\" \/>\n<script type=\"application\/ld+json\" class=\"yoast-schema-graph\">{\"@context\":\"https:\/\/schema.org\",\"@graph\":[{\"@type\":\"WebPage\",\"@id\":\"https:\/\/green-gate.eu\/cs\/greengate2\/\",\"url\":\"https:\/\/green-gate.eu\/cs\/greengate2\/\",\"name\":\"GreenGate\u2082 - GreenGate\",\"isPartOf\":{\"@id\":\"https:\/\/green-gate.eu\/cs\/#website\"},\"datePublished\":\"2025-05-06T01:50:47+00:00\",\"dateModified\":\"2025-11-25T09:07:14+00:00\",\"breadcrumb\":{\"@id\":\"https:\/\/green-gate.eu\/cs\/greengate2\/#breadcrumb\"},\"inLanguage\":\"cs\",\"potentialAction\":[{\"@type\":\"ReadAction\",\"target\":[\"https:\/\/green-gate.eu\/cs\/greengate2\/\"]}]},{\"@type\":\"BreadcrumbList\",\"@id\":\"https:\/\/green-gate.eu\/cs\/greengate2\/#breadcrumb\",\"itemListElement\":[{\"@type\":\"ListItem\",\"position\":1,\"name\":\"Home\",\"item\":\"https:\/\/green-gate.eu\/cs\/\"},{\"@type\":\"ListItem\",\"position\":2,\"name\":\"GreenGate\u2082\"}]},{\"@type\":\"WebSite\",\"@id\":\"https:\/\/green-gate.eu\/cs\/#website\",\"url\":\"https:\/\/green-gate.eu\/cs\/\",\"name\":\"GreenGate\",\"description\":\"Learn how to create healthier beauty routines and debunk common myths.\",\"publisher\":{\"@id\":\"https:\/\/green-gate.eu\/cs\/#organization\"},\"potentialAction\":[{\"@type\":\"SearchAction\",\"target\":{\"@type\":\"EntryPoint\",\"urlTemplate\":\"https:\/\/green-gate.eu\/cs\/?s={search_term_string}\"},\"query-input\":\"required name=search_term_string\"}],\"inLanguage\":\"cs\"},{\"@type\":\"Organization\",\"@id\":\"https:\/\/green-gate.eu\/cs\/#organization\",\"name\":\"GreenGate\",\"url\":\"https:\/\/green-gate.eu\/cs\/\",\"logo\":{\"@type\":\"ImageObject\",\"inLanguage\":\"cs\",\"@id\":\"https:\/\/green-gate.eu\/cs\/#\/schema\/logo\/image\/\",\"url\":\"https:\/\/green-gate.eu\/wp-content\/uploads\/2023\/04\/brand.png\",\"contentUrl\":\"https:\/\/green-gate.eu\/wp-content\/uploads\/2023\/04\/brand.png\",\"width\":263,\"height\":108,\"caption\":\"GreenGate\"},\"image\":{\"@id\":\"https:\/\/green-gate.eu\/cs\/#\/schema\/logo\/image\/\"}}]}<\/script>\n<!-- \/ Yoast SEO plugin. -->","yoast_head_json":{"title":"GreenGate\u2082 - GreenGate","robots":{"index":"index","follow":"follow","max-snippet":"max-snippet:-1","max-image-preview":"max-image-preview:large","max-video-preview":"max-video-preview:-1"},"canonical":"https:\/\/green-gate.eu\/cs\/greengate2\/","og_locale":"cs_CZ","og_type":"article","og_title":"GreenGate\u2082 - GreenGate","og_description":"Podporujeme v\u00e1s v informovan\u00e9 volb\u011b zdrav\u011bj\u0161\u00ed kosmetiky.Co je GreenGate\u2082? A pro\u010d dvojka? GreenGate\u2082 navazuje na prvn\u00ed projekt GreenGate, kter\u00fd se zam\u011b\u0159oval hlavn\u011b na rodi\u010de a rodiny. Druh\u00e1 verze posouv\u00e1 pozornost k mlad\u00fdm lidem a vzd\u011blavatel\u016fm \u2013 t\u011bm, kte\u0159\u00ed pr\u00e1v\u011b te\u010f formuj\u00ed sv\u00e9 n\u00e1kupn\u00ed n\u00e1vyky nebo p\u0159ed\u00e1vaj\u00ed informace d\u00e1l. V\u011b\u0159\u00edme, \u017ee ka\u017ed\u00fd m\u00e1 pr\u00e1vo v\u011bd\u011bt, co [&hellip;]","og_url":"https:\/\/green-gate.eu\/cs\/greengate2\/","og_site_name":"GreenGate","article_modified_time":"2025-11-25T09:07:14+00:00","twitter_card":"summary_large_image","twitter_misc":{"Odhadovan\u00e1 doba \u010dten\u00ed":"9 minut"},"schema":{"@context":"https:\/\/schema.org","@graph":[{"@type":"WebPage","@id":"https:\/\/green-gate.eu\/cs\/greengate2\/","url":"https:\/\/green-gate.eu\/cs\/greengate2\/","name":"GreenGate\u2082 - GreenGate","isPartOf":{"@id":"https:\/\/green-gate.eu\/cs\/#website"},"datePublished":"2025-05-06T01:50:47+00:00","dateModified":"2025-11-25T09:07:14+00:00","breadcrumb":{"@id":"https:\/\/green-gate.eu\/cs\/greengate2\/#breadcrumb"},"inLanguage":"cs","potentialAction":[{"@type":"ReadAction","target":["https:\/\/green-gate.eu\/cs\/greengate2\/"]}]},{"@type":"BreadcrumbList","@id":"https:\/\/green-gate.eu\/cs\/greengate2\/#breadcrumb","itemListElement":[{"@type":"ListItem","position":1,"name":"Home","item":"https:\/\/green-gate.eu\/cs\/"},{"@type":"ListItem","position":2,"name":"GreenGate\u2082"}]},{"@type":"WebSite","@id":"https:\/\/green-gate.eu\/cs\/#website","url":"https:\/\/green-gate.eu\/cs\/","name":"GreenGate","description":"Learn how to create healthier beauty routines and debunk common myths.","publisher":{"@id":"https:\/\/green-gate.eu\/cs\/#organization"},"potentialAction":[{"@type":"SearchAction","target":{"@type":"EntryPoint","urlTemplate":"https:\/\/green-gate.eu\/cs\/?s={search_term_string}"},"query-input":"required name=search_term_string"}],"inLanguage":"cs"},{"@type":"Organization","@id":"https:\/\/green-gate.eu\/cs\/#organization","name":"GreenGate","url":"https:\/\/green-gate.eu\/cs\/","logo":{"@type":"ImageObject","inLanguage":"cs","@id":"https:\/\/green-gate.eu\/cs\/#\/schema\/logo\/image\/","url":"https:\/\/green-gate.eu\/wp-content\/uploads\/2023\/04\/brand.png","contentUrl":"https:\/\/green-gate.eu\/wp-content\/uploads\/2023\/04\/brand.png","width":263,"height":108,"caption":"GreenGate"},"image":{"@id":"https:\/\/green-gate.eu\/cs\/#\/schema\/logo\/image\/"}}]}},"jetpack_sharing_enabled":true,"_links":{"self":[{"href":"https:\/\/green-gate.eu\/cs\/wp-json\/wp\/v2\/pages\/21906"}],"collection":[{"href":"https:\/\/green-gate.eu\/cs\/wp-json\/wp\/v2\/pages"}],"about":[{"href":"https:\/\/green-gate.eu\/cs\/wp-json\/wp\/v2\/types\/page"}],"author":[{"embeddable":true,"href":"https:\/\/green-gate.eu\/cs\/wp-json\/wp\/v2\/users\/1"}],"replies":[{"embeddable":true,"href":"https:\/\/green-gate.eu\/cs\/wp-json\/wp\/v2\/comments?post=21906"}],"version-history":[{"count":38,"href":"https:\/\/green-gate.eu\/cs\/wp-json\/wp\/v2\/pages\/21906\/revisions"}],"predecessor-version":[{"id":24145,"href":"https:\/\/green-gate.eu\/cs\/wp-json\/wp\/v2\/pages\/21906\/revisions\/24145"}],"wp:attachment":[{"href":"https:\/\/green-gate.eu\/cs\/wp-json\/wp\/v2\/media?parent=21906"}],"curies":[{"name":"wp","href":"https:\/\/api.w.org\/{rel}","templated":true}]}}