{"id":20092,"date":"2024-04-13T15:57:28","date_gmt":"2024-04-13T13:57:28","guid":{"rendered":"https:\/\/green-gate.eu\/zasady-ochrany-osobnich-udaju-pro-app-greenscan\/"},"modified":"2024-04-13T16:19:57","modified_gmt":"2024-04-13T14:19:57","slug":"zasady-ochrany-osobnich-udaju-pro-app-greenscan","status":"publish","type":"page","link":"https:\/\/green-gate.eu\/cs\/zasady-ochrany-osobnich-udaju-pro-app-greenscan\/","title":{"rendered":"Z\u00e1sady ochrany osobn\u00edch \u00fadaj\u016f pro app GreenScan"},"content":{"rendered":"<p>[et_pb_section fb_built=&#8220;1&#8243; _builder_version=&#8220;4.21.0&#8243; _module_preset=&#8220;14e305e4-ab41-40ea-aebe-d74a9fedeebd&#8220; global_colors_info=&#8220;{}&#8220;][et_pb_row _builder_version=&#8220;4.21.0&#8243; _module_preset=&#8220;2a4d44be-60db-4bc2-b91a-901c0251e68c&#8220; global_colors_info=&#8220;{}&#8220;][et_pb_column type=&#8220;4_4&#8243; _builder_version=&#8220;4.21.0&#8243; _module_preset=&#8220;default&#8220; global_colors_info=&#8220;{}&#8220;][et_pb_text _builder_version=&#8220;4.23&#8243; _module_preset=&#8220;c9826d58-1a4e-4f9d-b75b-1a50233074a3&#8243; hover_enabled=&#8220;0&#8243; global_colors_info=&#8220;{}&#8220; sticky_enabled=&#8220;0&#8243;]<\/p>\n<p>Z\u00e1sady ochrany osobn\u00edch \u00fadaj\u016f pro app GreenScan<\/p>\n<p>[\/et_pb_text][\/et_pb_column][\/et_pb_row][et_pb_row _builder_version=&#8220;4.21.0&#8243; _module_preset=&#8220;00b9a908-9d8a-4f83-8552-e1abcb372e40&#8243; global_colors_info=&#8220;{}&#8220;][et_pb_column type=&#8220;4_4&#8243; _builder_version=&#8220;4.21.0&#8243; _module_preset=&#8220;default&#8220; global_colors_info=&#8220;{}&#8220;][et_pb_text _builder_version=&#8220;4.23&#8243; _module_preset=&#8220;1f1ac656-3431-472b-b627-10123e56f24a&#8220; hover_enabled=&#8220;0&#8243; global_colors_info=&#8220;{}&#8220; sticky_enabled=&#8220;0&#8243;]<\/p>\n<h3>\u00davod<\/h3>\n<p>V\u00edtejte v&nbsp;mobiln\u00ed aplikaci GreenScan, kter\u00e1 v\u00e1m pom\u00e1h\u00e1 s&nbsp;hodnocen\u00edm slo\u017een\u00ed kosmetiky a&nbsp;dal\u0161\u00edch produkt\u016f. GreenScan s.r.o. se zavazuje k&nbsp;ochran\u011b va\u0161eho soukrom\u00ed a&nbsp;bezpe\u010dnosti va\u0161ich informac\u00ed. Tato Z\u00e1sady ochrany osobn\u00edch \u00fadaj\u016f vysv\u011btluj\u00ed, jak zach\u00e1z\u00edme s&nbsp;va\u0161imi \u00fadaji a&nbsp;jak chr\u00e1n\u00edme va\u0161i d\u016fv\u011brnost. GreenScan Ltd. is committed to protecting your privacy and the security of your information. These Privacy Policy explains how we handle your data and safeguard your confidentiality.  <\/p>\n<h3>Shroma\u017e\u010fovan\u00e9 \u00fadaje<\/h3>\n<p>Mobiln\u00ed aplikace GreenScan nepo\u017eaduje od u\u017eivatel\u016f \u017e\u00e1dn\u00e9 osobn\u00ed \u00fadaje a&nbsp;nep\u0159ij\u00edm\u00e1 \u017e\u00e1dn\u00e9 informace, jako jsou emailov\u00e9 adresy nebo jm\u00e9na, p\u0159\u00edmo do aplikace. Pokud se v\u0161ak u\u017eivatel\u00e9 registruj\u00ed prost\u0159ednictv\u00edm slu\u017eeb Google Play nebo App Store, tyto platformy mohou shroma\u017e\u010fovat ur\u010dit\u00e9 informace v&nbsp;souladu se sv\u00fdmi vlastn\u00edmi Z\u00e1sadami ochrany osobn\u00edch \u00fadaj\u016f. Aplikace GreenScan m\u016f\u017ee shroma\u017e\u010fovat anonymn\u00ed statistick\u00e9 \u00fadaje o&nbsp;pou\u017e\u00edv\u00e1n\u00ed za \u00fa\u010delem zlep\u0161en\u00ed u\u017eivatelsk\u00e9ho z\u00e1\u017eitku a&nbsp;kvality slu\u017eeb. However, if users register through Google Play or the App Store, these platforms may collect certain information in&nbsp;accordance with their own Privacy Policies. The GreenScan application may collect anonymous statistical data about usage for the purpose of improving user experience and service quality.  <\/p>\n<h3>Pou\u017eit\u00ed shroma\u017e\u010fovan\u00fdch \u00fadaj\u016f<\/h3>\n<p>Shroma\u017e\u010fovan\u00e9 anonymn\u00ed statistick\u00e9 \u00fadaje o&nbsp;pou\u017e\u00edv\u00e1n\u00ed aplikace jsou pou\u017e\u00edv\u00e1ny v\u00fdhradn\u011b pro intern\u00ed \u00fa\u010dely spole\u010dnosti GreenScan s.r.o. Tyto \u00fadaje n\u00e1m pom\u00e1haj\u00ed l\u00e9pe porozum\u011bt pot\u0159eb\u00e1m na\u0161ich u\u017eivatel\u016f a&nbsp;zlep\u0161ovat na\u0161i mobiln\u00ed aplikaci. <\/p>\n<h3>Sd\u00edlen\u00ed \u00fadaj\u016f s&nbsp;t\u0159et\u00edmi stranami<\/h3>\n<p>Spole\u010dnost GreenScan s.r.o. neposkytuje \u017e\u00e1dn\u00e9 osobn\u00ed \u00fadaje t\u0159et\u00edm stran\u00e1m bez v\u00fdslovn\u00e9ho souhlasu u\u017eivatele nebo pokud to nen\u00ed vy\u017eadov\u00e1no z\u00e1konem. Aplikace GreenScan nepo\u017eaduje ani nez\u00edsk\u00e1v\u00e1 \u017e\u00e1dn\u00e9 osobn\u00ed \u00fadaje od t\u0159et\u00edch stran, jako jsou Google nebo Apple. <\/p>\n<h3>Jak je to s&nbsp;daty mimo Evropskou unii (EU)?<\/h3>\n<p>P\u016fsob\u00ed prim\u00e1rn\u011b v&nbsp;\u010cesk\u00e9 a&nbsp;Slovensk\u00e9 republice, Slovinsku a&nbsp;p\u0159\u00edpadn\u011b i&nbsp;v&nbsp;dal\u0161\u00edch zem\u00edch Evropsk\u00e9 unie. Nesd\u00edl\u00edme \u017e\u00e1dn\u00e9 osobn\u00ed \u00fadaje mimo Evropskou unii (EU). Pokud m\u00e1te jak\u00e9koliv dotazy ohledn\u011b p\u0159ed\u00e1v\u00e1n\u00ed osobn\u00edch \u00fadaj\u016f, nev\u00e1hejte n\u00e1s kontaktovat <a href=\"mailto:info@greenscan.cz\">info@greenscan.cz<\/a>.  <\/p>\n<h3>Respekt k&nbsp;ochran\u011b soukrom\u00ed mlad\u0161\u00edch u\u017eivatel\u016f<\/h3>\n<p>Nepo\u017eadujeme ani nez\u00edsk\u00e1v\u00e1me \u017e\u00e1dn\u00e9 \u00fadaje od osob mlad\u0161\u00edch 18 let. Pokud si mysl\u00edte, \u017ee va\u0161e osobn\u00ed \u00fadaje nebo \u00fadaje o&nbsp;va\u0161ich d\u011btech mlad\u0161\u00edch 18 let mohou b\u00fdt n\u011bjak\u00fdm zp\u016fsobem zaznamen\u00e1ny na\u0161\u00ed aplikac\u00ed, pros\u00edm, kontaktujte n\u00e1s. <\/p>\n<h3>Zabezpe\u010den\u00ed \u00fadaj\u016f<\/h3>\n<p>I p\u0159esto, \u017ee aplikace GreenScan nepo\u017eaduje od u\u017eivatel\u016f \u017e\u00e1dn\u00e9 osobn\u00ed \u00fadaje, db\u00e1me na ochranu soukrom\u00ed a&nbsp;d\u016fv\u011brnosti va\u0161ich informac\u00ed. Pou\u017e\u00edv\u00e1me b\u011b\u017en\u011b pou\u017e\u00edvan\u00e9 technologie a&nbsp;postupy pro zaji\u0161t\u011bn\u00ed bezpe\u010dnosti dat. <\/p>\n<h3>Kontaktujte n\u00e1s<\/h3>\n<p>Pokud m\u00e1te jak\u00e9koli dotazy ohledn\u011b aplikace GreenScan nebo pou\u017e\u00edv\u00e1n\u00ed slu\u017eby, nev\u00e1hejte n\u00e1s kontaktovat na adrese <a href=\"mailto:%20info@greenscan.cz\">info@greenscan.cz<\/a>.<\/p>\n<h3>Zm\u011bny v&nbsp;Z\u00e1sad\u00e1ch ochrany osobn\u00edch \u00fadaj\u016f<\/h3>\n<p>Tato verze Z\u00e1sad ochrany osobn\u00edch \u00fadaj\u016f byla naposledy aktualizov\u00e1na dne 12.&nbsp;4.&nbsp;2024. Z\u00e1sady mohou b\u00fdt pravideln\u011b aktualizov\u00e1ny v&nbsp;souladu s&nbsp;na\u0161imi provozn\u00edmi postupy nebo zm\u011bnami pr\u00e1vn\u00edch p\u0159edpis\u016f. Aktualizace Z\u00e1sad budou zve\u0159ejn\u011bny na na\u0161ich webov\u00fdch str\u00e1nk\u00e1ch <a href=\"https:\/\/green-gate.eu\/cs\/\">https:\/\/green-gate.eu\/<\/a>.  <\/p>\n<p>D\u011bkujeme za pou\u017e\u00edv\u00e1n\u00ed mobiln\u00ed aplikace GreenScan \ud83d\ude09<\/p>\n<p>[\/et_pb_text][\/et_pb_column][\/et_pb_row][\/et_pb_section][et_pb_section fb_built=&#8220;1&#8243; custom_padding_last_edited=&#8220;on|tablet&#8220; admin_label=&#8220;EU Logolink Section&#8220; _builder_version=&#8220;4.21.0&#8243; _module_preset=&#8220;default&#8220; background_color=&#8220;#F1F1F1&#8243; custom_padding=&#8220;80px|48px|80px|48px|true|true&#8220; custom_padding_tablet=&#8220;60px||60px||true|true&#8220; custom_padding_phone=&#8220;60px|6%|60px|6%|true|true&#8220; global_module=&#8220;6149&#8243; global_colors_info=&#8220;{}&#8220;][et_pb_row column_structure=&#8220;1_2,1_2&#8243; custom_padding_last_edited=&#8220;on|tablet&#8220; module_class=&#8220;two-col-tab two-col-mob&#8220; _builder_version=&#8220;4.21.0&#8243; _module_preset=&#8220;default&#8220; width=&#8220;auto&#8220; max_width=&#8220;660px&#8220; max_width_tablet=&#8220;600px&#8220; max_width_phone=&#8220;460px&#8220; max_width_last_edited=&#8220;on|tablet&#8220; custom_padding=&#8220;0px||40px||false|false&#8220; custom_padding_tablet=&#8220;0px||32px||false|false&#8220; custom_padding_phone=&#8220;||32px||false|false&#8220; global_colors_info=&#8220;{}&#8220;][et_pb_column type=&#8220;1_2&#8243; _builder_version=&#8220;4.21.0&#8243; _module_preset=&#8220;default&#8220; custom_padding=&#8220;||||false|false&#8220; global_colors_info=&#8220;{}&#8220;][et_pb_image src=&#8220;https:\/\/green-gate.eu\/wp-content\/uploads\/2023\/08\/logo-erasmus.png&#8220; title_text=&#8220;logo-erasmus&#8220; _builder_version=&#8220;4.21.0&#8243; _module_preset=&#8220;default&#8220; max_width=&#8220;240px&#8220; max_width_tablet=&#8220;206px&#8220; max_width_phone=&#8220;147px&#8220; max_width_last_edited=&#8220;on|tablet&#8220; module_alignment=&#8220;center&#8220; height_last_edited=&#8220;off|tablet&#8220; max_height=&#8220;49px&#8220; max_height_tablet=&#8220;42px&#8220; max_height_phone=&#8220;&#8220; max_height_last_edited=&#8220;on|tablet&#8220; global_colors_info=&#8220;{}&#8220; height__hover_enabled=&#8220;off|desktop&#8220;][\/et_pb_image][\/et_pb_column][et_pb_column type=&#8220;1_2&#8243; _builder_version=&#8220;4.21.0&#8243; _module_preset=&#8220;default&#8220; global_colors_info=&#8220;{}&#8220;][et_pb_image src=&#8220;https:\/\/green-gate.eu\/wp-content\/uploads\/2023\/08\/logo-eu.png&#8220; title_text=&#8220;logo-eu&#8220; show_bottom_space=&#8220;off&#8220; _builder_version=&#8220;4.21.0&#8243; _module_preset=&#8220;default&#8220; max_width=&#8220;237px&#8220; max_width_tablet=&#8220;202px&#8220; max_width_phone=&#8220;148px&#8220; max_width_last_edited=&#8220;on|tablet&#8220; module_alignment=&#8220;center&#8220; max_height=&#8220;48px&#8220; max_height_tablet=&#8220;41px&#8220; max_height_phone=&#8220;&#8220; max_height_last_edited=&#8220;on|tablet&#8220; global_colors_info=&#8220;{}&#8220;][\/et_pb_image][\/et_pb_column][\/et_pb_row][et_pb_row column_structure=&#8220;1_3,1_3,1_3&#8243; use_custom_gutter=&#8220;on&#8220; gutter_width=&#8220;2&#8243; module_class=&#8220;three-col-tab&#8220; _builder_version=&#8220;4.21.0&#8243; _module_preset=&#8220;default&#8220; width=&#8220;auto&#8220; max_width=&#8220;1200px&#8220; custom_padding=&#8220;0px||0px||false|false&#8220; global_colors_info=&#8220;{}&#8220;][et_pb_column type=&#8220;1_3&#8243; _builder_version=&#8220;4.21.0&#8243; _module_preset=&#8220;default&#8220; global_colors_info=&#8220;{}&#8220;][et_pb_text _builder_version=&#8220;4.21.0&#8243; _module_preset=&#8220;f66cbda2-1e9c-41c9-9248-82aeab118d90&#8243; custom_margin=&#8220;0px||0px||false|false&#8220; custom_padding=&#8220;0px||0px||false|false&#8220; global_colors_info=&#8220;{}&#8220;]<\/p>\n<p>Projekt GreenGate byl realizov\u00e1n v&nbsp;r\u00e1mci programu Erasmus+ KA220-ADU &#8211; Partnerstv\u00ed pro spolupr\u00e1ci ve vzd\u011bl\u00e1v\u00e1n\u00ed dosp\u011bl\u00fdch s&nbsp;finan\u010dn\u00ed podporou EU.<\/p>\n<p>[\/et_pb_text][\/et_pb_column][et_pb_column type=&#8220;1_3&#8243; _builder_version=&#8220;4.21.0&#8243; _module_preset=&#8220;default&#8220; global_colors_info=&#8220;{}&#8220;][et_pb_text _builder_version=&#8220;4.21.0&#8243; _module_preset=&#8220;f66cbda2-1e9c-41c9-9248-82aeab118d90&#8243; global_colors_info=&#8220;{}&#8220;]<\/p>\n<p>Financov\u00e1no Evropskou uni\u00ed. Vyj\u00e1d\u0159en\u00e9 n\u00e1zory a&nbsp;stanoviska jsou v\u0161ak pouze n\u00e1zory autora (autor\u016f) a&nbsp;nemus\u00ed nutn\u011b odr\u00e1\u017eet n\u00e1zory a&nbsp;stanoviska Evropsk\u00e9 unie nebo Evropsk\u00e9 v\u00fdkonn\u00e9 agentury pro vzd\u011bl\u00e1v\u00e1n\u00ed a&nbsp;kulturu (EACEA). Evropsk\u00e1 unie ani agentura EACEA za n\u011b nemohou n\u00e9st odpov\u011bdnost.<\/p>\n<p>[\/et_pb_text][\/et_pb_column][et_pb_column type=&#8220;1_3&#8243; _builder_version=&#8220;4.21.0&#8243; _module_preset=&#8220;default&#8220; global_colors_info=&#8220;{}&#8220;][et_pb_text _builder_version=&#8220;4.21.0&#8243; _module_preset=&#8220;f66cbda2-1e9c-41c9-9248-82aeab118d90&#8243; global_colors_info=&#8220;{}&#8220;]<\/p>\n<p>Tato platforma se \u0159\u00edd\u00ed dohodou Creative Commons. Attribution-NonCommercial-NoDerivatives (CC BY-NC-ND) &#8211; https:\/\/creativecommons.org\/licenses\/by-nc-nd\/4.0\/<\/p>\n<p>[\/et_pb_text][\/et_pb_column][\/et_pb_row][\/et_pb_section]<\/p>\n","protected":false},"excerpt":{"rendered":"<p>Z\u00e1sady ochrany osobn\u00edch \u00fadaj\u016f pro app GreenScan\u00davod V\u00edtejte v&nbsp;mobiln\u00ed aplikaci GreenScan, kter\u00e1 v\u00e1m pom\u00e1h\u00e1 s&nbsp;hodnocen\u00edm slo\u017een\u00ed kosmetiky a&nbsp;dal\u0161\u00edch produkt\u016f. GreenScan s.r.o. se zavazuje k&nbsp;ochran\u011b va\u0161eho soukrom\u00ed a&nbsp;bezpe\u010dnosti va\u0161ich informac\u00ed. Tato Z\u00e1sady ochrany osobn\u00edch \u00fadaj\u016f vysv\u011btluj\u00ed, jak zach\u00e1z\u00edme s&nbsp;va\u0161imi \u00fadaji a&nbsp;jak chr\u00e1n\u00edme va\u0161i d\u016fv\u011brnost. GreenScan Ltd. is committed to [&hellip;]<\/p>\n","protected":false},"author":1,"featured_media":0,"parent":0,"menu_order":0,"comment_status":"closed","ping_status":"closed","template":"","meta":{"_et_pb_use_builder":"on","_et_pb_old_content":"","_et_gb_content_width":"","_monsterinsights_skip_tracking":false,"_monsterinsights_sitenote_active":false,"_monsterinsights_sitenote_note":"","_monsterinsights_sitenote_category":0,"footnotes":""},"yoast_head":"<!-- This site is optimized with the Yoast SEO plugin v23.2 - https:\/\/yoast.com\/wordpress\/plugins\/seo\/ -->\n<title>Z\u00e1sady ochrany osobn\u00edch \u00fadaj\u016f pro app GreenScan - GreenGate<\/title>\n<meta name=\"robots\" content=\"index, follow, max-snippet:-1, max-image-preview:large, max-video-preview:-1\" \/>\n<link rel=\"canonical\" href=\"https:\/\/green-gate.eu\/cs\/zasady-ochrany-osobnich-udaju-pro-app-greenscan\/\" \/>\n<meta property=\"og:locale\" content=\"cs_CZ\" \/>\n<meta property=\"og:type\" content=\"article\" \/>\n<meta property=\"og:title\" content=\"Z\u00e1sady ochrany osobn\u00edch \u00fadaj\u016f pro app GreenScan - GreenGate\" \/>\n<meta property=\"og:description\" content=\"Z\u00e1sady ochrany osobn\u00edch \u00fadaj\u016f pro app GreenScan\u00davod V\u00edtejte v mobiln\u00ed aplikaci GreenScan, kter\u00e1 v\u00e1m pom\u00e1h\u00e1 s hodnocen\u00edm slo\u017een\u00ed kosmetiky a dal\u0161\u00edch produkt\u016f. GreenScan s.r.o. se zavazuje k ochran\u011b va\u0161eho soukrom\u00ed a bezpe\u010dnosti va\u0161ich informac\u00ed. Tato Z\u00e1sady ochrany osobn\u00edch \u00fadaj\u016f vysv\u011btluj\u00ed, jak zach\u00e1z\u00edme s va\u0161imi \u00fadaji a jak chr\u00e1n\u00edme va\u0161i d\u016fv\u011brnost. GreenScan Ltd. is committed to [&hellip;]\" \/>\n<meta property=\"og:url\" content=\"https:\/\/green-gate.eu\/cs\/zasady-ochrany-osobnich-udaju-pro-app-greenscan\/\" \/>\n<meta property=\"og:site_name\" content=\"GreenGate\" \/>\n<meta property=\"article:modified_time\" content=\"2024-04-13T14:19:57+00:00\" \/>\n<meta name=\"twitter:card\" content=\"summary_large_image\" \/>\n<meta name=\"twitter:label1\" content=\"Odhadovan\u00e1 doba \u010dten\u00ed\" \/>\n\t<meta name=\"twitter:data1\" content=\"7 minut\" \/>\n<script type=\"application\/ld+json\" class=\"yoast-schema-graph\">{\"@context\":\"https:\/\/schema.org\",\"@graph\":[{\"@type\":\"WebPage\",\"@id\":\"https:\/\/green-gate.eu\/cs\/zasady-ochrany-osobnich-udaju-pro-app-greenscan\/\",\"url\":\"https:\/\/green-gate.eu\/cs\/zasady-ochrany-osobnich-udaju-pro-app-greenscan\/\",\"name\":\"Z\u00e1sady ochrany osobn\u00edch \u00fadaj\u016f pro app GreenScan - GreenGate\",\"isPartOf\":{\"@id\":\"https:\/\/green-gate.eu\/cs\/#website\"},\"datePublished\":\"2024-04-13T13:57:28+00:00\",\"dateModified\":\"2024-04-13T14:19:57+00:00\",\"breadcrumb\":{\"@id\":\"https:\/\/green-gate.eu\/cs\/zasady-ochrany-osobnich-udaju-pro-app-greenscan\/#breadcrumb\"},\"inLanguage\":\"cs\",\"potentialAction\":[{\"@type\":\"ReadAction\",\"target\":[\"https:\/\/green-gate.eu\/cs\/zasady-ochrany-osobnich-udaju-pro-app-greenscan\/\"]}]},{\"@type\":\"BreadcrumbList\",\"@id\":\"https:\/\/green-gate.eu\/cs\/zasady-ochrany-osobnich-udaju-pro-app-greenscan\/#breadcrumb\",\"itemListElement\":[{\"@type\":\"ListItem\",\"position\":1,\"name\":\"Home\",\"item\":\"https:\/\/green-gate.eu\/cs\/\"},{\"@type\":\"ListItem\",\"position\":2,\"name\":\"Z\u00e1sady ochrany osobn\u00edch \u00fadaj\u016f pro app GreenScan\"}]},{\"@type\":\"WebSite\",\"@id\":\"https:\/\/green-gate.eu\/cs\/#website\",\"url\":\"https:\/\/green-gate.eu\/cs\/\",\"name\":\"GreenGate\",\"description\":\"Learn how to create healthier beauty routines and debunk common myths.\",\"publisher\":{\"@id\":\"https:\/\/green-gate.eu\/cs\/#organization\"},\"potentialAction\":[{\"@type\":\"SearchAction\",\"target\":{\"@type\":\"EntryPoint\",\"urlTemplate\":\"https:\/\/green-gate.eu\/cs\/?s={search_term_string}\"},\"query-input\":\"required name=search_term_string\"}],\"inLanguage\":\"cs\"},{\"@type\":\"Organization\",\"@id\":\"https:\/\/green-gate.eu\/cs\/#organization\",\"name\":\"GreenGate\",\"url\":\"https:\/\/green-gate.eu\/cs\/\",\"logo\":{\"@type\":\"ImageObject\",\"inLanguage\":\"cs\",\"@id\":\"https:\/\/green-gate.eu\/cs\/#\/schema\/logo\/image\/\",\"url\":\"https:\/\/green-gate.eu\/wp-content\/uploads\/2023\/04\/brand.png\",\"contentUrl\":\"https:\/\/green-gate.eu\/wp-content\/uploads\/2023\/04\/brand.png\",\"width\":263,\"height\":108,\"caption\":\"GreenGate\"},\"image\":{\"@id\":\"https:\/\/green-gate.eu\/cs\/#\/schema\/logo\/image\/\"}}]}<\/script>\n<!-- \/ Yoast SEO plugin. -->","yoast_head_json":{"title":"Z\u00e1sady ochrany osobn\u00edch \u00fadaj\u016f pro app GreenScan - GreenGate","robots":{"index":"index","follow":"follow","max-snippet":"max-snippet:-1","max-image-preview":"max-image-preview:large","max-video-preview":"max-video-preview:-1"},"canonical":"https:\/\/green-gate.eu\/cs\/zasady-ochrany-osobnich-udaju-pro-app-greenscan\/","og_locale":"cs_CZ","og_type":"article","og_title":"Z\u00e1sady ochrany osobn\u00edch \u00fadaj\u016f pro app GreenScan - GreenGate","og_description":"Z\u00e1sady ochrany osobn\u00edch \u00fadaj\u016f pro app GreenScan\u00davod V\u00edtejte v mobiln\u00ed aplikaci GreenScan, kter\u00e1 v\u00e1m pom\u00e1h\u00e1 s hodnocen\u00edm slo\u017een\u00ed kosmetiky a dal\u0161\u00edch produkt\u016f. GreenScan s.r.o. se zavazuje k ochran\u011b va\u0161eho soukrom\u00ed a bezpe\u010dnosti va\u0161ich informac\u00ed. Tato Z\u00e1sady ochrany osobn\u00edch \u00fadaj\u016f vysv\u011btluj\u00ed, jak zach\u00e1z\u00edme s va\u0161imi \u00fadaji a jak chr\u00e1n\u00edme va\u0161i d\u016fv\u011brnost. GreenScan Ltd. is committed to [&hellip;]","og_url":"https:\/\/green-gate.eu\/cs\/zasady-ochrany-osobnich-udaju-pro-app-greenscan\/","og_site_name":"GreenGate","article_modified_time":"2024-04-13T14:19:57+00:00","twitter_card":"summary_large_image","twitter_misc":{"Odhadovan\u00e1 doba \u010dten\u00ed":"7 minut"},"schema":{"@context":"https:\/\/schema.org","@graph":[{"@type":"WebPage","@id":"https:\/\/green-gate.eu\/cs\/zasady-ochrany-osobnich-udaju-pro-app-greenscan\/","url":"https:\/\/green-gate.eu\/cs\/zasady-ochrany-osobnich-udaju-pro-app-greenscan\/","name":"Z\u00e1sady ochrany osobn\u00edch \u00fadaj\u016f pro app GreenScan - GreenGate","isPartOf":{"@id":"https:\/\/green-gate.eu\/cs\/#website"},"datePublished":"2024-04-13T13:57:28+00:00","dateModified":"2024-04-13T14:19:57+00:00","breadcrumb":{"@id":"https:\/\/green-gate.eu\/cs\/zasady-ochrany-osobnich-udaju-pro-app-greenscan\/#breadcrumb"},"inLanguage":"cs","potentialAction":[{"@type":"ReadAction","target":["https:\/\/green-gate.eu\/cs\/zasady-ochrany-osobnich-udaju-pro-app-greenscan\/"]}]},{"@type":"BreadcrumbList","@id":"https:\/\/green-gate.eu\/cs\/zasady-ochrany-osobnich-udaju-pro-app-greenscan\/#breadcrumb","itemListElement":[{"@type":"ListItem","position":1,"name":"Home","item":"https:\/\/green-gate.eu\/cs\/"},{"@type":"ListItem","position":2,"name":"Z\u00e1sady ochrany osobn\u00edch \u00fadaj\u016f pro app GreenScan"}]},{"@type":"WebSite","@id":"https:\/\/green-gate.eu\/cs\/#website","url":"https:\/\/green-gate.eu\/cs\/","name":"GreenGate","description":"Learn how to create healthier beauty routines and debunk common myths.","publisher":{"@id":"https:\/\/green-gate.eu\/cs\/#organization"},"potentialAction":[{"@type":"SearchAction","target":{"@type":"EntryPoint","urlTemplate":"https:\/\/green-gate.eu\/cs\/?s={search_term_string}"},"query-input":"required name=search_term_string"}],"inLanguage":"cs"},{"@type":"Organization","@id":"https:\/\/green-gate.eu\/cs\/#organization","name":"GreenGate","url":"https:\/\/green-gate.eu\/cs\/","logo":{"@type":"ImageObject","inLanguage":"cs","@id":"https:\/\/green-gate.eu\/cs\/#\/schema\/logo\/image\/","url":"https:\/\/green-gate.eu\/wp-content\/uploads\/2023\/04\/brand.png","contentUrl":"https:\/\/green-gate.eu\/wp-content\/uploads\/2023\/04\/brand.png","width":263,"height":108,"caption":"GreenGate"},"image":{"@id":"https:\/\/green-gate.eu\/cs\/#\/schema\/logo\/image\/"}}]}},"jetpack_sharing_enabled":true,"_links":{"self":[{"href":"https:\/\/green-gate.eu\/cs\/wp-json\/wp\/v2\/pages\/20092"}],"collection":[{"href":"https:\/\/green-gate.eu\/cs\/wp-json\/wp\/v2\/pages"}],"about":[{"href":"https:\/\/green-gate.eu\/cs\/wp-json\/wp\/v2\/types\/page"}],"author":[{"embeddable":true,"href":"https:\/\/green-gate.eu\/cs\/wp-json\/wp\/v2\/users\/1"}],"replies":[{"embeddable":true,"href":"https:\/\/green-gate.eu\/cs\/wp-json\/wp\/v2\/comments?post=20092"}],"version-history":[{"count":2,"href":"https:\/\/green-gate.eu\/cs\/wp-json\/wp\/v2\/pages\/20092\/revisions"}],"predecessor-version":[{"id":20094,"href":"https:\/\/green-gate.eu\/cs\/wp-json\/wp\/v2\/pages\/20092\/revisions\/20094"}],"wp:attachment":[{"href":"https:\/\/green-gate.eu\/cs\/wp-json\/wp\/v2\/media?parent=20092"}],"curies":[{"name":"wp","href":"https:\/\/api.w.org\/{rel}","templated":true}]}}