{"id":11427,"date":"2023-04-21T03:26:47","date_gmt":"2023-04-21T01:26:47","guid":{"rendered":"https:\/\/green-gate.eu\/kviz-uvod\/quiz-1-3\/"},"modified":"2023-11-28T21:17:41","modified_gmt":"2023-11-28T20:17:41","slug":"quiz-1-3","status":"publish","type":"page","link":"https:\/\/green-gate.eu\/cs\/kviz-uvod\/quiz-1-3\/","title":{"rendered":"Quiz\u20131-3"},"content":{"rendered":"<p>[et_pb_section fb_built=&#8220;1&#8243; _builder_version=&#8220;4.20.4&#8243; _module_preset=&#8220;7724dba6-47f0-446b-a58e-150eeb9e2b3b&#8220; saved_tabs=&#8220;all&#8220; global_colors_info=&#8220;{}&#8220;][et_pb_row _builder_version=&#8220;4.20.4&#8243; _module_preset=&#8220;78fbb1f6-8016-4093-a4cb-bd7bb68612fc&#8220; global_colors_info=&#8220;{}&#8220;][et_pb_column type=&#8220;4_4&#8243; _builder_version=&#8220;4.20.2&#8243; _module_preset=&#8220;default&#8220; global_colors_info=&#8220;{}&#8220;][et_pb_icon font_icon=&#8220;&#x23;||divi||400&#8243; url=&#8220;@ET-DC@eyJkeW5hbWljIjp0cnVlLCJjb250ZW50IjoicG9zdF9saW5rX3VybF9wYWdlIiwic2V0dGluZ3MiOnsicG9zdF9pZCI6IjQ4NTYifX0=@&#8220; icon_width_tablet=&#8220;44px&#8220; icon_width_phone=&#8220;40px&#8220; icon_width_last_edited=&#8220;on|phone&#8220; admin_label=&#8220;Quiz Back Button&#8220; _builder_version=&#8220;4.21.0&#8243; _dynamic_attributes=&#8220;url&#8220; _module_preset=&#8220;a4c69888-8e44-4fe2-87d4-98ea2edf7f8e&#8220; global_module=&#8220;5199&#8243; locked=&#8220;off&#8220; global_colors_info=&#8220;{}&#8220;][\/et_pb_icon][et_pb_text _builder_version=&#8220;4.20.4&#8243; _module_preset=&#8220;45cce019-dc17-4bbf-9b7f-a2050de8856f&#8220; global_colors_info=&#8220;{}&#8220;]P\u0159izp\u016fsobte si svou vzd\u011bl\u00e1vac\u00ed&nbsp;cestu[\/et_pb_text][\/et_pb_column][\/et_pb_row][et_pb_row _builder_version=&#8220;4.20.4&#8243; _module_preset=&#8220;27c709ff-7c8e-4a77-b92a-983578d86890&#8243; global_colors_info=&#8220;{}&#8220; custom_margin__hover_enabled=&#8220;off|desktop&#8220;][et_pb_column type=&#8220;4_4&#8243; _builder_version=&#8220;4.20.2&#8243; _module_preset=&#8220;default&#8220; global_colors_info=&#8220;{}&#8220;][et_pb_image src=&#8220;https:\/\/green-gate.eu\/wp-content\/uploads\/2023\/04\/progress-3.png&#8220; title_text=&#8220;progress-3&#8243; _builder_version=&#8220;4.20.4&#8243; _module_preset=&#8220;f0e05d04-510d-4e1b-9a56-d365567ce918&#8243; global_colors_info=&#8220;{}&#8220;][\/et_pb_image][\/et_pb_column][\/et_pb_row][et_pb_row _builder_version=&#8220;4.20.4&#8243; _module_preset=&#8220;5e5ff8ca-23c5-4d80-9ff3-14c37cee1e9f&#8220; global_colors_info=&#8220;{}&#8220;][et_pb_column type=&#8220;4_4&#8243; _builder_version=&#8220;4.20.4&#8243; _module_preset=&#8220;default&#8220; custom_css_main_element=&#8220;margin: auto;&#8220; global_colors_info=&#8220;{}&#8220; custom_css_main_element_last_edited=&#8220;on|phone&#8220; custom_css_main_element_tablet=&#8220;margin: auto;&#8220; custom_css_main_element_phone=&#8220;margin: auto;&#8220;][et_pb_text _builder_version=&#8220;4.20.4&#8243; _module_preset=&#8220;175de951-c70b-436f-913c-84a89d2ecabe&#8220; custom_margin_tablet=&#8220;&#8220; custom_margin_phone=&#8220;&#8220; custom_margin_last_edited=&#8220;on|desktop&#8220; custom_padding_tablet=&#8220;&#8220; custom_padding_phone=&#8220;&#8220; custom_padding_last_edited=&#8220;on|tablet&#8220; global_colors_info=&#8220;{}&#8220;]<\/p>\n<p style=\"text-align: center;\">Kter\u00e9 z&nbsp;t\u011bchto t\u00e9mat<br \/>v\u00e1s zaj\u00edm\u00e1 nejv\u00edc?<\/p>\n<p>[\/et_pb_text][\/et_pb_column][\/et_pb_row][et_pb_row column_structure=&#8220;1_3,1_3,1_3&#8243; _builder_version=&#8220;4.21.0&#8243; _module_preset=&#8220;3476b6c0-43ac-4c7a-9b6c-b9415821564f&#8220; locked=&#8220;off&#8220; global_colors_info=&#8220;{}&#8220;][et_pb_column type=&#8220;1_3&#8243; module_class=&#8220;quiz_answer_box&#8220; _builder_version=&#8220;4.21.0&#8243; _module_preset=&#8220;default&#8220; global_colors_info=&#8220;{}&#8220;][et_pb_blurb _builder_version=&#8220;4.21.0&#8243; _dynamic_attributes=&#8220;link_option_url&#8220; _module_preset=&#8220;0b44e020-a914-475f-a654-704ff8962cc1&#8243; link_option_url=&#8220;@ET-DC@eyJkeW5hbWljIjp0cnVlLCJjb250ZW50IjoicG9zdF9saW5rX3VybF9wYWdlIiwic2V0dGluZ3MiOnsicG9zdF9pZCI6IjU4MTMifX0=@&#8220; global_colors_info=&#8220;{}&#8220;]<\/p>\n<p>Jak zlep\u0161it zdravotn\u00ed pot\u00ed\u017ee<\/p>\n<p>[\/et_pb_blurb][\/et_pb_column][et_pb_column type=&#8220;1_3&#8243; module_class=&#8220;quiz_answer_box&#8220; _builder_version=&#8220;4.21.0&#8243; _module_preset=&#8220;default&#8220; global_colors_info=&#8220;{}&#8220;][et_pb_blurb _builder_version=&#8220;4.21.0&#8243; _dynamic_attributes=&#8220;link_option_url&#8220; _module_preset=&#8220;0b44e020-a914-475f-a654-704ff8962cc1&#8243; link_option_url=&#8220;@ET-DC@eyJkeW5hbWljIjp0cnVlLCJjb250ZW50IjoicG9zdF9saW5rX3VybF9wYWdlIiwic2V0dGluZ3MiOnsicG9zdF9pZCI6IjU4MTkifX0=@&#8220; global_colors_info=&#8220;{}&#8220;]<\/p>\n<p>Kosmetika pro miminka<\/p>\n<p>[\/et_pb_blurb][\/et_pb_column][et_pb_column type=&#8220;1_3&#8243; module_class=&#8220;quiz_answer_box&#8220; _builder_version=&#8220;4.21.0&#8243; _module_preset=&#8220;default&#8220; global_colors_info=&#8220;{}&#8220;][et_pb_blurb _builder_version=&#8220;4.21.0&#8243; _dynamic_attributes=&#8220;link_option_url&#8220; _module_preset=&#8220;0b44e020-a914-475f-a654-704ff8962cc1&#8243; link_option_url=&#8220;@ET-DC@eyJkeW5hbWljIjp0cnVlLCJjb250ZW50IjoicG9zdF9saW5rX3VybF9wYWdlIiwic2V0dGluZ3MiOnsicG9zdF9pZCI6IjU4MjIifX0=@&#8220; hover_enabled=&#8220;0&#8243; global_colors_info=&#8220;{}&#8220; sticky_enabled=&#8220;0&#8243;]<\/p>\n<p>Netoxick\u00e1 dom\u00e1cnost<\/p>\n<p>[\/et_pb_blurb][\/et_pb_column][\/et_pb_row][\/et_pb_section]<\/p>\n","protected":false},"excerpt":{"rendered":"<p>P\u0159izp\u016fsobte si svou vzd\u011bl\u00e1vac\u00ed&nbsp;cestuKter\u00e9 z&nbsp;t\u011bchto t\u00e9matv\u00e1s zaj\u00edm\u00e1 nejv\u00edc?Jak zlep\u0161it zdravotn\u00ed pot\u00ed\u017eeKosmetika pro miminkaNetoxick\u00e1 dom\u00e1cnost<\/p>\n","protected":false},"author":1,"featured_media":0,"parent":11156,"menu_order":0,"comment_status":"closed","ping_status":"closed","template":"","meta":{"_et_pb_use_builder":"on","_et_pb_old_content":"","_et_gb_content_width":"","_monsterinsights_skip_tracking":false,"_monsterinsights_sitenote_active":false,"_monsterinsights_sitenote_note":"","_monsterinsights_sitenote_category":0,"footnotes":""},"yoast_head":"<!-- This site is optimized with the Yoast SEO plugin v23.2 - https:\/\/yoast.com\/wordpress\/plugins\/seo\/ -->\n<title>Quiz\u20131-3 - GreenGate<\/title>\n<meta name=\"robots\" content=\"index, follow, max-snippet:-1, max-image-preview:large, max-video-preview:-1\" \/>\n<link rel=\"canonical\" href=\"https:\/\/green-gate.eu\/cs\/kviz-uvod\/quiz-1-3\/\" \/>\n<meta property=\"og:locale\" content=\"cs_CZ\" \/>\n<meta property=\"og:type\" content=\"article\" \/>\n<meta property=\"og:title\" content=\"Quiz\u20131-3 - GreenGate\" \/>\n<meta property=\"og:description\" content=\"P\u0159izp\u016fsobte si svou vzd\u011bl\u00e1vac\u00ed&nbsp;cestuKter\u00e9 z t\u011bchto t\u00e9matv\u00e1s zaj\u00edm\u00e1 nejv\u00edc?Jak zlep\u0161it zdravotn\u00ed pot\u00ed\u017eeKosmetika pro miminkaNetoxick\u00e1 dom\u00e1cnost\" \/>\n<meta property=\"og:url\" content=\"https:\/\/green-gate.eu\/cs\/kviz-uvod\/quiz-1-3\/\" \/>\n<meta property=\"og:site_name\" content=\"GreenGate\" \/>\n<meta property=\"article:modified_time\" content=\"2023-11-28T20:17:41+00:00\" \/>\n<meta name=\"twitter:card\" content=\"summary_large_image\" \/>\n<meta name=\"twitter:label1\" content=\"Odhadovan\u00e1 doba \u010dten\u00ed\" \/>\n\t<meta name=\"twitter:data1\" content=\"3 minuty\" \/>\n<script type=\"application\/ld+json\" class=\"yoast-schema-graph\">{\"@context\":\"https:\/\/schema.org\",\"@graph\":[{\"@type\":\"WebPage\",\"@id\":\"https:\/\/green-gate.eu\/cs\/kviz-uvod\/quiz-1-3\/\",\"url\":\"https:\/\/green-gate.eu\/cs\/kviz-uvod\/quiz-1-3\/\",\"name\":\"Quiz\u20131-3 - GreenGate\",\"isPartOf\":{\"@id\":\"https:\/\/green-gate.eu\/cs\/#website\"},\"datePublished\":\"2023-04-21T01:26:47+00:00\",\"dateModified\":\"2023-11-28T20:17:41+00:00\",\"breadcrumb\":{\"@id\":\"https:\/\/green-gate.eu\/cs\/kviz-uvod\/quiz-1-3\/#breadcrumb\"},\"inLanguage\":\"cs\",\"potentialAction\":[{\"@type\":\"ReadAction\",\"target\":[\"https:\/\/green-gate.eu\/cs\/kviz-uvod\/quiz-1-3\/\"]}]},{\"@type\":\"BreadcrumbList\",\"@id\":\"https:\/\/green-gate.eu\/cs\/kviz-uvod\/quiz-1-3\/#breadcrumb\",\"itemListElement\":[{\"@type\":\"ListItem\",\"position\":1,\"name\":\"Home\",\"item\":\"https:\/\/green-gate.eu\/cs\/\"},{\"@type\":\"ListItem\",\"position\":2,\"name\":\"Kv\u00edz &#8211; \u00favod\",\"item\":\"https:\/\/green-gate.eu\/cs\/kviz-uvod\/\"},{\"@type\":\"ListItem\",\"position\":3,\"name\":\"Quiz\u20131-3\"}]},{\"@type\":\"WebSite\",\"@id\":\"https:\/\/green-gate.eu\/cs\/#website\",\"url\":\"https:\/\/green-gate.eu\/cs\/\",\"name\":\"GreenGate\",\"description\":\"Learn how to create healthier beauty routines and debunk common myths.\",\"publisher\":{\"@id\":\"https:\/\/green-gate.eu\/cs\/#organization\"},\"potentialAction\":[{\"@type\":\"SearchAction\",\"target\":{\"@type\":\"EntryPoint\",\"urlTemplate\":\"https:\/\/green-gate.eu\/cs\/?s={search_term_string}\"},\"query-input\":\"required name=search_term_string\"}],\"inLanguage\":\"cs\"},{\"@type\":\"Organization\",\"@id\":\"https:\/\/green-gate.eu\/cs\/#organization\",\"name\":\"GreenGate\",\"url\":\"https:\/\/green-gate.eu\/cs\/\",\"logo\":{\"@type\":\"ImageObject\",\"inLanguage\":\"cs\",\"@id\":\"https:\/\/green-gate.eu\/cs\/#\/schema\/logo\/image\/\",\"url\":\"https:\/\/green-gate.eu\/wp-content\/uploads\/2023\/04\/brand.png\",\"contentUrl\":\"https:\/\/green-gate.eu\/wp-content\/uploads\/2023\/04\/brand.png\",\"width\":263,\"height\":108,\"caption\":\"GreenGate\"},\"image\":{\"@id\":\"https:\/\/green-gate.eu\/cs\/#\/schema\/logo\/image\/\"}}]}<\/script>\n<!-- \/ Yoast SEO plugin. -->","yoast_head_json":{"title":"Quiz\u20131-3 - GreenGate","robots":{"index":"index","follow":"follow","max-snippet":"max-snippet:-1","max-image-preview":"max-image-preview:large","max-video-preview":"max-video-preview:-1"},"canonical":"https:\/\/green-gate.eu\/cs\/kviz-uvod\/quiz-1-3\/","og_locale":"cs_CZ","og_type":"article","og_title":"Quiz\u20131-3 - GreenGate","og_description":"P\u0159izp\u016fsobte si svou vzd\u011bl\u00e1vac\u00ed&nbsp;cestuKter\u00e9 z t\u011bchto t\u00e9matv\u00e1s zaj\u00edm\u00e1 nejv\u00edc?Jak zlep\u0161it zdravotn\u00ed pot\u00ed\u017eeKosmetika pro miminkaNetoxick\u00e1 dom\u00e1cnost","og_url":"https:\/\/green-gate.eu\/cs\/kviz-uvod\/quiz-1-3\/","og_site_name":"GreenGate","article_modified_time":"2023-11-28T20:17:41+00:00","twitter_card":"summary_large_image","twitter_misc":{"Odhadovan\u00e1 doba \u010dten\u00ed":"3 minuty"},"schema":{"@context":"https:\/\/schema.org","@graph":[{"@type":"WebPage","@id":"https:\/\/green-gate.eu\/cs\/kviz-uvod\/quiz-1-3\/","url":"https:\/\/green-gate.eu\/cs\/kviz-uvod\/quiz-1-3\/","name":"Quiz\u20131-3 - GreenGate","isPartOf":{"@id":"https:\/\/green-gate.eu\/cs\/#website"},"datePublished":"2023-04-21T01:26:47+00:00","dateModified":"2023-11-28T20:17:41+00:00","breadcrumb":{"@id":"https:\/\/green-gate.eu\/cs\/kviz-uvod\/quiz-1-3\/#breadcrumb"},"inLanguage":"cs","potentialAction":[{"@type":"ReadAction","target":["https:\/\/green-gate.eu\/cs\/kviz-uvod\/quiz-1-3\/"]}]},{"@type":"BreadcrumbList","@id":"https:\/\/green-gate.eu\/cs\/kviz-uvod\/quiz-1-3\/#breadcrumb","itemListElement":[{"@type":"ListItem","position":1,"name":"Home","item":"https:\/\/green-gate.eu\/cs\/"},{"@type":"ListItem","position":2,"name":"Kv\u00edz &#8211; \u00favod","item":"https:\/\/green-gate.eu\/cs\/kviz-uvod\/"},{"@type":"ListItem","position":3,"name":"Quiz\u20131-3"}]},{"@type":"WebSite","@id":"https:\/\/green-gate.eu\/cs\/#website","url":"https:\/\/green-gate.eu\/cs\/","name":"GreenGate","description":"Learn how to create healthier beauty routines and debunk common myths.","publisher":{"@id":"https:\/\/green-gate.eu\/cs\/#organization"},"potentialAction":[{"@type":"SearchAction","target":{"@type":"EntryPoint","urlTemplate":"https:\/\/green-gate.eu\/cs\/?s={search_term_string}"},"query-input":"required name=search_term_string"}],"inLanguage":"cs"},{"@type":"Organization","@id":"https:\/\/green-gate.eu\/cs\/#organization","name":"GreenGate","url":"https:\/\/green-gate.eu\/cs\/","logo":{"@type":"ImageObject","inLanguage":"cs","@id":"https:\/\/green-gate.eu\/cs\/#\/schema\/logo\/image\/","url":"https:\/\/green-gate.eu\/wp-content\/uploads\/2023\/04\/brand.png","contentUrl":"https:\/\/green-gate.eu\/wp-content\/uploads\/2023\/04\/brand.png","width":263,"height":108,"caption":"GreenGate"},"image":{"@id":"https:\/\/green-gate.eu\/cs\/#\/schema\/logo\/image\/"}}]}},"jetpack_sharing_enabled":true,"_links":{"self":[{"href":"https:\/\/green-gate.eu\/cs\/wp-json\/wp\/v2\/pages\/11427"}],"collection":[{"href":"https:\/\/green-gate.eu\/cs\/wp-json\/wp\/v2\/pages"}],"about":[{"href":"https:\/\/green-gate.eu\/cs\/wp-json\/wp\/v2\/types\/page"}],"author":[{"embeddable":true,"href":"https:\/\/green-gate.eu\/cs\/wp-json\/wp\/v2\/users\/1"}],"replies":[{"embeddable":true,"href":"https:\/\/green-gate.eu\/cs\/wp-json\/wp\/v2\/comments?post=11427"}],"version-history":[{"count":17,"href":"https:\/\/green-gate.eu\/cs\/wp-json\/wp\/v2\/pages\/11427\/revisions"}],"predecessor-version":[{"id":16113,"href":"https:\/\/green-gate.eu\/cs\/wp-json\/wp\/v2\/pages\/11427\/revisions\/16113"}],"up":[{"embeddable":true,"href":"https:\/\/green-gate.eu\/cs\/wp-json\/wp\/v2\/pages\/11156"}],"wp:attachment":[{"href":"https:\/\/green-gate.eu\/cs\/wp-json\/wp\/v2\/media?parent=11427"}],"curies":[{"name":"wp","href":"https:\/\/api.w.org\/{rel}","templated":true}]}}