{"id":11380,"date":"2023-04-29T09:08:08","date_gmt":"2023-04-29T07:08:08","guid":{"rendered":"https:\/\/green-gate.eu\/podminky-pouzivani-webovych-stranek\/"},"modified":"2024-04-13T15:40:27","modified_gmt":"2024-04-13T13:40:27","slug":"podminky-pouzivani-webovych-stranek","status":"publish","type":"page","link":"https:\/\/green-gate.eu\/cs\/podminky-pouzivani-webovych-stranek\/","title":{"rendered":"Podm\u00ednky pou\u017e\u00edv\u00e1n\u00ed webov\u00fdch str\u00e1nek"},"content":{"rendered":"<p>[et_pb_section fb_built=&#8220;1&#8243; _builder_version=&#8220;4.21.0&#8243; _module_preset=&#8220;14e305e4-ab41-40ea-aebe-d74a9fedeebd&#8220; global_colors_info=&#8220;{}&#8220;][et_pb_row _builder_version=&#8220;4.21.0&#8243; _module_preset=&#8220;2a4d44be-60db-4bc2-b91a-901c0251e68c&#8220; global_colors_info=&#8220;{}&#8220;][et_pb_column type=&#8220;4_4&#8243; _builder_version=&#8220;4.21.0&#8243; _module_preset=&#8220;default&#8220; global_colors_info=&#8220;{}&#8220;][et_pb_text _builder_version=&#8220;4.21.0&#8243; _module_preset=&#8220;c9826d58-1a4e-4f9d-b75b-1a50233074a3&#8243; global_colors_info=&#8220;{}&#8220;]<\/p>\n<p>Podm\u00ednky pou\u017e\u00edv\u00e1n\u00ed webov\u00fdch str\u00e1nek<\/p>\n<p>[\/et_pb_text][\/et_pb_column][\/et_pb_row][et_pb_row _builder_version=&#8220;4.21.0&#8243; _module_preset=&#8220;00b9a908-9d8a-4f83-8552-e1abcb372e40&#8243; global_colors_info=&#8220;{}&#8220;][et_pb_column type=&#8220;4_4&#8243; _builder_version=&#8220;4.21.0&#8243; _module_preset=&#8220;default&#8220; global_colors_info=&#8220;{}&#8220;][et_pb_text _builder_version=&#8220;4.21.0&#8243; _module_preset=&#8220;1f1ac656-3431-472b-b627-10123e56f24a&#8220; global_colors_info=&#8220;{}&#8220;]<\/p>\n<p>Na t\u00e9to str\u00e1nce se sezn\u00e1m\u00edte s&nbsp;podm\u00ednkami, za kter\u00fdch m\u016f\u017eete pou\u017e\u00edvat na\u0161e webov\u00e9 str\u00e1nky a&nbsp;n\u00e1\u0161 online kurz. P\u0159ed pou\u017eit\u00edm str\u00e1nek si tyto podm\u00ednky pros\u00edm pe\u010dliv\u011b p\u0159e\u010dt\u011bte. Pou\u017e\u00edv\u00e1n\u00edm na\u0161ich str\u00e1nek vyjad\u0159ujete sv\u016fj souhlas s&nbsp;t\u011bmito podm\u00ednkami a&nbsp;zavazujete se je dodr\u017eovat. Pokud s&nbsp;podm\u00ednkami pou\u017e\u00edv\u00e1n\u00ed nesouhlas\u00edte, nepou\u017e\u00edvejte na\u0161e str\u00e1nky.<\/p>\n<p>Platforma GreenGate byla financov\u00e1na z&nbsp;projektu EU &#8222;KA220-ADU &#8211; Partnerstv\u00ed pro spolupr\u00e1ci ve vzd\u011bl\u00e1v\u00e1n\u00ed dosp\u011bl\u00fdch&#8220;.<\/p>\n<h3>Informace o&nbsp;n\u00e1s<\/h3>\n<p>Za obsah port\u00e1lu odpov\u00eddaj\u00ed:<\/p>\n<ul>\n<li>Educasoft Solutions s.r.o., I\u010cO: 27256855, s\u00eddlo: Nad Kazankou 649\/46, 171&nbsp;00 Praha 7, \u010cesk\u00e1 republika<\/li>\n<li>GreenScan s.r.o., I\u010cO: 06496245, s\u00eddlo: <span>P\u0159\u00edseka ev. \u010d.  4, 582&nbsp;91<\/span>, \u010cesk\u00e1 republika<\/li>\n<li>CEEV \u017divica, I\u010cO: 35998407, bydli\u0161t\u011b: Ra\u010dianska 78, 831&nbsp;02 Bratislava, Slovensko.<\/li>\n<li>Fakulta ochrany \u017eivotn\u00edho prost\u0159ed\u00ed, registra\u010dn\u00ed \u010d\u00edslo: 2257092000, bydli\u0161t\u011b: Adresa: Trg mladosti 7, 3320 Velenje, Slovinsko.<\/li>\n<\/ul>\n<p>Provozovatelem webov\u00fdch str\u00e1nek je spole\u010dnost GreenScan. Za funk\u010dnost e-learningov\u00e9ho kurzu odpov\u00edd\u00e1 spole\u010dnost Educasoft Solutions s.r.o.<\/p>\n<h3>P\u0159\u00edstup na na\u0161e str\u00e1nky<\/h3>\n<p>Pou\u017e\u00edv\u00e1n\u00ed t\u011bchto str\u00e1nek a&nbsp;obsahu kurzu je pro u\u017eivatele zdarma.<\/p>\n<p>Educasoft Solutions s.r.o., GreenScan s.r.o., CEEV \u017divica, Fakulta ochrany \u017eivotn\u00edho prost\u0159ed\u00ed ani \u017e\u00e1dn\u00e1 t\u0159et\u00ed strana neru\u010d\u00ed za spr\u00e1vnost, aktu\u00e1lnost, zpracov\u00e1n\u00ed, \u00faplnost nebo vhodnost informac\u00ed a&nbsp;materi\u00e1l\u016f um\u00edst\u011bn\u00fdch na t\u011bchto webov\u00fdch str\u00e1nk\u00e1ch pro jak\u00fdkoli \u00fa\u010del. U\u017eivatel bere na v\u011bdom\u00ed, \u017ee tyto informace a&nbsp;materi\u00e1ly mohou obsahovat nep\u0159esnosti nebo chyby. Pokud u\u017eivatel zjist\u00ed nep\u0159esnost nebo chybu, doporu\u010dujeme ji nahl\u00e1sit e-mailem: <a href=\"mailto:info@greenscan.cz\">info@greenscan.cz<\/a><\/p>\n<p>Ve\u0161ker\u00e9 informace nebo materi\u00e1ly z&nbsp;t\u011bchto webov\u00fdch str\u00e1nek pou\u017e\u00edv\u00e1 u\u017eivatel na vlastn\u00ed nebezpe\u010d\u00ed a&nbsp;spole\u010dnosti Educasoft Solutions s.r.o., GreenScan s.r.o., CEEV \u017divica ani Fakulta \u017eivotn\u00edho prost\u0159ed\u00ed nenesou odpov\u011bdnost za jejich pou\u017eit\u00ed. U\u017eivatel odpov\u00edd\u00e1 za to, zda produkty, slu\u017eby nebo informace dostupn\u00e9 na t\u011bchto webov\u00fdch str\u00e1nk\u00e1ch spl\u0148uj\u00ed jeho specifick\u00e9 po\u017eadavky.<\/p>\n<p>Tyto webov\u00e9 str\u00e1nky mohou obsahovat tak\u00e9 odkazy na jin\u00e9 webov\u00e9 str\u00e1nky. Tyto odkazy maj\u00ed u\u017eivateli usnadnit p\u0159\u00edstup k&nbsp;dal\u0161\u00edm informac\u00edm. Neznamen\u00e1 to, \u017ee spole\u010dnosti Educasoft Solutions s.r.o., GreenScan s.r.o., CEEV \u017divica nebo Fakulta \u017eivotn\u00edho prost\u0159ed\u00ed souhlas\u00ed s&nbsp;obsahem t\u011bchto webov\u00fdch str\u00e1nek. Educasoft Solutions s.r.o., GreenScan s.r.o., CEEV \u017divica ani Fakulta \u017eivotn\u00edho prost\u0159ed\u00ed neodpov\u00eddaj\u00ed za obsah nebo bezpe\u010dnost webov\u00fdch str\u00e1nek, na kter\u00e9 je v&nbsp;kurzu odkazov\u00e1no.<\/p>\n<p>Pou\u017e\u00edv\u00e1n\u00ed t\u011bchto webov\u00fdch str\u00e1nek a&nbsp;p\u0159\u00edpadn\u00e9 spory, kter\u00e9 mohou z&nbsp;tohoto pou\u017e\u00edv\u00e1n\u00ed vzniknout, se \u0159\u00edd\u00ed platn\u00fdmi pr\u00e1vn\u00edmi p\u0159edpisy \u010cesk\u00e9 republiky.<\/p>\n<h3>Ochrana du\u0161evn\u00edho vlastnictv\u00ed<\/h3>\n<p>Tyto webov\u00e9 str\u00e1nky obsahuj\u00ed materi\u00e1ly vlastn\u011bn\u00e9 nebo licencovan\u00e9 spole\u010dnostmi Educasoft Solutions s.r.o., GreenScan s.r.o., CEEV \u017divica nebo Fakultou ochrany \u017eivotn\u00edho prost\u0159ed\u00ed. Tento materi\u00e1l zahrnuje mimo jin\u00e9 fotografie, videa, pracovn\u00ed materi\u00e1ly, design, uspo\u0159\u00e1d\u00e1n\u00ed, vzhled a&nbsp;grafiku webov\u00fdch str\u00e1nek. Reprodukce nebo jak\u00e9koli jin\u00e9 pou\u017eit\u00ed t\u011bchto prvk\u016f je zak\u00e1z\u00e1no.<\/p>\n<p>Obsah platformy je u\u017eivatel\u016fm poskytov\u00e1n pod licenc\u00ed Creative Commons &#8222;Attribution-NonCommercial-NoDerivatives 4.0 International&#8220; <a href=\"https:\/\/creativecommons.org\/licenses\/by-nc-nd\/4.0\/\"><\/a><a href=\"https:\/\/creativecommons.org\/licenses\/by-nc-nd\/4.0\/\">https:\/\/creativecommons.org\/licenses\/by-nc-nd\/4.0\/<\/a><\/p>\n<p>U v\u0161ech ochrann\u00fdch zn\u00e1mek pou\u017eit\u00fdch na t\u011bchto webov\u00fdch str\u00e1nk\u00e1ch je uveden jejich vlastn\u00edk, pokud se nejedn\u00e1 o&nbsp;ochrann\u00e9 zn\u00e1mky vlastn\u011bn\u00e9 spole\u010dnostmi Educasoft Solutions s.r.o., GreenScan s.r.o., CEEV \u017divica nebo Fakultou \u017eivotn\u00edho prost\u0159ed\u00ed nebo ochrann\u00e9 zn\u00e1mky, k&nbsp;nim\u017e m\u00e1 n\u011bkter\u00fd z&nbsp;t\u011bchto subjekt\u016f v\u00fdhradn\u00ed pr\u00e1vo na jejich u\u017e\u00edv\u00e1n\u00ed.<\/p>\n<p>[\/et_pb_text][\/et_pb_column][\/et_pb_row][\/et_pb_section][et_pb_section fb_built=&#8220;1&#8243; custom_padding_last_edited=&#8220;on|tablet&#8220; admin_label=&#8220;EU Logolink Section&#8220; _builder_version=&#8220;4.21.0&#8243; _module_preset=&#8220;default&#8220; background_color=&#8220;#F1F1F1&#8243; custom_padding=&#8220;80px|48px|80px|48px|true|true&#8220; custom_padding_tablet=&#8220;60px||60px||true|true&#8220; custom_padding_phone=&#8220;60px|6%|60px|6%|true|true&#8220; global_module=&#8220;6149&#8243; global_colors_info=&#8220;{}&#8220;][et_pb_row column_structure=&#8220;1_2,1_2&#8243; custom_padding_last_edited=&#8220;on|tablet&#8220; module_class=&#8220;two-col-tab two-col-mob&#8220; _builder_version=&#8220;4.21.0&#8243; _module_preset=&#8220;default&#8220; width=&#8220;auto&#8220; max_width=&#8220;660px&#8220; max_width_tablet=&#8220;600px&#8220; max_width_phone=&#8220;460px&#8220; max_width_last_edited=&#8220;on|tablet&#8220; custom_padding=&#8220;0px||40px||false|false&#8220; custom_padding_tablet=&#8220;0px||32px||false|false&#8220; custom_padding_phone=&#8220;||32px||false|false&#8220; global_colors_info=&#8220;{}&#8220;][et_pb_column type=&#8220;1_2&#8243; _builder_version=&#8220;4.21.0&#8243; _module_preset=&#8220;default&#8220; custom_padding=&#8220;||||false|false&#8220; global_colors_info=&#8220;{}&#8220;][et_pb_image src=&#8220;https:\/\/green-gate.eu\/wp-content\/uploads\/2023\/08\/logo-erasmus.png&#8220; title_text=&#8220;logo-erasmus&#8220; _builder_version=&#8220;4.21.0&#8243; _module_preset=&#8220;default&#8220; max_width=&#8220;240px&#8220; max_width_tablet=&#8220;206px&#8220; max_width_phone=&#8220;147px&#8220; max_width_last_edited=&#8220;on|tablet&#8220; module_alignment=&#8220;center&#8220; height_last_edited=&#8220;off|tablet&#8220; max_height=&#8220;49px&#8220; max_height_tablet=&#8220;42px&#8220; max_height_phone=&#8220;&#8220; max_height_last_edited=&#8220;on|tablet&#8220; global_colors_info=&#8220;{}&#8220; height__hover_enabled=&#8220;off|desktop&#8220;][\/et_pb_image][\/et_pb_column][et_pb_column type=&#8220;1_2&#8243; _builder_version=&#8220;4.21.0&#8243; _module_preset=&#8220;default&#8220; global_colors_info=&#8220;{}&#8220;][et_pb_image src=&#8220;https:\/\/green-gate.eu\/wp-content\/uploads\/2023\/08\/logo-eu.png&#8220; title_text=&#8220;logo-eu&#8220; show_bottom_space=&#8220;off&#8220; _builder_version=&#8220;4.21.0&#8243; _module_preset=&#8220;default&#8220; max_width=&#8220;237px&#8220; max_width_tablet=&#8220;202px&#8220; max_width_phone=&#8220;148px&#8220; max_width_last_edited=&#8220;on|tablet&#8220; module_alignment=&#8220;center&#8220; max_height=&#8220;48px&#8220; max_height_tablet=&#8220;41px&#8220; max_height_phone=&#8220;&#8220; max_height_last_edited=&#8220;on|tablet&#8220; global_colors_info=&#8220;{}&#8220;][\/et_pb_image][\/et_pb_column][\/et_pb_row][et_pb_row column_structure=&#8220;1_3,1_3,1_3&#8243; use_custom_gutter=&#8220;on&#8220; gutter_width=&#8220;2&#8243; module_class=&#8220;three-col-tab&#8220; _builder_version=&#8220;4.21.0&#8243; _module_preset=&#8220;default&#8220; width=&#8220;auto&#8220; max_width=&#8220;1200px&#8220; custom_padding=&#8220;0px||0px||false|false&#8220; global_colors_info=&#8220;{}&#8220;][et_pb_column type=&#8220;1_3&#8243; _builder_version=&#8220;4.21.0&#8243; _module_preset=&#8220;default&#8220; global_colors_info=&#8220;{}&#8220;][et_pb_text _builder_version=&#8220;4.21.0&#8243; _module_preset=&#8220;f66cbda2-1e9c-41c9-9248-82aeab118d90&#8243; custom_margin=&#8220;0px||0px||false|false&#8220; custom_padding=&#8220;0px||0px||false|false&#8220; global_colors_info=&#8220;{}&#8220;]<\/p>\n<p>Projekt GreenGate byl realizov\u00e1n v&nbsp;r\u00e1mci programu Erasmus+ KA220-ADU &#8211; Partnerstv\u00ed pro spolupr\u00e1ci ve vzd\u011bl\u00e1v\u00e1n\u00ed dosp\u011bl\u00fdch s&nbsp;finan\u010dn\u00ed podporou EU.<\/p>\n<p>[\/et_pb_text][\/et_pb_column][et_pb_column type=&#8220;1_3&#8243; _builder_version=&#8220;4.21.0&#8243; _module_preset=&#8220;default&#8220; global_colors_info=&#8220;{}&#8220;][et_pb_text _builder_version=&#8220;4.21.0&#8243; _module_preset=&#8220;f66cbda2-1e9c-41c9-9248-82aeab118d90&#8243; global_colors_info=&#8220;{}&#8220;]<\/p>\n<p>Financov\u00e1no Evropskou uni\u00ed. Vyj\u00e1d\u0159en\u00e9 n\u00e1zory a&nbsp;stanoviska jsou v\u0161ak pouze n\u00e1zory autora (autor\u016f) a&nbsp;nemus\u00ed nutn\u011b odr\u00e1\u017eet n\u00e1zory a&nbsp;stanoviska Evropsk\u00e9 unie nebo Evropsk\u00e9 v\u00fdkonn\u00e9 agentury pro vzd\u011bl\u00e1v\u00e1n\u00ed a&nbsp;kulturu (EACEA). Evropsk\u00e1 unie ani agentura EACEA za n\u011b nemohou n\u00e9st odpov\u011bdnost.<\/p>\n<p>[\/et_pb_text][\/et_pb_column][et_pb_column type=&#8220;1_3&#8243; _builder_version=&#8220;4.21.0&#8243; _module_preset=&#8220;default&#8220; global_colors_info=&#8220;{}&#8220;][et_pb_text _builder_version=&#8220;4.21.0&#8243; _module_preset=&#8220;f66cbda2-1e9c-41c9-9248-82aeab118d90&#8243; global_colors_info=&#8220;{}&#8220;]<\/p>\n<p>Tato platforma se \u0159\u00edd\u00ed dohodou Creative Commons. Attribution-NonCommercial-NoDerivatives (CC BY-NC-ND) &#8211; https:\/\/creativecommons.org\/licenses\/by-nc-nd\/4.0\/<\/p>\n<p>[\/et_pb_text][\/et_pb_column][\/et_pb_row][\/et_pb_section]<\/p>\n","protected":false},"excerpt":{"rendered":"<p>Podm\u00ednky pou\u017e\u00edv\u00e1n\u00ed webov\u00fdch str\u00e1nekNa t\u00e9to str\u00e1nce se sezn\u00e1m\u00edte s&nbsp;podm\u00ednkami, za kter\u00fdch m\u016f\u017eete pou\u017e\u00edvat na\u0161e webov\u00e9 str\u00e1nky a&nbsp;n\u00e1\u0161 online kurz. P\u0159ed pou\u017eit\u00edm str\u00e1nek si tyto podm\u00ednky pros\u00edm pe\u010dliv\u011b p\u0159e\u010dt\u011bte. Pou\u017e\u00edv\u00e1n\u00edm na\u0161ich str\u00e1nek vyjad\u0159ujete sv\u016fj souhlas s&nbsp;t\u011bmito podm\u00ednkami a&nbsp;zavazujete se je dodr\u017eovat. Pokud s&nbsp;podm\u00ednkami pou\u017e\u00edv\u00e1n\u00ed nesouhlas\u00edte, nepou\u017e\u00edvejte na\u0161e str\u00e1nky. Platforma GreenGate byla [&hellip;]<\/p>\n","protected":false},"author":1,"featured_media":0,"parent":0,"menu_order":0,"comment_status":"closed","ping_status":"closed","template":"","meta":{"_et_pb_use_builder":"on","_et_pb_old_content":"","_et_gb_content_width":"","_monsterinsights_skip_tracking":false,"_monsterinsights_sitenote_active":false,"_monsterinsights_sitenote_note":"","_monsterinsights_sitenote_category":0,"footnotes":""},"yoast_head":"<!-- This site is optimized with the Yoast SEO plugin v23.2 - https:\/\/yoast.com\/wordpress\/plugins\/seo\/ -->\n<title>Podm\u00ednky pou\u017e\u00edv\u00e1n\u00ed webov\u00fdch str\u00e1nek - GreenGate<\/title>\n<meta name=\"robots\" content=\"index, follow, max-snippet:-1, max-image-preview:large, max-video-preview:-1\" \/>\n<link rel=\"canonical\" href=\"https:\/\/green-gate.eu\/cs\/podminky-pouzivani-webovych-stranek\/\" \/>\n<meta property=\"og:locale\" content=\"cs_CZ\" \/>\n<meta property=\"og:type\" content=\"article\" \/>\n<meta property=\"og:title\" content=\"Podm\u00ednky pou\u017e\u00edv\u00e1n\u00ed webov\u00fdch str\u00e1nek - GreenGate\" \/>\n<meta property=\"og:description\" content=\"Podm\u00ednky pou\u017e\u00edv\u00e1n\u00ed webov\u00fdch str\u00e1nekNa t\u00e9to str\u00e1nce se sezn\u00e1m\u00edte s podm\u00ednkami, za kter\u00fdch m\u016f\u017eete pou\u017e\u00edvat na\u0161e webov\u00e9 str\u00e1nky a n\u00e1\u0161 online kurz. P\u0159ed pou\u017eit\u00edm str\u00e1nek si tyto podm\u00ednky pros\u00edm pe\u010dliv\u011b p\u0159e\u010dt\u011bte. Pou\u017e\u00edv\u00e1n\u00edm na\u0161ich str\u00e1nek vyjad\u0159ujete sv\u016fj souhlas s t\u011bmito podm\u00ednkami a zavazujete se je dodr\u017eovat. Pokud s podm\u00ednkami pou\u017e\u00edv\u00e1n\u00ed nesouhlas\u00edte, nepou\u017e\u00edvejte na\u0161e str\u00e1nky. Platforma GreenGate byla [&hellip;]\" \/>\n<meta property=\"og:url\" content=\"https:\/\/green-gate.eu\/cs\/podminky-pouzivani-webovych-stranek\/\" \/>\n<meta property=\"og:site_name\" content=\"GreenGate\" \/>\n<meta property=\"article:modified_time\" content=\"2024-04-13T13:40:27+00:00\" \/>\n<meta name=\"twitter:card\" content=\"summary_large_image\" \/>\n<meta name=\"twitter:label1\" content=\"Odhadovan\u00e1 doba \u010dten\u00ed\" \/>\n\t<meta name=\"twitter:data1\" content=\"7 minut\" \/>\n<script type=\"application\/ld+json\" class=\"yoast-schema-graph\">{\"@context\":\"https:\/\/schema.org\",\"@graph\":[{\"@type\":\"WebPage\",\"@id\":\"https:\/\/green-gate.eu\/cs\/podminky-pouzivani-webovych-stranek\/\",\"url\":\"https:\/\/green-gate.eu\/cs\/podminky-pouzivani-webovych-stranek\/\",\"name\":\"Podm\u00ednky pou\u017e\u00edv\u00e1n\u00ed webov\u00fdch str\u00e1nek - GreenGate\",\"isPartOf\":{\"@id\":\"https:\/\/green-gate.eu\/cs\/#website\"},\"datePublished\":\"2023-04-29T07:08:08+00:00\",\"dateModified\":\"2024-04-13T13:40:27+00:00\",\"breadcrumb\":{\"@id\":\"https:\/\/green-gate.eu\/cs\/podminky-pouzivani-webovych-stranek\/#breadcrumb\"},\"inLanguage\":\"cs\",\"potentialAction\":[{\"@type\":\"ReadAction\",\"target\":[\"https:\/\/green-gate.eu\/cs\/podminky-pouzivani-webovych-stranek\/\"]}]},{\"@type\":\"BreadcrumbList\",\"@id\":\"https:\/\/green-gate.eu\/cs\/podminky-pouzivani-webovych-stranek\/#breadcrumb\",\"itemListElement\":[{\"@type\":\"ListItem\",\"position\":1,\"name\":\"Home\",\"item\":\"https:\/\/green-gate.eu\/cs\/\"},{\"@type\":\"ListItem\",\"position\":2,\"name\":\"Podm\u00ednky pou\u017e\u00edv\u00e1n\u00ed webov\u00fdch str\u00e1nek\"}]},{\"@type\":\"WebSite\",\"@id\":\"https:\/\/green-gate.eu\/cs\/#website\",\"url\":\"https:\/\/green-gate.eu\/cs\/\",\"name\":\"GreenGate\",\"description\":\"Learn how to create healthier beauty routines and debunk common myths.\",\"publisher\":{\"@id\":\"https:\/\/green-gate.eu\/cs\/#organization\"},\"potentialAction\":[{\"@type\":\"SearchAction\",\"target\":{\"@type\":\"EntryPoint\",\"urlTemplate\":\"https:\/\/green-gate.eu\/cs\/?s={search_term_string}\"},\"query-input\":\"required name=search_term_string\"}],\"inLanguage\":\"cs\"},{\"@type\":\"Organization\",\"@id\":\"https:\/\/green-gate.eu\/cs\/#organization\",\"name\":\"GreenGate\",\"url\":\"https:\/\/green-gate.eu\/cs\/\",\"logo\":{\"@type\":\"ImageObject\",\"inLanguage\":\"cs\",\"@id\":\"https:\/\/green-gate.eu\/cs\/#\/schema\/logo\/image\/\",\"url\":\"https:\/\/green-gate.eu\/wp-content\/uploads\/2023\/04\/brand.png\",\"contentUrl\":\"https:\/\/green-gate.eu\/wp-content\/uploads\/2023\/04\/brand.png\",\"width\":263,\"height\":108,\"caption\":\"GreenGate\"},\"image\":{\"@id\":\"https:\/\/green-gate.eu\/cs\/#\/schema\/logo\/image\/\"}}]}<\/script>\n<!-- \/ Yoast SEO plugin. -->","yoast_head_json":{"title":"Podm\u00ednky pou\u017e\u00edv\u00e1n\u00ed webov\u00fdch str\u00e1nek - GreenGate","robots":{"index":"index","follow":"follow","max-snippet":"max-snippet:-1","max-image-preview":"max-image-preview:large","max-video-preview":"max-video-preview:-1"},"canonical":"https:\/\/green-gate.eu\/cs\/podminky-pouzivani-webovych-stranek\/","og_locale":"cs_CZ","og_type":"article","og_title":"Podm\u00ednky pou\u017e\u00edv\u00e1n\u00ed webov\u00fdch str\u00e1nek - GreenGate","og_description":"Podm\u00ednky pou\u017e\u00edv\u00e1n\u00ed webov\u00fdch str\u00e1nekNa t\u00e9to str\u00e1nce se sezn\u00e1m\u00edte s podm\u00ednkami, za kter\u00fdch m\u016f\u017eete pou\u017e\u00edvat na\u0161e webov\u00e9 str\u00e1nky a n\u00e1\u0161 online kurz. P\u0159ed pou\u017eit\u00edm str\u00e1nek si tyto podm\u00ednky pros\u00edm pe\u010dliv\u011b p\u0159e\u010dt\u011bte. Pou\u017e\u00edv\u00e1n\u00edm na\u0161ich str\u00e1nek vyjad\u0159ujete sv\u016fj souhlas s t\u011bmito podm\u00ednkami a zavazujete se je dodr\u017eovat. Pokud s podm\u00ednkami pou\u017e\u00edv\u00e1n\u00ed nesouhlas\u00edte, nepou\u017e\u00edvejte na\u0161e str\u00e1nky. Platforma GreenGate byla [&hellip;]","og_url":"https:\/\/green-gate.eu\/cs\/podminky-pouzivani-webovych-stranek\/","og_site_name":"GreenGate","article_modified_time":"2024-04-13T13:40:27+00:00","twitter_card":"summary_large_image","twitter_misc":{"Odhadovan\u00e1 doba \u010dten\u00ed":"7 minut"},"schema":{"@context":"https:\/\/schema.org","@graph":[{"@type":"WebPage","@id":"https:\/\/green-gate.eu\/cs\/podminky-pouzivani-webovych-stranek\/","url":"https:\/\/green-gate.eu\/cs\/podminky-pouzivani-webovych-stranek\/","name":"Podm\u00ednky pou\u017e\u00edv\u00e1n\u00ed webov\u00fdch str\u00e1nek - GreenGate","isPartOf":{"@id":"https:\/\/green-gate.eu\/cs\/#website"},"datePublished":"2023-04-29T07:08:08+00:00","dateModified":"2024-04-13T13:40:27+00:00","breadcrumb":{"@id":"https:\/\/green-gate.eu\/cs\/podminky-pouzivani-webovych-stranek\/#breadcrumb"},"inLanguage":"cs","potentialAction":[{"@type":"ReadAction","target":["https:\/\/green-gate.eu\/cs\/podminky-pouzivani-webovych-stranek\/"]}]},{"@type":"BreadcrumbList","@id":"https:\/\/green-gate.eu\/cs\/podminky-pouzivani-webovych-stranek\/#breadcrumb","itemListElement":[{"@type":"ListItem","position":1,"name":"Home","item":"https:\/\/green-gate.eu\/cs\/"},{"@type":"ListItem","position":2,"name":"Podm\u00ednky pou\u017e\u00edv\u00e1n\u00ed webov\u00fdch str\u00e1nek"}]},{"@type":"WebSite","@id":"https:\/\/green-gate.eu\/cs\/#website","url":"https:\/\/green-gate.eu\/cs\/","name":"GreenGate","description":"Learn how to create healthier beauty routines and debunk common myths.","publisher":{"@id":"https:\/\/green-gate.eu\/cs\/#organization"},"potentialAction":[{"@type":"SearchAction","target":{"@type":"EntryPoint","urlTemplate":"https:\/\/green-gate.eu\/cs\/?s={search_term_string}"},"query-input":"required name=search_term_string"}],"inLanguage":"cs"},{"@type":"Organization","@id":"https:\/\/green-gate.eu\/cs\/#organization","name":"GreenGate","url":"https:\/\/green-gate.eu\/cs\/","logo":{"@type":"ImageObject","inLanguage":"cs","@id":"https:\/\/green-gate.eu\/cs\/#\/schema\/logo\/image\/","url":"https:\/\/green-gate.eu\/wp-content\/uploads\/2023\/04\/brand.png","contentUrl":"https:\/\/green-gate.eu\/wp-content\/uploads\/2023\/04\/brand.png","width":263,"height":108,"caption":"GreenGate"},"image":{"@id":"https:\/\/green-gate.eu\/cs\/#\/schema\/logo\/image\/"}}]}},"jetpack_sharing_enabled":true,"_links":{"self":[{"href":"https:\/\/green-gate.eu\/cs\/wp-json\/wp\/v2\/pages\/11380"}],"collection":[{"href":"https:\/\/green-gate.eu\/cs\/wp-json\/wp\/v2\/pages"}],"about":[{"href":"https:\/\/green-gate.eu\/cs\/wp-json\/wp\/v2\/types\/page"}],"author":[{"embeddable":true,"href":"https:\/\/green-gate.eu\/cs\/wp-json\/wp\/v2\/users\/1"}],"replies":[{"embeddable":true,"href":"https:\/\/green-gate.eu\/cs\/wp-json\/wp\/v2\/comments?post=11380"}],"version-history":[{"count":17,"href":"https:\/\/green-gate.eu\/cs\/wp-json\/wp\/v2\/pages\/11380\/revisions"}],"predecessor-version":[{"id":20079,"href":"https:\/\/green-gate.eu\/cs\/wp-json\/wp\/v2\/pages\/11380\/revisions\/20079"}],"wp:attachment":[{"href":"https:\/\/green-gate.eu\/cs\/wp-json\/wp\/v2\/media?parent=11380"}],"curies":[{"name":"wp","href":"https:\/\/api.w.org\/{rel}","templated":true}]}}