{"id":11234,"date":"2023-05-03T00:29:43","date_gmt":"2023-05-02T22:29:43","guid":{"rendered":"https:\/\/green-gate.eu\/kviz-uvod\/quiz-3-3-1\/"},"modified":"2024-03-17T14:31:15","modified_gmt":"2024-03-17T13:31:15","slug":"quiz-3-3-1","status":"publish","type":"page","link":"https:\/\/green-gate.eu\/cs\/kviz-uvod\/quiz-3-3-1\/","title":{"rendered":"Quiz\u20133-3-1"},"content":{"rendered":"<p>[et_pb_section fb_built=&#8220;1&#8243; _builder_version=&#8220;4.20.4&#8243; _module_preset=&#8220;7724dba6-47f0-446b-a58e-150eeb9e2b3b&#8220; saved_tabs=&#8220;all&#8220; global_colors_info=&#8220;{}&#8220;][et_pb_row _builder_version=&#8220;4.21.0&#8243; _module_preset=&#8220;ba7cb43d-9e4d-4adf-a3d5-50a8008c8cd7&#8243; global_colors_info=&#8220;{}&#8220;][et_pb_column type=&#8220;4_4&#8243; _builder_version=&#8220;4.20.2&#8243; _module_preset=&#8220;default&#8220; global_colors_info=&#8220;{}&#8220;][et_pb_icon font_icon=&#8220;&#x23;||divi||400&#8243; url=&#8220;@ET-DC@eyJkeW5hbWljIjp0cnVlLCJjb250ZW50IjoicG9zdF9saW5rX3VybF9wYWdlIiwic2V0dGluZ3MiOnsicG9zdF9pZCI6IjUyODUifX0=@&#8220; icon_width_tablet=&#8220;44px&#8220; icon_width_phone=&#8220;40px&#8220; icon_width_last_edited=&#8220;on|phone&#8220; admin_label=&#8220;Quiz Back Button&#8220; _builder_version=&#8220;4.21.0&#8243; _dynamic_attributes=&#8220;url&#8220; _module_preset=&#8220;a4c69888-8e44-4fe2-87d4-98ea2edf7f8e&#8220; hover_transition_duration=&#8220;0ms&#8220; global_module=&#8220;5199&#8243; locked=&#8220;off&#8220; global_colors_info=&#8220;{}&#8220;][\/et_pb_icon][et_pb_image src=&#8220;https:\/\/green-gate.eu\/wp-content\/uploads\/2023\/04\/progress-4.png&#8220; title_text=&#8220;progress-4&#8243; _builder_version=&#8220;4.21.0&#8243; _module_preset=&#8220;f0e05d04-510d-4e1b-9a56-d365567ce918&#8243; global_colors_info=&#8220;{}&#8220;][\/et_pb_image][\/et_pb_column][\/et_pb_row][et_pb_row _builder_version=&#8220;4.21.0&#8243; _module_preset=&#8220;cdaa607f-873b-4c95-a319-b32d9738b971&#8243; global_colors_info=&#8220;{}&#8220;][et_pb_column type=&#8220;4_4&#8243; _builder_version=&#8220;4.20.4&#8243; _module_preset=&#8220;default&#8220; custom_css_main_element=&#8220;margin: auto;&#8220; global_colors_info=&#8220;{}&#8220; custom_css_main_element_last_edited=&#8220;on|phone&#8220; custom_css_main_element_tablet=&#8220;margin: auto;&#8220; custom_css_main_element_phone=&#8220;margin: auto;&#8220;][et_pb_text _builder_version=&#8220;4.21.0&#8243; _module_preset=&#8220;175de951-c70b-436f-913c-84a89d2ecabe&#8220; custom_margin_tablet=&#8220;&#8220; custom_margin_phone=&#8220;&#8220; custom_margin_last_edited=&#8220;on|desktop&#8220; custom_padding_tablet=&#8220;&#8220; custom_padding_phone=&#8220;&#8220; custom_padding_last_edited=&#8220;on|tablet&#8220; animation_style=&#8220;none&#8220; global_colors_info=&#8220;{}&#8220;]<\/p>\n<p style=\"text-align: center;\">Doporu\u010den\u00ed pro v\u00e1s na m\u00edru<\/p>\n<p>[\/et_pb_text][\/et_pb_column][\/et_pb_row][et_pb_row _builder_version=&#8220;4.23&#8243; _module_preset=&#8220;1e7a7456-f89a-443f-84cf-12e839d97bbc&#8220; hover_enabled=&#8220;0&#8243; locked=&#8220;off&#8220; global_colors_info=&#8220;{}&#8220; sticky_enabled=&#8220;0&#8243;][et_pb_column type=&#8220;4_4&#8243; _builder_version=&#8220;4.23&#8243; _module_preset=&#8220;fe8bae09-9439-4c69-af03-8a0bcf3c74ef&#8220; link_option_url_new_window=&#8220;on&#8220; hover_enabled=&#8220;0&#8243; global_colors_info=&#8220;{}&#8220; link_option_url=&#8220;https:\/\/green-gate.eu\/cs\/blog\/category\/diy-navody\/&#8220; sticky_enabled=&#8220;0&#8243;][et_pb_text content_tablet=&#8220;<\/p>\n<h3>GreenGate Blog<\/h3>\n<p>&#8220; content_phone=&#8220;<\/p>\n<h3>GreenGate Blog<\/h3>\n<p>&#8220; content_last_edited=&#8220;on|desktop&#8220; _builder_version=&#8220;4.21.0&#8243; _module_preset=&#8220;dad139e9-8690-4446-ae57-2a6569e895bb&#8220; locked=&#8220;off&#8220; global_colors_info=&#8220;{}&#8220;]<\/p>\n<h3>GreenGate Blog<\/h3>\n<p>[\/et_pb_text][et_pb_text _builder_version=&#8220;4.23&#8243; _module_preset=&#8220;6c43ce95-abf9-4377-89f1-3bfbd13d38ab&#8220; hover_enabled=&#8220;0&#8243; locked=&#8220;off&#8220; global_colors_info=&#8220;{}&#8220; header_6_text_color=&#8220;#404040&#8243; custom_padding=&#8220;20px||8px||false|false&#8220; sticky_enabled=&#8220;0&#8243;]<\/p>\n<h6>Sekce s&nbsp;DIY n\u00e1vody<\/h6>\n<p>[\/et_pb_text][et_pb_button button_text=&#8220;D\u00edvat se&#8220; _builder_version=&#8220;4.23&#8243; _module_preset=&#8220;6acd516b-9519-4d5e-b3ea-a9ecad82907b&#8220; hover_enabled=&#8220;0&#8243; locked=&#8220;off&#8220; global_colors_info=&#8220;{}&#8220; url_new_window=&#8220;on&#8220; button_url=&#8220;https:\/\/green-gate.eu\/cs\/blog\/category\/diy-navody\/&#8220; sticky_enabled=&#8220;0&#8243;][\/et_pb_button][\/et_pb_column][\/et_pb_row][\/et_pb_section]<\/p>\n","protected":false},"excerpt":{"rendered":"<p>Doporu\u010den\u00ed pro v\u00e1s na m\u00edruGreenGate BlogSekce s&nbsp;DIY n\u00e1vody<\/p>\n","protected":false},"author":1,"featured_media":0,"parent":11156,"menu_order":0,"comment_status":"closed","ping_status":"closed","template":"","meta":{"_et_pb_use_builder":"on","_et_pb_old_content":"","_et_gb_content_width":"","_monsterinsights_skip_tracking":false,"_monsterinsights_sitenote_active":false,"_monsterinsights_sitenote_note":"","_monsterinsights_sitenote_category":0,"footnotes":""},"yoast_head":"<!-- This site is optimized with the Yoast SEO plugin v23.2 - https:\/\/yoast.com\/wordpress\/plugins\/seo\/ -->\n<title>Quiz\u20133-3-1 - GreenGate<\/title>\n<meta name=\"robots\" content=\"index, follow, max-snippet:-1, max-image-preview:large, max-video-preview:-1\" \/>\n<link rel=\"canonical\" href=\"https:\/\/green-gate.eu\/cs\/kviz-uvod\/quiz-3-3-1\/\" \/>\n<meta property=\"og:locale\" content=\"cs_CZ\" \/>\n<meta property=\"og:type\" content=\"article\" \/>\n<meta property=\"og:title\" content=\"Quiz\u20133-3-1 - GreenGate\" \/>\n<meta property=\"og:description\" content=\"Doporu\u010den\u00ed pro v\u00e1s na m\u00edruGreenGate BlogSekce s DIY n\u00e1vody\" \/>\n<meta property=\"og:url\" content=\"https:\/\/green-gate.eu\/cs\/kviz-uvod\/quiz-3-3-1\/\" \/>\n<meta property=\"og:site_name\" content=\"GreenGate\" \/>\n<meta property=\"article:modified_time\" content=\"2024-03-17T13:31:15+00:00\" \/>\n<meta name=\"twitter:card\" content=\"summary_large_image\" \/>\n<meta name=\"twitter:label1\" content=\"Odhadovan\u00e1 doba \u010dten\u00ed\" \/>\n\t<meta name=\"twitter:data1\" content=\"2 minuty\" \/>\n<script type=\"application\/ld+json\" class=\"yoast-schema-graph\">{\"@context\":\"https:\/\/schema.org\",\"@graph\":[{\"@type\":\"WebPage\",\"@id\":\"https:\/\/green-gate.eu\/cs\/kviz-uvod\/quiz-3-3-1\/\",\"url\":\"https:\/\/green-gate.eu\/cs\/kviz-uvod\/quiz-3-3-1\/\",\"name\":\"Quiz\u20133-3-1 - GreenGate\",\"isPartOf\":{\"@id\":\"https:\/\/green-gate.eu\/cs\/#website\"},\"datePublished\":\"2023-05-02T22:29:43+00:00\",\"dateModified\":\"2024-03-17T13:31:15+00:00\",\"breadcrumb\":{\"@id\":\"https:\/\/green-gate.eu\/cs\/kviz-uvod\/quiz-3-3-1\/#breadcrumb\"},\"inLanguage\":\"cs\",\"potentialAction\":[{\"@type\":\"ReadAction\",\"target\":[\"https:\/\/green-gate.eu\/cs\/kviz-uvod\/quiz-3-3-1\/\"]}]},{\"@type\":\"BreadcrumbList\",\"@id\":\"https:\/\/green-gate.eu\/cs\/kviz-uvod\/quiz-3-3-1\/#breadcrumb\",\"itemListElement\":[{\"@type\":\"ListItem\",\"position\":1,\"name\":\"Home\",\"item\":\"https:\/\/green-gate.eu\/cs\/\"},{\"@type\":\"ListItem\",\"position\":2,\"name\":\"Kv\u00edz &#8211; \u00favod\",\"item\":\"https:\/\/green-gate.eu\/cs\/kviz-uvod\/\"},{\"@type\":\"ListItem\",\"position\":3,\"name\":\"Quiz\u20133-3-1\"}]},{\"@type\":\"WebSite\",\"@id\":\"https:\/\/green-gate.eu\/cs\/#website\",\"url\":\"https:\/\/green-gate.eu\/cs\/\",\"name\":\"GreenGate\",\"description\":\"Learn how to create healthier beauty routines and debunk common myths.\",\"publisher\":{\"@id\":\"https:\/\/green-gate.eu\/cs\/#organization\"},\"potentialAction\":[{\"@type\":\"SearchAction\",\"target\":{\"@type\":\"EntryPoint\",\"urlTemplate\":\"https:\/\/green-gate.eu\/cs\/?s={search_term_string}\"},\"query-input\":\"required name=search_term_string\"}],\"inLanguage\":\"cs\"},{\"@type\":\"Organization\",\"@id\":\"https:\/\/green-gate.eu\/cs\/#organization\",\"name\":\"GreenGate\",\"url\":\"https:\/\/green-gate.eu\/cs\/\",\"logo\":{\"@type\":\"ImageObject\",\"inLanguage\":\"cs\",\"@id\":\"https:\/\/green-gate.eu\/cs\/#\/schema\/logo\/image\/\",\"url\":\"https:\/\/green-gate.eu\/wp-content\/uploads\/2023\/04\/brand.png\",\"contentUrl\":\"https:\/\/green-gate.eu\/wp-content\/uploads\/2023\/04\/brand.png\",\"width\":263,\"height\":108,\"caption\":\"GreenGate\"},\"image\":{\"@id\":\"https:\/\/green-gate.eu\/cs\/#\/schema\/logo\/image\/\"}}]}<\/script>\n<!-- \/ Yoast SEO plugin. -->","yoast_head_json":{"title":"Quiz\u20133-3-1 - GreenGate","robots":{"index":"index","follow":"follow","max-snippet":"max-snippet:-1","max-image-preview":"max-image-preview:large","max-video-preview":"max-video-preview:-1"},"canonical":"https:\/\/green-gate.eu\/cs\/kviz-uvod\/quiz-3-3-1\/","og_locale":"cs_CZ","og_type":"article","og_title":"Quiz\u20133-3-1 - GreenGate","og_description":"Doporu\u010den\u00ed pro v\u00e1s na m\u00edruGreenGate BlogSekce s DIY n\u00e1vody","og_url":"https:\/\/green-gate.eu\/cs\/kviz-uvod\/quiz-3-3-1\/","og_site_name":"GreenGate","article_modified_time":"2024-03-17T13:31:15+00:00","twitter_card":"summary_large_image","twitter_misc":{"Odhadovan\u00e1 doba \u010dten\u00ed":"2 minuty"},"schema":{"@context":"https:\/\/schema.org","@graph":[{"@type":"WebPage","@id":"https:\/\/green-gate.eu\/cs\/kviz-uvod\/quiz-3-3-1\/","url":"https:\/\/green-gate.eu\/cs\/kviz-uvod\/quiz-3-3-1\/","name":"Quiz\u20133-3-1 - GreenGate","isPartOf":{"@id":"https:\/\/green-gate.eu\/cs\/#website"},"datePublished":"2023-05-02T22:29:43+00:00","dateModified":"2024-03-17T13:31:15+00:00","breadcrumb":{"@id":"https:\/\/green-gate.eu\/cs\/kviz-uvod\/quiz-3-3-1\/#breadcrumb"},"inLanguage":"cs","potentialAction":[{"@type":"ReadAction","target":["https:\/\/green-gate.eu\/cs\/kviz-uvod\/quiz-3-3-1\/"]}]},{"@type":"BreadcrumbList","@id":"https:\/\/green-gate.eu\/cs\/kviz-uvod\/quiz-3-3-1\/#breadcrumb","itemListElement":[{"@type":"ListItem","position":1,"name":"Home","item":"https:\/\/green-gate.eu\/cs\/"},{"@type":"ListItem","position":2,"name":"Kv\u00edz &#8211; \u00favod","item":"https:\/\/green-gate.eu\/cs\/kviz-uvod\/"},{"@type":"ListItem","position":3,"name":"Quiz\u20133-3-1"}]},{"@type":"WebSite","@id":"https:\/\/green-gate.eu\/cs\/#website","url":"https:\/\/green-gate.eu\/cs\/","name":"GreenGate","description":"Learn how to create healthier beauty routines and debunk common myths.","publisher":{"@id":"https:\/\/green-gate.eu\/cs\/#organization"},"potentialAction":[{"@type":"SearchAction","target":{"@type":"EntryPoint","urlTemplate":"https:\/\/green-gate.eu\/cs\/?s={search_term_string}"},"query-input":"required name=search_term_string"}],"inLanguage":"cs"},{"@type":"Organization","@id":"https:\/\/green-gate.eu\/cs\/#organization","name":"GreenGate","url":"https:\/\/green-gate.eu\/cs\/","logo":{"@type":"ImageObject","inLanguage":"cs","@id":"https:\/\/green-gate.eu\/cs\/#\/schema\/logo\/image\/","url":"https:\/\/green-gate.eu\/wp-content\/uploads\/2023\/04\/brand.png","contentUrl":"https:\/\/green-gate.eu\/wp-content\/uploads\/2023\/04\/brand.png","width":263,"height":108,"caption":"GreenGate"},"image":{"@id":"https:\/\/green-gate.eu\/cs\/#\/schema\/logo\/image\/"}}]}},"jetpack_sharing_enabled":true,"_links":{"self":[{"href":"https:\/\/green-gate.eu\/cs\/wp-json\/wp\/v2\/pages\/11234"}],"collection":[{"href":"https:\/\/green-gate.eu\/cs\/wp-json\/wp\/v2\/pages"}],"about":[{"href":"https:\/\/green-gate.eu\/cs\/wp-json\/wp\/v2\/types\/page"}],"author":[{"embeddable":true,"href":"https:\/\/green-gate.eu\/cs\/wp-json\/wp\/v2\/users\/1"}],"replies":[{"embeddable":true,"href":"https:\/\/green-gate.eu\/cs\/wp-json\/wp\/v2\/comments?post=11234"}],"version-history":[{"count":18,"href":"https:\/\/green-gate.eu\/cs\/wp-json\/wp\/v2\/pages\/11234\/revisions"}],"predecessor-version":[{"id":19659,"href":"https:\/\/green-gate.eu\/cs\/wp-json\/wp\/v2\/pages\/11234\/revisions\/19659"}],"up":[{"embeddable":true,"href":"https:\/\/green-gate.eu\/cs\/wp-json\/wp\/v2\/pages\/11156"}],"wp:attachment":[{"href":"https:\/\/green-gate.eu\/cs\/wp-json\/wp\/v2\/media?parent=11234"}],"curies":[{"name":"wp","href":"https:\/\/api.w.org\/{rel}","templated":true}]}}