{"id":11156,"date":"2023-04-13T02:11:37","date_gmt":"2023-04-13T00:11:37","guid":{"rendered":"https:\/\/green-gate.eu\/kviz-uvod\/"},"modified":"2025-05-28T19:18:30","modified_gmt":"2025-05-28T17:18:30","slug":"kviz-uvod","status":"publish","type":"page","link":"https:\/\/green-gate.eu\/cs\/kviz-uvod\/","title":{"rendered":"Kv\u00edz &#8211; \u00favod"},"content":{"rendered":"<p>[et_pb_section fb_built=&#8220;1&#8243; _builder_version=&#8220;4.20.4&#8243; _module_preset=&#8220;7724dba6-47f0-446b-a58e-150eeb9e2b3b&#8220; global_colors_info=&#8220;{}&#8220;][et_pb_row custom_padding_last_edited=&#8220;on|desktop&#8220; _builder_version=&#8220;4.20.4&#8243; _module_preset=&#8220;78fbb1f6-8016-4093-a4cb-bd7bb68612fc&#8220; custom_padding=&#8220;46px|24px|0px|24px|false|true&#8220; custom_padding_tablet=&#8220;46px|24px|0px|24px|false|true&#8220; custom_padding_phone=&#8220;40px||||false|true&#8220; global_colors_info=&#8220;{}&#8220;][et_pb_column type=&#8220;4_4&#8243; _builder_version=&#8220;4.20.2&#8243; _module_preset=&#8220;default&#8220; global_colors_info=&#8220;{}&#8220;][et_pb_text _builder_version=&#8220;4.20.4&#8243; _module_preset=&#8220;45cce019-dc17-4bbf-9b7f-a2050de8856f&#8220; global_colors_info=&#8220;{}&#8220;]<\/p>\n<p>P\u0159izp\u016fsobte si svou vzd\u011bl\u00e1vac\u00ed cestu<\/p>\n<p>[\/et_pb_text][\/et_pb_column][\/et_pb_row][et_pb_row _builder_version=&#8220;4.20.4&#8243; _module_preset=&#8220;27c709ff-7c8e-4a77-b92a-983578d86890&#8243; global_colors_info=&#8220;{}&#8220;][et_pb_column type=&#8220;4_4&#8243; _builder_version=&#8220;4.20.2&#8243; _module_preset=&#8220;default&#8220; global_colors_info=&#8220;{}&#8220;][et_pb_image src=&#8220;https:\/\/green-gate.eu\/wp-content\/uploads\/2023\/04\/progress-1.png&#8220; title_text=&#8220;progress-1&#8243; show_bottom_space_tablet=&#8220;&#8220; show_bottom_space_phone=&#8220;&#8220; show_bottom_space_last_edited=&#8220;on|phone&#8220; _builder_version=&#8220;4.20.4&#8243; _module_preset=&#8220;f0e05d04-510d-4e1b-9a56-d365567ce918&#8243; global_colors_info=&#8220;{}&#8220;][\/et_pb_image][\/et_pb_column][\/et_pb_row][et_pb_row custom_padding_last_edited=&#8220;on|phone&#8220; _builder_version=&#8220;4.20.4&#8243; _module_preset=&#8220;default&#8220; width=&#8220;100%&#8220; max_width=&#8220;420px&#8220; custom_padding=&#8220;60px||0px||false|false&#8220; custom_padding_tablet=&#8220;60px||0px||false|false&#8220; custom_padding_phone=&#8220;|24px||24px|false|true&#8220; global_colors_info=&#8220;{}&#8220;][et_pb_column type=&#8220;4_4&#8243; _builder_version=&#8220;4.20.4&#8243; _module_preset=&#8220;default&#8220; global_colors_info=&#8220;{}&#8220;][et_pb_text _builder_version=&#8220;4.21.0&#8243; _module_preset=&#8220;175de951-c70b-436f-913c-84a89d2ecabe&#8220; global_colors_info=&#8220;{}&#8220;]<\/p>\n<p style=\"text-align: center;\">Co nejl\u00e9pe vystihuje va\u0161i sou\u010dasnou \u017eivotn\u00ed roli?<\/p>\n<p>[\/et_pb_text][\/et_pb_column][\/et_pb_row][et_pb_row column_structure=&#8220;1_3,1_3,1_3&#8243; custom_padding_last_edited=&#8220;on|phone&#8220; _builder_version=&#8220;4.23&#8243; _module_preset=&#8220;default&#8220; width=&#8220;100%&#8220; max_width=&#8220;1000px&#8220; max_width_tablet=&#8220;500px&#8220; max_width_phone=&#8220;500px&#8220; max_width_last_edited=&#8220;on|tablet&#8220; height=&#8220;280px&#8220; height_tablet=&#8220;&#8220; height_phone=&#8220;auto&#8220; height_last_edited=&#8220;on|phone&#8220; custom_padding=&#8220;38px|40px|40px|40px|false|true&#8220; custom_padding_tablet=&#8220;|0px||0px|false|true&#8220; custom_padding_phone=&#8220;|22px||22px|false|true&#8220; locked=&#8220;off&#8220; global_colors_info=&#8220;{}&#8220;][et_pb_column type=&#8220;1_3&#8243; module_class=&#8220;quiz_intro_answer_box&#8220; _builder_version=&#8220;4.21.0&#8243; _module_preset=&#8220;default&#8220; global_colors_info=&#8220;{}&#8220;][et_pb_blurb image=&#8220;https:\/\/green-gate.eu\/wp-content\/uploads\/2024\/01\/Matky.png&#8220; _builder_version=&#8220;4.23&#8243; _dynamic_attributes=&#8220;link_option_url&#8220; _module_preset=&#8220;360924fe-e189-4f4b-9496-0c6cb7227189&#8243; link_option_url=&#8220;@ET-DC@eyJkeW5hbWljIjp0cnVlLCJjb250ZW50IjoicG9zdF9saW5rX3VybF9wYWdlIiwic2V0dGluZ3MiOnsicG9zdF9pZCI6IjQ4NTYifX0=@&#8220; global_colors_info=&#8220;{}&#8220;]<\/p>\n<p>Matka, nast\u00e1vaj\u00edc\u00ed matka, rodi\u010d<\/p>\n<p>[\/et_pb_blurb][\/et_pb_column][et_pb_column type=&#8220;1_3&#8243; module_class=&#8220;quiz_intro_answer_box&#8220; _builder_version=&#8220;4.21.0&#8243; _module_preset=&#8220;default&#8220; global_colors_info=&#8220;{}&#8220;][et_pb_blurb image=&#8220;https:\/\/green-gate.eu\/wp-content\/uploads\/2024\/01\/Lidi.png&#8220; _builder_version=&#8220;4.23&#8243; _dynamic_attributes=&#8220;link_option_url&#8220; _module_preset=&#8220;360924fe-e189-4f4b-9496-0c6cb7227189&#8243; link_option_url=&#8220;@ET-DC@eyJkeW5hbWljIjp0cnVlLCJjb250ZW50IjoicG9zdF9saW5rX3VybF9wYWdlIiwic2V0dGluZ3MiOnsicG9zdF9pZCI6IjQ4NjgifX0=@&#8220; global_colors_info=&#8220;{}&#8220;]<\/p>\n<p>Bezd\u011btn\u00fd \u010dlov\u011bk se z\u00e1jmem o&nbsp;kosmetiku<\/p>\n<p>[\/et_pb_blurb][\/et_pb_column][et_pb_column type=&#8220;1_3&#8243; module_class=&#8220;quiz_intro_answer_box&#8220; _builder_version=&#8220;4.21.0&#8243; _module_preset=&#8220;default&#8220; global_colors_info=&#8220;{}&#8220;][et_pb_blurb image=&#8220;https:\/\/green-gate.eu\/wp-content\/uploads\/2024\/01\/Skolitele.png&#8220; _builder_version=&#8220;4.23&#8243; _dynamic_attributes=&#8220;link_option_url&#8220; _module_preset=&#8220;360924fe-e189-4f4b-9496-0c6cb7227189&#8243; link_option_url=&#8220;@ET-DC@eyJkeW5hbWljIjp0cnVlLCJjb250ZW50IjoicG9zdF9saW5rX3VybF9wYWdlIiwic2V0dGluZ3MiOnsicG9zdF9pZCI6IjQ4NzYifX0=@&#8220; global_colors_info=&#8220;{}&#8220;]<\/p>\n<p>Vzd\u011blavatel\/ka<\/p>\n<p>[\/et_pb_blurb][\/et_pb_column][\/et_pb_row][\/et_pb_section]<\/p>\n","protected":false},"excerpt":{"rendered":"<p>P\u0159izp\u016fsobte si svou vzd\u011bl\u00e1vac\u00ed cestuCo nejl\u00e9pe vystihuje va\u0161i sou\u010dasnou \u017eivotn\u00ed roli?Matka, nast\u00e1vaj\u00edc\u00ed matka, rodi\u010dBezd\u011btn\u00fd \u010dlov\u011bk se z\u00e1jmem o&nbsp;kosmetikuVzd\u011blavatel\/ka<\/p>\n","protected":false},"author":1,"featured_media":0,"parent":0,"menu_order":0,"comment_status":"closed","ping_status":"closed","template":"","meta":{"_et_pb_use_builder":"on","_et_pb_old_content":"","_et_gb_content_width":"","_monsterinsights_skip_tracking":false,"_monsterinsights_sitenote_active":false,"_monsterinsights_sitenote_note":"","_monsterinsights_sitenote_category":0,"footnotes":""},"yoast_head":"<!-- This site is optimized with the Yoast SEO plugin v23.2 - https:\/\/yoast.com\/wordpress\/plugins\/seo\/ -->\n<title>Kv\u00edz - \u00favod - GreenGate<\/title>\n<meta name=\"robots\" content=\"index, follow, max-snippet:-1, max-image-preview:large, max-video-preview:-1\" \/>\n<link rel=\"canonical\" href=\"https:\/\/green-gate.eu\/cs\/kviz-uvod\/\" \/>\n<meta property=\"og:locale\" content=\"cs_CZ\" \/>\n<meta property=\"og:type\" content=\"article\" \/>\n<meta property=\"og:title\" content=\"Kv\u00edz - \u00favod - GreenGate\" \/>\n<meta property=\"og:description\" content=\"P\u0159izp\u016fsobte si svou vzd\u011bl\u00e1vac\u00ed cestuCo nejl\u00e9pe vystihuje va\u0161i sou\u010dasnou \u017eivotn\u00ed roli?Matka, nast\u00e1vaj\u00edc\u00ed matka, rodi\u010dBezd\u011btn\u00fd \u010dlov\u011bk se z\u00e1jmem o kosmetikuVzd\u011blavatel\/ka\" \/>\n<meta property=\"og:url\" content=\"https:\/\/green-gate.eu\/cs\/kviz-uvod\/\" \/>\n<meta property=\"og:site_name\" content=\"GreenGate\" \/>\n<meta property=\"article:modified_time\" content=\"2025-05-28T17:18:30+00:00\" \/>\n<meta name=\"twitter:card\" content=\"summary_large_image\" \/>\n<meta name=\"twitter:label1\" content=\"Odhadovan\u00e1 doba \u010dten\u00ed\" \/>\n\t<meta name=\"twitter:data1\" content=\"3 minuty\" \/>\n<script type=\"application\/ld+json\" class=\"yoast-schema-graph\">{\"@context\":\"https:\/\/schema.org\",\"@graph\":[{\"@type\":\"WebPage\",\"@id\":\"https:\/\/green-gate.eu\/cs\/kviz-uvod\/\",\"url\":\"https:\/\/green-gate.eu\/cs\/kviz-uvod\/\",\"name\":\"Kv\u00edz - \u00favod - GreenGate\",\"isPartOf\":{\"@id\":\"https:\/\/green-gate.eu\/cs\/#website\"},\"datePublished\":\"2023-04-13T00:11:37+00:00\",\"dateModified\":\"2025-05-28T17:18:30+00:00\",\"breadcrumb\":{\"@id\":\"https:\/\/green-gate.eu\/cs\/kviz-uvod\/#breadcrumb\"},\"inLanguage\":\"cs\",\"potentialAction\":[{\"@type\":\"ReadAction\",\"target\":[\"https:\/\/green-gate.eu\/cs\/kviz-uvod\/\"]}]},{\"@type\":\"BreadcrumbList\",\"@id\":\"https:\/\/green-gate.eu\/cs\/kviz-uvod\/#breadcrumb\",\"itemListElement\":[{\"@type\":\"ListItem\",\"position\":1,\"name\":\"Home\",\"item\":\"https:\/\/green-gate.eu\/cs\/\"},{\"@type\":\"ListItem\",\"position\":2,\"name\":\"Kv\u00edz &#8211; \u00favod\"}]},{\"@type\":\"WebSite\",\"@id\":\"https:\/\/green-gate.eu\/cs\/#website\",\"url\":\"https:\/\/green-gate.eu\/cs\/\",\"name\":\"GreenGate\",\"description\":\"Learn how to create healthier beauty routines and debunk common myths.\",\"publisher\":{\"@id\":\"https:\/\/green-gate.eu\/cs\/#organization\"},\"potentialAction\":[{\"@type\":\"SearchAction\",\"target\":{\"@type\":\"EntryPoint\",\"urlTemplate\":\"https:\/\/green-gate.eu\/cs\/?s={search_term_string}\"},\"query-input\":\"required name=search_term_string\"}],\"inLanguage\":\"cs\"},{\"@type\":\"Organization\",\"@id\":\"https:\/\/green-gate.eu\/cs\/#organization\",\"name\":\"GreenGate\",\"url\":\"https:\/\/green-gate.eu\/cs\/\",\"logo\":{\"@type\":\"ImageObject\",\"inLanguage\":\"cs\",\"@id\":\"https:\/\/green-gate.eu\/cs\/#\/schema\/logo\/image\/\",\"url\":\"https:\/\/green-gate.eu\/wp-content\/uploads\/2023\/04\/brand.png\",\"contentUrl\":\"https:\/\/green-gate.eu\/wp-content\/uploads\/2023\/04\/brand.png\",\"width\":263,\"height\":108,\"caption\":\"GreenGate\"},\"image\":{\"@id\":\"https:\/\/green-gate.eu\/cs\/#\/schema\/logo\/image\/\"}}]}<\/script>\n<!-- \/ Yoast SEO plugin. -->","yoast_head_json":{"title":"Kv\u00edz - \u00favod - GreenGate","robots":{"index":"index","follow":"follow","max-snippet":"max-snippet:-1","max-image-preview":"max-image-preview:large","max-video-preview":"max-video-preview:-1"},"canonical":"https:\/\/green-gate.eu\/cs\/kviz-uvod\/","og_locale":"cs_CZ","og_type":"article","og_title":"Kv\u00edz - \u00favod - GreenGate","og_description":"P\u0159izp\u016fsobte si svou vzd\u011bl\u00e1vac\u00ed cestuCo nejl\u00e9pe vystihuje va\u0161i sou\u010dasnou \u017eivotn\u00ed roli?Matka, nast\u00e1vaj\u00edc\u00ed matka, rodi\u010dBezd\u011btn\u00fd \u010dlov\u011bk se z\u00e1jmem o kosmetikuVzd\u011blavatel\/ka","og_url":"https:\/\/green-gate.eu\/cs\/kviz-uvod\/","og_site_name":"GreenGate","article_modified_time":"2025-05-28T17:18:30+00:00","twitter_card":"summary_large_image","twitter_misc":{"Odhadovan\u00e1 doba \u010dten\u00ed":"3 minuty"},"schema":{"@context":"https:\/\/schema.org","@graph":[{"@type":"WebPage","@id":"https:\/\/green-gate.eu\/cs\/kviz-uvod\/","url":"https:\/\/green-gate.eu\/cs\/kviz-uvod\/","name":"Kv\u00edz - \u00favod - GreenGate","isPartOf":{"@id":"https:\/\/green-gate.eu\/cs\/#website"},"datePublished":"2023-04-13T00:11:37+00:00","dateModified":"2025-05-28T17:18:30+00:00","breadcrumb":{"@id":"https:\/\/green-gate.eu\/cs\/kviz-uvod\/#breadcrumb"},"inLanguage":"cs","potentialAction":[{"@type":"ReadAction","target":["https:\/\/green-gate.eu\/cs\/kviz-uvod\/"]}]},{"@type":"BreadcrumbList","@id":"https:\/\/green-gate.eu\/cs\/kviz-uvod\/#breadcrumb","itemListElement":[{"@type":"ListItem","position":1,"name":"Home","item":"https:\/\/green-gate.eu\/cs\/"},{"@type":"ListItem","position":2,"name":"Kv\u00edz &#8211; \u00favod"}]},{"@type":"WebSite","@id":"https:\/\/green-gate.eu\/cs\/#website","url":"https:\/\/green-gate.eu\/cs\/","name":"GreenGate","description":"Learn how to create healthier beauty routines and debunk common myths.","publisher":{"@id":"https:\/\/green-gate.eu\/cs\/#organization"},"potentialAction":[{"@type":"SearchAction","target":{"@type":"EntryPoint","urlTemplate":"https:\/\/green-gate.eu\/cs\/?s={search_term_string}"},"query-input":"required name=search_term_string"}],"inLanguage":"cs"},{"@type":"Organization","@id":"https:\/\/green-gate.eu\/cs\/#organization","name":"GreenGate","url":"https:\/\/green-gate.eu\/cs\/","logo":{"@type":"ImageObject","inLanguage":"cs","@id":"https:\/\/green-gate.eu\/cs\/#\/schema\/logo\/image\/","url":"https:\/\/green-gate.eu\/wp-content\/uploads\/2023\/04\/brand.png","contentUrl":"https:\/\/green-gate.eu\/wp-content\/uploads\/2023\/04\/brand.png","width":263,"height":108,"caption":"GreenGate"},"image":{"@id":"https:\/\/green-gate.eu\/cs\/#\/schema\/logo\/image\/"}}]}},"jetpack_sharing_enabled":true,"_links":{"self":[{"href":"https:\/\/green-gate.eu\/cs\/wp-json\/wp\/v2\/pages\/11156"}],"collection":[{"href":"https:\/\/green-gate.eu\/cs\/wp-json\/wp\/v2\/pages"}],"about":[{"href":"https:\/\/green-gate.eu\/cs\/wp-json\/wp\/v2\/types\/page"}],"author":[{"embeddable":true,"href":"https:\/\/green-gate.eu\/cs\/wp-json\/wp\/v2\/users\/1"}],"replies":[{"embeddable":true,"href":"https:\/\/green-gate.eu\/cs\/wp-json\/wp\/v2\/comments?post=11156"}],"version-history":[{"count":64,"href":"https:\/\/green-gate.eu\/cs\/wp-json\/wp\/v2\/pages\/11156\/revisions"}],"predecessor-version":[{"id":22379,"href":"https:\/\/green-gate.eu\/cs\/wp-json\/wp\/v2\/pages\/11156\/revisions\/22379"}],"wp:attachment":[{"href":"https:\/\/green-gate.eu\/cs\/wp-json\/wp\/v2\/media?parent=11156"}],"curies":[{"name":"wp","href":"https:\/\/api.w.org\/{rel}","templated":true}]}}